{"id":10529,"date":"2023-05-29T21:20:14","date_gmt":"2023-05-29T21:20:14","guid":{"rendered":"https:\/\/kaffediary.com\/business-unterkunft\/"},"modified":"2024-01-26T16:52:46","modified_gmt":"2024-01-26T16:52:46","slug":"business-unterkunft","status":"publish","type":"page","link":"https:\/\/kaffediary.com\/de\/business-unterkunft\/","title":{"rendered":"Business Unterkunft"},"content":{"rendered":"<p>[et_pb_section fb_built=&#8220;1&#8243; custom_padding_last_edited=&#8220;off|phone&#8220; admin_label=&#8220;Header&#8220; _builder_version=&#8220;4.21.0&#8243; _module_preset=&#8220;default&#8220; use_background_color_gradient=&#8220;on&#8220; background_color_gradient_stops=&#8220;rgba(52,130,193,0.46) 0%|rgba(6,34,127,0.31) 100%&#8220; background_color_gradient_overlays_image=&#8220;on&#8220; background_color_gradient_start=&#8220;rgba(52,130,193,0.46)&#8220; background_color_gradient_end=&#8220;rgba(6,34,127,0.31)&#8220; background_image=&#8220;https:\/\/kaffediary.com\/wp-content\/uploads\/2023\/05\/Travel-Planning-Business-Accommodation.jpg&#8220; background_position=&#8220;top_center&#8220; custom_padding=&#8220;10vw||18vw||false|false&#8220; custom_padding_tablet=&#8220;||||false|false&#8220; custom_padding_phone=&#8220;||||false|false&#8220; global_colors_info=&#8220;{}&#8220;][et_pb_row _builder_version=&#8220;4.16&#8243; _module_preset=&#8220;default&#8220; global_colors_info=&#8220;{}&#8220;][et_pb_column type=&#8220;4_4&#8243; _builder_version=&#8220;4.16&#8243; _module_preset=&#8220;default&#8220; global_colors_info=&#8220;{}&#8220;][et_pb_text _builder_version=&#8220;4.21.0&#8243; _module_preset=&#8220;d72c0383-6487-4f2c-ac5c-7d48a6376757&#8243; header_font=&#8220;||||||||&#8220; header_text_color=&#8220;#FFFFFF&#8220; header_font_size=&#8220;50px&#8220; header_line_height=&#8220;1.3em&#8220; text_orientation=&#8220;center&#8220; max_width=&#8220;750px&#8220; module_alignment=&#8220;center&#8220; animation_direction=&#8220;top&#8220; header_font_size_tablet=&#8220;36px&#8220; header_font_size_phone=&#8220;30px&#8220; header_font_size_last_edited=&#8220;on|desktop&#8220; global_colors_info=&#8220;{}&#8220;]<\/p>\n<h1>Business-Unterk\u00fcnfte<\/h1>\n<p>[\/et_pb_text][\/et_pb_column][\/et_pb_row][\/et_pb_section][et_pb_section fb_built=&#8220;1&#8243; _builder_version=&#8220;4.16&#8243; _module_preset=&#8220;default&#8220; custom_padding=&#8220;20px||20px||true|false&#8220; global_colors_info=&#8220;{}&#8220;][et_pb_row use_custom_gutter=&#8220;on&#8220; gutter_width=&#8220;1&#8243; _builder_version=&#8220;4.19.0&#8243; _module_preset=&#8220;default&#8220; width=&#8220;88%&#8220; max_width=&#8220;1920px&#8220; global_colors_info=&#8220;{}&#8220;][et_pb_column type=&#8220;4_4&#8243; _builder_version=&#8220;4.16&#8243; _module_preset=&#8220;default&#8220; global_colors_info=&#8220;{}&#8220;][et_pb_text _builder_version=&#8220;4.21.0&#8243; _module_preset=&#8220;default&#8220; text_font=&#8220;|200|||||||&#8220; text_text_color=&#8220;#000000&#8243; text_font_size=&#8220;24px&#8220; text_line_height=&#8220;1.5em&#8220; link_text_color=&#8220;gcid-8582d6b2-ff93-467d-8a95-c50d6acf939e&#8220; link_font_size=&#8220;24px&#8220; link_line_height=&#8220;1.6em&#8220; header_2_text_color=&#8220;gcid-a1e60d66-76d8-4612-a9ca-a005678239ae&#8220; header_2_font_size=&#8220;36px&#8220; header_2_line_height=&#8220;1.2em&#8220; width_tablet=&#8220;&#8220; width_phone=&#8220;98%&#8220; width_last_edited=&#8220;on|desktop&#8220; text_font_tablet=&#8220;Mulish|300|||||||&#8220; text_font_phone=&#8220;Mulish|300|||||||&#8220; text_font_last_edited=&#8220;on|desktop&#8220; text_font_size_tablet=&#8220;22px&#8220; text_font_size_phone=&#8220;20px&#8220; text_font_size_last_edited=&#8220;on|phone&#8220; link_font_size_tablet=&#8220;20px&#8220; link_font_size_phone=&#8220;18px&#8220; link_font_size_last_edited=&#8220;on|desktop&#8220; header_2_font_size_tablet=&#8220;32px&#8220; header_2_font_size_phone=&#8220;28px&#8220; header_2_font_size_last_edited=&#8220;on|desktop&#8220; global_colors_info=&#8220;{%22gcid-a1e60d66-76d8-4612-a9ca-a005678239ae%22:%91%22header_2_text_color%22%93,%22gcid-8582d6b2-ff93-467d-8a95-c50d6acf939e%22:%91%22link_text_color%22%93}&#8220;]<\/p>\n<h2>Gesch\u00e4ftsunterk\u00fcnfte &#8211; Was Sie wissen sollten, wenn Sie reisen<\/h2>\n<p>Bei Gesch\u00e4ftsreisen kann die Suche nach einer geeigneten Unterkunft entscheidend f\u00fcr den Erfolg Ihrer Gesch\u00e4ftsreise sein. Ganz gleich, ob Sie an einer Konferenz teilnehmen, sich mit Kunden treffen oder einfach nur einen komfortablen Arbeitsplatz ben\u00f6tigen, bei der Wahl eines Hotels oder einer anderen Unterkunft sind einige wichtige Punkte zu beachten.<\/p>\n<p>In erster Linie ist der Standort entscheidend. Sie m\u00f6chten n\u00e4her an Ihrem Gesch\u00e4ftsziel und an allen anderen Orten sein, die Sie besuchen m\u00fcssen, wie Restaurants, Gesch\u00e4fte und Transportm\u00f6glichkeiten. Achten Sie auf die Sicherheit und die allgemeine Sicherheit der Gegend, insbesondere wenn Sie allein reisen.<\/p>\n<p>Als N\u00e4chstes sollten Sie sich \u00fcberlegen, welche Annehmlichkeiten Sie ben\u00f6tigen. Ben\u00f6tigen Sie ein Fitnesscenter oder einen Pool, um Ihre Routine aufrechtzuerhalten? Ben\u00f6tigen Sie Zugang zum Hochgeschwindigkeitsinternet oder ein Business Center, um Ihre Arbeit zu erledigen? Bitte listen Sie Ihre &#8222;Must-haves&#8220; auf und grenzen Sie damit Ihre M\u00f6glichkeiten ein.<\/p>\n<p>Schlie\u00dflich sollten Sie auch Ihr Budget ber\u00fccksichtigen. Ein Luxushotel mag zwar verlockend sein, aber man sollte nicht zu viel Geld ausgeben. Halten Sie Ausschau nach Angeboten und Sonderaktionen und z\u00f6gern Sie nicht, direkt mit der Unterkunft zu verhandeln.<\/p>\n<p>[\/et_pb_text][\/et_pb_column][\/et_pb_row][\/et_pb_section][et_pb_section fb_built=&#8220;1&#8243; disabled_on=&#8220;off|off|off&#8220; _builder_version=&#8220;4.19.0&#8243; custom_margin=&#8220;0px||||false|false&#8220; custom_padding=&#8220;0px||||false|false&#8220; global_colors_info=&#8220;{}&#8220;][et_pb_row column_structure=&#8220;1_3,1_3,1_3&#8243; use_custom_gutter=&#8220;on&#8220; gutter_width=&#8220;2&#8243; _builder_version=&#8220;4.21.0&#8243; _module_preset=&#8220;default&#8220; width=&#8220;88%&#8220; max_width=&#8220;1920px&#8220; global_colors_info=&#8220;{}&#8220;][et_pb_column type=&#8220;1_3&#8243; _builder_version=&#8220;4.21.0&#8243; _module_preset=&#8220;default&#8220; background_enable_color=&#8220;off&#8220; use_background_color_gradient=&#8220;on&#8220; background_color_gradient_type=&#8220;elliptical&#8220; background_color_gradient_stops=&#8220;rgba(173,175,35,0.56) 0%|rgba(41,196,169,0.3) 78%&#8220; background_color_gradient_overlays_image=&#8220;on&#8220; background_image=&#8220;https:\/\/kaffediary.com\/wp-content\/uploads\/2023\/05\/Hotels-Business-Accomodation.jpg&#8220; global_colors_info=&#8220;{}&#8220;][et_pb_text _builder_version=&#8220;4.21.0&#8243; _dynamic_attributes=&#8220;link_option_url&#8220; _module_preset=&#8220;default&#8220; text_text_color=&#8220;gcid-b7844457-9a4a-40b7-b5ff-ee179fffa736&#8243; header_3_text_color=&#8220;#FFFFFF&#8220; header_3_font_size=&#8220;28px&#8220; custom_padding=&#8220;45%||45%||true|false&#8220; custom_padding_tablet=&#8220;50%||50%||true|false&#8220; custom_padding_phone=&#8220;50%||50%||true|false&#8220; custom_padding_last_edited=&#8220;on|phone&#8220; link_option_url=&#8220;@ET-DC@eyJkeW5hbWljIjp0cnVlLCJjb250ZW50IjoicG9zdF9saW5rX3VybF9wb3N0Iiwic2V0dGluZ3MiOnsicG9zdF9pZCI6Ijg5NDMiLCJlbmFibGVfaHRtbCI6Im9mZiJ9fQ==@&#8220; global_colors_info=&#8220;{%22gcid-b7844457-9a4a-40b7-b5ff-ee179fffa736%22:%91%22text_text_color%22,%22text_text_color%22%93}&#8220;]<\/p>\n<h3 style=\"text-align: center;\">Arten von Hotels<\/h3>\n<p>[\/et_pb_text][\/et_pb_column][et_pb_column type=&#8220;1_3&#8243; _builder_version=&#8220;4.21.0&#8243; _module_preset=&#8220;default&#8220; background_enable_color=&#8220;off&#8220; use_background_color_gradient=&#8220;on&#8220; background_color_gradient_type=&#8220;elliptical&#8220; background_color_gradient_stops=&#8220;rgba(173,175,35,0.56) 0%|rgba(41,196,169,0.3) 78%&#8220; background_color_gradient_overlays_image=&#8220;on&#8220; background_image=&#8220;https:\/\/kaffediary.com\/wp-content\/uploads\/2023\/05\/self-catering-1.jpg&#8220; global_colors_info=&#8220;{}&#8220;][et_pb_text _builder_version=&#8220;4.23&#8243; _module_preset=&#8220;default&#8220; text_text_color=&#8220;gcid-b7844457-9a4a-40b7-b5ff-ee179fffa736&#8243; header_3_text_color=&#8220;#FFFFFF&#8220; header_3_font_size=&#8220;28px&#8220; custom_padding=&#8220;45%||45%||true|false&#8220; custom_padding_tablet=&#8220;50%||50%||true|false&#8220; custom_padding_phone=&#8220;50%||50%||true|false&#8220; custom_padding_last_edited=&#8220;on|phone&#8220; hover_enabled=&#8220;0&#8243; global_colors_info=&#8220;{%22gcid-b7844457-9a4a-40b7-b5ff-ee179fffa736%22:%91%22text_text_color%22,%22text_text_color%22,%22text_text_color%22,%22text_text_color%22%93}&#8220; link_option_url=&#8220;@ET-DC@eyJkeW5hbWljIjp0cnVlLCJjb250ZW50IjoicG9zdF9saW5rX3VybF9wb3N0Iiwic2V0dGluZ3MiOnsicG9zdF9pZCI6IjExMTU0IiwiZW5hYmxlX2h0bWwiOiJvZmYifX0=@&#8220; _dynamic_attributes=&#8220;link_option_url&#8220; sticky_enabled=&#8220;0&#8243;]<\/p>\n<h3 style=\"text-align: center;\">Selbstverpflegung<\/h3>\n<p>[\/et_pb_text][\/et_pb_column][et_pb_column type=&#8220;1_3&#8243; _builder_version=&#8220;4.21.0&#8243; _module_preset=&#8220;default&#8220; background_enable_color=&#8220;off&#8220; use_background_color_gradient=&#8220;on&#8220; background_color_gradient_type=&#8220;elliptical&#8220; background_color_gradient_stops=&#8220;rgba(173,175,35,0.56) 0%|rgba(41,196,169,0.3) 78%&#8220; background_color_gradient_overlays_image=&#8220;on&#8220; background_image=&#8220;https:\/\/kaffediary.com\/wp-content\/uploads\/2023\/05\/other-accommodation.jpg&#8220; global_colors_info=&#8220;{}&#8220;][et_pb_text _builder_version=&#8220;4.21.0&#8243; _module_preset=&#8220;default&#8220; text_text_color=&#8220;gcid-b7844457-9a4a-40b7-b5ff-ee179fffa736&#8243; header_3_text_color=&#8220;#FFFFFF&#8220; header_3_font_size=&#8220;28px&#8220; custom_padding=&#8220;45%||45%||true|false&#8220; custom_padding_tablet=&#8220;50%||50%||true|false&#8220; custom_padding_phone=&#8220;50%||50%||true|false&#8220; custom_padding_last_edited=&#8220;on|phone&#8220; global_colors_info=&#8220;{%22gcid-b7844457-9a4a-40b7-b5ff-ee179fffa736%22:%91%22text_text_color%22,%22text_text_color%22,%22text_text_color%22%93}&#8220;]<\/p>\n<h3 style=\"text-align: center;\">Andere Unterk\u00fcnfte<\/h3>\n<p>[\/et_pb_text][\/et_pb_column][\/et_pb_row][\/et_pb_section]<\/p>\n","protected":false},"excerpt":{"rendered":"<p>Business-Unterk\u00fcnfteGesch\u00e4ftsunterk\u00fcnfte &#8211; Was Sie wissen sollten, wenn Sie reisen Bei Gesch\u00e4ftsreisen kann die Suche nach einer geeigneten Unterkunft entscheidend f\u00fcr den Erfolg Ihrer Gesch\u00e4ftsreise sein. Ganz gleich, ob Sie an einer Konferenz teilnehmen, sich mit Kunden treffen oder einfach nur einen komfortablen Arbeitsplatz ben\u00f6tigen, bei der Wahl eines Hotels oder einer anderen Unterkunft sind einige [&hellip;]<\/p>\n","protected":false},"author":1,"featured_media":0,"parent":0,"menu_order":0,"comment_status":"closed","ping_status":"closed","template":"","meta":{"_et_pb_use_builder":"on","_et_pb_old_content":"","_et_gb_content_width":"","_wp_convertkit_post_meta":{"form":"-1","landing_page":"0","tag":"0","restrict_content":"0"},"footnotes":""},"class_list":["post-10529","page","type-page","status-publish","hentry"],"_links":{"self":[{"href":"https:\/\/kaffediary.com\/de\/wp-json\/wp\/v2\/pages\/10529","targetHints":{"allow":["GET"]}}],"collection":[{"href":"https:\/\/kaffediary.com\/de\/wp-json\/wp\/v2\/pages"}],"about":[{"href":"https:\/\/kaffediary.com\/de\/wp-json\/wp\/v2\/types\/page"}],"author":[{"embeddable":true,"href":"https:\/\/kaffediary.com\/de\/wp-json\/wp\/v2\/users\/1"}],"replies":[{"embeddable":true,"href":"https:\/\/kaffediary.com\/de\/wp-json\/wp\/v2\/comments?post=10529"}],"version-history":[{"count":5,"href":"https:\/\/kaffediary.com\/de\/wp-json\/wp\/v2\/pages\/10529\/revisions"}],"predecessor-version":[{"id":11786,"href":"https:\/\/kaffediary.com\/de\/wp-json\/wp\/v2\/pages\/10529\/revisions\/11786"}],"wp:attachment":[{"href":"https:\/\/kaffediary.com\/de\/wp-json\/wp\/v2\/media?parent=10529"}],"curies":[{"name":"wp","href":"https:\/\/api.w.org\/{rel}","templated":true}]}}