{"id":10563,"date":"2023-05-31T17:25:58","date_gmt":"2023-05-31T17:25:58","guid":{"rendered":"https:\/\/kaffediary.com\/reiseplanung\/fokuspunkt-serie\/"},"modified":"2024-01-26T17:08:30","modified_gmt":"2024-01-26T17:08:30","slug":"fokuspunkt-serie","status":"publish","type":"page","link":"https:\/\/kaffediary.com\/de\/reiseplanung\/fokuspunkt-serie\/","title":{"rendered":"Fokuspunkt-Serie"},"content":{"rendered":"<p>[et_pb_section fb_built=&#8220;1&#8243; custom_padding_last_edited=&#8220;off|phone&#8220; admin_label=&#8220;Header&#8220; _builder_version=&#8220;4.21.0&#8243; _module_preset=&#8220;default&#8220; use_background_color_gradient=&#8220;on&#8220; background_color_gradient_stops=&#8220;rgba(52,130,193,0.46) 0%|rgba(6,34,127,0.31) 100%&#8220; background_color_gradient_overlays_image=&#8220;on&#8220; background_color_gradient_start=&#8220;rgba(52,130,193,0.46)&#8220; background_color_gradient_end=&#8220;rgba(6,34,127,0.31)&#8220; background_image=&#8220;https:\/\/kaffediary.com\/wp-content\/uploads\/2023\/05\/focal-point-series.jpg&#8220; custom_padding=&#8220;10vw||18vw||false|false&#8220; custom_padding_tablet=&#8220;||||false|false&#8220; custom_padding_phone=&#8220;||||false|false&#8220; global_colors_info=&#8220;{}&#8220;][et_pb_row _builder_version=&#8220;4.16&#8243; _module_preset=&#8220;default&#8220; global_colors_info=&#8220;{}&#8220;][et_pb_column type=&#8220;4_4&#8243; _builder_version=&#8220;4.16&#8243; _module_preset=&#8220;default&#8220; global_colors_info=&#8220;{}&#8220;][et_pb_text _builder_version=&#8220;4.21.0&#8243; _module_preset=&#8220;d72c0383-6487-4f2c-ac5c-7d48a6376757&#8243; header_font=&#8220;||||||||&#8220; header_text_color=&#8220;#FFFFFF&#8220; header_font_size=&#8220;50px&#8220; header_line_height=&#8220;1.3em&#8220; text_orientation=&#8220;center&#8220; max_width=&#8220;750px&#8220; module_alignment=&#8220;center&#8220; animation_direction=&#8220;top&#8220; header_font_size_tablet=&#8220;36px&#8220; header_font_size_phone=&#8220;30px&#8220; header_font_size_last_edited=&#8220;on|desktop&#8220; global_colors_info=&#8220;{}&#8220;]<\/p>\n<h1>Fokuspunkt-Serie<\/h1>\n<p>[\/et_pb_text][\/et_pb_column][\/et_pb_row][\/et_pb_section][et_pb_section fb_built=&#8220;1&#8243; _builder_version=&#8220;4.16&#8243; _module_preset=&#8220;default&#8220; custom_padding=&#8220;20px||20px||true|false&#8220; global_colors_info=&#8220;{}&#8220;][et_pb_row use_custom_gutter=&#8220;on&#8220; gutter_width=&#8220;1&#8243; _builder_version=&#8220;4.19.0&#8243; _module_preset=&#8220;default&#8220; width=&#8220;88%&#8220; max_width=&#8220;1920px&#8220; global_colors_info=&#8220;{}&#8220;][et_pb_column type=&#8220;4_4&#8243; _builder_version=&#8220;4.16&#8243; _module_preset=&#8220;default&#8220; global_colors_info=&#8220;{}&#8220;][et_pb_text _builder_version=&#8220;4.21.0&#8243; _module_preset=&#8220;default&#8220; text_font=&#8220;|200|||||||&#8220; text_text_color=&#8220;#000000&#8243; text_font_size=&#8220;24px&#8220; text_line_height=&#8220;1.5em&#8220; link_text_color=&#8220;gcid-8582d6b2-ff93-467d-8a95-c50d6acf939e&#8220; link_font_size=&#8220;24px&#8220; link_line_height=&#8220;1.6em&#8220; header_2_text_color=&#8220;gcid-a1e60d66-76d8-4612-a9ca-a005678239ae&#8220; header_2_font_size=&#8220;36px&#8220; header_2_line_height=&#8220;1.2em&#8220; width_tablet=&#8220;&#8220; width_phone=&#8220;98%&#8220; width_last_edited=&#8220;on|desktop&#8220; text_font_tablet=&#8220;Mulish|300|||||||&#8220; text_font_phone=&#8220;Mulish|300|||||||&#8220; text_font_last_edited=&#8220;on|desktop&#8220; text_font_size_tablet=&#8220;22px&#8220; text_font_size_phone=&#8220;20px&#8220; text_font_size_last_edited=&#8220;on|phone&#8220; link_font_size_tablet=&#8220;20px&#8220; link_font_size_phone=&#8220;18px&#8220; link_font_size_last_edited=&#8220;on|desktop&#8220; header_2_font_size_tablet=&#8220;32px&#8220; header_2_font_size_phone=&#8220;28px&#8220; header_2_font_size_last_edited=&#8220;on|desktop&#8220; global_colors_info=&#8220;{%22gcid-a1e60d66-76d8-4612-a9ca-a005678239ae%22:%91%22header_2_text_color%22%93,%22gcid-8582d6b2-ff93-467d-8a95-c50d6acf939e%22:%91%22link_text_color%22%93}&#8220;]<\/p>\n<h2>Wichtige Informationen f\u00fcr Gesch\u00e4ftsreisende<\/h2>\n<p>Egal, ob Sie ein erfahrener Gesch\u00e4ftsreisender sind oder gerade erst anfangen, unsere Focal Point-Serie bietet Ihnen alle wichtigen Informationen, die Sie f\u00fcr die Planung Ihrer n\u00e4chsten Reise ben\u00f6tigen.<\/p>\n<p>Unsere Beitr\u00e4ge sind nach Themen geordnet, so dass Sie die ben\u00f6tigten Informationen leicht finden k\u00f6nnen.<\/p>\n<p>Hier sind nur einige der Themen, die wir behandeln:<\/p>\n<ul>\n<li>Unterkunftsm\u00f6glichkeiten f\u00fcr Gesch\u00e4ftsreisende<\/li>\n<li>Anforderungen f\u00fcr beliebte Gesch\u00e4ftsreiseziele<\/li>\n<li>Die besten Verkehrsmittel f\u00fcr Gesch\u00e4ftsreisen<\/li>\n<li>Tagungen und Konferenzen<\/li>\n<li>Nachhaltige Reiseoptionen f\u00fcr umweltbewusste Gesch\u00e4ftsreisende<\/li>\n<\/ul>\n<p>Wir aktualisieren unsere Focal Point Series regelm\u00e4\u00dfig. Schauen Sie also regelm\u00e4\u00dfig vorbei, um die neuesten Erkenntnisse und Ratschl\u00e4ge zu erhalten.<\/p>\n<p>Und wenn Sie ein Thema haben, das wir behandeln sollen, lassen Sie es uns wissen!<\/p>\n<p>[\/et_pb_text][\/et_pb_column][\/et_pb_row][et_pb_row _builder_version=&#8220;4.19.0&#8243; _module_preset=&#8220;default&#8220; width=&#8220;88%&#8220; max_width=&#8220;1920px&#8220; custom_padding=&#8220;0px||0px||false|false&#8220; global_colors_info=&#8220;{}&#8220;][et_pb_column type=&#8220;4_4&#8243; _builder_version=&#8220;4.16&#8243; _module_preset=&#8220;default&#8220; global_colors_info=&#8220;{}&#8220;][et_pb_text _builder_version=&#8220;4.21.0&#8243; _module_preset=&#8220;default&#8220; text_font=&#8220;|200|||||||&#8220; text_text_color=&#8220;#000000&#8243; text_font_size=&#8220;24px&#8220; text_line_height=&#8220;1.5em&#8220; link_text_color=&#8220;gcid-7814a719-c4c1-4b0f-b019-492bb0f30365&#8243; link_font_size=&#8220;24px&#8220; link_line_height=&#8220;1.5em&#8220; header_2_text_color=&#8220;gcid-451f3261-61c2-4dbe-bb50-a5feeb4e6554&#8243; header_2_font_size=&#8220;36px&#8220; header_2_line_height=&#8220;1.4em&#8220; header_6_text_color=&#8220;gcid-a1e60d66-76d8-4612-a9ca-a005678239ae&#8220; header_6_font_size=&#8220;26px&#8220; header_6_line_height=&#8220;1.5em&#8220; width_tablet=&#8220;&#8220; width_phone=&#8220;98%&#8220; width_last_edited=&#8220;on|desktop&#8220; hover_enabled=&#8220;0&#8243; text_font_tablet=&#8220;Mulish|300|||||||&#8220; text_font_phone=&#8220;Mulish|300|||||||&#8220; text_font_last_edited=&#8220;on|desktop&#8220; text_font_size_tablet=&#8220;22px&#8220; text_font_size_phone=&#8220;20px&#8220; text_font_size_last_edited=&#8220;on|phone&#8220; link_font_size_tablet=&#8220;22px&#8220; link_font_size_phone=&#8220;20px&#8220; link_font_size_last_edited=&#8220;on|desktop&#8220; header_2_font_size_tablet=&#8220;32px&#8220; header_2_font_size_phone=&#8220;32px&#8220; header_2_font_size_last_edited=&#8220;on|phone&#8220; header_6_font_size_tablet=&#8220;26px&#8220; header_6_font_size_phone=&#8220;22px&#8220; header_6_font_size_last_edited=&#8220;on|phone&#8220; global_colors_info=&#8220;{%22gcid-7814a719-c4c1-4b0f-b019-492bb0f30365%22:%91%22link_text_color%22,%22link_text_color%22%93,%22gcid-451f3261-61c2-4dbe-bb50-a5feeb4e6554%22:%91%22header_2_text_color%22%93,%22gcid-a1e60d66-76d8-4612-a9ca-a005678239ae%22:%91%22header_6_text_color%22%93}&#8220; sticky_enabled=&#8220;0&#8243;]<\/p>\n<h6>Abonnieren Sie unseren Newsletter und verpassen Sie keinen Beitrag mehr.<\/h6>\n<h6>Planen Sie Ihre n\u00e4chste Gesch\u00e4ftsreise noch heute mit Zuversicht!<\/h6>\n<p>[\/et_pb_text][\/et_pb_column][\/et_pb_row][\/et_pb_section][et_pb_section fb_built=&#8220;1&#8243; disabled_on=&#8220;off|off|off&#8220; _builder_version=&#8220;4.19.0&#8243; custom_margin=&#8220;0px||||false|false&#8220; custom_padding=&#8220;0px||||false|false&#8220; global_colors_info=&#8220;{}&#8220;][et_pb_row _builder_version=&#8220;4.18.0&#8243; width=&#8220;90%&#8220; max_width=&#8220;1920px&#8220; custom_margin=&#8220;0px||0px||false|false&#8220; custom_padding=&#8220;0px||0px||false|false&#8220; global_colors_info=&#8220;{}&#8220;][et_pb_column type=&#8220;4_4&#8243; _builder_version=&#8220;4.16&#8243; custom_padding=&#8220;|||&#8220; global_colors_info=&#8220;{}&#8220; custom_padding__hover=&#8220;|||&#8220;][dgbm_blog_module posts_number=&#8220;6&#8243; type=&#8220;3&#8243; include_categories=&#8220;339&#8243; show_categories=&#8220;off&#8220; show_author=&#8220;off&#8220; show_date=&#8220;off&#8220; space_between=&#8220;18px&#8220; equal_height=&#8220;on&#8220; image_as_background=&#8220;on&#8220; image_size=&#8220;large&#8220; image_scale_on_hover=&#8220;on&#8220; top_position_alignment=&#8220;center&#8220; button_alignment=&#8220;center&#8220; use_button_icon=&#8220;on&#8220; button_icon=&#8220;%%36%%&#8220; pagination_background=&#8220;rgba(255,255,255,0)&#8220; content_padding=&#8220;148px|30px|148px|30px|false|true&#8220; content_padding_tablet=&#8220;&#8220; content_padding_phone=&#8220;&#8220; content_padding_last_edited=&#8220;on|phone&#8220; title_margin=&#8220;0px||-70px||false|false&#8220; button_wrapper_margin=&#8220;||15px&#8220; author_location=&#8220;top&#8220; author_background_color=&#8220;rgba(255,255,255,0)&#8220; date_location=&#8220;top&#8220; date_background_color=&#8220;rgba(255,255,255,0)&#8220; category_location=&#8220;top&#8220; category_background_color=&#8220;rgba(255,255,255,0)&#8220; comment_background_color=&#8220;rgba(255,255,255,0)&#8220; space_between_tablet=&#8220;35px&#8220; space_between_phone=&#8220;30px&#8220; space_between_last_edited=&#8220;on|phone&#8220; _builder_version=&#8220;4.21.0&#8243; title_font=&#8220;|800|||||||&#8220; title_text_align=&#8220;center&#8220; title_text_color=&#8220;#ffffff&#8220; title_font_size=&#8220;28px&#8220; title_line_height=&#8220;1.2em&#8220; meta_font=&#8220;||||||||&#8220; meta_text_color=&#8220;#ffffff&#8220; content_font=&#8220;||||||||&#8220; content_text_align=&#8220;center&#8220; content_text_color=&#8220;rgba(0,0,0,0)&#8220; read_more_font=&#8220;Fira Sans||||||||&#8220; read_more_text_color=&#8220;#ffffff&#8220; pagination_font=&#8220;|600||on|||||&#8220; pagination_text_color=&#8220;gcid-080b111f-3b5c-45fc-9442-f363796c87fa&#8220; pagination_font_size=&#8220;19px&#8220; pagination_letter_spacing=&#8220;3px&#8220; author_font=&#8220;Fira Sans||||||||&#8220; date_font=&#8220;||||||||&#8220; category_font=&#8220;||||||||&#8220; comment_font=&#8220;||||||||&#8220; background_color=&#8220;rgba(63,85,226,0.28)&#8220; hover_enabled=&#8220;0&#8243; title_font_size_tablet=&#8220;26px&#8220; title_font_size_phone=&#8220;22px&#8220; title_font_size_last_edited=&#8220;on|desktop&#8220; custom_css_post-meta-bottom=&#8220;margin-bottom: 0;||margin-top: auto;&#8220; global_colors_info=&#8220;{%22gcid-080b111f-3b5c-45fc-9442-f363796c87fa%22:%91%22pagination_text_color%22%93}&#8220; title_font_size__hover_enabled=&#8220;on|desktop&#8220; title_margin__hover_enabled=&#8220;on|hover&#8220; text_margin__hover_enabled=&#8220;on|desktop&#8220; content_text_color__hover_enabled=&#8220;on|hover&#8220; content_text_color__hover=&#8220;#ffffff&#8220; meta_top_margin__hover_enabled=&#8220;on|hover&#8220; meta_top_margin__hover=&#8220;||||false|false&#8220; content_padding__hover_enabled=&#8220;on|hover&#8220; content_padding__hover=&#8220;113px||113px||true|true&#8220; title_margin__hover=&#8220;||0px||false|false&#8220; title_font_size__hover=&#8220;28px&#8220; sticky_enabled=&#8220;0&#8243; meta_default_padding__hover_enabled=&#8220;on|hover&#8220; meta_default_margin__hover_enabled=&#8220;on|hover&#8220; meta_top_padding=&#8220;||||false|false&#8220; meta_default_padding__hover=&#8220;||70px||false|false&#8220; container_margin__hover_enabled=&#8220;on|hover&#8220;][\/dgbm_blog_module][\/et_pb_column][\/et_pb_row][\/et_pb_section]<\/p>\n","protected":false},"excerpt":{"rendered":"<p>Fokuspunkt-SerieWichtige Informationen f\u00fcr Gesch\u00e4ftsreisende Egal, ob Sie ein erfahrener Gesch\u00e4ftsreisender sind oder gerade erst anfangen, unsere Focal Point-Serie bietet Ihnen alle wichtigen Informationen, die Sie f\u00fcr die Planung Ihrer n\u00e4chsten Reise ben\u00f6tigen. Unsere Beitr\u00e4ge sind nach Themen geordnet, so dass Sie die ben\u00f6tigten Informationen leicht finden k\u00f6nnen. Hier sind nur einige der Themen, die wir [&hellip;]<\/p>\n","protected":false},"author":1,"featured_media":0,"parent":8560,"menu_order":0,"comment_status":"closed","ping_status":"closed","template":"","meta":{"_et_pb_use_builder":"on","_et_pb_old_content":"","_et_gb_content_width":"","_wp_convertkit_post_meta":{"form":"-1","landing_page":"0","tag":"0","restrict_content":"0"},"footnotes":""},"class_list":["post-10563","page","type-page","status-publish","hentry"],"_links":{"self":[{"href":"https:\/\/kaffediary.com\/de\/wp-json\/wp\/v2\/pages\/10563","targetHints":{"allow":["GET"]}}],"collection":[{"href":"https:\/\/kaffediary.com\/de\/wp-json\/wp\/v2\/pages"}],"about":[{"href":"https:\/\/kaffediary.com\/de\/wp-json\/wp\/v2\/types\/page"}],"author":[{"embeddable":true,"href":"https:\/\/kaffediary.com\/de\/wp-json\/wp\/v2\/users\/1"}],"replies":[{"embeddable":true,"href":"https:\/\/kaffediary.com\/de\/wp-json\/wp\/v2\/comments?post=10563"}],"version-history":[{"count":13,"href":"https:\/\/kaffediary.com\/de\/wp-json\/wp\/v2\/pages\/10563\/revisions"}],"predecessor-version":[{"id":12056,"href":"https:\/\/kaffediary.com\/de\/wp-json\/wp\/v2\/pages\/10563\/revisions\/12056"}],"up":[{"embeddable":true,"href":"https:\/\/kaffediary.com\/de\/wp-json\/wp\/v2\/pages\/8560"}],"wp:attachment":[{"href":"https:\/\/kaffediary.com\/de\/wp-json\/wp\/v2\/media?parent=10563"}],"curies":[{"name":"wp","href":"https:\/\/api.w.org\/{rel}","templated":true}]}}