{"id":10588,"date":"2022-11-04T19:00:18","date_gmt":"2022-11-04T19:00:18","guid":{"rendered":"https:\/\/kaffediary.com\/geschaeftsreiseziele\/geschaeftsreiseziel-naher-osten\/"},"modified":"2024-01-26T17:00:57","modified_gmt":"2024-01-26T17:00:57","slug":"geschaeftsreiseziel-naher-osten","status":"publish","type":"page","link":"https:\/\/kaffediary.com\/de\/geschaeftsreiseziele\/geschaeftsreiseziel-naher-osten\/","title":{"rendered":"Gesch\u00e4ftsreiseziel Naher Osten"},"content":{"rendered":"<p>[et_pb_section fb_built=&#8220;1&#8243; custom_padding_last_edited=&#8220;off|phone&#8220; admin_label=&#8220;Header&#8220; _builder_version=&#8220;4.21.0&#8243; _module_preset=&#8220;default&#8220; use_background_color_gradient=&#8220;on&#8220; background_color_gradient_stops=&#8220;rgba(52,130,193,0.46) 0%|rgba(6,34,127,0.31) 100%&#8220; background_color_gradient_overlays_image=&#8220;on&#8220; background_color_gradient_start=&#8220;rgba(52,130,193,0.46)&#8220; background_color_gradient_end=&#8220;rgba(6,34,127,0.31)&#8220; background_image=&#8220;https:\/\/kaffediary.com\/wp-content\/uploads\/2023\/05\/middle-east-region-dubai.jpg&#8220; custom_padding=&#8220;10vw||18vw||false|false&#8220; custom_padding_tablet=&#8220;||||false|false&#8220; custom_padding_phone=&#8220;||||false|false&#8220; global_colors_info=&#8220;{}&#8220;][et_pb_row _builder_version=&#8220;4.16&#8243; _module_preset=&#8220;default&#8220; global_colors_info=&#8220;{}&#8220;][et_pb_column type=&#8220;4_4&#8243; _builder_version=&#8220;4.16&#8243; _module_preset=&#8220;default&#8220; global_colors_info=&#8220;{}&#8220;][et_pb_text _builder_version=&#8220;4.21.0&#8243; _module_preset=&#8220;d72c0383-6487-4f2c-ac5c-7d48a6376757&#8243; header_font=&#8220;||||||||&#8220; header_text_color=&#8220;#FFFFFF&#8220; header_font_size=&#8220;50px&#8220; header_line_height=&#8220;1.3em&#8220; text_orientation=&#8220;center&#8220; max_width=&#8220;750px&#8220; module_alignment=&#8220;center&#8220; animation_direction=&#8220;top&#8220; header_font_size_tablet=&#8220;36px&#8220; header_font_size_phone=&#8220;30px&#8220; header_font_size_last_edited=&#8220;on|desktop&#8220; global_colors_info=&#8220;{}&#8220;]<\/p>\n<h1>Der Nahe Osten &#8211; Reiseziele<\/h1>\n<p>[\/et_pb_text][\/et_pb_column][\/et_pb_row][\/et_pb_section][et_pb_section fb_built=&#8220;1&#8243; _builder_version=&#8220;4.16&#8243; _module_preset=&#8220;default&#8220; custom_padding=&#8220;20px||20px||true|false&#8220; global_colors_info=&#8220;{}&#8220;][et_pb_row _builder_version=&#8220;4.16&#8243; _module_preset=&#8220;default&#8220; global_colors_info=&#8220;{}&#8220;][et_pb_column type=&#8220;4_4&#8243; _builder_version=&#8220;4.16&#8243; _module_preset=&#8220;default&#8220; global_colors_info=&#8220;{}&#8220;][et_pb_text _builder_version=&#8220;4.21.0&#8243; _module_preset=&#8220;default&#8220; text_font=&#8220;|200|||||||&#8220; text_text_color=&#8220;#000000&#8243; text_font_size=&#8220;24px&#8220; text_line_height=&#8220;1.5em&#8220; link_text_color=&#8220;gcid-7814a719-c4c1-4b0f-b019-492bb0f30365&#8243; link_font_size=&#8220;24px&#8220; link_line_height=&#8220;1.5em&#8220; width_tablet=&#8220;&#8220; width_phone=&#8220;98%&#8220; width_last_edited=&#8220;on|desktop&#8220; text_font_tablet=&#8220;Mulish|300|||||||&#8220; text_font_phone=&#8220;Mulish|300|||||||&#8220; text_font_last_edited=&#8220;on|desktop&#8220; text_font_size_tablet=&#8220;22px&#8220; text_font_size_phone=&#8220;20px&#8220; text_font_size_last_edited=&#8220;on|phone&#8220; link_font_size_tablet=&#8220;22px&#8220; link_font_size_phone=&#8220;20px&#8220; link_font_size_last_edited=&#8220;on|desktop&#8220; global_colors_info=&#8220;{%22gcid-7814a719-c4c1-4b0f-b019-492bb0f30365%22:%91%22link_text_color%22%93}&#8220;]<\/p>\n<p>Der <a href=\"https:\/\/dictionary.cambridge.org\/dictionary\/english\/middle-east?q=Middle+East\" target=\"_blank\" rel=\"noopener\">Nahe Osten<\/a> besteht aus einigen der dynamischsten St\u00e4dte, darunter Dubai, Abu Dhabi und Doha, die Unternehmen aus aller Welt anziehen.<\/p>\n<p>Der Nahe Osten hat sich aufgrund seiner strategischen Lage, seiner reichen nat\u00fcrlichen Ressourcen und seiner wachsenden Wirtschaft zu einer Drehscheibe f\u00fcr internationale Unternehmen entwickelt. In der Region des Nahen Ostens gibt es eine Reihe von \u00d6l- und Gasindustrien. Diese Region hat auch einen florierenden Technologie-, Finanz- und Tourismussektor.<\/p>\n<p>Zu den wichtigsten St\u00e4dten im Nahen Osten, die bei Gesch\u00e4ftsreisenden beliebt sind, geh\u00f6ren Dubai, Abu Dhabi und Doha. Diese St\u00e4dte bieten eine hochmoderne Infrastruktur, Unterk\u00fcnfte von Weltklasse und ein unternehmensfreundliches Umfeld.<\/p>\n<p>[\/et_pb_text][\/et_pb_column][\/et_pb_row][et_pb_row _builder_version=&#8220;4.21.0&#8243; _module_preset=&#8220;default&#8220; global_colors_info=&#8220;{}&#8220;][et_pb_column type=&#8220;4_4&#8243; _builder_version=&#8220;4.21.0&#8243; _module_preset=&#8220;default&#8220; global_colors_info=&#8220;{}&#8220;][et_pb_code _builder_version=&#8220;4.21.0&#8243; _module_preset=&#8220;default&#8220; hover_enabled=&#8220;0&#8243; sticky_enabled=&#8220;0&#8243;]<div class=\"map_wrapper\" id=\"map_wrapper_8917\">\n<div class=\"map_box\" style=\"max-width:2000px\">\n<div class=\"map_aspect_ratio\" style=\"padding-top:56%\" data-padding-top=\"56%\" data-padding-top-mobile=\"0%\">\n<div class=\"map_container\">\n<div class=\"map_render map_loading\" id=\"map_8917\"><\/div>\n<\/div>\n<\/div>\n<\/div>\n<\/div>[\/et_pb_code][\/et_pb_column][\/et_pb_row][\/et_pb_section][et_pb_section fb_built=&#8220;1&#8243; _builder_version=&#8220;4.16&#8243; _module_preset=&#8220;default&#8220; custom_padding=&#8220;0px||0px||false|false&#8220; global_colors_info=&#8220;{}&#8220;][et_pb_row _builder_version=&#8220;4.16&#8243; _module_preset=&#8220;default&#8220; custom_padding=&#8220;0px||0px||false|false&#8220; global_colors_info=&#8220;{}&#8220;][et_pb_column type=&#8220;4_4&#8243; _builder_version=&#8220;4.16&#8243; _module_preset=&#8220;default&#8220; global_colors_info=&#8220;{}&#8220;][et_pb_text _builder_version=&#8220;4.21.0&#8243; _module_preset=&#8220;default&#8220; text_font=&#8220;|200|||||||&#8220; text_text_color=&#8220;#000000&#8243; text_font_size=&#8220;24px&#8220; text_line_height=&#8220;1.5em&#8220; link_text_color=&#8220;gcid-7814a719-c4c1-4b0f-b019-492bb0f30365&#8243; link_font_size=&#8220;24px&#8220; link_line_height=&#8220;1.5em&#8220; header_2_text_color=&#8220;gcid-a1e60d66-76d8-4612-a9ca-a005678239ae&#8220; header_2_font_size=&#8220;36px&#8220; header_2_line_height=&#8220;1.4em&#8220; width_tablet=&#8220;&#8220; width_phone=&#8220;98%&#8220; width_last_edited=&#8220;on|desktop&#8220; text_font_tablet=&#8220;Mulish|300|||||||&#8220; text_font_phone=&#8220;Mulish|300|||||||&#8220; text_font_last_edited=&#8220;on|desktop&#8220; text_font_size_tablet=&#8220;22px&#8220; text_font_size_phone=&#8220;20px&#8220; text_font_size_last_edited=&#8220;on|phone&#8220; link_font_size_tablet=&#8220;22px&#8220; link_font_size_phone=&#8220;20px&#8220; link_font_size_last_edited=&#8220;on|desktop&#8220; header_2_font_size_tablet=&#8220;32px&#8220; header_2_font_size_phone=&#8220;32px&#8220; header_2_font_size_last_edited=&#8220;on|phone&#8220; global_colors_info=&#8220;{%22gcid-7814a719-c4c1-4b0f-b019-492bb0f30365%22:%91%22link_text_color%22%93,%22gcid-a1e60d66-76d8-4612-a9ca-a005678239ae%22:%91%22header_2_text_color%22%93}&#8220;]<\/p>\n<h2>\u00dcber den Nahen Osten<\/h2>\n<p>Sie liegt an der Hauptkreuzung von Europa, Asien und Afrika und erstreckt sich vom \u00f6stlichen Mittelmeer bis zum Persischen Golf. Es ist ein Land der alten Zivilisationen, der lebendigen Kulturen und der vielf\u00e4ltigen Landschaften.<\/p>\n<p>Sie hat eine sehr reiche und gro\u00dfartige Geschichte und ist die Wiege mehrerer gro\u00dfer Weltreligionen, wie des Judentums, des Christentums und des Islam.<\/p>\n<p>Sie verf\u00fcgt \u00fcber die gr\u00f6\u00dften \u00d6l- und Gasreserven der Welt und ist damit eine strategisch wichtige Region f\u00fcr den globalen Handel und die Politik.<\/p>\n<p>Von den futuristischen Wolkenkratzern in Dubai bis zu den antiken Ruinen von Petra &#8211; der Nahe Osten ist ein Reiseziel, das f\u00fcr jeden etwas zu bieten hat.<\/p>\n<p>[\/et_pb_text][\/et_pb_column][\/et_pb_row][et_pb_row _builder_version=&#8220;4.16&#8243; _module_preset=&#8220;default&#8220; global_colors_info=&#8220;{}&#8220;][et_pb_column type=&#8220;4_4&#8243; _builder_version=&#8220;4.16&#8243; _module_preset=&#8220;default&#8220; global_colors_info=&#8220;{}&#8220;][et_pb_image src=&#8220;https:\/\/kaffediary.com\/wp-content\/uploads\/2023\/05\/middle-east-region-qatar.jpg&#8220; alt=&#8220;die region nahost&#8220; title_text=&#8220;Luftaufnahme,von,der,Perleninsel,in,Doha,durch,das&#8220; _builder_version=&#8220;4.21.0&#8243; _module_preset=&#8220;default&#8220; global_colors_info=&#8220;{}&#8220;][\/et_pb_image][\/et_pb_column][\/et_pb_row][\/et_pb_section][et_pb_section fb_built=&#8220;1&#8243; _builder_version=&#8220;4.16&#8243; _module_preset=&#8220;default&#8220; global_colors_info=&#8220;{}&#8220;][et_pb_row _builder_version=&#8220;4.16&#8243; _module_preset=&#8220;default&#8220; custom_padding=&#8220;0px||0px||false|false&#8220; global_colors_info=&#8220;{}&#8220;][et_pb_column type=&#8220;4_4&#8243; _builder_version=&#8220;4.16&#8243; _module_preset=&#8220;default&#8220; global_colors_info=&#8220;{}&#8220;][et_pb_text _builder_version=&#8220;4.21.0&#8243; _module_preset=&#8220;default&#8220; text_font=&#8220;|200|||||||&#8220; text_text_color=&#8220;#000000&#8243; text_font_size=&#8220;24px&#8220; text_line_height=&#8220;1.5em&#8220; link_text_color=&#8220;gcid-7814a719-c4c1-4b0f-b019-492bb0f30365&#8243; link_font_size=&#8220;24px&#8220; link_line_height=&#8220;1.5em&#8220; header_2_text_color=&#8220;gcid-a1e60d66-76d8-4612-a9ca-a005678239ae&#8220; header_2_font_size=&#8220;36px&#8220; header_2_line_height=&#8220;1.4em&#8220; header_6_text_color=&#8220;gcid-0ca197d1-1f9b-4986-b00e-3ae7a424a238&#8243; header_6_font_size=&#8220;26px&#8220; header_6_line_height=&#8220;1.5em&#8220; width_tablet=&#8220;&#8220; width_phone=&#8220;98%&#8220; width_last_edited=&#8220;on|desktop&#8220; text_font_tablet=&#8220;Mulish|300|||||||&#8220; text_font_phone=&#8220;Mulish|300|||||||&#8220; text_font_last_edited=&#8220;on|desktop&#8220; text_font_size_tablet=&#8220;22px&#8220; text_font_size_phone=&#8220;20px&#8220; text_font_size_last_edited=&#8220;on|phone&#8220; link_font_size_tablet=&#8220;22px&#8220; link_font_size_phone=&#8220;20px&#8220; link_font_size_last_edited=&#8220;on|desktop&#8220; header_2_font_size_tablet=&#8220;32px&#8220; header_2_font_size_phone=&#8220;32px&#8220; header_2_font_size_last_edited=&#8220;on|phone&#8220; header_6_font_size_tablet=&#8220;26px&#8220; header_6_font_size_phone=&#8220;22px&#8220; header_6_font_size_last_edited=&#8220;on|phone&#8220; global_colors_info=&#8220;{%22gcid-7814a719-c4c1-4b0f-b019-492bb0f30365%22:%91%22link_text_color%22,%22link_text_color%22%93,%22gcid-0ca197d1-1f9b-4986-b00e-3ae7a424a238%22:%91%22header_6_text_color%22%93,%22gcid-a1e60d66-76d8-4612-a9ca-a005678239ae%22:%91%22header_2_text_color%22%93}&#8220;]<\/p>\n<h2>Was Sie bei einer Gesch\u00e4ftsreise in den Nahen Osten erwarten k\u00f6nnen<\/h2>\n<p>Der Nahe Osten bietet verschiedene Unterkunftsm\u00f6glichkeiten f\u00fcr jeden Geldbeutel und jeden Geschmack. Von Luxushotels bis hin zu preisg\u00fcnstigen Angeboten hat die Region f\u00fcr jeden etwas zu bieten.<\/p>\n<p>Die Luxushotels im Nahen Osten sind f\u00fcr ihre Opulenz und ihren Luxus bekannt. Sie bieten Annehmlichkeiten von Weltklasse wie Spas, Fitnesszentren und gute Restaurants.<\/p>\n<p>In den meisten St\u00e4dten gibt es preisg\u00fcnstige Unterk\u00fcnfte wie Hostels und Pensionen.<\/p>\n<p>Die Standorte der Unterk\u00fcnfte reichen von belebten Stadtzentren bis hin zu den ruhigen Stadtr\u00e4ndern der St\u00e4dte.<\/p>\n<p>Gesch\u00e4ftsreisenden f\u00e4llt es leicht, sich im Nahen Osten zu bewegen. Zu den verf\u00fcgbaren Verkehrsmitteln geh\u00f6ren Mietwagen, Taxis und \u00f6ffentliche Verkehrsmittel.<\/p>\n<p>Mietwagen sind eine beliebte Option f\u00fcr Gesch\u00e4ftsreisende, die ihr Verkehrsmittel bevorzugen. Taxis sind in den meisten St\u00e4dten ebenfalls leicht verf\u00fcgbar und f\u00fcr die Fortbewegung sehr praktisch. \u00d6ffentliche Verkehrsmittel, wie z. B. Busse, sind kosteng\u00fcnstig. In einigen St\u00e4dten gelten jedoch strenge Gesetze f\u00fcr \u00f6ffentliche Verkehrsmittel, und Reisende sollten sich mit den Regeln vertraut machen, bevor sie diese benutzen.<\/p>\n<p>Zus\u00e4tzlich zu den Standard-Gesch\u00e4ftseinrichtungen bietet der Nahe Osten eine Reihe einzigartiger und luxuri\u00f6ser Optionen f\u00fcr Gesch\u00e4ftsreisende. Viele der besten Hotels der Region bieten beeindruckende Konferenz- und Tagungseinrichtungen. Diese Einrichtungen verf\u00fcgen oft \u00fcber gro\u00dfe Balls\u00e4le, modernste audiovisuelle Technik und einen individuellen Catering-Service. Einige Hotels bieten sogar private Tagungsr\u00e4ume mit herrlichem Blick auf die Skyline der Stadt.<\/p>\n<p>Coworking-Spaces werden im Nahen Osten zunehmend verf\u00fcgbar und beliebt bei denjenigen, die einen gemeinschaftlichen und kreativen Arbeitsbereich suchen. Diese R\u00e4ume bieten gemeinsam genutzte Arbeitsbereiche, Sitzungsr\u00e4ume und Vernetzungsm\u00f6glichkeiten f\u00fcr Unternehmer, Freiberufler und kleine Unternehmen.<\/p>\n<p>Hier befinden sich die gr\u00f6\u00dften und renommiertesten Messezentren, wie das Dubai World Trade Centre und das Qatar National Convention Centre. In diesen Zentren finden das ganze Jahr \u00fcber eine Reihe von internationalen Veranstaltungen und Messen statt, die Besucher aus aller Welt anziehen.<\/p>\n<p>Mit seinen modernen und gut ausgestatteten Gesch\u00e4ftseinrichtungen ist der Nahe Osten ideal f\u00fcr Gesch\u00e4ftsreisende, die Kontakte kn\u00fcpfen, zusammenarbeiten und erfolgreiche Gesch\u00e4fte t\u00e4tigen wollen.<\/p>\n<p>Die Kleiderordnung ist in der Region von grundlegender Bedeutung, und es wird empfohlen, dass sich Reisende bescheiden und konservativ kleiden. Auch der Kommunikationsstil ist unterschiedlich, und ein respektvoller und h\u00f6flicher Umgang mit den Einheimischen ist unerl\u00e4sslich. Die Gesch\u00e4ftspraktiken in der Region sind oft formeller als in anderen Teilen der Welt, und es ist sehr wichtig, sich bei der Abwicklung von Gesch\u00e4ften der kulturellen Nuancen bewusst zu sein.<\/p>\n<p>Auch die Kenntnis religi\u00f6ser Sitten und Gebr\u00e4uche, wie Gebetszeiten und Essensvorschriften, ist wichtig.<\/p>\n<p>Wenn Gesch\u00e4ftsreisende die kulturellen Normen und Umgangsformen im Nahen Osten kennen, k\u00f6nnen sie solide Beziehungen aufbauen und erfolgreiche Gesch\u00e4fte in der Region t\u00e4tigen.<\/p>\n<p>Die Sicherheit von Gesch\u00e4ftsreisenden genie\u00dft im Nahen Osten h\u00f6chste Priorit\u00e4t. Die Region hat den Ruf, unsicher zu sein, aber das ist ein Irrglaube. Die Regierungen in der Region haben viel in verschiedene Sicherheitsma\u00dfnahmen investiert, um die Sicherheit der Besucher zu gew\u00e4hrleisten.<\/p>\n<p>[\/et_pb_text][\/et_pb_column][\/et_pb_row][et_pb_row _builder_version=&#8220;4.16&#8243; _module_preset=&#8220;default&#8220; global_colors_info=&#8220;{}&#8220;][et_pb_column type=&#8220;4_4&#8243; _builder_version=&#8220;4.16&#8243; _module_preset=&#8220;default&#8220; global_colors_info=&#8220;{}&#8220;][et_pb_image src=&#8220;https:\/\/kaffediary.com\/wp-content\/uploads\/2023\/05\/Middle-East-Region-abu-dhabi.jpg&#8220; alt=&#8220;die region nahost&#8220; title_text=&#8220;Sch\u00f6ne,Skyline,mit,moderner,Architektur,bei,Sonnenuntergang,Luftaufnahme,von&#8220; _builder_version=&#8220;4.21.0&#8243; _module_preset=&#8220;default&#8220; global_colors_info=&#8220;{}&#8220;][\/et_pb_image][\/et_pb_column][\/et_pb_row][et_pb_row _builder_version=&#8220;4.16&#8243; _module_preset=&#8220;default&#8220; custom_padding=&#8220;0px||0px||false|false&#8220; global_colors_info=&#8220;{}&#8220;][et_pb_column type=&#8220;4_4&#8243; _builder_version=&#8220;4.16&#8243; _module_preset=&#8220;default&#8220; global_colors_info=&#8220;{}&#8220;][et_pb_text _builder_version=&#8220;4.21.0&#8243; _module_preset=&#8220;default&#8220; text_font=&#8220;|200|||||||&#8220; text_text_color=&#8220;#000000&#8243; text_font_size=&#8220;24px&#8220; text_line_height=&#8220;1.5em&#8220; link_text_color=&#8220;gcid-7814a719-c4c1-4b0f-b019-492bb0f30365&#8243; link_font_size=&#8220;24px&#8220; link_line_height=&#8220;1.5em&#8220; header_2_text_color=&#8220;gcid-451f3261-61c2-4dbe-bb50-a5feeb4e6554&#8243; header_2_font_size=&#8220;36px&#8220; header_2_line_height=&#8220;1.4em&#8220; header_6_text_color=&#8220;gcid-b7844457-9a4a-40b7-b5ff-ee179fffa736&#8243; header_6_font_size=&#8220;26px&#8220; header_6_line_height=&#8220;1.5em&#8220; width_tablet=&#8220;&#8220; width_phone=&#8220;98%&#8220; width_last_edited=&#8220;on|desktop&#8220; text_font_tablet=&#8220;Mulish|300|||||||&#8220; text_font_phone=&#8220;Mulish|300|||||||&#8220; text_font_last_edited=&#8220;on|desktop&#8220; text_font_size_tablet=&#8220;22px&#8220; text_font_size_phone=&#8220;20px&#8220; text_font_size_last_edited=&#8220;on|phone&#8220; link_font_size_tablet=&#8220;22px&#8220; link_font_size_phone=&#8220;20px&#8220; link_font_size_last_edited=&#8220;on|desktop&#8220; header_2_font_size_tablet=&#8220;32px&#8220; header_2_font_size_phone=&#8220;32px&#8220; header_2_font_size_last_edited=&#8220;on|phone&#8220; header_6_font_size_tablet=&#8220;26px&#8220; header_6_font_size_phone=&#8220;22px&#8220; header_6_font_size_last_edited=&#8220;on|phone&#8220; global_colors_info=&#8220;{%22gcid-7814a719-c4c1-4b0f-b019-492bb0f30365%22:%91%22link_text_color%22,%22link_text_color%22%93,%22gcid-451f3261-61c2-4dbe-bb50-a5feeb4e6554%22:%91%22header_2_text_color%22%93,%22gcid-b7844457-9a4a-40b7-b5ff-ee179fffa736%22:%91%22header_6_text_color%22%93}&#8220;]<\/p>\n<h6>Der Nahe Osten ist ein Ort der Vielfalt. Es ist ein Land der Kontraste, in dem alte Traditionen mit der Moderne koexistieren. Die Region bietet eine Reihe von Attraktionen, von atemberaubenden Landschaften bis hin zu pulsierenden St\u00e4dten, und ist daher ein beliebtes Ziel f\u00fcr Gesch\u00e4ftsreisende.<\/h6>\n<p>[\/et_pb_text][\/et_pb_column][\/et_pb_row][\/et_pb_section]<\/p>\n","protected":false},"excerpt":{"rendered":"<p>Der Nahe Osten &#8211; ReisezieleDer Nahe Osten besteht aus einigen der dynamischsten St\u00e4dte, darunter Dubai, Abu Dhabi und Doha, die Unternehmen aus aller Welt anziehen. Der Nahe Osten hat sich aufgrund seiner strategischen Lage, seiner reichen nat\u00fcrlichen Ressourcen und seiner wachsenden Wirtschaft zu einer Drehscheibe f\u00fcr internationale Unternehmen entwickelt. In der Region des Nahen Ostens [&hellip;]<\/p>\n","protected":false},"author":1,"featured_media":0,"parent":6816,"menu_order":0,"comment_status":"closed","ping_status":"closed","template":"","meta":{"_et_pb_use_builder":"on","_et_pb_old_content":"","_et_gb_content_width":"","_wp_convertkit_post_meta":{"form":"-1","landing_page":"0","tag":"0","restrict_content":"0"},"footnotes":""},"class_list":["post-10588","page","type-page","status-publish","hentry"],"_links":{"self":[{"href":"https:\/\/kaffediary.com\/de\/wp-json\/wp\/v2\/pages\/10588","targetHints":{"allow":["GET"]}}],"collection":[{"href":"https:\/\/kaffediary.com\/de\/wp-json\/wp\/v2\/pages"}],"about":[{"href":"https:\/\/kaffediary.com\/de\/wp-json\/wp\/v2\/types\/page"}],"author":[{"embeddable":true,"href":"https:\/\/kaffediary.com\/de\/wp-json\/wp\/v2\/users\/1"}],"replies":[{"embeddable":true,"href":"https:\/\/kaffediary.com\/de\/wp-json\/wp\/v2\/comments?post=10588"}],"version-history":[{"count":9,"href":"https:\/\/kaffediary.com\/de\/wp-json\/wp\/v2\/pages\/10588\/revisions"}],"predecessor-version":[{"id":11870,"href":"https:\/\/kaffediary.com\/de\/wp-json\/wp\/v2\/pages\/10588\/revisions\/11870"}],"up":[{"embeddable":true,"href":"https:\/\/kaffediary.com\/de\/wp-json\/wp\/v2\/pages\/6816"}],"wp:attachment":[{"href":"https:\/\/kaffediary.com\/de\/wp-json\/wp\/v2\/media?parent=10588"}],"curies":[{"name":"wp","href":"https:\/\/api.w.org\/{rel}","templated":true}]}}