{"id":10665,"date":"2022-11-04T18:54:15","date_gmt":"2022-11-04T18:54:15","guid":{"rendered":"https:\/\/kaffediary.com\/geschaeftsreiseziele\/geschaeftsreiseziel-nordamerika\/"},"modified":"2024-01-26T17:03:51","modified_gmt":"2024-01-26T17:03:51","slug":"geschaeftsreiseziel-nordamerika","status":"publish","type":"page","link":"https:\/\/kaffediary.com\/de\/geschaeftsreiseziele\/geschaeftsreiseziel-nordamerika\/","title":{"rendered":"Gesch\u00e4ftsreiseziel Nordamerika"},"content":{"rendered":"<p>[et_pb_section fb_built=&#8220;1&#8243; custom_padding_last_edited=&#8220;off|phone&#8220; admin_label=&#8220;Header&#8220; _builder_version=&#8220;4.17.4&#8243; _module_preset=&#8220;default&#8220; use_background_color_gradient=&#8220;on&#8220; background_color_gradient_stops=&#8220;rgba(52,130,193,0.46) 0%|rgba(6,34,127,0.31) 100%&#8220; background_color_gradient_overlays_image=&#8220;on&#8220; background_color_gradient_start=&#8220;rgba(52,130,193,0.46)&#8220; background_color_gradient_end=&#8220;rgba(6,34,127,0.31)&#8220; background_image=&#8220;https:\/\/kaffediary.com\/wp-content\/uploads\/2022\/10\/Europe-Business-Travel-Destination-Header-Image.jpg&#8220; custom_padding=&#8220;10vw||18vw||false|false&#8220; custom_padding_tablet=&#8220;||||false|false&#8220; custom_padding_phone=&#8220;||||false|false&#8220; global_colors_info=&#8220;{}&#8220;][et_pb_row _builder_version=&#8220;4.16&#8243; _module_preset=&#8220;default&#8220; global_colors_info=&#8220;{}&#8220;][et_pb_column type=&#8220;4_4&#8243; _builder_version=&#8220;4.16&#8243; _module_preset=&#8220;default&#8220; global_colors_info=&#8220;{}&#8220;][et_pb_text _builder_version=&#8220;4.21.0&#8243; _module_preset=&#8220;d72c0383-6487-4f2c-ac5c-7d48a6376757&#8243; header_font=&#8220;||||||||&#8220; header_text_color=&#8220;#FFFFFF&#8220; header_font_size=&#8220;50px&#8220; header_line_height=&#8220;1.3em&#8220; text_orientation=&#8220;center&#8220; max_width=&#8220;750px&#8220; module_alignment=&#8220;center&#8220; animation_direction=&#8220;top&#8220; header_font_size_tablet=&#8220;36px&#8220; header_font_size_phone=&#8220;30px&#8220; header_font_size_last_edited=&#8220;on|desktop&#8220; global_colors_info=&#8220;{}&#8220;]<\/p>\n<h1>Nordamerika Gesch\u00e4ftsreiseziele<\/h1>\n<p>[\/et_pb_text][\/et_pb_column][\/et_pb_row][\/et_pb_section][et_pb_section fb_built=&#8220;1&#8243; _builder_version=&#8220;4.16&#8243; _module_preset=&#8220;default&#8220; global_colors_info=&#8220;{}&#8220;][et_pb_row _builder_version=&#8220;4.16&#8243; _module_preset=&#8220;default&#8220; custom_padding=&#8220;0px||0px||false|false&#8220; global_colors_info=&#8220;{}&#8220;][et_pb_column type=&#8220;4_4&#8243; _builder_version=&#8220;4.16&#8243; _module_preset=&#8220;default&#8220; global_colors_info=&#8220;{}&#8220;][et_pb_text _builder_version=&#8220;4.21.0&#8243; _module_preset=&#8220;default&#8220; text_font=&#8220;|200|||||||&#8220; text_text_color=&#8220;#000000&#8243; text_font_size=&#8220;24px&#8220; text_line_height=&#8220;1.5em&#8220; link_text_color=&#8220;gcid-7814a719-c4c1-4b0f-b019-492bb0f30365&#8243; link_font_size=&#8220;24px&#8220; link_line_height=&#8220;1.5em&#8220; header_2_text_color=&#8220;gcid-a1e60d66-76d8-4612-a9ca-a005678239ae&#8220; header_2_font_size=&#8220;36px&#8220; header_2_line_height=&#8220;1.4em&#8220; header_6_text_color=&#8220;gcid-0ca197d1-1f9b-4986-b00e-3ae7a424a238&#8243; header_6_font_size=&#8220;26px&#8220; header_6_line_height=&#8220;1.5em&#8220; width_tablet=&#8220;&#8220; width_phone=&#8220;98%&#8220; width_last_edited=&#8220;on|desktop&#8220; text_font_tablet=&#8220;Mulish|300|||||||&#8220; text_font_phone=&#8220;Mulish|300|||||||&#8220; text_font_last_edited=&#8220;on|desktop&#8220; text_font_size_tablet=&#8220;22px&#8220; text_font_size_phone=&#8220;20px&#8220; text_font_size_last_edited=&#8220;on|phone&#8220; link_font_size_tablet=&#8220;22px&#8220; link_font_size_phone=&#8220;20px&#8220; link_font_size_last_edited=&#8220;on|desktop&#8220; header_2_font_size_tablet=&#8220;32px&#8220; header_2_font_size_phone=&#8220;32px&#8220; header_2_font_size_last_edited=&#8220;on|phone&#8220; header_6_font_size_tablet=&#8220;26px&#8220; header_6_font_size_phone=&#8220;22px&#8220; header_6_font_size_last_edited=&#8220;on|phone&#8220; global_colors_info=&#8220;{%22gcid-7814a719-c4c1-4b0f-b019-492bb0f30365%22:%91%22link_text_color%22,%22link_text_color%22%93,%22gcid-0ca197d1-1f9b-4986-b00e-3ae7a424a238%22:%91%22header_6_text_color%22%93,%22gcid-a1e60d66-76d8-4612-a9ca-a005678239ae%22:%91%22header_2_text_color%22%93}&#8220;]<\/p>\n<p><a href=\"https:\/\/dictionary.cambridge.org\/dictionary\/english\/north-america\" target=\"_blank\" rel=\"noopener\">Nordamerika<\/a> ist ein wichtiges Gesch\u00e4ftsziel. Viele der gr\u00f6\u00dften Volkswirtschaften und Unternehmen sind hier ans\u00e4ssig, was die Stadt zu einem Drehkreuz f\u00fcr Gesch\u00e4ftsreisende aus aller Welt macht.<\/p>\n<h2>\u00dcber den nordamerikanischen Kontinent<\/h2>\n<p>Der Arktische Ozean grenzt im Norden an den Kontinent, der Atlantische Ozean im Osten, der Pazifische Ozean im Westen und S\u00fcdamerika im S\u00fcdosten.<\/p>\n<p>Der Kontinent beherbergt vielf\u00e4ltige Landschaften, darunter weite Ebenen, hoch aufragende Gebirgsz\u00fcge, dichte W\u00e4lder und trockene W\u00fcsten. Die Rocky Mountains und auch die Appalachen sind zwei der bekanntesten Gebirgsz\u00fcge Nordamerikas.<\/p>\n<p>Der Kontinent beherbergt auch mehrere gro\u00dfe Fl\u00fcsse, darunter den Mississippi, den Yukon und den Colorado. Die Gro\u00dfen Seen gelten als die gr\u00f6\u00dfte Gruppe von S\u00fc\u00dfwasserseen der Welt.<\/p>\n<p>Er besteht aus einer Reihe von L\u00e4ndern, darunter Kanada, die Vereinigten Staaten und Mexiko, die drei wichtigsten und bev\u00f6lkerungsreichsten Nationen des Kontinents. Andere L\u00e4nder in Nordamerika sind die karibischen Inselnationen Kuba, Jamaika und die Dominikanische Republik sowie mittelamerikanische L\u00e4nder wie Costa Rica, El Salvador und Panama. Der Kontinent umfasst auch die kleineren L\u00e4nder Belize, Guatemala, Honduras, Nicaragua sowie die Inselstaaten Bahamas, Barbados und Trinidad und Tobago.<\/p>\n<p>Jedes Land hat seine eigene Kultur, Geschichte und sein politisches System, was Nordamerika zu einem vielseitigen und faszinierenden Kontinent macht, den es zu erkunden gilt.<\/p>\n<p>[\/et_pb_text][\/et_pb_column][\/et_pb_row][et_pb_row _builder_version=&#8220;4.21.0&#8243; _module_preset=&#8220;default&#8220; custom_padding=&#8220;20px||0px||false|false&#8220; global_colors_info=&#8220;{}&#8220;][et_pb_column type=&#8220;4_4&#8243; _builder_version=&#8220;4.16&#8243; _module_preset=&#8220;default&#8220; global_colors_info=&#8220;{}&#8220;][et_pb_code _builder_version=&#8220;4.21.0&#8243; _module_preset=&#8220;default&#8220; hover_enabled=&#8220;0&#8243; global_colors_info=&#8220;{}&#8220; sticky_enabled=&#8220;0&#8243;]<div class=\"map_wrapper\" id=\"map_wrapper_8940\">\n<div class=\"map_box\" style=\"max-width:2000px\">\n<div class=\"map_aspect_ratio\" style=\"padding-top:56%\" data-padding-top=\"56%\" data-padding-top-mobile=\"0%\">\n<div class=\"map_container\">\n<div class=\"map_render map_loading\" id=\"map_8940\"><\/div>\n<\/div>\n<\/div>\n<\/div>\n<\/div>[\/et_pb_code][\/et_pb_column][\/et_pb_row][\/et_pb_section][et_pb_section fb_built=&#8220;1&#8243; _builder_version=&#8220;4.16&#8243; _module_preset=&#8220;default&#8220; global_colors_info=&#8220;{}&#8220;][et_pb_row _builder_version=&#8220;4.16&#8243; _module_preset=&#8220;default&#8220; custom_padding=&#8220;0px||0px||false|false&#8220; global_colors_info=&#8220;{}&#8220;][et_pb_column type=&#8220;4_4&#8243; _builder_version=&#8220;4.16&#8243; _module_preset=&#8220;default&#8220; global_colors_info=&#8220;{}&#8220;][et_pb_text _builder_version=&#8220;4.21.0&#8243; _module_preset=&#8220;default&#8220; text_font=&#8220;|200|||||||&#8220; text_text_color=&#8220;#000000&#8243; text_font_size=&#8220;24px&#8220; text_line_height=&#8220;1.5em&#8220; link_text_color=&#8220;gcid-7814a719-c4c1-4b0f-b019-492bb0f30365&#8243; link_font_size=&#8220;24px&#8220; link_line_height=&#8220;1.5em&#8220; header_2_text_color=&#8220;gcid-a1e60d66-76d8-4612-a9ca-a005678239ae&#8220; header_2_font_size=&#8220;36px&#8220; header_2_line_height=&#8220;1.4em&#8220; header_3_text_color=&#8220;gcid-a1e60d66-76d8-4612-a9ca-a005678239ae&#8220; header_6_text_color=&#8220;gcid-0ca197d1-1f9b-4986-b00e-3ae7a424a238&#8243; header_6_font_size=&#8220;26px&#8220; header_6_line_height=&#8220;1.5em&#8220; width_tablet=&#8220;&#8220; width_phone=&#8220;98%&#8220; width_last_edited=&#8220;on|desktop&#8220; text_font_tablet=&#8220;Mulish|300|||||||&#8220; text_font_phone=&#8220;Mulish|300|||||||&#8220; text_font_last_edited=&#8220;on|desktop&#8220; text_font_size_tablet=&#8220;22px&#8220; text_font_size_phone=&#8220;20px&#8220; text_font_size_last_edited=&#8220;on|phone&#8220; link_font_size_tablet=&#8220;22px&#8220; link_font_size_phone=&#8220;20px&#8220; link_font_size_last_edited=&#8220;on|desktop&#8220; header_2_font_size_tablet=&#8220;32px&#8220; header_2_font_size_phone=&#8220;32px&#8220; header_2_font_size_last_edited=&#8220;on|phone&#8220; header_6_font_size_tablet=&#8220;26px&#8220; header_6_font_size_phone=&#8220;22px&#8220; header_6_font_size_last_edited=&#8220;on|phone&#8220; global_colors_info=&#8220;{%22gcid-7814a719-c4c1-4b0f-b019-492bb0f30365%22:%91%22link_text_color%22,%22link_text_color%22%93,%22gcid-0ca197d1-1f9b-4986-b00e-3ae7a424a238%22:%91%22header_6_text_color%22%93,%22gcid-a1e60d66-76d8-4612-a9ca-a005678239ae%22:%91%22header_2_text_color%22,%22header_3_text_color%22%93}&#8220;]<\/p>\n<h2>Was Sie bei einem Gesch\u00e4ftsbesuch in Nordamerika erwarten k\u00f6nnen<\/h2>\n<p>&nbsp;<\/p>\n<h3>Essen und Trinken<\/h3>\n<p>Der Kontinent ist ber\u00fchmt f\u00fcr seine Burger, Hot Dogs und Pizza, hat aber auch ein reiches kulinarisches Erbe, das die mexikanische, die Cajun- und die S\u00fcdstaatenk\u00fcche umfasst.<\/p>\n<p>Viele St\u00e4dte in Nordamerika haben auch eine lebendige Gastronomieszene mit Foodtrucks, Bauernm\u00e4rkten und Streetfood-Festivals, auf denen die lokale und internationale K\u00fcche pr\u00e4sentiert wird.<\/p>\n<h3>Visa-Anforderungen<\/h3>\n<p>Bevor Sie Ihre Gesch\u00e4ftsreise nach Nordamerika planen, m\u00fcssen Sie sich \u00fcber die Visabestimmungen informieren. Die B\u00fcrger einiger L\u00e4nder k\u00f6nnen zu Gesch\u00e4ftszwecken f\u00fcr bis zu 90 Tage visumfrei nach Kanada und in die Vereinigten Staaten von Amerika einreisen.<\/p>\n<p>B\u00fcrger anderer L\u00e4nder m\u00fcssen jedoch ein Visum beantragen, bevor sie nach Nordamerika einreisen k\u00f6nnen. Die Beantragung eines Visums kann mehrere Wochen dauern, daher ist eine gute Planung unerl\u00e4sslich.<\/p>\n<h3>Transport<\/h3>\n<p>Nordamerika verf\u00fcgt \u00fcber ein gut ausgebautes Verkehrsnetz, das Gesch\u00e4ftsreisenden die Anreise erleichtert. Die gebr\u00e4uchlichsten Verkehrsmittel sind Flugreisen und Autovermietungen.<\/p>\n<p>Zu den wichtigsten Flugh\u00e4fen in Nordamerika geh\u00f6ren der John F. Kennedy International Airport in New York City, der Los Angeles International Airport und der Toronto Pearson International Airport.<\/p>\n<p>Mietwagen sind ebenfalls weit verbreitet, aber es ist wichtig zu wissen, dass die Gesetze und Vorschriften von Staat zu Staat und von Provinz zu Provinz unterschiedlich sein k\u00f6nnen.<\/p>\n<h3>Unterkunft<\/h3>\n<p>Die beliebtesten Hotels f\u00fcr Gesch\u00e4ftsreisende befinden sich in der Regel in Gro\u00dfst\u00e4dten und Gesch\u00e4ftsvierteln. Serviced Apartments sind eine gute Option f\u00fcr l\u00e4ngere Aufenthalte, da sie mehr Platz und Annehmlichkeiten bieten als Hotels. Airbnb-Vermietungen werden auch bei Gesch\u00e4ftsreisenden immer beliebter, da sie eine pers\u00f6nlichere und kosteng\u00fcnstigere Unterkunftsoption bieten.<\/p>\n<h3>Kulturelle Etikette<\/h3>\n<p>Im Allgemeinen legen die Nordamerikaner Wert auf P\u00fcnktlichkeit, direkte Kommunikation und Professionalit\u00e4t. Es ist auch wichtig, kulturelle und religi\u00f6se Praktiken zu respektieren, z. B. Kleidungsvorschriften und Essensvorschriften.<\/p>\n<p>Unternehmenskultur<br \/>\nDie Gesch\u00e4ftskultur in Nordamerika ist im Allgemeinen schnelllebig und ergebnisorientiert. Gesch\u00e4ftstreffen sind in der Regel formelle Angelegenheiten mit einer klaren Tagesordnung und Zielsetzung. Bereiten Sie sich mit einem gut recherchierten Gesch\u00e4ftsvorschlag vor, und seien Sie bereit, Ihre Ideen klar zu formulieren. Der Aufbau pers\u00f6nlicher Beziehungen ist ebenfalls wichtig, da Nordamerikaner Vertrauen und Glaubw\u00fcrdigkeit in Gesch\u00e4ftsbeziehungen sch\u00e4tzen.<\/p>\n<h3>Sicherheit<\/h3>\n<p>Sicherheit ist ein wichtiges Anliegen f\u00fcr Gesch\u00e4ftsreisende. Obwohl der Kontinent im Allgemeinen sicher ist, ist in bestimmten Gebieten Vorsicht geboten. In gr\u00f6\u00dferen St\u00e4dten ist die Kriminalit\u00e4tsrate h\u00f6her als in anderen Teilen Nordamerikas, und Reisende sollten auf ihre Umgebung achten, nachts nicht allein spazieren gehen und keine Wertsachen in der \u00d6ffentlichkeit ausstellen.<\/p>\n<p>Dar\u00fcber hinaus ist die Grenzsicherheit ein wichtiges Thema, insbesondere f\u00fcr Reisende, die in die Vereinigten Staaten einreisen. Es ist wichtig, dass Sie alle erforderlichen Unterlagen mit sich f\u00fchren und sich auf sehr gr\u00fcndliche Sicherheitskontrollen vorbereiten. Trotz dieser Bedenken verf\u00fcgt Nordamerika \u00fcber eine starke Sicherheitsinfrastruktur und Strafverfolgungsbeh\u00f6rden, die f\u00fcr die Sicherheit der Einwohner und Besucher gleicherma\u00dfen sorgen.[\/et_pb_text][\/et_pb_column][\/et_pb_row][et_pb_row _builder_version=&#8220;4.21.0&#8243; _module_preset=&#8220;default&#8220; global_colors_info=&#8220;{}&#8220;][et_pb_column type=&#8220;4_4&#8243; _builder_version=&#8220;4.21.0&#8243; _module_preset=&#8220;default&#8220; global_colors_info=&#8220;{}&#8220;][et_pb_image src=&#8220;https:\/\/kaffediary.com\/wp-content\/uploads\/2023\/05\/North-america-mexico.jpg&#8220; alt=&#8220;Nord-Amerika &#8211; Mexiko&#8220; title_text=&#8220;Nord-Amerika &#8211; Mexiko&#8220; align=&#8220;center&#8220; _builder_version=&#8220;4.21.0&#8243; _module_preset=&#8220;default&#8220; width=&#8220;75%&#8220; global_colors_info=&#8220;{}&#8220;][\/et_pb_image][\/et_pb_column][\/et_pb_row][et_pb_row _builder_version=&#8220;4.21.0&#8243; _module_preset=&#8220;default&#8220; custom_padding=&#8220;20px||0px||false|false&#8220; global_colors_info=&#8220;{}&#8220;][et_pb_column type=&#8220;4_4&#8243; _builder_version=&#8220;4.16&#8243; _module_preset=&#8220;default&#8220; global_colors_info=&#8220;{}&#8220;][et_pb_text _builder_version=&#8220;4.21.0&#8243; _module_preset=&#8220;default&#8220; text_font=&#8220;|200|||||||&#8220; text_text_color=&#8220;#000000&#8243; text_font_size=&#8220;24px&#8220; text_line_height=&#8220;1.5em&#8220; link_text_color=&#8220;gcid-7814a719-c4c1-4b0f-b019-492bb0f30365&#8243; link_font_size=&#8220;24px&#8220; link_line_height=&#8220;1.5em&#8220; header_2_text_color=&#8220;gcid-451f3261-61c2-4dbe-bb50-a5feeb4e6554&#8243; header_2_font_size=&#8220;36px&#8220; header_2_line_height=&#8220;1.4em&#8220; header_6_text_color=&#8220;gcid-a1e60d66-76d8-4612-a9ca-a005678239ae&#8220; header_6_font_size=&#8220;26px&#8220; header_6_line_height=&#8220;1.5em&#8220; width_tablet=&#8220;&#8220; width_phone=&#8220;98%&#8220; width_last_edited=&#8220;on|desktop&#8220; text_font_tablet=&#8220;Mulish|300|||||||&#8220; text_font_phone=&#8220;Mulish|300|||||||&#8220; text_font_last_edited=&#8220;on|desktop&#8220; text_font_size_tablet=&#8220;22px&#8220; text_font_size_phone=&#8220;20px&#8220; text_font_size_last_edited=&#8220;on|phone&#8220; link_font_size_tablet=&#8220;22px&#8220; link_font_size_phone=&#8220;20px&#8220; link_font_size_last_edited=&#8220;on|desktop&#8220; header_2_font_size_tablet=&#8220;32px&#8220; header_2_font_size_phone=&#8220;32px&#8220; header_2_font_size_last_edited=&#8220;on|phone&#8220; header_6_font_size_tablet=&#8220;26px&#8220; header_6_font_size_phone=&#8220;22px&#8220; header_6_font_size_last_edited=&#8220;on|phone&#8220; global_colors_info=&#8220;{%22gcid-7814a719-c4c1-4b0f-b019-492bb0f30365%22:%91%22link_text_color%22,%22link_text_color%22%93,%22gcid-451f3261-61c2-4dbe-bb50-a5feeb4e6554%22:%91%22header_2_text_color%22%93,%22gcid-a1e60d66-76d8-4612-a9ca-a005678239ae%22:%91%22header_6_text_color%22%93}&#8220;]<\/p>\n<h6>Mit seinen soliden Volkswirtschaften und globalen Unternehmen wird Nordamerika auch in den kommenden Jahren ein Top-Reiseziel f\u00fcr Gesch\u00e4ftsreisende sein.<\/h6>\n<p>[\/et_pb_text][\/et_pb_column][\/et_pb_row][\/et_pb_section]<\/p>\n","protected":false},"excerpt":{"rendered":"<p>Nordamerika Gesch\u00e4ftsreisezieleNordamerika ist ein wichtiges Gesch\u00e4ftsziel. Viele der gr\u00f6\u00dften Volkswirtschaften und Unternehmen sind hier ans\u00e4ssig, was die Stadt zu einem Drehkreuz f\u00fcr Gesch\u00e4ftsreisende aus aller Welt macht. \u00dcber den nordamerikanischen Kontinent Der Arktische Ozean grenzt im Norden an den Kontinent, der Atlantische Ozean im Osten, der Pazifische Ozean im Westen und S\u00fcdamerika im S\u00fcdosten. Der [&hellip;]<\/p>\n","protected":false},"author":1,"featured_media":0,"parent":6816,"menu_order":0,"comment_status":"closed","ping_status":"closed","template":"","meta":{"_et_pb_use_builder":"on","_et_pb_old_content":"","_et_gb_content_width":"","footnotes":""},"class_list":["post-10665","page","type-page","status-publish","hentry"],"_links":{"self":[{"href":"https:\/\/kaffediary.com\/de\/wp-json\/wp\/v2\/pages\/10665","targetHints":{"allow":["GET"]}}],"collection":[{"href":"https:\/\/kaffediary.com\/de\/wp-json\/wp\/v2\/pages"}],"about":[{"href":"https:\/\/kaffediary.com\/de\/wp-json\/wp\/v2\/types\/page"}],"author":[{"embeddable":true,"href":"https:\/\/kaffediary.com\/de\/wp-json\/wp\/v2\/users\/1"}],"replies":[{"embeddable":true,"href":"https:\/\/kaffediary.com\/de\/wp-json\/wp\/v2\/comments?post=10665"}],"version-history":[{"count":19,"href":"https:\/\/kaffediary.com\/de\/wp-json\/wp\/v2\/pages\/10665\/revisions"}],"predecessor-version":[{"id":11945,"href":"https:\/\/kaffediary.com\/de\/wp-json\/wp\/v2\/pages\/10665\/revisions\/11945"}],"up":[{"embeddable":true,"href":"https:\/\/kaffediary.com\/de\/wp-json\/wp\/v2\/pages\/6816"}],"wp:attachment":[{"href":"https:\/\/kaffediary.com\/de\/wp-json\/wp\/v2\/media?parent=10665"}],"curies":[{"name":"wp","href":"https:\/\/api.w.org\/{rel}","templated":true}]}}