{"id":10692,"date":"2022-11-04T18:56:27","date_gmt":"2022-11-04T18:56:27","guid":{"rendered":"https:\/\/kaffediary.com\/geschaeftsreiseziele\/geschaeftsreiseziel-ozeanien\/"},"modified":"2023-06-21T20:42:12","modified_gmt":"2023-06-21T20:42:12","slug":"geschaeftsreiseziel-ozeanien","status":"publish","type":"page","link":"https:\/\/kaffediary.com\/de\/geschaeftsreiseziele\/geschaeftsreiseziel-ozeanien\/","title":{"rendered":"Gesch\u00e4ftsreiseziel Ozeanien"},"content":{"rendered":"<p>[et_pb_section fb_built=&#8220;1&#8243; custom_padding_last_edited=&#8220;off|phone&#8220; admin_label=&#8220;Header&#8220; _builder_version=&#8220;4.21.0&#8243; _module_preset=&#8220;default&#8220; use_background_color_gradient=&#8220;on&#8220; background_color_gradient_stops=&#8220;rgba(52,130,193,0.46) 0%|rgba(6,34,127,0.31) 100%&#8220; background_color_gradient_overlays_image=&#8220;on&#8220; background_color_gradient_start=&#8220;rgba(52,130,193,0.46)&#8220; background_color_gradient_end=&#8220;rgba(6,34,127,0.31)&#8220; background_image=&#8220;https:\/\/kaffediary.com\/wp-content\/uploads\/2023\/05\/Oceania-business-travel-Sydney.jpg&#8220; background_position=&#8220;top_center&#8220; custom_padding=&#8220;10vw||18vw||false|false&#8220; custom_padding_tablet=&#8220;||||false|false&#8220; custom_padding_phone=&#8220;||||false|false&#8220; global_colors_info=&#8220;{}&#8220;][et_pb_row _builder_version=&#8220;4.16&#8243; _module_preset=&#8220;default&#8220; global_colors_info=&#8220;{}&#8220;][et_pb_column type=&#8220;4_4&#8243; _builder_version=&#8220;4.16&#8243; _module_preset=&#8220;default&#8220; global_colors_info=&#8220;{}&#8220;][et_pb_text _builder_version=&#8220;4.21.0&#8243; _module_preset=&#8220;d72c0383-6487-4f2c-ac5c-7d48a6376757&#8243; header_font=&#8220;||||||||&#8220; header_text_color=&#8220;#FFFFFF&#8220; header_font_size=&#8220;50px&#8220; header_line_height=&#8220;1.3em&#8220; text_orientation=&#8220;center&#8220; max_width=&#8220;750px&#8220; module_alignment=&#8220;center&#8220; animation_direction=&#8220;top&#8220; header_font_size_tablet=&#8220;36px&#8220; header_font_size_phone=&#8220;30px&#8220; header_font_size_last_edited=&#8220;on|desktop&#8220; global_colors_info=&#8220;{}&#8220;]<\/p>\n<h1>Ozeanien &#8211; Reiseziele f\u00fcr Gesch\u00e4ftsreisende<\/h1>\n<p>[\/et_pb_text][\/et_pb_column][\/et_pb_row][\/et_pb_section][et_pb_section fb_built=&#8220;1&#8243; _builder_version=&#8220;4.16&#8243; _module_preset=&#8220;default&#8220; custom_padding=&#8220;20px||20px||true|false&#8220; global_colors_info=&#8220;{}&#8220;][et_pb_row _builder_version=&#8220;4.21.0&#8243; _module_preset=&#8220;default&#8220; global_colors_info=&#8220;{}&#8220;][et_pb_column type=&#8220;4_4&#8243; _builder_version=&#8220;4.16&#8243; _module_preset=&#8220;default&#8220; global_colors_info=&#8220;{}&#8220;][et_pb_text _builder_version=&#8220;4.21.0&#8243; _module_preset=&#8220;default&#8220; text_font=&#8220;|200|||||||&#8220; text_text_color=&#8220;#000000&#8243; text_font_size=&#8220;24px&#8220; text_line_height=&#8220;1.5em&#8220; link_text_color=&#8220;gcid-7814a719-c4c1-4b0f-b019-492bb0f30365&#8243; link_font_size=&#8220;24px&#8220; link_line_height=&#8220;1.5em&#8220; width_tablet=&#8220;&#8220; width_phone=&#8220;98%&#8220; width_last_edited=&#8220;on|desktop&#8220; text_font_tablet=&#8220;Mulish|300|||||||&#8220; text_font_phone=&#8220;Mulish|300|||||||&#8220; text_font_last_edited=&#8220;on|desktop&#8220; text_font_size_tablet=&#8220;22px&#8220; text_font_size_phone=&#8220;20px&#8220; text_font_size_last_edited=&#8220;on|phone&#8220; link_font_size_tablet=&#8220;22px&#8220; link_font_size_phone=&#8220;20px&#8220; link_font_size_last_edited=&#8220;on|desktop&#8220; global_colors_info=&#8220;{%22gcid-7814a719-c4c1-4b0f-b019-492bb0f30365%22:%91%22link_text_color%22%93}&#8220;]<\/p>\n<p><a href=\"\/\/dictionary.cambridge.org\/dictionary\/english\/oceania?q=Oceania%22\" target=\"%22_blank%22\" rel=\"%22noopener%22 noopener\">Ozeanien<\/a> umfasst Australien, Neuseeland und einige andere pazifische Inseln. Die Region ist bekannt f\u00fcr ihre vielf\u00e4ltige Wirtschaft und florierende Industrien, darunter Finanzen, Technologie und Tourismus.<\/p>\n<p>Zu den wichtigsten St\u00e4dten, die Ozeanien zu einem attraktiven Ziel f\u00fcr Gesch\u00e4ftsreisen machen, geh\u00f6ren Sydney, Melbourne, Auckland und Brisbane.<\/p>\n<p>[\/et_pb_text][\/et_pb_column][\/et_pb_row][et_pb_row _builder_version=&#8220;4.21.0&#8243; _module_preset=&#8220;default&#8220; global_colors_info=&#8220;{}&#8220;][et_pb_column type=&#8220;4_4&#8243; _builder_version=&#8220;4.21.0&#8243; _module_preset=&#8220;default&#8220; global_colors_info=&#8220;{}&#8220;][et_pb_code _builder_version=&#8220;4.21.0&#8243; _module_preset=&#8220;default&#8220; global_colors_info=&#8220;{}&#8220;]<div class=\"map_wrapper\" id=\"map_wrapper_8922\">\n<div class=\"map_box\" style=\"max-width:2000px\">\n<div class=\"map_aspect_ratio\" style=\"padding-top:56%\" data-padding-top=\"56%\" data-padding-top-mobile=\"0%\">\n<div class=\"map_container\">\n<div class=\"map_render map_loading\" id=\"map_8922\"><\/div>\n<\/div>\n<\/div>\n<\/div>\n<\/div>[\/et_pb_code][\/et_pb_column][\/et_pb_row][\/et_pb_section][et_pb_section fb_built=&#8220;1&#8243; _builder_version=&#8220;4.16&#8243; _module_preset=&#8220;default&#8220; custom_padding=&#8220;0px||0px||false|false&#8220; global_colors_info=&#8220;{}&#8220;][et_pb_row _builder_version=&#8220;4.16&#8243; _module_preset=&#8220;default&#8220; custom_padding=&#8220;0px||0px||false|false&#8220; global_colors_info=&#8220;{}&#8220;][et_pb_column type=&#8220;4_4&#8243; _builder_version=&#8220;4.16&#8243; _module_preset=&#8220;default&#8220; global_colors_info=&#8220;{}&#8220;][et_pb_text _builder_version=&#8220;4.21.0&#8243; _module_preset=&#8220;default&#8220; text_font=&#8220;|200|||||||&#8220; text_text_color=&#8220;#000000&#8243; text_font_size=&#8220;24px&#8220; text_line_height=&#8220;1.5em&#8220; link_text_color=&#8220;gcid-7814a719-c4c1-4b0f-b019-492bb0f30365&#8243; link_font_size=&#8220;24px&#8220; link_line_height=&#8220;1.5em&#8220; header_2_text_color=&#8220;gcid-a1e60d66-76d8-4612-a9ca-a005678239ae&#8220; header_2_font_size=&#8220;36px&#8220; header_2_line_height=&#8220;1.4em&#8220; width_tablet=&#8220;&#8220; width_phone=&#8220;98%&#8220; width_last_edited=&#8220;on|desktop&#8220; text_font_tablet=&#8220;Mulish|300|||||||&#8220; text_font_phone=&#8220;Mulish|300|||||||&#8220; text_font_last_edited=&#8220;on|desktop&#8220; text_font_size_tablet=&#8220;22px&#8220; text_font_size_phone=&#8220;20px&#8220; text_font_size_last_edited=&#8220;on|phone&#8220; link_font_size_tablet=&#8220;22px&#8220; link_font_size_phone=&#8220;20px&#8220; link_font_size_last_edited=&#8220;on|desktop&#8220; header_2_font_size_tablet=&#8220;32px&#8220; header_2_font_size_phone=&#8220;32px&#8220; header_2_font_size_last_edited=&#8220;on|phone&#8220; global_colors_info=&#8220;{%22gcid-7814a719-c4c1-4b0f-b019-492bb0f30365%22:%91%22link_text_color%22%93,%22gcid-a1e60d66-76d8-4612-a9ca-a005678239ae%22:%91%22header_2_text_color%22%93}&#8220;]<\/p>\n<h2>\u00dcber den Kontinent Ozeanien<\/h2>\n<p>Ozeanien ist eine gro\u00dfe und vielf\u00e4ltige Region, die sich \u00fcber den Pazifischen Ozean erstreckt und Australien, Neuseeland und viele kleinere Inseln umfasst. <\/p>\n<p>Die Geografie der Region zeichnet sich durch gro\u00dfe Wasserfl\u00e4chen, zerkl\u00fcftete K\u00fcsten und vielf\u00e4ltige \u00d6kosysteme aus. <\/p>\n<p>Australien ist das gr\u00f6\u00dfte Land Ozeaniens, dessen Hauptstadt Canberra im Landesinneren liegt. Der Kontinent hat viele Naturwunder zu bieten, darunter das Great Barrier Reef, den Uluru und das raue Outback. <\/p>\n<p>Neuseeland ist bekannt f\u00fcr seine wundersch\u00f6nen und atemberaubenden Landschaften, darunter hoch aufragende Berge, unber\u00fchrte Seen und zerkl\u00fcftete K\u00fcstenlinien. Die Hauptstadt Wellington beherbergt ber\u00fchmte Wahrzeichen wie den Milford Sound und den Franz-Josef-Gletscher. <\/p>\n<p>Weitere L\u00e4nder Ozeaniens sind Fidschi, Papua-Neuguinea und Samoa, die alle eine eigene Kultur, Wirtschaft und ein eigenes politisches System haben. <\/p>\n<p>Trotz ihrer Unterschiede verbindet die L\u00e4nder Ozeaniens die Verbindung zum Pazifischen Ozean und das reiche kulturelle Erbe, das sich \u00fcber Jahrhunderte entwickelt hat.[\/et_pb_text][\/et_pb_column][\/et_pb_row][et_pb_row _builder_version=&#8220;4.21.0&#8243; _module_preset=&#8220;default&#8220; width=&#8220;68%&#8220; global_colors_info=&#8220;{}&#8220;][et_pb_column type=&#8220;4_4&#8243; _builder_version=&#8220;4.16&#8243; _module_preset=&#8220;default&#8220; global_colors_info=&#8220;{}&#8220;][et_pb_image src=&#8220;https:\/\/kaffediary.com\/wp-content\/uploads\/2023\/05\/Oceania-business-travel-Micronesia.jpg&#8220; alt=&#8220;Ozeanien Gesch\u00e4ftsreisen &#8211; Mikronesien&#8220; title_text=&#8220;Colonia,,Yap,Insel,,F\u00f6derierte,Staaten,von,Mikronesien,,aufgenommen,mit,einer,Drohne&#8220; _builder_version=&#8220;4.21.0&#8243; _module_preset=&#8220;default&#8220; global_colors_info=&#8220;{}&#8220;][\/et_pb_image][\/et_pb_column][\/et_pb_row][\/et_pb_section][et_pb_section fb_built=&#8220;1&#8243; _builder_version=&#8220;4.16&#8243; _module_preset=&#8220;default&#8220; global_colors_info=&#8220;{}&#8220;][et_pb_row _builder_version=&#8220;4.16&#8243; _module_preset=&#8220;default&#8220; custom_padding=&#8220;0px||0px||false|false&#8220; global_colors_info=&#8220;{}&#8220;][et_pb_column type=&#8220;4_4&#8243; _builder_version=&#8220;4.16&#8243; _module_preset=&#8220;default&#8220; global_colors_info=&#8220;{}&#8220;][et_pb_text _builder_version=&#8220;4.21.0&#8243; _module_preset=&#8220;default&#8220; text_font=&#8220;|200|||||||&#8220; text_text_color=&#8220;#000000&#8243; text_font_size=&#8220;24px&#8220; text_line_height=&#8220;1.5em&#8220; link_text_color=&#8220;gcid-7814a719-c4c1-4b0f-b019-492bb0f30365&#8243; link_font_size=&#8220;24px&#8220; link_line_height=&#8220;1.5em&#8220; header_2_text_color=&#8220;gcid-a1e60d66-76d8-4612-a9ca-a005678239ae&#8220; header_2_font_size=&#8220;36px&#8220; header_2_line_height=&#8220;1.4em&#8220; header_6_text_color=&#8220;gcid-0ca197d1-1f9b-4986-b00e-3ae7a424a238&#8243; header_6_font_size=&#8220;26px&#8220; header_6_line_height=&#8220;1.5em&#8220; width_tablet=&#8220;&#8220; width_phone=&#8220;98%&#8220; width_last_edited=&#8220;on|desktop&#8220; hover_enabled=&#8220;0&#8243; text_font_tablet=&#8220;Mulish|300|||||||&#8220; text_font_phone=&#8220;Mulish|300|||||||&#8220; text_font_last_edited=&#8220;on|desktop&#8220; text_font_size_tablet=&#8220;22px&#8220; text_font_size_phone=&#8220;20px&#8220; text_font_size_last_edited=&#8220;on|phone&#8220; link_font_size_tablet=&#8220;22px&#8220; link_font_size_phone=&#8220;20px&#8220; link_font_size_last_edited=&#8220;on|desktop&#8220; header_2_font_size_tablet=&#8220;32px&#8220; header_2_font_size_phone=&#8220;32px&#8220; header_2_font_size_last_edited=&#8220;on|phone&#8220; header_6_font_size_tablet=&#8220;26px&#8220; header_6_font_size_phone=&#8220;22px&#8220; header_6_font_size_last_edited=&#8220;on|phone&#8220; global_colors_info=&#8220;{%22gcid-7814a719-c4c1-4b0f-b019-492bb0f30365%22:%91%22link_text_color%22,%22link_text_color%22%93,%22gcid-0ca197d1-1f9b-4986-b00e-3ae7a424a238%22:%91%22header_6_text_color%22%93,%22gcid-a1e60d66-76d8-4612-a9ca-a005678239ae%22:%91%22header_2_text_color%22%93}&#8220; sticky_enabled=&#8220;0&#8243;]<\/p>\n<h2>Was Sie bei einem Gesch\u00e4ftsbesuch in Ozeanien erwarten k\u00f6nnen<\/h2>\n<p>Die Region beheimatet verschiedene Wirtschaftszweige, darunter Finanzen, Technologie und Tourismus, was sie zu einem attraktiven Reiseziel f\u00fcr Gesch\u00e4ftsreisende macht.<\/p>\n<p>Ozeanien bietet verschiedene Unterkunftsm\u00f6glichkeiten f\u00fcr jedes Budget und jede Vorliebe. Von Luxushotels und Airbnb bis hin zu budgetfreundlichen Optionen ist f\u00fcr jeden etwas dabei. Die Region verf\u00fcgt \u00fcber Hotels von Weltklasse, die au\u00dfergew\u00f6hnliche Annehmlichkeiten wie Hochgeschwindigkeitsinternet, Fitnesszentren und Wellnessangebote bieten. Gesch\u00e4ftsreisende k\u00f6nnen zwischen verschiedenen Standorten w\u00e4hlen, darunter Stadtzentren und Vororte. Die Preise variieren je nach Stadt, Lage und Art der Unterkunft.<\/p>\n<p>Gesch\u00e4ftsreisende k\u00f6nnen aus einer Reihe von Optionen w\u00e4hlen, darunter Mietwagen, Taxis und \u00f6ffentliche Verkehrsmittel. Es ist jedoch wichtig zu wissen, dass in Australien und Neuseeland auf der linken Stra\u00dfenseite gefahren wird. \u00d6ffentliche Verkehrsmittel wie Busse, Z\u00fcge und Stra\u00dfenbahnen sind in den gr\u00f6\u00dferen St\u00e4dten zuverl\u00e4ssig und erschwinglich.<\/p>\n<p>Ozeanien beherbergt eine Reihe hervorragender Gesch\u00e4ftseinrichtungen, darunter Konferenzzentren, Tagungsr\u00e4ume und Coworking Spaces. Diese Einrichtungen sind mit modernster Ausr\u00fcstung und Technologie ausgestattet und eignen sich ideal f\u00fcr Tagungen, Pr\u00e4sentationen und Seminare. Unterst\u00fctzende Dienstleistungen wie Catering, Sekretariatsdienste und technische Unterst\u00fctzung sind ebenfalls verf\u00fcgbar.<\/p>\n<p>F\u00fcr Gesch\u00e4ftsreisende ist es wichtig, die kulturellen Normen und Umgangsformen in Ozeanien zu kennen. Die Gesch\u00e4ftskleidung in Australien und Neuseeland ist im Allgemeinen formell, Anzug und Krawatte sind die Norm. Der Kommunikationsstil ist unkompliziert, und P\u00fcnktlichkeit wird hoch gesch\u00e4tzt. Es ist auch wichtig zu wissen, dass die Gesch\u00e4ftspraktiken je nach Branche und Standort variieren k\u00f6nnen. Au\u00dferdem sollte man sich \u00fcber die kulturellen Unterschiede und Gepflogenheiten in den einzelnen L\u00e4ndern im Klaren sein, z. B. \u00fcber Geschenkesitten und Gesch\u00e4ftspraktiken.<\/p>\n<p>Wenn es um die Freizeitgestaltung geht, hat Ozeanien viel zu bieten. Australien und Neuseeland verf\u00fcgen \u00fcber viele atemberaubende Naturlandschaften, darunter Str\u00e4nde, Berge und Regenw\u00e4lder. Die kulinarischen M\u00f6glichkeiten sind vielf\u00e4ltig und spiegeln das multikulturelle Erbe der Region wider, denn es gibt eine Reihe internationaler K\u00fcchen.<\/p>\n<p>Ozeanien ist im Allgemeinen eine sichere Region f\u00fcr Gesch\u00e4ftsreisende. Dennoch ist es wichtig, Vorsichtsma\u00dfnahmen zu ergreifen, um Ihre Sicherheit zu gew\u00e4hrleisten. Es empfiehlt sich, mit gesundem Menschenverstand zu handeln, nachts unbeleuchtete Gegenden zu meiden und seine Wertsachen sicher aufzubewahren. Es ist auch wichtig, sich \u00fcber g\u00e4ngige Betr\u00fcgereien und Gefahren wie Taschendiebstahl und Kreditkartenbetrug zu informieren.<\/p>\n<p>Die Wahl Ozeaniens als Reiseziel f\u00fcr Gesch\u00e4ftsreisende bietet eine Reihe von Vorteilen, darunter Unterk\u00fcnfte von Weltklasse, effiziente Transportm\u00f6glichkeiten und au\u00dfergew\u00f6hnliche Gesch\u00e4ftseinrichtungen.<\/p>\n<p>[\/et_pb_text][\/et_pb_column][\/et_pb_row][et_pb_row _builder_version=&#8220;4.21.0&#8243; _module_preset=&#8220;default&#8220; custom_padding=&#8220;20px||0px||false|false&#8220; global_colors_info=&#8220;{}&#8220;][et_pb_column type=&#8220;4_4&#8243; _builder_version=&#8220;4.16&#8243; _module_preset=&#8220;default&#8220; global_colors_info=&#8220;{}&#8220;][et_pb_text _builder_version=&#8220;4.21.0&#8243; _module_preset=&#8220;default&#8220; text_font=&#8220;|200|||||||&#8220; text_text_color=&#8220;#000000&#8243; text_font_size=&#8220;24px&#8220; text_line_height=&#8220;1.5em&#8220; link_text_color=&#8220;gcid-7814a719-c4c1-4b0f-b019-492bb0f30365&#8243; link_font_size=&#8220;24px&#8220; link_line_height=&#8220;1.5em&#8220; header_2_text_color=&#8220;gcid-451f3261-61c2-4dbe-bb50-a5feeb4e6554&#8243; header_2_font_size=&#8220;36px&#8220; header_2_line_height=&#8220;1.4em&#8220; header_6_text_color=&#8220;gcid-a1e60d66-76d8-4612-a9ca-a005678239ae&#8220; header_6_font_size=&#8220;26px&#8220; header_6_line_height=&#8220;1.5em&#8220; width_tablet=&#8220;&#8220; width_phone=&#8220;98%&#8220; width_last_edited=&#8220;on|desktop&#8220; text_font_tablet=&#8220;Mulish|300|||||||&#8220; text_font_phone=&#8220;Mulish|300|||||||&#8220; text_font_last_edited=&#8220;on|desktop&#8220; text_font_size_tablet=&#8220;22px&#8220; text_font_size_phone=&#8220;20px&#8220; text_font_size_last_edited=&#8220;on|phone&#8220; link_font_size_tablet=&#8220;22px&#8220; link_font_size_phone=&#8220;20px&#8220; link_font_size_last_edited=&#8220;on|desktop&#8220; header_2_font_size_tablet=&#8220;32px&#8220; header_2_font_size_phone=&#8220;32px&#8220; header_2_font_size_last_edited=&#8220;on|phone&#8220; header_6_font_size_tablet=&#8220;26px&#8220; header_6_font_size_phone=&#8220;22px&#8220; header_6_font_size_last_edited=&#8220;on|phone&#8220; global_colors_info=&#8220;{%22gcid-7814a719-c4c1-4b0f-b019-492bb0f30365%22:%91%22link_text_color%22,%22link_text_color%22%93,%22gcid-451f3261-61c2-4dbe-bb50-a5feeb4e6554%22:%91%22header_2_text_color%22%93,%22gcid-a1e60d66-76d8-4612-a9ca-a005678239ae%22:%91%22header_6_text_color%22%93}&#8220;]<\/p>\n<h6>Die vielf\u00e4ltige Wirtschaft und die florierenden Industrien der Region machen sie zu einer attraktiven Option f\u00fcr Gesch\u00e4ftsreisende. Wir ermutigen Sie, Ihre Reise zu buchen und alles zu erleben, was Ozeanien zu bieten hat.<\/h6>\n<p>[\/et_pb_text][\/et_pb_column][\/et_pb_row][\/et_pb_section]<\/p>\n","protected":false},"excerpt":{"rendered":"<p>Ozeanien &#8211; Reiseziele f\u00fcr Gesch\u00e4ftsreisendeOzeanien umfasst Australien, Neuseeland und einige andere pazifische Inseln. Die Region ist bekannt f\u00fcr ihre vielf\u00e4ltige Wirtschaft und florierende Industrien, darunter Finanzen, Technologie und Tourismus. Zu den wichtigsten St\u00e4dten, die Ozeanien zu einem attraktiven Ziel f\u00fcr Gesch\u00e4ftsreisen machen, geh\u00f6ren Sydney, Melbourne, Auckland und Brisbane.<div class=\"map_wrapper\" id=\"map_wrapper_8922\">\n<div class=\"map_box\" style=\"max-width:2000px\">\n<div class=\"map_aspect_ratio\" style=\"padding-top:56%\" data-padding-top=\"56%\" data-padding-top-mobile=\"0%\">\n<div class=\"map_container\">\n<div class=\"map_render map_loading\" id=\"map_8922\"><\/div>\n<\/div>\n<\/div>\n<\/div>\n<\/div>\u00dcber den Kontinent Ozeanien Ozeanien ist eine [&hellip;]<\/p>\n","protected":false},"author":1,"featured_media":0,"parent":6816,"menu_order":0,"comment_status":"closed","ping_status":"closed","template":"","meta":{"_et_pb_use_builder":"on","_et_pb_old_content":"","_et_gb_content_width":"","footnotes":""},"class_list":["post-10692","page","type-page","status-publish","hentry"],"_links":{"self":[{"href":"https:\/\/kaffediary.com\/de\/wp-json\/wp\/v2\/pages\/10692","targetHints":{"allow":["GET"]}}],"collection":[{"href":"https:\/\/kaffediary.com\/de\/wp-json\/wp\/v2\/pages"}],"about":[{"href":"https:\/\/kaffediary.com\/de\/wp-json\/wp\/v2\/types\/page"}],"author":[{"embeddable":true,"href":"https:\/\/kaffediary.com\/de\/wp-json\/wp\/v2\/users\/1"}],"replies":[{"embeddable":true,"href":"https:\/\/kaffediary.com\/de\/wp-json\/wp\/v2\/comments?post=10692"}],"version-history":[{"count":7,"href":"https:\/\/kaffediary.com\/de\/wp-json\/wp\/v2\/pages\/10692\/revisions"}],"predecessor-version":[{"id":10727,"href":"https:\/\/kaffediary.com\/de\/wp-json\/wp\/v2\/pages\/10692\/revisions\/10727"}],"up":[{"embeddable":true,"href":"https:\/\/kaffediary.com\/de\/wp-json\/wp\/v2\/pages\/6816"}],"wp:attachment":[{"href":"https:\/\/kaffediary.com\/de\/wp-json\/wp\/v2\/media?parent=10692"}],"curies":[{"name":"wp","href":"https:\/\/api.w.org\/{rel}","templated":true}]}}