{"id":10860,"date":"2022-11-04T18:52:56","date_gmt":"2022-11-04T18:52:56","guid":{"rendered":"https:\/\/kaffediary.com\/geschaeftsreiseziele\/geschaeftsreiseziel-suedamerika\/"},"modified":"2024-01-26T17:03:44","modified_gmt":"2024-01-26T17:03:44","slug":"geschaeftsreiseziel-suedamerika","status":"publish","type":"page","link":"https:\/\/kaffediary.com\/de\/geschaeftsreiseziele\/geschaeftsreiseziel-suedamerika\/","title":{"rendered":"Gesch\u00e4ftsreiseziel S\u00fcdamerika"},"content":{"rendered":"<p>[et_pb_section fb_built=&#8220;1&#8243; custom_padding_last_edited=&#8220;off|phone&#8220; admin_label=&#8220;Header&#8220; _builder_version=&#8220;4.21.0&#8243; _module_preset=&#8220;default&#8220; use_background_color_gradient=&#8220;on&#8220; background_color_gradient_stops=&#8220;rgba(52,130,193,0.46) 0%|rgba(6,34,127,0.31) 100%&#8220; background_color_gradient_overlays_image=&#8220;on&#8220; background_color_gradient_start=&#8220;rgba(52,130,193,0.46)&#8220; background_color_gradient_end=&#8220;rgba(6,34,127,0.31)&#8220; background_image=&#8220;https:\/\/kaffediary.com\/wp-content\/uploads\/2023\/05\/south-america-brazil.jpg&#8220; custom_padding=&#8220;10vw||18vw||false|false&#8220; custom_padding_tablet=&#8220;||||false|false&#8220; custom_padding_phone=&#8220;||||false|false&#8220; global_colors_info=&#8220;{}&#8220;][et_pb_row _builder_version=&#8220;4.16&#8243; _module_preset=&#8220;default&#8220; global_colors_info=&#8220;{}&#8220;][et_pb_column type=&#8220;4_4&#8243; _builder_version=&#8220;4.16&#8243; _module_preset=&#8220;default&#8220; global_colors_info=&#8220;{}&#8220;][et_pb_text _builder_version=&#8220;4.21.0&#8243; _module_preset=&#8220;d72c0383-6487-4f2c-ac5c-7d48a6376757&#8243; header_font=&#8220;||||||||&#8220; header_text_color=&#8220;#FFFFFF&#8220; header_font_size=&#8220;50px&#8220; header_line_height=&#8220;1.3em&#8220; text_orientation=&#8220;center&#8220; max_width=&#8220;750px&#8220; module_alignment=&#8220;center&#8220; animation_direction=&#8220;top&#8220; header_font_size_tablet=&#8220;36px&#8220; header_font_size_phone=&#8220;30px&#8220; header_font_size_last_edited=&#8220;on|desktop&#8220; global_colors_info=&#8220;{}&#8220;]<\/p>\n<h1>Gesch\u00e4ftsreiseziele in S\u00fcdamerika<\/h1>\n<p>[\/et_pb_text][\/et_pb_column][\/et_pb_row][\/et_pb_section][et_pb_section fb_built=&#8220;1&#8243; _builder_version=&#8220;4.16&#8243; _module_preset=&#8220;default&#8220; global_colors_info=&#8220;{}&#8220;][et_pb_row _builder_version=&#8220;4.16&#8243; _module_preset=&#8220;default&#8220; custom_padding=&#8220;0px||0px||false|false&#8220; global_colors_info=&#8220;{}&#8220;][et_pb_column type=&#8220;4_4&#8243; _builder_version=&#8220;4.16&#8243; _module_preset=&#8220;default&#8220; global_colors_info=&#8220;{}&#8220;][et_pb_text _builder_version=&#8220;4.21.0&#8243; _module_preset=&#8220;default&#8220; text_font=&#8220;|200|||||||&#8220; text_text_color=&#8220;#000000&#8243; text_font_size=&#8220;24px&#8220; text_line_height=&#8220;1.5em&#8220; link_text_color=&#8220;gcid-7814a719-c4c1-4b0f-b019-492bb0f30365&#8243; link_font_size=&#8220;24px&#8220; link_line_height=&#8220;1.5em&#8220; header_2_text_color=&#8220;gcid-a1e60d66-76d8-4612-a9ca-a005678239ae&#8220; header_2_font_size=&#8220;36px&#8220; header_2_line_height=&#8220;1.4em&#8220; header_6_text_color=&#8220;gcid-0ca197d1-1f9b-4986-b00e-3ae7a424a238&#8243; header_6_font_size=&#8220;26px&#8220; header_6_line_height=&#8220;1.5em&#8220; width_tablet=&#8220;&#8220; width_phone=&#8220;98%&#8220; width_last_edited=&#8220;on|desktop&#8220; text_font_tablet=&#8220;Mulish|300|||||||&#8220; text_font_phone=&#8220;Mulish|300|||||||&#8220; text_font_last_edited=&#8220;on|desktop&#8220; text_font_size_tablet=&#8220;22px&#8220; text_font_size_phone=&#8220;20px&#8220; text_font_size_last_edited=&#8220;on|phone&#8220; link_font_size_tablet=&#8220;22px&#8220; link_font_size_phone=&#8220;20px&#8220; link_font_size_last_edited=&#8220;on|desktop&#8220; header_2_font_size_tablet=&#8220;32px&#8220; header_2_font_size_phone=&#8220;32px&#8220; header_2_font_size_last_edited=&#8220;on|phone&#8220; header_6_font_size_tablet=&#8220;26px&#8220; header_6_font_size_phone=&#8220;22px&#8220; header_6_font_size_last_edited=&#8220;on|phone&#8220; global_colors_info=&#8220;{%22gcid-7814a719-c4c1-4b0f-b019-492bb0f30365%22:%91%22link_text_color%22,%22link_text_color%22%93,%22gcid-0ca197d1-1f9b-4986-b00e-3ae7a424a238%22:%91%22header_6_text_color%22%93,%22gcid-a1e60d66-76d8-4612-a9ca-a005678239ae%22:%91%22header_2_text_color%22%93}&#8220;]<\/p>\n<p><a href=\"https:\/\/dictionary.cambridge.org\/dictionary\/english\/south-america\" target=\"_blank\" rel=\"noopener\">S\u00fcdamerika<\/a> ist ein Kontinent mit einer faszinierenden Geschichte und atemberaubenden Naturlandschaften. Mit einer Bev\u00f6lkerung von mehr als 420 Millionen Menschen (Stand Mai 2023) [1] beherbergt diese Region einige der gr\u00f6\u00dften Wirtschaftsm\u00e4chte der Welt, wie Brasilien und Argentinien.<\/p>\n<h2>\u00dcber den s\u00fcdamerikanischen Kontinent<\/h2>\n<p>Der Amazonas, der gr\u00f6\u00dfte Regenwald der Erde, befindet sich in S\u00fcdamerika. Diese erstreckt sich \u00fcber Brasilien, Peru und Kolumbien. Die majest\u00e4tische Gebirgskette der Anden erstreckt sich von der K\u00fcste S\u00fcdamerikas \u00fcber Venezuela bis hinunter nach Chile. Auf dem Kontinent befindet sich auch die Atacama, eine W\u00fcste, die als die trockenste der Welt bekannt ist. Es erstreckt sich \u00fcber Regionen in Chile und Peru. Neben diesen Naturwundern verf\u00fcgt der Kontinent auch \u00fcber vielf\u00e4ltige \u00d6kosysteme, darunter Grasland, Feuchtgebiete und K\u00fcstengebiete.<\/p>\n<p>[\/et_pb_text][\/et_pb_column][\/et_pb_row][et_pb_row _builder_version=&#8220;4.16&#8243; _module_preset=&#8220;default&#8220; custom_padding=&#8220;0px||0px||false|false&#8220; global_colors_info=&#8220;{}&#8220;][et_pb_column type=&#8220;4_4&#8243; _builder_version=&#8220;4.16&#8243; _module_preset=&#8220;default&#8220; global_colors_info=&#8220;{}&#8220;][et_pb_code _builder_version=&#8220;4.21.0&#8243; _module_preset=&#8220;default&#8220; global_colors_info=&#8220;{}&#8220;]\t<div class=\"map_wrapper\" id=\"map_wrapper_8941\">\n<div class=\"map_box\" style=\"max-width:2000px\">\n<div class=\"map_aspect_ratio\" style=\"padding-top:56%\" data-padding-top=\"56%\" data-padding-top-mobile=\"0%\">\n<div class=\"map_container\">\n<div class=\"map_render map_loading\" id=\"map_8941\"><\/div>\n<\/div>\n<\/div>\n<\/div>\n<\/div>[\/et_pb_code][\/et_pb_column][\/et_pb_row][\/et_pb_section][et_pb_section fb_built=&#8220;1&#8243; _builder_version=&#8220;4.16&#8243; _module_preset=&#8220;default&#8220; global_colors_info=&#8220;{}&#8220;][et_pb_row _builder_version=&#8220;4.16&#8243; _module_preset=&#8220;default&#8220; custom_padding=&#8220;0px||0px||false|false&#8220; global_colors_info=&#8220;{}&#8220;][et_pb_column type=&#8220;4_4&#8243; _builder_version=&#8220;4.16&#8243; _module_preset=&#8220;default&#8220; global_colors_info=&#8220;{}&#8220;][et_pb_text _builder_version=&#8220;4.21.0&#8243; _module_preset=&#8220;default&#8220; text_font=&#8220;|200|||||||&#8220; text_text_color=&#8220;#000000&#8243; text_font_size=&#8220;24px&#8220; text_line_height=&#8220;1.5em&#8220; link_text_color=&#8220;gcid-7814a719-c4c1-4b0f-b019-492bb0f30365&#8243; link_font_size=&#8220;24px&#8220; link_line_height=&#8220;1.5em&#8220; header_2_text_color=&#8220;gcid-a1e60d66-76d8-4612-a9ca-a005678239ae&#8220; header_2_font_size=&#8220;36px&#8220; header_2_line_height=&#8220;1.4em&#8220; header_3_text_color=&#8220;gcid-b7844457-9a4a-40b7-b5ff-ee179fffa736&#8243; header_6_text_color=&#8220;gcid-0ca197d1-1f9b-4986-b00e-3ae7a424a238&#8243; header_6_font_size=&#8220;26px&#8220; header_6_line_height=&#8220;1.5em&#8220; width_tablet=&#8220;&#8220; width_phone=&#8220;98%&#8220; width_last_edited=&#8220;on|desktop&#8220; text_font_tablet=&#8220;Mulish|300|||||||&#8220; text_font_phone=&#8220;Mulish|300|||||||&#8220; text_font_last_edited=&#8220;on|desktop&#8220; text_font_size_tablet=&#8220;22px&#8220; text_font_size_phone=&#8220;20px&#8220; text_font_size_last_edited=&#8220;on|phone&#8220; link_font_size_tablet=&#8220;22px&#8220; link_font_size_phone=&#8220;20px&#8220; link_font_size_last_edited=&#8220;on|desktop&#8220; header_2_font_size_tablet=&#8220;32px&#8220; header_2_font_size_phone=&#8220;32px&#8220; header_2_font_size_last_edited=&#8220;on|phone&#8220; header_6_font_size_tablet=&#8220;26px&#8220; header_6_font_size_phone=&#8220;22px&#8220; header_6_font_size_last_edited=&#8220;on|phone&#8220; global_colors_info=&#8220;{%22gcid-7814a719-c4c1-4b0f-b019-492bb0f30365%22:%91%22link_text_color%22,%22link_text_color%22%93,%22gcid-0ca197d1-1f9b-4986-b00e-3ae7a424a238%22:%91%22header_6_text_color%22%93,%22gcid-a1e60d66-76d8-4612-a9ca-a005678239ae%22:%91%22header_2_text_color%22%93,%22gcid-b7844457-9a4a-40b7-b5ff-ee179fffa736%22:%91%22header_3_text_color%22%93}&#8220;]<\/p>\n<h2>Was Sie bei einer Gesch\u00e4ftsreise nach S\u00fcdamerika erwarten k\u00f6nnen<\/h2>\n<p>&nbsp;<\/p>\n<h3>Essen und Trinken<\/h3>\n<p>Essen und Trinken in S\u00fcdamerika spiegeln die vielf\u00e4ltigen kulturellen Einfl\u00fcsse und die reichen kulinarischen Traditionen des Kontinents wider.<\/p>\n<p>In Brasilien zum Beispiel ist das Barbecue nach Churrasco-Art eine Delikatesse, w\u00e4hrend in Peru Ceviche ein Grundnahrungsmittel ist. In Argentinien muss man gegrilltes Fleisch und Empanadas probieren, w\u00e4hrend in Kolumbien Arepas und Bandeja Paisa zu den Favoriten geh\u00f6ren. S\u00fcdamerika ist bekannt f\u00fcr sein reichhaltiges Angebot an Obst und Gem\u00fcse, das h\u00e4ufig f\u00fcr erfrischende S\u00e4fte, schmackhafte Smoothies und lebendige Salate verwendet wird.<\/p>\n<p>Die Auswahl an Essensm\u00f6glichkeiten reicht von Stra\u00dfenverk\u00e4ufern bis zu Restaurants und allem, was dazwischen liegt.<\/p>\n<h3>Wirtschaft<\/h3>\n<p>S\u00fcdamerika verf\u00fcgt \u00fcber eine vielf\u00e4ltige Unternehmenskultur und Wirtschaft mit L\u00e4ndern, die von hochindustrialisiert bis hin zu L\u00e4ndern reichen, die stark von der Landwirtschaft abh\u00e4ngig sind.<\/p>\n<p>Der Kontinent ist reich an Ressourcen wie \u00d6l, Gas und Mineralien.<\/p>\n<p>Das gro\u00dfe Engagement Brasiliens auf dem Agrarmarkt tr\u00e4gt zu seinem Status als eine der gr\u00f6\u00dften Volkswirtschaften bei. Brasilien produziert einen gro\u00dfen Teil des weltweiten Kaffees, der Sojabohnen und des Rindfleischs.<\/p>\n<p>Argentinien, Kolumbien, Chile und Peru sind ebenfalls gro\u00dfe s\u00fcdamerikanische Volkswirtschaften. Diese L\u00e4nder sind schnell wachsende Volkswirtschaften, die von nat\u00fcrlichen Ressourcen, Produktions- und Dienstleistungsunternehmen angetrieben werden.<\/p>\n<p>In den letzten Jahren haben die ausl\u00e4ndischen Investitionen erheblich zugenommen, und viele multinationale Unternehmen haben Niederlassungen und Fabriken in S\u00fcdamerika er\u00f6ffnet.<\/p>\n<h3>Unternehmenskultur<\/h3>\n<p>S\u00fcdamerika verf\u00fcgt \u00fcber eine von Land zu Land unterschiedliche Gesch\u00e4ftskultur. S\u00fcdamerikaner sch\u00e4tzen pers\u00f6nliche Beziehungen und Vertrauen, die oft wichtiger sind als Vertr\u00e4ge und rechtliche Vereinbarungen. <\/p>\n<p>Bei Gesch\u00e4ftstreffen geht es h\u00e4ufig darum, Gespr\u00e4che zu f\u00fchren und Verbindungen herzustellen, was zwar Zeit braucht, aber f\u00fcr die Entwicklung von Vertrauen entscheidend ist.<\/p>\n<p>S\u00fcdamerikaner sind im Allgemeinen entspannter und informeller als ihre nordamerikanischen oder europ\u00e4ischen Kollegen. <\/p>\n<p>Die Gesch\u00e4ftskleidung ist oft weniger formell, und P\u00fcnktlichkeit hat nicht immer oberste Priorit\u00e4t. Es ist jedoch unerl\u00e4sslich, die lokalen Sitten und Gebr\u00e4uche zu respektieren und im Gesch\u00e4ftsleben geduldig und flexibel zu sein.<\/p>\n<h3>Reisen<\/h3>\n<p>Der Transport kann je nach Land und Region sehr unterschiedlich sein. Gr\u00f6\u00dfere St\u00e4dte wie Buenos Aires und Sao Paulo haben einen umfassenden \u00f6ffentlichen Nahverkehr mit Bussen, U-Bahnen und Z\u00fcgen eingerichtet. Auch Taxis und Mitfahrgelegenheiten sind in vielen Gegenden weit verbreitet. An einigen abgelegenen Orten kann der Transport eingeschr\u00e4nkt sein und die Anmietung von Privatfahrzeugen oder Charterfl\u00fcgen erforderlich machen. Informieren Sie sich \u00fcber die Transportm\u00f6glichkeiten und planen Sie entsprechend, wobei Sie die Entfernung, die Fahrzeit und die Sicherheitsfaktoren ber\u00fccksichtigen.<\/p>\n<p>Achten Sie auf Gesundheitsrisiken wie durch M\u00fccken \u00fcbertragene Krankheiten und H\u00f6henkrankheit. Lassen Sie sich gegen bestimmte Krankheiten impfen, bevor Sie nach S\u00fcdamerika reisen.<\/p>\n<p>Machen Sie sich mit den \u00f6rtlichen Verkehrsgepflogenheiten vertraut und seien Sie vorsichtig, wenn Sie \u00f6ffentliche Verkehrsmittel benutzen, insbesondere nachts oder an unbekannten Orten.<\/p>\n<h3>Sicherheit<\/h3>\n<p>Sicherheit ist ein Thema, \u00fcber das sich Gesch\u00e4ftsreisende oft Sorgen machen. Obwohl die meisten Orte auf dem Kontinent im Allgemeinen sicher und freundlich sind, gibt es Orte, an denen Kriminalit\u00e4t und politische Instabilit\u00e4t zu Problemen f\u00fchren k\u00f6nnen. Seien Sie vorsichtig und achten Sie auf Gefahren, damit Sie Ma\u00dfnahmen ergreifen, um sich zu sch\u00fctzen. Dazu k\u00f6nnte geh\u00f6ren, dass man sich von zwielichtigen Orten fernh\u00e4lt, sich f\u00fcr zuverl\u00e4ssige Verkehrsmittel entscheidet und seri\u00f6se Unterk\u00fcnfte ausw\u00e4hlt.[\/et_pb_text][\/et_pb_column][\/et_pb_row][et_pb_row use_custom_gutter=&#8220;on&#8220; gutter_width=&#8220;1&#8243; _builder_version=&#8220;4.21.0&#8243; _module_preset=&#8220;default&#8220; global_colors_info=&#8220;{}&#8220;][et_pb_column type=&#8220;4_4&#8243; _builder_version=&#8220;4.21.0&#8243; _module_preset=&#8220;default&#8220; global_colors_info=&#8220;{}&#8220;][et_pb_image src=&#8220;https:\/\/kaffediary.com\/wp-content\/uploads\/2023\/05\/South-america-peru.jpg&#8220; alt=&#8220;S\u00fcdamerika &#8211; Peru&#8220; title_text=&#8220;Lima,,Peru:,Panoramablick,von,Lima,aus,Miraflores.&#8220; align=&#8220;center&#8220; _builder_version=&#8220;4.21.0&#8243; _module_preset=&#8220;default&#8220; width=&#8220;70%&#8220; global_colors_info=&#8220;{}&#8220;][\/et_pb_image][\/et_pb_column][\/et_pb_row][et_pb_row _builder_version=&#8220;4.22.2&#8243; _module_preset=&#8220;default&#8220; custom_padding=&#8220;20px||0px||false|false&#8220; hover_enabled=&#8220;0&#8243; global_colors_info=&#8220;{}&#8220; sticky_enabled=&#8220;0&#8243;][et_pb_column type=&#8220;4_4&#8243; _builder_version=&#8220;4.16&#8243; _module_preset=&#8220;default&#8220; global_colors_info=&#8220;{}&#8220;][et_pb_text _builder_version=&#8220;4.22.2&#8243; _module_preset=&#8220;default&#8220; text_font=&#8220;|200|||||||&#8220; text_text_color=&#8220;#000000&#8243; text_font_size=&#8220;24px&#8220; text_line_height=&#8220;1.5em&#8220; link_text_color=&#8220;gcid-7814a719-c4c1-4b0f-b019-492bb0f30365&#8243; link_font_size=&#8220;24px&#8220; link_line_height=&#8220;1.5em&#8220; header_2_text_color=&#8220;gcid-451f3261-61c2-4dbe-bb50-a5feeb4e6554&#8243; header_2_font_size=&#8220;36px&#8220; header_2_line_height=&#8220;1.4em&#8220; header_6_text_color=&#8220;gcid-a1e60d66-76d8-4612-a9ca-a005678239ae&#8220; header_6_font_size=&#8220;26px&#8220; header_6_line_height=&#8220;1.5em&#8220; width_tablet=&#8220;&#8220; width_phone=&#8220;98%&#8220; width_last_edited=&#8220;on|desktop&#8220; hover_enabled=&#8220;0&#8243; text_font_tablet=&#8220;Mulish|300|||||||&#8220; text_font_phone=&#8220;Mulish|300|||||||&#8220; text_font_last_edited=&#8220;on|desktop&#8220; text_font_size_tablet=&#8220;22px&#8220; text_font_size_phone=&#8220;20px&#8220; text_font_size_last_edited=&#8220;on|phone&#8220; link_font_size_tablet=&#8220;22px&#8220; link_font_size_phone=&#8220;20px&#8220; link_font_size_last_edited=&#8220;on|desktop&#8220; header_2_font_size_tablet=&#8220;32px&#8220; header_2_font_size_phone=&#8220;32px&#8220; header_2_font_size_last_edited=&#8220;on|phone&#8220; header_6_font_size_tablet=&#8220;26px&#8220; header_6_font_size_phone=&#8220;22px&#8220; header_6_font_size_last_edited=&#8220;on|phone&#8220; global_colors_info=&#8220;{%22gcid-7814a719-c4c1-4b0f-b019-492bb0f30365%22:%91%22link_text_color%22,%22link_text_color%22%93,%22gcid-451f3261-61c2-4dbe-bb50-a5feeb4e6554%22:%91%22header_2_text_color%22%93,%22gcid-a1e60d66-76d8-4612-a9ca-a005678239ae%22:%91%22header_6_text_color%22%93}&#8220; sticky_enabled=&#8220;0&#8243;]<\/p>\n<h6>S\u00fcdamerika ist ein Kontinent, der mit seiner atemberaubenden nat\u00fcrlichen Sch\u00f6nheit, seinen vielf\u00e4ltigen Kulturen und seiner reichen Geschichte einen bleibenden Eindruck hinterlassen wird.<\/h6>\n<p>[\/et_pb_text][et_pb_text _builder_version=&#8220;4.21.0&#8243; _module_preset=&#8220;default&#8220; text_font=&#8220;|200|||||||&#8220; text_text_color=&#8220;#000000&#8243; text_font_size=&#8220;12px&#8220; text_line_height=&#8220;1.5em&#8220; link_text_color=&#8220;gcid-7814a719-c4c1-4b0f-b019-492bb0f30365&#8243; link_font_size=&#8220;12px&#8220; link_line_height=&#8220;1.5em&#8220; header_2_text_color=&#8220;gcid-a1e60d66-76d8-4612-a9ca-a005678239ae&#8220; header_2_font_size=&#8220;36px&#8220; header_2_line_height=&#8220;1.4em&#8220; header_3_text_color=&#8220;gcid-b7844457-9a4a-40b7-b5ff-ee179fffa736&#8243; header_6_text_color=&#8220;gcid-0ca197d1-1f9b-4986-b00e-3ae7a424a238&#8243; header_6_font_size=&#8220;26px&#8220; header_6_line_height=&#8220;1.5em&#8220; width_tablet=&#8220;&#8220; width_phone=&#8220;98%&#8220; width_last_edited=&#8220;on|desktop&#8220; text_font_tablet=&#8220;Mulish|300|||||||&#8220; text_font_phone=&#8220;Mulish|300|||||||&#8220; text_font_last_edited=&#8220;on|desktop&#8220; text_font_size_tablet=&#8220;22px&#8220; text_font_size_phone=&#8220;20px&#8220; text_font_size_last_edited=&#8220;on|phone&#8220; link_font_size_tablet=&#8220;22px&#8220; link_font_size_phone=&#8220;20px&#8220; link_font_size_last_edited=&#8220;on|desktop&#8220; header_2_font_size_tablet=&#8220;32px&#8220; header_2_font_size_phone=&#8220;32px&#8220; header_2_font_size_last_edited=&#8220;on|phone&#8220; header_6_font_size_tablet=&#8220;26px&#8220; header_6_font_size_phone=&#8220;22px&#8220; header_6_font_size_last_edited=&#8220;on|phone&#8220; global_colors_info=&#8220;{%22gcid-7814a719-c4c1-4b0f-b019-492bb0f30365%22:%91%22link_text_color%22,%22link_text_color%22%93,%22gcid-0ca197d1-1f9b-4986-b00e-3ae7a424a238%22:%91%22header_6_text_color%22%93,%22gcid-a1e60d66-76d8-4612-a9ca-a005678239ae%22:%91%22header_2_text_color%22%93,%22gcid-b7844457-9a4a-40b7-b5ff-ee179fffa736%22:%91%22header_3_text_color%22%93}&#8220;]<\/p>\n<h4>Quellen:<\/h4>\n<p>[1] Worldometers.info. (2019). Population of South America (2019) &#8211; Worldometers. [online] Available at: <a href=\"https:\/\/www.worldometers.info\/world-population\/south-america-population\/\" target=\"_blank\" rel=\"noopener\">https:\/\/www.worldometers.info\/world-population\/south-america-population\/<\/a>.<\/p>\n<p>[\/et_pb_text][\/et_pb_column][\/et_pb_row][\/et_pb_section][et_pb_section fb_built=&#8220;1&#8243; disabled_on=&#8220;off|off|off&#8220; _builder_version=&#8220;4.19.0&#8243; global_colors_info=&#8220;{}&#8220; theme_builder_area=&#8220;post_content&#8220;][et_pb_row _builder_version=&#8220;4.22.2&#8243; width=&#8220;90%&#8220; custom_margin=&#8220;0px||0px||false|false&#8220; custom_padding=&#8220;0px||0px||false|false&#8220; hover_enabled=&#8220;0&#8243; global_colors_info=&#8220;{}&#8220; theme_builder_area=&#8220;post_content&#8220; sticky_enabled=&#8220;0&#8243;][et_pb_column type=&#8220;4_4&#8243; _builder_version=&#8220;4.16&#8243; custom_padding=&#8220;|||&#8220; global_colors_info=&#8220;{}&#8220; custom_padding__hover=&#8220;|||&#8220; theme_builder_area=&#8220;post_content&#8220;][et_pb_text _builder_version=&#8220;4.22.2&#8243; _module_preset=&#8220;default&#8220; text_font=&#8220;|200|||||||&#8220; text_text_color=&#8220;#000000&#8243; text_font_size=&#8220;24px&#8220; text_line_height=&#8220;1.5em&#8220; link_text_color=&#8220;gcid-7814a719-c4c1-4b0f-b019-492bb0f30365&#8243; link_font_size=&#8220;24px&#8220; link_line_height=&#8220;1.5em&#8220; header_2_text_color=&#8220;gcid-a1e60d66-76d8-4612-a9ca-a005678239ae&#8220; header_2_font_size=&#8220;36px&#8220; header_2_line_height=&#8220;1.4em&#8220; header_6_text_color=&#8220;gcid-0ca197d1-1f9b-4986-b00e-3ae7a424a238&#8243; header_6_font_size=&#8220;26px&#8220; header_6_line_height=&#8220;1.5em&#8220; width_tablet=&#8220;&#8220; width_phone=&#8220;98%&#8220; width_last_edited=&#8220;on|desktop&#8220; hover_enabled=&#8220;0&#8243; text_font_tablet=&#8220;Mulish|300|||||||&#8220; text_font_phone=&#8220;Mulish|300|||||||&#8220; text_font_last_edited=&#8220;on|desktop&#8220; text_font_size_tablet=&#8220;22px&#8220; text_font_size_phone=&#8220;20px&#8220; text_font_size_last_edited=&#8220;on|phone&#8220; link_font_size_tablet=&#8220;22px&#8220; link_font_size_phone=&#8220;20px&#8220; link_font_size_last_edited=&#8220;on|desktop&#8220; header_2_font_size_tablet=&#8220;32px&#8220; header_2_font_size_phone=&#8220;32px&#8220; header_2_font_size_last_edited=&#8220;on|phone&#8220; header_6_font_size_tablet=&#8220;26px&#8220; header_6_font_size_phone=&#8220;22px&#8220; header_6_font_size_last_edited=&#8220;on|phone&#8220; global_colors_info=&#8220;{%22gcid-7814a719-c4c1-4b0f-b019-492bb0f30365%22:%91%22link_text_color%22,%22link_text_color%22%93,%22gcid-0ca197d1-1f9b-4986-b00e-3ae7a424a238%22:%91%22header_6_text_color%22%93,%22gcid-a1e60d66-76d8-4612-a9ca-a005678239ae%22:%91%22header_2_text_color%22%93}&#8220; theme_builder_area=&#8220;post_content&#8220; sticky_enabled=&#8220;0&#8243;]<\/p>\n<h2>Country List<\/h2>\n<p>[\/et_pb_text][dgbm_blog_module posts_number=&#8220;6&#8243; type=&#8220;3&#8243; include_categories=&#8220;381,382&#8243; show_author=&#8220;off&#8220; meta_date=&#8220;j M Y&#8220; space_between=&#8220;18px&#8220; equal_height=&#8220;on&#8220; image_as_background=&#8220;on&#8220; image_size=&#8220;large&#8220; image_scale_on_hover=&#8220;on&#8220; top_position_alignment=&#8220;center&#8220; button_alignment=&#8220;center&#8220; use_button_icon=&#8220;on&#8220; button_icon=&#8220;%%36%%&#8220; pagination_background=&#8220;rgba(255,255,255,0)&#8220; content_padding=&#8220;148px|30px|148px|30px|false|true&#8220; content_padding_tablet=&#8220;&#8220; content_padding_phone=&#8220;&#8220; content_padding_last_edited=&#8220;on|phone&#8220; title_margin=&#8220;0px||-70px||false|false&#8220; button_wrapper_margin=&#8220;||15px&#8220; author_location=&#8220;top&#8220; author_background_color=&#8220;rgba(255,255,255,0)&#8220; date_location=&#8220;top&#8220; date_background_color=&#8220;rgba(255,255,255,0)&#8220; category_location=&#8220;top&#8220; category_background_color=&#8220;rgba(255,255,255,0)&#8220; comment_background_color=&#8220;rgba(255,255,255,0)&#8220; space_between_tablet=&#8220;35px&#8220; space_between_phone=&#8220;30px&#8220; space_between_last_edited=&#8220;on|phone&#8220; _builder_version=&#8220;4.22.2&#8243; title_font=&#8220;|800|||||||&#8220; title_text_align=&#8220;center&#8220; title_text_color=&#8220;#ffffff&#8220; title_font_size=&#8220;28px&#8220; title_line_height=&#8220;1.2em&#8220; meta_font=&#8220;||||||||&#8220; meta_text_color=&#8220;#ffffff&#8220; content_font=&#8220;||||||||&#8220; content_text_align=&#8220;center&#8220; content_text_color=&#8220;rgba(0,0,0,0)&#8220; read_more_font=&#8220;Fira Sans||||||||&#8220; read_more_text_color=&#8220;#ffffff&#8220; pagination_font=&#8220;|600||on|||||&#8220; pagination_text_color=&#8220;gcid-080b111f-3b5c-45fc-9442-f363796c87fa&#8220; pagination_font_size=&#8220;19px&#8220; pagination_letter_spacing=&#8220;3px&#8220; author_font=&#8220;Fira Sans||||||||&#8220; date_font=&#8220;||||||||&#8220; category_font=&#8220;||||||||&#8220; comment_font=&#8220;||||||||&#8220; background_color=&#8220;rgba(63,85,226,0.28)&#8220; hover_enabled=&#8220;0&#8243; title_font_size_tablet=&#8220;26px&#8220; title_font_size_phone=&#8220;22px&#8220; title_font_size_last_edited=&#8220;on|desktop&#8220; custom_css_post-meta-bottom=&#8220;margin-bottom: 0;||margin-top: auto;&#8220; global_colors_info=&#8220;{%22gcid-080b111f-3b5c-45fc-9442-f363796c87fa%22:%91%22pagination_text_color%22%93}&#8220; title_font_size__hover_enabled=&#8220;on|desktop&#8220; title_margin__hover_enabled=&#8220;on|hover&#8220; text_margin__hover_enabled=&#8220;on|desktop&#8220; content_text_color__hover_enabled=&#8220;on|hover&#8220; content_text_color__hover=&#8220;#ffffff&#8220; meta_top_margin__hover_enabled=&#8220;on|desktop&#8220; meta_top_margin__hover=&#8220;||71px||false|false&#8220; content_padding__hover_enabled=&#8220;on|hover&#8220; content_padding__hover=&#8220;113px||113px||true|true&#8220; title_margin__hover=&#8220;-71px||0px||false|false&#8220; title_font_size__hover=&#8220;28px&#8220; theme_builder_area=&#8220;post_content&#8220; sticky_enabled=&#8220;0&#8243;][\/dgbm_blog_module][\/et_pb_column][\/et_pb_row][\/et_pb_section]<\/p>\n","protected":false},"excerpt":{"rendered":"<p>Gesch\u00e4ftsreiseziele in S\u00fcdamerikaS\u00fcdamerika ist ein Kontinent mit einer faszinierenden Geschichte und atemberaubenden Naturlandschaften. Mit einer Bev\u00f6lkerung von mehr als 420 Millionen Menschen (Stand Mai 2023) [1] beherbergt diese Region einige der gr\u00f6\u00dften Wirtschaftsm\u00e4chte der Welt, wie Brasilien und Argentinien. \u00dcber den s\u00fcdamerikanischen Kontinent Der Amazonas, der gr\u00f6\u00dfte Regenwald der Erde, befindet sich in S\u00fcdamerika. Diese [&hellip;]<\/p>\n","protected":false},"author":1,"featured_media":0,"parent":6816,"menu_order":0,"comment_status":"closed","ping_status":"closed","template":"","meta":{"_et_pb_use_builder":"on","_et_pb_old_content":"","_et_gb_content_width":"","_wp_convertkit_post_meta":{"form":"-1","landing_page":"0","tag":"0","restrict_content":"0"},"footnotes":""},"class_list":["post-10860","page","type-page","status-publish","hentry"],"_links":{"self":[{"href":"https:\/\/kaffediary.com\/de\/wp-json\/wp\/v2\/pages\/10860","targetHints":{"allow":["GET"]}}],"collection":[{"href":"https:\/\/kaffediary.com\/de\/wp-json\/wp\/v2\/pages"}],"about":[{"href":"https:\/\/kaffediary.com\/de\/wp-json\/wp\/v2\/types\/page"}],"author":[{"embeddable":true,"href":"https:\/\/kaffediary.com\/de\/wp-json\/wp\/v2\/users\/1"}],"replies":[{"embeddable":true,"href":"https:\/\/kaffediary.com\/de\/wp-json\/wp\/v2\/comments?post=10860"}],"version-history":[{"count":13,"href":"https:\/\/kaffediary.com\/de\/wp-json\/wp\/v2\/pages\/10860\/revisions"}],"predecessor-version":[{"id":11942,"href":"https:\/\/kaffediary.com\/de\/wp-json\/wp\/v2\/pages\/10860\/revisions\/11942"}],"up":[{"embeddable":true,"href":"https:\/\/kaffediary.com\/de\/wp-json\/wp\/v2\/pages\/6816"}],"wp:attachment":[{"href":"https:\/\/kaffediary.com\/de\/wp-json\/wp\/v2\/media?parent=10860"}],"curies":[{"name":"wp","href":"https:\/\/api.w.org\/{rel}","templated":true}]}}