{"id":6275,"date":"2022-02-19T00:31:48","date_gmt":"2022-02-19T00:31:48","guid":{"rendered":"https:\/\/kaffediary.com\/geschaeftsreisen-home\/"},"modified":"2024-01-26T19:01:52","modified_gmt":"2024-01-26T19:01:52","slug":"geschaeftsreisen-home","status":"publish","type":"page","link":"https:\/\/kaffediary.com\/de\/","title":{"rendered":"Gesch\u00e4ftsreisen Home"},"content":{"rendered":"<p>[et_pb_section fb_built=&#8220;1&#8243; custom_padding_last_edited=&#8220;off|phone&#8220; admin_label=&#8220;Header&#8220; _builder_version=&#8220;4.21.0&#8243; _module_preset=&#8220;default&#8220; background_enable_color=&#8220;off&#8220; background_color_gradient_start=&#8220;rgba(52,130,193,0.82)&#8220; background_color_gradient_end=&#8220;rgba(6,34,127,0.31)&#8220; background_enable_image=&#8220;off&#8220; background_video_mp4=&#8220;https:\/\/kaffediary.com\/wp-content\/uploads\/2022\/10\/Kaffe-Diary-Video-EN_ed.mp4&#8243; allow_player_pause=&#8220;on&#8220; width=&#8220;100%&#8220; width_tablet=&#8220;&#8220; width_phone=&#8220;100%&#8220; width_last_edited=&#8220;on|desktop&#8220; max_width=&#8220;100%&#8220; min_height_tablet=&#8220;&#8220; min_height_phone=&#8220;228px&#8220; min_height_last_edited=&#8220;on|desktop&#8220; height_tablet=&#8220;&#8220; height_phone=&#8220;&#8220; height_last_edited=&#8220;on|phone&#8220; custom_margin=&#8220;0px||0px||false|false&#8220; custom_padding=&#8220;8vw||12vw||false|false&#8220; custom_padding_tablet=&#8220;||||false|false&#8220; custom_padding_phone=&#8220;||||false|false&#8220; custom_css_before=&#8220;content:%22%22;||    display: block;||    position: absolute;||    top: 0;||    left: 0;||    width: 100%;||    height: 100%;||background-image: linear-gradient(180deg,rgba(52,130,193,0.82) 0%,rgba(117, 191, 177,0.31) 100%)!important;||    z-index: 1;&#8220; global_colors_info=&#8220;{}&#8220;][et_pb_row _builder_version=&#8220;4.21.0&#8243; _module_preset=&#8220;default&#8220; max_width=&#8220;1280px&#8220; global_colors_info=&#8220;{}&#8220;][et_pb_column type=&#8220;4_4&#8243; _builder_version=&#8220;4.16&#8243; _module_preset=&#8220;default&#8220; global_colors_info=&#8220;{}&#8220;][et_pb_text _builder_version=&#8220;4.24.0&#8243; _module_preset=&#8220;d72c0383-6487-4f2c-ac5c-7d48a6376757&#8243; header_font=&#8220;||||||||&#8220; header_text_color=&#8220;#FFFFFF&#8220; header_font_size=&#8220;50px&#8220; header_line_height=&#8220;1.3em&#8220; text_orientation=&#8220;center&#8220; max_width=&#8220;700px&#8220; max_width_tablet=&#8220;700px&#8220; max_width_phone=&#8220;700px&#8220; max_width_last_edited=&#8220;on|desktop&#8220; module_alignment=&#8220;center&#8220; animation_direction=&#8220;top&#8220; hover_enabled=&#8220;0&#8243; header_font_tablet=&#8220;&#8220; header_font_phone=&#8220;&#8220; header_font_last_edited=&#8220;on|phone&#8220; header_font_size_tablet=&#8220;36px&#8220; header_font_size_phone=&#8220;22px&#8220; header_font_size_last_edited=&#8220;on|desktop&#8220; global_colors_info=&#8220;{}&#8220; sticky_enabled=&#8220;0&#8243;]<\/p>\n<h1>Experience the world of business travel like never before with Kaffe Diary &#8211; your premium guide to success on the go.<\/h1>\n<p>[\/et_pb_text][\/et_pb_column][\/et_pb_row][\/et_pb_section][et_pb_section fb_built=&#8220;1&#8243; _builder_version=&#8220;4.18.0&#8243; _module_preset=&#8220;default&#8220; custom_padding=&#8220;||0px||false|false&#8220; global_colors_info=&#8220;{}&#8220;][et_pb_row _builder_version=&#8220;4.17.4&#8243; _module_preset=&#8220;default&#8220; width=&#8220;88%&#8220; max_width=&#8220;1366px&#8220; global_colors_info=&#8220;{}&#8220;][et_pb_column type=&#8220;4_4&#8243; _builder_version=&#8220;4.16&#8243; _module_preset=&#8220;default&#8220; global_colors_info=&#8220;{}&#8220;][et_pb_text _builder_version=&#8220;4.24.0&#8243; _module_preset=&#8220;default&#8220; text_font=&#8220;||||||||&#8220; text_text_color=&#8220;gcid-8582d6b2-ff93-467d-8a95-c50d6acf939e&#8220; text_font_size=&#8220;24px&#8220; text_line_height=&#8220;1.6em&#8220; link_font=&#8220;||||||||&#8220; link_text_color=&#8220;gcid-a1e60d66-76d8-4612-a9ca-a005678239ae&#8220; link_font_size=&#8220;24px&#8220; link_line_height=&#8220;1.5em&#8220; header_2_text_color=&#8220;gcid-f48eba7d-32df-4198-a685-020c10c91334&#8243; header_2_font_size=&#8220;36px&#8220; header_2_line_height=&#8220;1.4em&#8220; header_6_text_color=&#8220;gcid-ac2e68df-fc86-4f60-af08-7e88be9b2d40&#8243; header_6_font_size=&#8220;26px&#8220; header_6_line_height=&#8220;1.5em&#8220; width=&#8220;70%&#8220; width_tablet=&#8220;98%&#8220; width_phone=&#8220;98%&#8220; width_last_edited=&#8220;on|tablet&#8220; module_alignment=&#8220;center&#8220; hover_enabled=&#8220;0&#8243; text_font_tablet=&#8220;Default|300|||||||&#8220; text_font_phone=&#8220;Default|300|||||||&#8220; text_font_last_edited=&#8220;on|tablet&#8220; text_font_size_tablet=&#8220;20px&#8220; text_font_size_phone=&#8220;18px&#8220; text_font_size_last_edited=&#8220;on|desktop&#8220; text_line_height_tablet=&#8220;1.6em&#8220; text_line_height_phone=&#8220;1.5em&#8220; text_line_height_last_edited=&#8220;on|tablet&#8220; link_font_size_tablet=&#8220;22px&#8220; link_font_size_phone=&#8220;22px&#8220; link_font_size_last_edited=&#8220;on|phone&#8220; header_2_font_size_tablet=&#8220;32px&#8220; header_2_font_size_phone=&#8220;28px&#8220; header_2_font_size_last_edited=&#8220;on|desktop&#8220; header_6_font_size_tablet=&#8220;26px&#8220; header_6_font_size_phone=&#8220;22px&#8220; header_6_font_size_last_edited=&#8220;on|phone&#8220; global_colors_info=&#8220;{%22gcid-a1e60d66-76d8-4612-a9ca-a005678239ae%22:%91%22link_text_color%22%93,%22gcid-ac2e68df-fc86-4f60-af08-7e88be9b2d40%22:%91%22header_6_text_color%22%93,%22gcid-8582d6b2-ff93-467d-8a95-c50d6acf939e%22:%91%22text_text_color%22%93,%22gcid-f48eba7d-32df-4198-a685-020c10c91334%22:%91%22header_2_text_color%22%93}&#8220; sticky_enabled=&#8220;0&#8243;]<\/p>\n<p>Machen Sie Ihre Gesch\u00e4ftsreisen zu einem Erlebnis mit <a href=\"https:\/\/kaffediary.com\/de\/ueber\/\">Kaffe Diary<\/a>, dem Premium-Reisef\u00fchrer, der Ihre Gesch\u00e4ftsreise zu einem unvergesslichen Erlebnis macht.<\/p>\n<p>Die letzten Jahre waren eine Herausforderung. Die weltweite Pandemie brachte den Gesch\u00e4ftsreiseverkehr abrupt zum Erliegen, und die Unternehmenswelt war gezwungen, sich anzupassen. Die Sitzungen wurden virtuell. Die Gesch\u00e4fte wurden online abgeschlossen.<\/p>\n<p>W\u00e4hrend sich die Welt erholt, werden Gesch\u00e4ftsreisen wieder zu einem festen Bestandteil des Berufslebens. Das mag \u00fcberraschen, wenn man bedenkt, wie weit die Technologie fortgeschritten ist. Doch auch wenn die Videokonferenzsoftware recht ausgereift ist, sind virtuelle Meetings kein Ersatz f\u00fcr pers\u00f6nliche Gespr\u00e4che.<\/p>\n<p>Der Grund daf\u00fcr ist, dass Gesch\u00e4ftsbeziehungen kompliziert sind. Sie erfordern Sorgfalt, Taktgef\u00fchl und Engagement, um zu gedeihen. Und der effektivste Weg, diese Beziehungen zu pflegen, ist der pers\u00f6nliche Kontakt. Diese Tatsache ist hinl\u00e4nglich bekannt: Pers\u00f6nliche Treffen haben eine Abschlussquote von 40 % und sind <a href=\"https:\/\/pipeline.zoominfo.com\/sales\/face-to-face-sales-meetings\" target=\"_blank\" rel=\"noopener\">34-mal<\/a> erfolgreicher als Anfragen, die per E-Mail gestellt werden.<\/p>\n<p>Der Abschluss wichtiger Gesch\u00e4fte und die Festigung von Kundenbeziehungen sind entscheidende Punkte in Ihrer Karriere. Daher sind Gesch\u00e4ftsreisen nach wie vor von zentraler Bedeutung &#8211; allerdings geht es bei diesen Reisen um weit mehr als nur um die Arbeit.<\/p>\n<p>&nbsp;<\/p>\n<h2>\u00dcber Gesch\u00e4ftsreisen<\/h2>\n<p>Gesch\u00e4ftsreisen haben sich zu einer luxuri\u00f6sen, erf\u00fcllenden T\u00e4tigkeit entwickelt. Fl\u00fcge in der Business Class, Autos mit Chauffeur und luxuri\u00f6se Aufenthalte in F\u00fcnf-Sterne-Hotels machen die Reisen unvergesslich. Die Reisenden tauchen in die Welt der feinen K\u00fcche ein und lassen sich von der Hektik einer neuen Stadt mitrei\u00dfen.<\/p>\n<p>Und als Ihr Reisebegleiter kann Kaffe Diary Ihnen helfen, das Beste aus Ihrer Gesch\u00e4ftsreise zu machen. Unser Luxusreisef\u00fchrer enth\u00e4lt eine Auswahl der besten Reiseziele, der luxuri\u00f6sesten Hotels und der am besten bewerteten Reiseprodukte.<\/p>\n<p>Mit unseren Reiseempfehlungen k\u00f6nnen Sie entscheidende Momente Ihrer Karriere zeitlos gestalten.<\/p>\n<p>Wir stellen Ihnen vor, wie Sie Ihre besten Angebote an transzendenten Reisezielen abschlie\u00dfen, nachdem Sie sich in den luxuri\u00f6sesten Hotels entspannt haben.<\/p>\n<p>&nbsp;<\/p>\n<h6><strong>St\u00f6bern Sie also in unserem Reisef\u00fchrer, damit Ihre n\u00e4chste Gesch\u00e4ftsreise zu einem unvergesslichen Erlebnis wird.<\/strong><\/h6>\n<p>[\/et_pb_text][et_pb_image src=&#8220;https:\/\/kaffediary.com\/wp-content\/uploads\/2022\/10\/Kaffe-Diary-Footer-Ad-Sample-Home.jpg&#8220; alt=&#8220;Kaffeetagebuch Business Travel Fu\u00dfzeile Anzeige&#8220; title_text=&#8220;Kaffe Diary Business Travel Fu\u00dfzeile Anzeige auf Home&#8220; _builder_version=&#8220;4.18.0&#8243; _module_preset=&#8220;default&#8220; custom_margin=&#8220;||0px||false|false&#8220; custom_padding=&#8220;||0px||false|false&#8220; global_colors_info=&#8220;{}&#8220;][\/et_pb_image][\/et_pb_column][\/et_pb_row][\/et_pb_section]<\/p>\n","protected":false},"excerpt":{"rendered":"<p>Experience the world of business travel like never before with Kaffe Diary &#8211; your premium guide to success on the go.Machen Sie Ihre Gesch\u00e4ftsreisen zu einem Erlebnis mit Kaffe Diary, dem Premium-Reisef\u00fchrer, der Ihre Gesch\u00e4ftsreise zu einem unvergesslichen Erlebnis macht. Die letzten Jahre waren eine Herausforderung. Die weltweite Pandemie brachte den Gesch\u00e4ftsreiseverkehr abrupt zum Erliegen, [&hellip;]<\/p>\n","protected":false},"author":1,"featured_media":0,"parent":0,"menu_order":0,"comment_status":"closed","ping_status":"closed","template":"","meta":{"_et_pb_use_builder":"on","_et_pb_old_content":"","_et_gb_content_width":"","footnotes":""},"class_list":["post-6275","page","type-page","status-publish","hentry"],"_links":{"self":[{"href":"https:\/\/kaffediary.com\/de\/wp-json\/wp\/v2\/pages\/6275","targetHints":{"allow":["GET"]}}],"collection":[{"href":"https:\/\/kaffediary.com\/de\/wp-json\/wp\/v2\/pages"}],"about":[{"href":"https:\/\/kaffediary.com\/de\/wp-json\/wp\/v2\/types\/page"}],"author":[{"embeddable":true,"href":"https:\/\/kaffediary.com\/de\/wp-json\/wp\/v2\/users\/1"}],"replies":[{"embeddable":true,"href":"https:\/\/kaffediary.com\/de\/wp-json\/wp\/v2\/comments?post=6275"}],"version-history":[{"count":48,"href":"https:\/\/kaffediary.com\/de\/wp-json\/wp\/v2\/pages\/6275\/revisions"}],"predecessor-version":[{"id":12119,"href":"https:\/\/kaffediary.com\/de\/wp-json\/wp\/v2\/pages\/6275\/revisions\/12119"}],"wp:attachment":[{"href":"https:\/\/kaffediary.com\/de\/wp-json\/wp\/v2\/media?parent=6275"}],"curies":[{"name":"wp","href":"https:\/\/api.w.org\/{rel}","templated":true}]}}