{"id":8106,"date":"2022-03-03T23:14:27","date_gmt":"2022-03-03T23:14:27","guid":{"rendered":"https:\/\/kaffediary.com\/stadtfuehrer\/"},"modified":"2024-01-26T17:05:05","modified_gmt":"2024-01-26T17:05:05","slug":"stadtfuehrer","status":"publish","type":"page","link":"https:\/\/kaffediary.com\/de\/stadtfuehrer\/","title":{"rendered":"Stadtf\u00fchrer"},"content":{"rendered":"<p>[et_pb_section fb_built=&#8220;1&#8243; custom_padding_last_edited=&#8220;off|phone&#8220; admin_label=&#8220;Header&#8220; _builder_version=&#8220;4.19.0&#8243; _module_preset=&#8220;default&#8220; use_background_color_gradient=&#8220;on&#8220; background_color_gradient_stops=&#8220;rgba(52,130,193,0.46) 0%|rgba(6,34,127,0.31) 100%&#8220; background_color_gradient_overlays_image=&#8220;on&#8220; background_color_gradient_start=&#8220;rgba(52,130,193,0.46)&#8220; background_color_gradient_end=&#8220;rgba(6,34,127,0.31)&#8220; background_image=&#8220;https:\/\/kaffediary.com\/wp-content\/uploads\/2022\/11\/City-guides-header.jpg&#8220; custom_padding=&#8220;10vw||18vw||false|false&#8220; custom_padding_tablet=&#8220;||||false|false&#8220; custom_padding_phone=&#8220;||||false|false&#8220; global_colors_info=&#8220;{}&#8220;][et_pb_row _builder_version=&#8220;4.16&#8243; _module_preset=&#8220;default&#8220; global_colors_info=&#8220;{}&#8220;][et_pb_column type=&#8220;4_4&#8243; _builder_version=&#8220;4.16&#8243; _module_preset=&#8220;default&#8220; global_colors_info=&#8220;{}&#8220;][et_pb_text _builder_version=&#8220;4.17.4&#8243; _module_preset=&#8220;d72c0383-6487-4f2c-ac5c-7d48a6376757&#8243; header_font=&#8220;||||||||&#8220; header_text_color=&#8220;#FFFFFF&#8220; header_font_size=&#8220;50px&#8220; header_line_height=&#8220;1.3em&#8220; text_orientation=&#8220;center&#8220; max_width=&#8220;750px&#8220; module_alignment=&#8220;center&#8220; animation_direction=&#8220;top&#8220; header_font_size_tablet=&#8220;36px&#8220; header_font_size_phone=&#8220;30px&#8220; header_font_size_last_edited=&#8220;on|desktop&#8220; global_colors_info=&#8220;{}&#8220;]<\/p>\n<h1>Stadtf\u00fchrer<\/h1>\n<p>[\/et_pb_text][\/et_pb_column][\/et_pb_row][\/et_pb_section][et_pb_section fb_built=&#8220;1&#8243; _builder_version=&#8220;4.16&#8243; _module_preset=&#8220;default&#8220; custom_padding=&#8220;20px||20px||true|false&#8220; global_colors_info=&#8220;{}&#8220;][et_pb_row column_structure=&#8220;1_5,3_5,1_5&#8243; use_custom_gutter=&#8220;on&#8220; gutter_width=&#8220;1&#8243; _builder_version=&#8220;4.19.0&#8243; _module_preset=&#8220;default&#8220; width=&#8220;88%&#8220; max_width=&#8220;1920px&#8220; global_colors_info=&#8220;{}&#8220;][et_pb_column type=&#8220;1_5&#8243; _builder_version=&#8220;4.16&#8243; _module_preset=&#8220;default&#8220; global_colors_info=&#8220;{}&#8220;][\/et_pb_column][et_pb_column type=&#8220;3_5&#8243; _builder_version=&#8220;4.16&#8243; _module_preset=&#8220;default&#8220; global_colors_info=&#8220;{}&#8220;][et_pb_text _builder_version=&#8220;4.19.1&#8243; _module_preset=&#8220;default&#8220; text_font=&#8220;|200|||||||&#8220; text_text_color=&#8220;#000000&#8243; text_font_size=&#8220;24px&#8220; text_line_height=&#8220;1.5em&#8220; link_text_color=&#8220;gcid-8582d6b2-ff93-467d-8a95-c50d6acf939e&#8220; link_font_size=&#8220;24px&#8220; link_line_height=&#8220;1.6em&#8220; header_2_text_color=&#8220;gcid-a1e60d66-76d8-4612-a9ca-a005678239ae&#8220; header_2_font_size=&#8220;36px&#8220; header_2_line_height=&#8220;1.2em&#8220; width_tablet=&#8220;&#8220; width_phone=&#8220;98%&#8220; width_last_edited=&#8220;on|desktop&#8220; hover_enabled=&#8220;0&#8243; text_font_tablet=&#8220;Mulish|300|||||||&#8220; text_font_phone=&#8220;Mulish|300|||||||&#8220; text_font_last_edited=&#8220;on|desktop&#8220; text_font_size_tablet=&#8220;22px&#8220; text_font_size_phone=&#8220;20px&#8220; text_font_size_last_edited=&#8220;on|phone&#8220; link_font_size_tablet=&#8220;20px&#8220; link_font_size_phone=&#8220;18px&#8220; link_font_size_last_edited=&#8220;on|desktop&#8220; header_2_font_size_tablet=&#8220;32px&#8220; header_2_font_size_phone=&#8220;28px&#8220; header_2_font_size_last_edited=&#8220;on|desktop&#8220; global_colors_info=&#8220;{%22gcid-a1e60d66-76d8-4612-a9ca-a005678239ae%22:%91%22header_2_text_color%22%93,%22gcid-8582d6b2-ff93-467d-8a95-c50d6acf939e%22:%91%22link_text_color%22%93}&#8220; sticky_enabled=&#8220;0&#8243;]<\/p>\n<h2>Stadtf\u00fchrer &#8211; Was Sie wissen sollten, wenn Sie reisen<\/h2>\n<p>Suchen Sie nach dem besten Restaurant, dem besten Kunstmuseum oder dem ber\u00fchmtesten Wahrzeichen? <\/p>\n<p>Die Kaffee Diary City Guides sind eine Quelle f\u00fcr Insider-Tipps von Einheimischen und eine \u00dcbersicht \u00fcber die aktuellen Veranstaltungen in einer Stadt.<\/p>\n<p>Wir aktualisieren unsere Reisef\u00fchrer st\u00e4ndig mit neuen sehenswerten Orten.<\/p>\n<p>[\/et_pb_text][\/et_pb_column][et_pb_column type=&#8220;1_5&#8243; _builder_version=&#8220;4.16&#8243; _module_preset=&#8220;default&#8220; global_colors_info=&#8220;{}&#8220;][\/et_pb_column][\/et_pb_row][\/et_pb_section][et_pb_section fb_built=&#8220;1&#8243; _builder_version=&#8220;4.19.0&#8243; _module_preset=&#8220;default&#8220; custom_padding=&#8220;0px||0px||false|false&#8220; global_colors_info=&#8220;{}&#8220;][et_pb_row column_structure=&#8220;1_5,3_5,1_5&#8243; use_custom_gutter=&#8220;on&#8220; gutter_width=&#8220;1&#8243; _builder_version=&#8220;4.19.0&#8243; _module_preset=&#8220;default&#8220; width=&#8220;88%&#8220; max_width=&#8220;1920px&#8220; custom_margin=&#8220;0px||||false|false&#8220; custom_padding=&#8220;0px||||false|false&#8220; global_colors_info=&#8220;{}&#8220;][et_pb_column type=&#8220;1_5&#8243; _builder_version=&#8220;4.16&#8243; _module_preset=&#8220;default&#8220; global_colors_info=&#8220;{}&#8220;][\/et_pb_column][et_pb_column type=&#8220;3_5&#8243; _builder_version=&#8220;4.16&#8243; _module_preset=&#8220;default&#8220; global_colors_info=&#8220;{}&#8220;][et_pb_text _builder_version=&#8220;4.19.0&#8243; _module_preset=&#8220;default&#8220; text_font=&#8220;|200|||||||&#8220; text_text_color=&#8220;#000000&#8243; text_font_size=&#8220;24px&#8220; text_line_height=&#8220;1.5em&#8220; link_text_color=&#8220;gcid-8582d6b2-ff93-467d-8a95-c50d6acf939e&#8220; link_font_size=&#8220;24px&#8220; link_line_height=&#8220;1.6em&#8220; ul_font_size=&#8220;24px&#8220; ul_line_height=&#8220;1.5em&#8220; header_2_text_color=&#8220;gcid-a1e60d66-76d8-4612-a9ca-a005678239ae&#8220; header_2_font_size=&#8220;36px&#8220; header_2_line_height=&#8220;1.2em&#8220; width=&#8220;100%&#8220; max_width=&#8220;1920px&#8220; custom_margin=&#8220;0px||||false|false&#8220; custom_padding=&#8220;0px||||false|false&#8220; text_font_tablet=&#8220;Mulish|300|||||||&#8220; text_font_phone=&#8220;Mulish|300|||||||&#8220; text_font_last_edited=&#8220;on|desktop&#8220; text_font_size_tablet=&#8220;22px&#8220; text_font_size_phone=&#8220;20px&#8220; text_font_size_last_edited=&#8220;on|phone&#8220; link_font_size_tablet=&#8220;20px&#8220; link_font_size_phone=&#8220;18px&#8220; link_font_size_last_edited=&#8220;on|desktop&#8220; ul_font_size_tablet=&#8220;20px&#8220; ul_font_size_phone=&#8220;18px&#8220; ul_font_size_last_edited=&#8220;on|desktop&#8220; header_2_font_size_tablet=&#8220;32px&#8220; header_2_font_size_phone=&#8220;28px&#8220; header_2_font_size_last_edited=&#8220;on|desktop&#8220; global_colors_info=&#8220;{%22gcid-a1e60d66-76d8-4612-a9ca-a005678239ae%22:%91%22header_2_text_color%22%93,%22gcid-8582d6b2-ff93-467d-8a95-c50d6acf939e%22:%91%22link_text_color%22%93,%22gcid-7814a719-c4c1-4b0f-b019-492bb0f30365%22:%91%22link_text_color%22%93,%22gcid-451f3261-61c2-4dbe-bb50-a5feeb4e6554%22:%91%22header_2_text_color%22%93}&#8220;]<\/p>\n<h2 id=\"cityguidedef\">Was ist ein Stadtf\u00fchrer?<\/h2>\n<p>[\/et_pb_text][et_pb_text _builder_version=&#8220;4.19.1&#8243; _module_preset=&#8220;default&#8220; text_font=&#8220;|200|||||||&#8220; text_text_color=&#8220;#000000&#8243; text_font_size=&#8220;24px&#8220; text_line_height=&#8220;1.5em&#8220; link_text_color=&#8220;#000000&#8243; link_font_size=&#8220;24px&#8220; link_line_height=&#8220;1.6em&#8220; ul_font_size=&#8220;24px&#8220; ul_line_height=&#8220;1.5em&#8220; header_2_text_color=&#8220;gcid-a1e60d66-76d8-4612-a9ca-a005678239ae&#8220; header_2_font_size=&#8220;36px&#8220; header_2_line_height=&#8220;1.2em&#8220; width=&#8220;100%&#8220; max_width=&#8220;1920px&#8220; custom_margin=&#8220;0px||||false|false&#8220; custom_padding=&#8220;0px||||false|false&#8220; hover_enabled=&#8220;0&#8243; text_font_tablet=&#8220;Mulish|300|||||||&#8220; text_font_phone=&#8220;Mulish|300|||||||&#8220; text_font_last_edited=&#8220;on|desktop&#8220; text_font_size_tablet=&#8220;22px&#8220; text_font_size_phone=&#8220;20px&#8220; text_font_size_last_edited=&#8220;on|phone&#8220; link_font_size_tablet=&#8220;20px&#8220; link_font_size_phone=&#8220;18px&#8220; link_font_size_last_edited=&#8220;on|desktop&#8220; ul_font_size_tablet=&#8220;20px&#8220; ul_font_size_phone=&#8220;18px&#8220; ul_font_size_last_edited=&#8220;on|desktop&#8220; header_2_font_size_tablet=&#8220;32px&#8220; header_2_font_size_phone=&#8220;28px&#8220; header_2_font_size_last_edited=&#8220;on|desktop&#8220; global_colors_info=&#8220;{%22gcid-a1e60d66-76d8-4612-a9ca-a005678239ae%22:%91%22header_2_text_color%22%93,%22gcid-451f3261-61c2-4dbe-bb50-a5feeb4e6554%22:%91%22header_2_text_color%22%93}&#8220; sticky_enabled=&#8220;0&#8243;]<\/p>\n<p>Ein <a href=\"https:\/\/dictionary.cambridge.org\/dictionary\/english\/city\" target=\"_blank\" rel=\"noopener\">Stadtf\u00fchrer<\/a> ist ein Reisef\u00fchrer f\u00fcr eine bestimmte Stadt. Es handelt sich um eine Reiseinformationsquelle, die praktische Informationen bietet.<\/p>\n<p>Das \u00fcbliche Format umfasst die wichtigsten Sehensw\u00fcrdigkeiten einer Stadt sowie Restaurants, Hotels, Unterhaltungsm\u00f6glichkeiten, Einkaufsm\u00f6glichkeiten und Touristenattraktionen.<\/p>\n<p>Unsere Stadtf\u00fchrer k\u00f6nnen in verschiedene Typen unterteilt werden:<\/p>\n<ul>\n<li>Allgemeine Reisef\u00fchrer werden in der Regel f\u00fcr bekannte St\u00e4dte verfasst und bieten allgemeinere Informationen \u00fcber verschiedene Stadtviertel oder Bereiche der Stadt.<\/li>\n<li>Reisef\u00fchrer konzentrieren sich in der Regel auf kleinere St\u00e4dte und bieten spezifische Hinweise auf die besten Sehensw\u00fcrdigkeiten und Aktivit\u00e4ten in der Region.<\/li>\n<li>Ein Insider-F\u00fchrer befasst sich in der Regel mit dem Leben oder der Kultur der Einheimischen in einer bestimmten Stadt (oder Region). Es k\u00f6nnte Informationen dar\u00fcber enthalten, was bei Einheimischen beliebt ist und wo man lokale Marken findet.<\/li>\n<li>In einem Lifestyle-Guide geht es in der Regel darum, wie man in einer bestimmten Stadt (oder Region) gut lebt &#8211; wo man essen kann, wo man sich mit Freunden trifft, wo man seinen Morgenkaffee bekommt und vieles mehr.<\/li>\n<\/ul>\n<p>[\/et_pb_text][\/et_pb_column][et_pb_column type=&#8220;1_5&#8243; _builder_version=&#8220;4.16&#8243; _module_preset=&#8220;default&#8220; global_colors_info=&#8220;{}&#8220;][\/et_pb_column][\/et_pb_row][et_pb_row column_structure=&#8220;1_5,3_5,1_5&#8243; use_custom_gutter=&#8220;on&#8220; gutter_width=&#8220;1&#8243; _builder_version=&#8220;4.19.0&#8243; _module_preset=&#8220;default&#8220; width=&#8220;88%&#8220; max_width=&#8220;1920px&#8220; global_colors_info=&#8220;{}&#8220;][et_pb_column type=&#8220;1_5&#8243; _builder_version=&#8220;4.16&#8243; _module_preset=&#8220;default&#8220; global_colors_info=&#8220;{}&#8220;][\/et_pb_column][et_pb_column type=&#8220;3_5&#8243; _builder_version=&#8220;4.16&#8243; _module_preset=&#8220;default&#8220; global_colors_info=&#8220;{}&#8220;][et_pb_image src=&#8220;https:\/\/kaffediary.com\/wp-content\/uploads\/2022\/11\/city-guides-coffee.jpg&#8220; alt=&#8220;Stadtf\u00fchrer Kaffee&#8220; title_text=&#8220;Stadtf\u00fchrer Kaffee&#8220; _builder_version=&#8220;4.19.0&#8243; _module_preset=&#8220;default&#8220; global_colors_info=&#8220;{}&#8220;][\/et_pb_image][\/et_pb_column][et_pb_column type=&#8220;1_5&#8243; _builder_version=&#8220;4.16&#8243; _module_preset=&#8220;default&#8220; global_colors_info=&#8220;{}&#8220;][\/et_pb_column][\/et_pb_row][\/et_pb_section][et_pb_section fb_built=&#8220;1&#8243; _builder_version=&#8220;4.16&#8243; _module_preset=&#8220;default&#8220; global_colors_info=&#8220;{}&#8220;][et_pb_row column_structure=&#8220;1_5,3_5,1_5&#8243; use_custom_gutter=&#8220;on&#8220; gutter_width=&#8220;1&#8243; _builder_version=&#8220;4.19.0&#8243; _module_preset=&#8220;default&#8220; width=&#8220;88%&#8220; max_width=&#8220;1920px&#8220; custom_margin=&#8220;0px||0px||false|false&#8220; custom_padding=&#8220;0px||0px||false|false&#8220; global_colors_info=&#8220;{}&#8220;][et_pb_column type=&#8220;1_5&#8243; _builder_version=&#8220;4.16&#8243; _module_preset=&#8220;default&#8220; global_colors_info=&#8220;{}&#8220;][\/et_pb_column][et_pb_column type=&#8220;3_5&#8243; _builder_version=&#8220;4.16&#8243; _module_preset=&#8220;default&#8220; global_colors_info=&#8220;{}&#8220;][et_pb_text _builder_version=&#8220;4.19.0&#8243; _module_preset=&#8220;default&#8220; text_font=&#8220;|200|||||||&#8220; text_text_color=&#8220;#000000&#8243; text_font_size=&#8220;24px&#8220; text_line_height=&#8220;1.5em&#8220; link_text_color=&#8220;gcid-8582d6b2-ff93-467d-8a95-c50d6acf939e&#8220; link_font_size=&#8220;24px&#8220; link_line_height=&#8220;1.6em&#8220; header_2_text_color=&#8220;gcid-a1e60d66-76d8-4612-a9ca-a005678239ae&#8220; header_2_font_size=&#8220;36px&#8220; header_2_line_height=&#8220;1.2em&#8220; width_tablet=&#8220;&#8220; width_phone=&#8220;98%&#8220; width_last_edited=&#8220;on|desktop&#8220; text_font_tablet=&#8220;Mulish|300|||||||&#8220; text_font_phone=&#8220;Mulish|300|||||||&#8220; text_font_last_edited=&#8220;on|desktop&#8220; text_font_size_tablet=&#8220;22px&#8220; text_font_size_phone=&#8220;20px&#8220; text_font_size_last_edited=&#8220;on|phone&#8220; link_font_size_tablet=&#8220;20px&#8220; link_font_size_phone=&#8220;18px&#8220; link_font_size_last_edited=&#8220;on|desktop&#8220; header_2_font_size_tablet=&#8220;32px&#8220; header_2_font_size_phone=&#8220;28px&#8220; header_2_font_size_last_edited=&#8220;on|desktop&#8220; global_colors_info=&#8220;{%22gcid-a1e60d66-76d8-4612-a9ca-a005678239ae%22:%91%22header_2_text_color%22%93,%22gcid-8582d6b2-ff93-467d-8a95-c50d6acf939e%22:%91%22link_text_color%22%93,%22gcid-7814a719-c4c1-4b0f-b019-492bb0f30365%22:%91%22link_text_color%22,%22link_text_color%22%93,%22gcid-451f3261-61c2-4dbe-bb50-a5feeb4e6554%22:%91%22header_2_text_color%22%93,%22gcid-0ca197d1-1f9b-4986-b00e-3ae7a424a238%22:%91%22header_6_text_color%22%93}&#8220;]<\/p>\n<h2>Die Vorteile der Nutzung unseres Stadtf\u00fchrers<\/h2>\n<p>Erkunden Sie eine neue Stadt eingehend, indem Sie den Empfehlungen von Einheimischen folgen. Es gibt nichts Besseres, als von jemandem, der dort lebt, etwas \u00fcber die versteckten Juwelen oder die besten Orte zum Essen und f\u00fcr Besuche zu erfahren.<\/p>\n<p>Nutzen Sie die Kaffee Diary Stadtf\u00fchrer, um Ihre Reise zu planen und sicherzustellen, dass Sie Aktivit\u00e4ten unternehmen, die in Ihre Zeit passen. Und da Sie gesch\u00e4ftlich unterwegs sind und auf Ihrem Weg durch die Stadt in jedem B\u00fcro f\u00fcr Besprechungen anhalten wollen, w\u00e4re es hilfreich, eine Liste aller B\u00fcros an einem Ort zu haben &#8211; da kommen unsere lokalen F\u00fchrer gerade recht!<\/p>\n<p>Unser Stadtf\u00fchrer stellt nur das Beste, was eine Stadt zu bieten hat, in einer \u00fcbersichtlichen Liste zusammen. <\/p>\n<p>[\/et_pb_text][et_pb_text _builder_version=&#8220;4.19.0&#8243; _module_preset=&#8220;default&#8220; text_font=&#8220;|200|||||||&#8220; text_text_color=&#8220;#000000&#8243; text_font_size=&#8220;24px&#8220; text_line_height=&#8220;1.5em&#8220; link_text_color=&#8220;gcid-8582d6b2-ff93-467d-8a95-c50d6acf939e&#8220; link_font_size=&#8220;24px&#8220; link_line_height=&#8220;1.6em&#8220; header_2_text_color=&#8220;gcid-a1e60d66-76d8-4612-a9ca-a005678239ae&#8220; header_2_font_size=&#8220;36px&#8220; header_2_line_height=&#8220;1.2em&#8220; width_tablet=&#8220;&#8220; width_phone=&#8220;98%&#8220; width_last_edited=&#8220;on|desktop&#8220; custom_margin=&#8220;0px||0px||false|false&#8220; custom_padding=&#8220;0px||0px||false|false&#8220; text_font_tablet=&#8220;Mulish|300|||||||&#8220; text_font_phone=&#8220;Mulish|300|||||||&#8220; text_font_last_edited=&#8220;on|desktop&#8220; text_font_size_tablet=&#8220;22px&#8220; text_font_size_phone=&#8220;20px&#8220; text_font_size_last_edited=&#8220;on|phone&#8220; link_font_size_tablet=&#8220;20px&#8220; link_font_size_phone=&#8220;18px&#8220; link_font_size_last_edited=&#8220;on|desktop&#8220; header_2_font_size_tablet=&#8220;32px&#8220; header_2_font_size_phone=&#8220;28px&#8220; header_2_font_size_last_edited=&#8220;on|desktop&#8220; global_colors_info=&#8220;{%22gcid-a1e60d66-76d8-4612-a9ca-a005678239ae%22:%91%22header_2_text_color%22%93,%22gcid-8582d6b2-ff93-467d-8a95-c50d6acf939e%22:%91%22link_text_color%22%93,%22gcid-7814a719-c4c1-4b0f-b019-492bb0f30365%22:%91%22link_text_color%22,%22link_text_color%22%93,%22gcid-451f3261-61c2-4dbe-bb50-a5feeb4e6554%22:%91%22header_2_text_color%22%93,%22gcid-0ca197d1-1f9b-4986-b00e-3ae7a424a238%22:%91%22header_6_text_color%22%93}&#8220;]<\/p>\n<h2 id=\"featuredcity\">Ausgew\u00e4hlte Stadtf\u00fchrer<\/h2>\n<p>[\/et_pb_text][\/et_pb_column][et_pb_column type=&#8220;1_5&#8243; _builder_version=&#8220;4.16&#8243; _module_preset=&#8220;default&#8220; global_colors_info=&#8220;{}&#8220;][\/et_pb_column][\/et_pb_row][et_pb_row column_structure=&#8220;1_5,3_5,1_5&#8243; use_custom_gutter=&#8220;on&#8220; gutter_width=&#8220;1&#8243; disabled_on=&#8220;on|on|on&#8220; _builder_version=&#8220;4.19.0&#8243; _module_preset=&#8220;default&#8220; width=&#8220;88%&#8220; max_width=&#8220;1920px&#8220; custom_margin=&#8220;0px||||false|false&#8220; custom_padding=&#8220;0px||||false|false&#8220; disabled=&#8220;on&#8220; global_colors_info=&#8220;{}&#8220;][et_pb_column type=&#8220;1_5&#8243; _builder_version=&#8220;4.16&#8243; _module_preset=&#8220;default&#8220; global_colors_info=&#8220;{}&#8220;][\/et_pb_column][et_pb_column type=&#8220;3_5&#8243; _builder_version=&#8220;4.16&#8243; _module_preset=&#8220;default&#8220; global_colors_info=&#8220;{}&#8220;][et_pb_text _builder_version=&#8220;4.16&#8243; _module_preset=&#8220;default&#8220; text_font=&#8220;|200|||||||&#8220; text_text_color=&#8220;#000000&#8243; text_font_size=&#8220;24px&#8220; text_line_height=&#8220;1.5em&#8220; link_text_color=&#8220;gcid-7814a719-c4c1-4b0f-b019-492bb0f30365&#8243; link_font_size=&#8220;24px&#8220; link_line_height=&#8220;1.5em&#8220; header_2_text_color=&#8220;gcid-451f3261-61c2-4dbe-bb50-a5feeb4e6554&#8243; header_2_font_size=&#8220;36px&#8220; header_2_line_height=&#8220;1.4em&#8220; header_6_text_color=&#8220;gcid-0ca197d1-1f9b-4986-b00e-3ae7a424a238&#8243; header_6_font_size=&#8220;26px&#8220; header_6_line_height=&#8220;1.5em&#8220; width_tablet=&#8220;&#8220; width_phone=&#8220;98%&#8220; width_last_edited=&#8220;on|desktop&#8220; text_font_tablet=&#8220;Mulish|300|||||||&#8220; text_font_phone=&#8220;Mulish|300|||||||&#8220; text_font_last_edited=&#8220;on|desktop&#8220; text_font_size_tablet=&#8220;22px&#8220; text_font_size_phone=&#8220;20px&#8220; text_font_size_last_edited=&#8220;on|phone&#8220; link_font_size_tablet=&#8220;22px&#8220; link_font_size_phone=&#8220;20px&#8220; link_font_size_last_edited=&#8220;on|desktop&#8220; header_2_font_size_tablet=&#8220;32px&#8220; header_2_font_size_phone=&#8220;32px&#8220; header_2_font_size_last_edited=&#8220;on|phone&#8220; header_6_font_size_tablet=&#8220;26px&#8220; header_6_font_size_phone=&#8220;22px&#8220; header_6_font_size_last_edited=&#8220;on|phone&#8220; global_colors_info=&#8220;{%22gcid-7814a719-c4c1-4b0f-b019-492bb0f30365%22:%91%22link_text_color%22,%22link_text_color%22%93,%22gcid-451f3261-61c2-4dbe-bb50-a5feeb4e6554%22:%91%22header_2_text_color%22%93,%22gcid-0ca197d1-1f9b-4986-b00e-3ae7a424a238%22:%91%22header_6_text_color%22%93}&#8220;]<\/p>\n<h6>Stadtf\u00fchrer sind eine gute M\u00f6glichkeit, um bei der Arbeit in der Stadt den \u00dcberblick zu behalten.<\/h6>\n<p>[\/et_pb_text][\/et_pb_column][et_pb_column type=&#8220;1_5&#8243; _builder_version=&#8220;4.16&#8243; _module_preset=&#8220;default&#8220; global_colors_info=&#8220;{}&#8220;][\/et_pb_column][\/et_pb_row][\/et_pb_section][et_pb_section fb_built=&#8220;1&#8243; disabled_on=&#8220;off|off|off&#8220; _builder_version=&#8220;4.19.0&#8243; custom_margin=&#8220;0px||||false|false&#8220; custom_padding=&#8220;0px||||false|false&#8220; global_colors_info=&#8220;{}&#8220;][et_pb_row _builder_version=&#8220;4.18.0&#8243; width=&#8220;90%&#8220; max_width=&#8220;1920px&#8220; custom_margin=&#8220;0px||0px||false|false&#8220; custom_padding=&#8220;0px||0px||false|false&#8220; global_colors_info=&#8220;{}&#8220;][et_pb_column type=&#8220;4_4&#8243; _builder_version=&#8220;4.16&#8243; custom_padding=&#8220;|||&#8220; global_colors_info=&#8220;{}&#8220; custom_padding__hover=&#8220;|||&#8220;][dgbm_blog_module posts_number=&#8220;6&#8243; type=&#8220;3&#8243; include_categories=&#8220;5&#8243; show_author=&#8220;off&#8220; meta_date=&#8220;j M Y&#8220; space_between=&#8220;18px&#8220; equal_height=&#8220;on&#8220; image_as_background=&#8220;on&#8220; image_size=&#8220;large&#8220; image_scale_on_hover=&#8220;on&#8220; top_position_alignment=&#8220;center&#8220; button_alignment=&#8220;center&#8220; use_button_icon=&#8220;on&#8220; button_icon=&#8220;%%36%%&#8220; pagination_background=&#8220;rgba(255,255,255,0)&#8220; content_padding=&#8220;148px|30px|148px|30px|false|true&#8220; content_padding_tablet=&#8220;&#8220; content_padding_phone=&#8220;&#8220; content_padding_last_edited=&#8220;on|phone&#8220; title_margin=&#8220;0px||-70px||false|false&#8220; button_wrapper_margin=&#8220;||15px&#8220; author_location=&#8220;top&#8220; author_background_color=&#8220;rgba(255,255,255,0)&#8220; date_location=&#8220;top&#8220; date_background_color=&#8220;rgba(255,255,255,0)&#8220; category_location=&#8220;top&#8220; category_background_color=&#8220;rgba(255,255,255,0)&#8220; comment_background_color=&#8220;rgba(255,255,255,0)&#8220; space_between_tablet=&#8220;35px&#8220; space_between_phone=&#8220;30px&#8220; space_between_last_edited=&#8220;on|phone&#8220; _builder_version=&#8220;4.19.0&#8243; title_font=&#8220;|800|||||||&#8220; title_text_align=&#8220;center&#8220; title_text_color=&#8220;#ffffff&#8220; title_font_size=&#8220;28px&#8220; title_line_height=&#8220;1.2em&#8220; meta_font=&#8220;||||||||&#8220; meta_text_color=&#8220;#ffffff&#8220; content_font=&#8220;||||||||&#8220; content_text_align=&#8220;center&#8220; content_text_color=&#8220;rgba(0,0,0,0)&#8220; read_more_font=&#8220;Fira Sans||||||||&#8220; read_more_text_color=&#8220;#ffffff&#8220; pagination_font=&#8220;|600||on|||||&#8220; pagination_text_color=&#8220;gcid-080b111f-3b5c-45fc-9442-f363796c87fa&#8220; pagination_font_size=&#8220;19px&#8220; pagination_letter_spacing=&#8220;3px&#8220; author_font=&#8220;Fira Sans||||||||&#8220; date_font=&#8220;||||||||&#8220; category_font=&#8220;||||||||&#8220; comment_font=&#8220;||||||||&#8220; background_color=&#8220;rgba(63,85,226,0.28)&#8220; title_font_size_tablet=&#8220;26px&#8220; title_font_size_phone=&#8220;22px&#8220; title_font_size_last_edited=&#8220;on|desktop&#8220; custom_css_post-meta-bottom=&#8220;margin-bottom: 0;||margin-top: auto;&#8220; global_colors_info=&#8220;{%22gcid-080b111f-3b5c-45fc-9442-f363796c87fa%22:%91%22pagination_text_color%22%93}&#8220; title_font_size__hover_enabled=&#8220;on|desktop&#8220; title_margin__hover_enabled=&#8220;on|hover&#8220; text_margin__hover_enabled=&#8220;on|desktop&#8220; content_text_color__hover_enabled=&#8220;on|hover&#8220; content_text_color__hover=&#8220;#ffffff&#8220; meta_top_margin__hover_enabled=&#8220;on|desktop&#8220; meta_top_margin__hover=&#8220;||71px||false|false&#8220; content_padding__hover_enabled=&#8220;on|hover&#8220; content_padding__hover=&#8220;113px||113px||true|true&#8220; title_margin__hover=&#8220;-71px||0px||false|false&#8220; title_font_size__hover=&#8220;28px&#8220;][\/dgbm_blog_module][\/et_pb_column][\/et_pb_row][\/et_pb_section]<\/p>\n","protected":false},"excerpt":{"rendered":"<p>Stadtf\u00fchrerStadtf\u00fchrer &#8211; Was Sie wissen sollten, wenn Sie reisen Suchen Sie nach dem besten Restaurant, dem besten Kunstmuseum oder dem ber\u00fchmtesten Wahrzeichen? Die Kaffee Diary City Guides sind eine Quelle f\u00fcr Insider-Tipps von Einheimischen und eine \u00dcbersicht \u00fcber die aktuellen Veranstaltungen in einer Stadt. Wir aktualisieren unsere Reisef\u00fchrer st\u00e4ndig mit neuen sehenswerten Orten.Was ist ein [&hellip;]<\/p>\n","protected":false},"author":1,"featured_media":0,"parent":0,"menu_order":0,"comment_status":"closed","ping_status":"closed","template":"","meta":{"_et_pb_use_builder":"on","_et_pb_old_content":"","_et_gb_content_width":"","_wp_convertkit_post_meta":{"form":"-1","landing_page":"0","tag":"0","restrict_content":"0"},"footnotes":""},"class_list":["post-8106","page","type-page","status-publish","hentry"],"_links":{"self":[{"href":"https:\/\/kaffediary.com\/de\/wp-json\/wp\/v2\/pages\/8106","targetHints":{"allow":["GET"]}}],"collection":[{"href":"https:\/\/kaffediary.com\/de\/wp-json\/wp\/v2\/pages"}],"about":[{"href":"https:\/\/kaffediary.com\/de\/wp-json\/wp\/v2\/types\/page"}],"author":[{"embeddable":true,"href":"https:\/\/kaffediary.com\/de\/wp-json\/wp\/v2\/users\/1"}],"replies":[{"embeddable":true,"href":"https:\/\/kaffediary.com\/de\/wp-json\/wp\/v2\/comments?post=8106"}],"version-history":[{"count":15,"href":"https:\/\/kaffediary.com\/de\/wp-json\/wp\/v2\/pages\/8106\/revisions"}],"predecessor-version":[{"id":11990,"href":"https:\/\/kaffediary.com\/de\/wp-json\/wp\/v2\/pages\/8106\/revisions\/11990"}],"wp:attachment":[{"href":"https:\/\/kaffediary.com\/de\/wp-json\/wp\/v2\/media?parent=8106"}],"curies":[{"name":"wp","href":"https:\/\/api.w.org\/{rel}","templated":true}]}}