{"id":8453,"date":"2022-10-02T17:31:07","date_gmt":"2022-10-02T17:31:07","guid":{"rendered":"https:\/\/kaffediary.com\/geschaeftsreiseziele\/europa-als-geschaeftsziel\/"},"modified":"2024-01-26T16:55:42","modified_gmt":"2024-01-26T16:55:42","slug":"europa-de","status":"publish","type":"page","link":"https:\/\/kaffediary.com\/de\/geschaeftsreiseziele\/europa-de\/","title":{"rendered":"Europa als Gesch\u00e4ftsziel"},"content":{"rendered":"<p>[et_pb_section fb_built=&#8220;1&#8243; custom_padding_last_edited=&#8220;off|phone&#8220; admin_label=&#8220;Header&#8220; _builder_version=&#8220;4.17.4&#8243; _module_preset=&#8220;default&#8220; use_background_color_gradient=&#8220;on&#8220; background_color_gradient_stops=&#8220;rgba(52,130,193,0.46) 0%|rgba(6,34,127,0.31) 100%&#8220; background_color_gradient_overlays_image=&#8220;on&#8220; background_color_gradient_start=&#8220;rgba(52,130,193,0.46)&#8220; background_color_gradient_end=&#8220;rgba(6,34,127,0.31)&#8220; background_image=&#8220;https:\/\/kaffediary.com\/wp-content\/uploads\/2022\/10\/Europe-Business-Travel-Destination-Header-Image.jpg&#8220; custom_padding=&#8220;10vw||18vw||false|false&#8220; custom_padding_tablet=&#8220;||||false|false&#8220; custom_padding_phone=&#8220;||||false|false&#8220; global_colors_info=&#8220;{}&#8220;][et_pb_row _builder_version=&#8220;4.16&#8243; _module_preset=&#8220;default&#8220; global_colors_info=&#8220;{}&#8220;][et_pb_column type=&#8220;4_4&#8243; _builder_version=&#8220;4.16&#8243; _module_preset=&#8220;default&#8220; global_colors_info=&#8220;{}&#8220;][et_pb_text _builder_version=&#8220;4.18.1&#8243; _module_preset=&#8220;d72c0383-6487-4f2c-ac5c-7d48a6376757&#8243; header_font=&#8220;||||||||&#8220; header_text_color=&#8220;#FFFFFF&#8220; header_font_size=&#8220;50px&#8220; header_line_height=&#8220;1.3em&#8220; text_orientation=&#8220;center&#8220; max_width=&#8220;750px&#8220; module_alignment=&#8220;center&#8220; animation_direction=&#8220;top&#8220; header_font_size_tablet=&#8220;36px&#8220; header_font_size_phone=&#8220;30px&#8220; header_font_size_last_edited=&#8220;on|desktop&#8220; global_colors_info=&#8220;{}&#8220;]<\/p>\n<h1>Europa Gesch\u00e4ftsreisen Reiseziele<\/h1>\n<p>[\/et_pb_text][\/et_pb_column][\/et_pb_row][\/et_pb_section][et_pb_section fb_built=&#8220;1&#8243; _builder_version=&#8220;4.16&#8243; _module_preset=&#8220;default&#8220; custom_padding=&#8220;20px||20px||true|false&#8220; global_colors_info=&#8220;{}&#8220;][et_pb_row _builder_version=&#8220;4.19.0&#8243; _module_preset=&#8220;default&#8220; width=&#8220;88%&#8220; max_width=&#8220;1920px&#8220; global_colors_info=&#8220;{}&#8220;][et_pb_column type=&#8220;4_4&#8243; _builder_version=&#8220;4.16&#8243; _module_preset=&#8220;default&#8220; global_colors_info=&#8220;{}&#8220;][et_pb_text _builder_version=&#8220;4.19.0&#8243; _module_preset=&#8220;default&#8220; text_font=&#8220;|200|||||||&#8220; text_text_color=&#8220;#000000&#8243; text_font_size=&#8220;24px&#8220; text_line_height=&#8220;1.6em&#8220; link_text_color=&#8220;gcid-b7844457-9a4a-40b7-b5ff-ee179fffa736&#8243; link_font_size=&#8220;24px&#8220; link_line_height=&#8220;1.5em&#8220; width_tablet=&#8220;&#8220; width_phone=&#8220;98%&#8220; width_last_edited=&#8220;on|desktop&#8220; text_font_tablet=&#8220;Mulish|300|||||||&#8220; text_font_phone=&#8220;Mulish|300|||||||&#8220; text_font_last_edited=&#8220;on|desktop&#8220; text_font_size_tablet=&#8220;20px&#8220; text_font_size_phone=&#8220;18px&#8220; text_font_size_last_edited=&#8220;on|desktop&#8220; link_font_size_tablet=&#8220;22px&#8220; link_font_size_phone=&#8220;20px&#8220; link_font_size_last_edited=&#8220;on|desktop&#8220; global_colors_info=&#8220;{%22gcid-b7844457-9a4a-40b7-b5ff-ee179fffa736%22:%91%22link_text_color%22%93}&#8220;]<\/p>\n<p><a href=\"https:\/\/dictionary.cambridge.org\/dictionary\/english\/europe\" target=\"_blank\" rel=\"noopener\">Europa<\/a> ist vielf\u00e4ltig und einer der buntesten Kontinente der Welt. W\u00e4lder, Fl\u00fcsse und Kan\u00e4le durchziehen Westeuropa, wo alte St\u00e4dte ihre historischen Sehensw\u00fcrdigkeiten anbieten. Mitteleuropa beherbergt einige der sch\u00f6nsten St\u00e4dte der Welt, die sich durch historische Architektur und atemberaubende Natursch\u00f6nheiten auszeichnen. Osteuropa will nicht zur\u00fcckstehen, wenn es um Sch\u00f6nheit und historische Sch\u00e4tze geht, mit spektakul\u00e4ren St\u00e4dten, die malerische Fl\u00fcsse \u00fcberblicken, und Ruinen untergegangener K\u00f6nigsdynastien.<\/p>\n<p>Der europ\u00e4ische Kontinent ist eine vielf\u00e4ltige Ansammlung von L\u00e4ndern. Er gilt als einer der gr\u00f6\u00dften Kontinente der Welt.<\/p>\n<p>Auf dieser Seite werden einige der kleineren europ\u00e4ischen L\u00e4nder und ihre Definition von Unternehmenskultur vorgestellt. Vor allem die Gr\u00f6\u00dfe, die Wirtschaft und die Handelspartner wirken sich auf ihre Ansichten, Regulierungsfragen und die Gesetzgebung im Allgemeinen aus.<\/p>\n<p>[\/et_pb_text][\/et_pb_column][\/et_pb_row][et_pb_row _builder_version=&#8220;4.19.0&#8243; _module_preset=&#8220;default&#8220; global_colors_info=&#8220;{}&#8220;][et_pb_column type=&#8220;4_4&#8243; _builder_version=&#8220;4.19.0&#8243; _module_preset=&#8220;default&#8220; global_colors_info=&#8220;{}&#8220;][et_pb_code _builder_version=&#8220;4.19.0&#8243; _module_preset=&#8220;default&#8220; global_colors_info=&#8220;{}&#8220;]<div class=\"map_wrapper\" id=\"map_wrapper_7737\">\n<div class=\"map_box\" style=\"max-width:2000px\">\n<div class=\"map_aspect_ratio\" style=\"padding-top:56%\" data-padding-top=\"56%\" data-padding-top-mobile=\"0%\">\n<div class=\"map_container\">\n<div class=\"map_render map_loading\" id=\"map_7737\"><\/div>\n<\/div>\n<\/div>\n<\/div>\n<\/div>[\/et_pb_code][\/et_pb_column][\/et_pb_row][\/et_pb_section][et_pb_section fb_built=&#8220;1&#8243; _builder_version=&#8220;4.16&#8243; _module_preset=&#8220;default&#8220; custom_padding=&#8220;0px||0px||false|false&#8220; global_colors_info=&#8220;{}&#8220;][et_pb_row _builder_version=&#8220;4.19.0&#8243; _module_preset=&#8220;default&#8220; width=&#8220;88%&#8220; max_width=&#8220;1920px&#8220; global_colors_info=&#8220;{}&#8220;][et_pb_column type=&#8220;4_4&#8243; _builder_version=&#8220;4.16&#8243; _module_preset=&#8220;default&#8220; global_colors_info=&#8220;{}&#8220;][et_pb_text _builder_version=&#8220;4.19.0&#8243; _module_preset=&#8220;default&#8220; text_font=&#8220;|200|||||||&#8220; text_text_color=&#8220;gcid-8582d6b2-ff93-467d-8a95-c50d6acf939e&#8220; text_font_size=&#8220;24px&#8220; text_line_height=&#8220;1.6em&#8220; link_text_color=&#8220;gcid-b7844457-9a4a-40b7-b5ff-ee179fffa736&#8243; link_font_size=&#8220;24px&#8220; link_line_height=&#8220;1.5em&#8220; header_2_text_color=&#8220;gcid-a1e60d66-76d8-4612-a9ca-a005678239ae&#8220; header_2_font_size=&#8220;36px&#8220; header_2_line_height=&#8220;1.4em&#8220; width_tablet=&#8220;&#8220; width_phone=&#8220;98%&#8220; width_last_edited=&#8220;on|desktop&#8220; text_font_tablet=&#8220;Mulish|300|||||||&#8220; text_font_phone=&#8220;Mulish|300|||||||&#8220; text_font_last_edited=&#8220;on|desktop&#8220; text_font_size_tablet=&#8220;20px&#8220; text_font_size_phone=&#8220;18px&#8220; text_font_size_last_edited=&#8220;on|desktop&#8220; link_font_size_tablet=&#8220;22px&#8220; link_font_size_phone=&#8220;20px&#8220; link_font_size_last_edited=&#8220;on|desktop&#8220; header_2_font_size_tablet=&#8220;32px&#8220; header_2_font_size_phone=&#8220;32px&#8220; header_2_font_size_last_edited=&#8220;on|phone&#8220; global_colors_info=&#8220;{%22gcid-a1e60d66-76d8-4612-a9ca-a005678239ae%22:%91%22header_2_text_color%22%93,%22gcid-b7844457-9a4a-40b7-b5ff-ee179fffa736%22:%91%22link_text_color%22%93,%22gcid-8582d6b2-ff93-467d-8a95-c50d6acf939e%22:%91%22text_text_color%22%93}&#8220;]<\/p>\n<h2>\u00dcber den europ\u00e4ischen Kontinent<\/h2>\n<p>Die <a href=\"https:\/\/european-union.europa.eu\/index_en\" target=\"_blank\" rel=\"noopener\">Europ\u00e4ische Union (EU)<\/a> ist ein politischer und wirtschaftlicher Zusammenschluss von Mitgliedsstaaten, die haupts\u00e4chlich in Europa liegen. Die EU hat durch einheitliche Gesetze erfolgreich einen Binnenmarkt geschaffen. Diese Gesetze gelten in allen Mitgliedsstaaten. Ziel ist ein offener, grenzenloser Raum, in dem sich Waren, Dienstleistungen, Kapital und Menschen ohne Einschr\u00e4nkungen und Hindernisse frei bewegen k\u00f6nnen.<\/p>\n<p>Der europ\u00e4ische Kontinent ist einer der erfolgreichsten Wirtschaftsr\u00e4ume der Welt.<\/p>\n<p>Wenn Sie den europ\u00e4ischen Kontinent besuchen, sollten Sie sicherstellen, dass Sie alle Ihre Dokumente in Ordnung haben. Die Beh\u00f6rden hier sind streng in Bezug auf die Einwanderungsgesetze, also stellen Sie sicher, dass Sie alle Ihre Papiere erledigt haben, bevor Sie Ihre Reise antreten.<\/p>\n<p>[\/et_pb_text][\/et_pb_column][\/et_pb_row][et_pb_row column_structure=&#8220;1_5,3_5,1_5&#8243; use_custom_gutter=&#8220;on&#8220; gutter_width=&#8220;1&#8243; _builder_version=&#8220;4.19.0&#8243; _module_preset=&#8220;default&#8220; width=&#8220;88%&#8220; max_width=&#8220;1920px&#8220; global_colors_info=&#8220;{}&#8220;][et_pb_column type=&#8220;1_5&#8243; _builder_version=&#8220;4.16&#8243; _module_preset=&#8220;default&#8220; global_colors_info=&#8220;{}&#8220;][\/et_pb_column][et_pb_column type=&#8220;3_5&#8243; _builder_version=&#8220;4.16&#8243; _module_preset=&#8220;default&#8220; global_colors_info=&#8220;{}&#8220;][et_pb_image src=&#8220;https:\/\/kaffediary.com\/wp-content\/uploads\/2022\/10\/European-Travel-Destination-Section.jpg&#8220; alt=&#8220;Gesch\u00e4ftsreiseziele &#8211; Reisekoffer&#8220; title_text=&#8220;Abschnitt Europ\u00e4ische Reiseziele&#8220; _builder_version=&#8220;4.17.4&#8243; _module_preset=&#8220;default&#8220; global_colors_info=&#8220;{}&#8220;][\/et_pb_image][\/et_pb_column][et_pb_column type=&#8220;1_5&#8243; _builder_version=&#8220;4.16&#8243; _module_preset=&#8220;default&#8220; global_colors_info=&#8220;{}&#8220;][\/et_pb_column][\/et_pb_row][\/et_pb_section][et_pb_section fb_built=&#8220;1&#8243; _builder_version=&#8220;4.16&#8243; _module_preset=&#8220;default&#8220; global_colors_info=&#8220;{}&#8220;][et_pb_row _builder_version=&#8220;4.19.0&#8243; _module_preset=&#8220;default&#8220; width=&#8220;88%&#8220; max_width=&#8220;1920px&#8220; custom_padding=&#8220;0px||0px||false|false&#8220; global_colors_info=&#8220;{}&#8220;][et_pb_column type=&#8220;4_4&#8243; _builder_version=&#8220;4.16&#8243; _module_preset=&#8220;default&#8220; global_colors_info=&#8220;{}&#8220;][et_pb_text _builder_version=&#8220;4.17.4&#8243; _module_preset=&#8220;default&#8220; text_font=&#8220;|200|||||||&#8220; text_text_color=&#8220;gcid-8582d6b2-ff93-467d-8a95-c50d6acf939e&#8220; text_font_size=&#8220;24px&#8220; text_line_height=&#8220;1.6em&#8220; link_text_color=&#8220;gcid-b7844457-9a4a-40b7-b5ff-ee179fffa736&#8243; link_font_size=&#8220;24px&#8220; link_line_height=&#8220;1.5em&#8220; header_2_text_color=&#8220;gcid-a1e60d66-76d8-4612-a9ca-a005678239ae&#8220; header_2_font_size=&#8220;36px&#8220; header_2_line_height=&#8220;1.4em&#8220; width_tablet=&#8220;&#8220; width_phone=&#8220;98%&#8220; width_last_edited=&#8220;on|desktop&#8220; text_font_tablet=&#8220;Mulish|300|||||||&#8220; text_font_phone=&#8220;Mulish|300|||||||&#8220; text_font_last_edited=&#8220;on|desktop&#8220; text_font_size_tablet=&#8220;20px&#8220; text_font_size_phone=&#8220;18px&#8220; text_font_size_last_edited=&#8220;on|desktop&#8220; link_font_size_tablet=&#8220;22px&#8220; link_font_size_phone=&#8220;20px&#8220; link_font_size_last_edited=&#8220;on|desktop&#8220; header_2_font_size_tablet=&#8220;32px&#8220; header_2_font_size_phone=&#8220;32px&#8220; header_2_font_size_last_edited=&#8220;on|phone&#8220; global_colors_info=&#8220;{%22gcid-a1e60d66-76d8-4612-a9ca-a005678239ae%22:%91%22header_2_text_color%22%93,%22gcid-b7844457-9a4a-40b7-b5ff-ee179fffa736%22:%91%22link_text_color%22%93,%22gcid-8582d6b2-ff93-467d-8a95-c50d6acf939e%22:%91%22text_text_color%22%93,%22gcid-7814a719-c4c1-4b0f-b019-492bb0f30365%22:%91%22link_text_color%22,%22link_text_color%22%93,%22gcid-451f3261-61c2-4dbe-bb50-a5feeb4e6554%22:%91%22header_2_text_color%22%93,%22gcid-0ca197d1-1f9b-4986-b00e-3ae7a424a238%22:%91%22header_6_text_color%22%93}&#8220;]<\/p>\n<h2>Was Sie bei einem Gesch\u00e4ftsbesuch auf dem europ\u00e4ischen Kontinent erwarten k\u00f6nnen<\/h2>\n<p>Lassen Sie sich von der Kultur und Geschichte Europas beeindrucken. Europa gibt es schon seit Tausenden von Jahren &#8211; und wenn man dar\u00fcber nachdenkt, ist seine Geschichte l\u00e4nger, als es manche L\u00e4nder insgesamt gibt! Es ist kein Wunder, dass es hier viele Museen und historische St\u00e4tten gibt und die Industrie floriert.<\/p>\n<p>Bereiten Sie sich auf einige Sprachbarrieren vor. Auch wenn die meisten Europ\u00e4er flie\u00dfend Englisch sprechen (vor allem junge Leute), ist es dennoch wichtig, auf Situationen vorbereitet zu sein, in denen kein Englisch gesprochen wird. F\u00fchren Sie immer einen Sprachf\u00fchrer mit sich (oder laden Sie einen auf Ihr Handy herunter), damit Sie auf unerwartete Ereignisse im Ausland vorbereitet sind!<\/p>\n<p>Unternehmen, die sich in Europa niederlassen wollen, sollten in Erw\u00e4gung ziehen, mit mehreren L\u00e4ndern statt nur mit einem oder zwei L\u00e4ndern Gesch\u00e4fte zu machen, um den gr\u00f6\u00dftm\u00f6glichen Gewinn zu erzielen.<\/p>\n<p>[\/et_pb_text][\/et_pb_column][\/et_pb_row][et_pb_row _builder_version=&#8220;4.16&#8243; _module_preset=&#8220;default&#8220; width=&#8220;90%&#8220; max_width=&#8220;1920px&#8220; global_colors_info=&#8220;{}&#8220;][et_pb_column type=&#8220;4_4&#8243; _builder_version=&#8220;4.16&#8243; _module_preset=&#8220;default&#8220; global_colors_info=&#8220;{}&#8220;][et_pb_text _builder_version=&#8220;4.19.1&#8243; _module_preset=&#8220;default&#8220; text_font=&#8220;|200|||||||&#8220; text_text_color=&#8220;gcid-8582d6b2-ff93-467d-8a95-c50d6acf939e&#8220; text_font_size=&#8220;24px&#8220; text_line_height=&#8220;1.6em&#8220; link_text_color=&#8220;gcid-b7844457-9a4a-40b7-b5ff-ee179fffa736&#8243; link_font_size=&#8220;24px&#8220; link_line_height=&#8220;1.5em&#8220; header_2_text_color=&#8220;gcid-a1e60d66-76d8-4612-a9ca-a005678239ae&#8220; header_2_font_size=&#8220;36px&#8220; header_2_line_height=&#8220;1.4em&#8220; width_tablet=&#8220;&#8220; width_phone=&#8220;98%&#8220; width_last_edited=&#8220;on|desktop&#8220; hover_enabled=&#8220;0&#8243; text_font_tablet=&#8220;Mulish|300|||||||&#8220; text_font_phone=&#8220;Mulish|300|||||||&#8220; text_font_last_edited=&#8220;on|desktop&#8220; text_font_size_tablet=&#8220;20px&#8220; text_font_size_phone=&#8220;18px&#8220; text_font_size_last_edited=&#8220;on|desktop&#8220; link_font_size_tablet=&#8220;22px&#8220; link_font_size_phone=&#8220;20px&#8220; link_font_size_last_edited=&#8220;on|desktop&#8220; header_2_font_size_tablet=&#8220;32px&#8220; header_2_font_size_phone=&#8220;32px&#8220; header_2_font_size_last_edited=&#8220;on|phone&#8220; global_colors_info=&#8220;{%22gcid-a1e60d66-76d8-4612-a9ca-a005678239ae%22:%91%22header_2_text_color%22%93,%22gcid-b7844457-9a4a-40b7-b5ff-ee179fffa736%22:%91%22link_text_color%22%93,%22gcid-8582d6b2-ff93-467d-8a95-c50d6acf939e%22:%91%22text_text_color%22%93,%22gcid-7814a719-c4c1-4b0f-b019-492bb0f30365%22:%91%22link_text_color%22,%22link_text_color%22%93,%22gcid-451f3261-61c2-4dbe-bb50-a5feeb4e6554%22:%91%22header_2_text_color%22%93,%22gcid-0ca197d1-1f9b-4986-b00e-3ae7a424a238%22:%91%22header_6_text_color%22%93}&#8220; disabled_on=&#8220;on|on|on&#8220; disabled=&#8220;on&#8220; sticky_enabled=&#8220;0&#8243;]<\/p>\n<h2>Liste der europ\u00e4ischen Regionen<\/h2>\n<p>[\/et_pb_text][\/et_pb_column][\/et_pb_row][et_pb_row column_structure=&#8220;1_2,1_2&#8243; _builder_version=&#8220;4.19.1&#8243; _module_preset=&#8220;default&#8220; hover_enabled=&#8220;0&#8243; global_colors_info=&#8220;{}&#8220; disabled_on=&#8220;on|on|on&#8220; disabled=&#8220;on&#8220; sticky_enabled=&#8220;0&#8243;][et_pb_column type=&#8220;1_2&#8243; _builder_version=&#8220;4.16&#8243; _module_preset=&#8220;default&#8220; global_colors_info=&#8220;{}&#8220;][et_pb_cta title=&#8220;Westeuropa&#8220; button_text=&#8220;Klicken Sie hier&#8220; _builder_version=&#8220;4.18.1&#8243; _module_preset=&#8220;default&#8220; background_image=&#8220;https:\/\/kaffediary.com\/wp-content\/uploads\/2022\/10\/WEurope-Travel.jpg&#8220; min_height_tablet=&#8220;&#8220; min_height_phone=&#8220;&#8220; min_height_last_edited=&#8220;on|desktop&#8220; height=&#8220;450px&#8220; global_colors_info=&#8220;{}&#8220;][\/et_pb_cta][et_pb_cta title=&#8220;S\u00fcdeuropa&#8220; button_text=&#8220;Klicken Sie hier&#8220; _builder_version=&#8220;4.18.1&#8243; _module_preset=&#8220;default&#8220; background_enable_color=&#8220;off&#8220; background_image=&#8220;https:\/\/kaffediary.com\/wp-content\/uploads\/2022\/10\/SEurope-Travel.jpg&#8220; min_height_tablet=&#8220;&#8220; min_height_phone=&#8220;&#8220; min_height_last_edited=&#8220;on|desktop&#8220; height=&#8220;450px&#8220; global_colors_info=&#8220;{}&#8220;][\/et_pb_cta][\/et_pb_column][et_pb_column type=&#8220;1_2&#8243; _builder_version=&#8220;4.16&#8243; _module_preset=&#8220;default&#8220; global_colors_info=&#8220;{}&#8220;][et_pb_cta title=&#8220;Osteuropa&#8220; button_text=&#8220;Klicken Sie hier&#8220; _builder_version=&#8220;4.18.1&#8243; _module_preset=&#8220;default&#8220; background_image=&#8220;https:\/\/kaffediary.com\/wp-content\/uploads\/2022\/10\/EEurope-Travel.jpg&#8220; min_height_tablet=&#8220;&#8220; min_height_phone=&#8220;&#8220; min_height_last_edited=&#8220;on|desktop&#8220; height=&#8220;450px&#8220; global_colors_info=&#8220;{}&#8220;][\/et_pb_cta][et_pb_cta title=&#8220;Nordeuropa&#8220; button_text=&#8220;Klicken Sie hier&#8220; _builder_version=&#8220;4.18.1&#8243; _module_preset=&#8220;default&#8220; background_enable_color=&#8220;off&#8220; background_image=&#8220;https:\/\/kaffediary.com\/wp-content\/uploads\/2022\/10\/NEurope-Travel.jpg&#8220; min_height_tablet=&#8220;&#8220; min_height_phone=&#8220;&#8220; min_height_last_edited=&#8220;on|desktop&#8220; height=&#8220;450px&#8220; global_colors_info=&#8220;{}&#8220;][\/et_pb_cta][\/et_pb_column][\/et_pb_row][et_pb_row _builder_version=&#8220;4.19.0&#8243; _module_preset=&#8220;default&#8220; width=&#8220;88%&#8220; max_width=&#8220;1920px&#8220; custom_padding=&#8220;0px||0px||false|false&#8220; global_colors_info=&#8220;{}&#8220;][et_pb_column type=&#8220;4_4&#8243; _builder_version=&#8220;4.16&#8243; _module_preset=&#8220;default&#8220; global_colors_info=&#8220;{}&#8220;][et_pb_text _builder_version=&#8220;4.19.0&#8243; _module_preset=&#8220;default&#8220; text_font=&#8220;|200|||||||&#8220; text_text_color=&#8220;#000000&#8243; text_font_size=&#8220;24px&#8220; text_line_height=&#8220;1.5em&#8220; link_text_color=&#8220;gcid-7814a719-c4c1-4b0f-b019-492bb0f30365&#8243; link_font_size=&#8220;24px&#8220; link_line_height=&#8220;1.5em&#8220; header_2_text_color=&#8220;gcid-451f3261-61c2-4dbe-bb50-a5feeb4e6554&#8243; header_2_font_size=&#8220;36px&#8220; header_2_line_height=&#8220;1.4em&#8220; header_6_text_color=&#8220;gcid-a1e60d66-76d8-4612-a9ca-a005678239ae&#8220; header_6_font_size=&#8220;26px&#8220; header_6_line_height=&#8220;1.5em&#8220; width_tablet=&#8220;&#8220; width_phone=&#8220;98%&#8220; width_last_edited=&#8220;on|desktop&#8220; text_font_tablet=&#8220;Mulish|300|||||||&#8220; text_font_phone=&#8220;Mulish|300|||||||&#8220; text_font_last_edited=&#8220;on|desktop&#8220; text_font_size_tablet=&#8220;22px&#8220; text_font_size_phone=&#8220;20px&#8220; text_font_size_last_edited=&#8220;on|phone&#8220; link_font_size_tablet=&#8220;22px&#8220; link_font_size_phone=&#8220;20px&#8220; link_font_size_last_edited=&#8220;on|desktop&#8220; header_2_font_size_tablet=&#8220;32px&#8220; header_2_font_size_phone=&#8220;32px&#8220; header_2_font_size_last_edited=&#8220;on|phone&#8220; header_6_font_size_tablet=&#8220;26px&#8220; header_6_font_size_phone=&#8220;22px&#8220; header_6_font_size_last_edited=&#8220;on|phone&#8220; global_colors_info=&#8220;{%22gcid-7814a719-c4c1-4b0f-b019-492bb0f30365%22:%91%22link_text_color%22,%22link_text_color%22%93,%22gcid-451f3261-61c2-4dbe-bb50-a5feeb4e6554%22:%91%22header_2_text_color%22%93,%22gcid-a1e60d66-76d8-4612-a9ca-a005678239ae%22:%91%22header_6_text_color%22%93}&#8220;]<\/p>\n<h6>Europa ist in der Tat ein gro\u00dfartiges Ziel f\u00fcr Gesch\u00e4ftsreisende. Es ist ein gro\u00dfartiger Ort, um B\u00fcros einzurichten. Sie werden wahrscheinlich mit verschiedenen Kulturen, verschiedenen Sprachen und m\u00f6glicherweise verschiedenen Gesetzen zu tun haben (je nachdem, in welchem Land Sie gesch\u00e4ftlich t\u00e4tig sein werden, versteht sich).<\/h6>\n<h6>Aber es gibt alle Arten von M\u00f6glichkeiten, hier Gesch\u00e4fte zu machen.<\/h6>\n<p>[\/et_pb_text][\/et_pb_column][\/et_pb_row][\/et_pb_section]<\/p>\n","protected":false},"excerpt":{"rendered":"<p>Europa Gesch\u00e4ftsreisen ReisezieleEuropa ist vielf\u00e4ltig und einer der buntesten Kontinente der Welt. W\u00e4lder, Fl\u00fcsse und Kan\u00e4le durchziehen Westeuropa, wo alte St\u00e4dte ihre historischen Sehensw\u00fcrdigkeiten anbieten. Mitteleuropa beherbergt einige der sch\u00f6nsten St\u00e4dte der Welt, die sich durch historische Architektur und atemberaubende Natursch\u00f6nheiten auszeichnen. Osteuropa will nicht zur\u00fcckstehen, wenn es um Sch\u00f6nheit und historische Sch\u00e4tze geht, mit [&hellip;]<\/p>\n","protected":false},"author":1,"featured_media":0,"parent":6816,"menu_order":0,"comment_status":"closed","ping_status":"closed","template":"","meta":{"_et_pb_use_builder":"on","_et_pb_old_content":"","_et_gb_content_width":"","_wp_convertkit_post_meta":{"form":"-1","landing_page":"","tag":"0"},"footnotes":""},"class_list":["post-8453","page","type-page","status-publish","hentry"],"_links":{"self":[{"href":"https:\/\/kaffediary.com\/de\/wp-json\/wp\/v2\/pages\/8453","targetHints":{"allow":["GET"]}}],"collection":[{"href":"https:\/\/kaffediary.com\/de\/wp-json\/wp\/v2\/pages"}],"about":[{"href":"https:\/\/kaffediary.com\/de\/wp-json\/wp\/v2\/types\/page"}],"author":[{"embeddable":true,"href":"https:\/\/kaffediary.com\/de\/wp-json\/wp\/v2\/users\/1"}],"replies":[{"embeddable":true,"href":"https:\/\/kaffediary.com\/de\/wp-json\/wp\/v2\/comments?post=8453"}],"version-history":[{"count":13,"href":"https:\/\/kaffediary.com\/de\/wp-json\/wp\/v2\/pages\/8453\/revisions"}],"predecessor-version":[{"id":11861,"href":"https:\/\/kaffediary.com\/de\/wp-json\/wp\/v2\/pages\/8453\/revisions\/11861"}],"up":[{"embeddable":true,"href":"https:\/\/kaffediary.com\/de\/wp-json\/wp\/v2\/pages\/6816"}],"wp:attachment":[{"href":"https:\/\/kaffediary.com\/de\/wp-json\/wp\/v2\/media?parent=8453"}],"curies":[{"name":"wp","href":"https:\/\/api.w.org\/{rel}","templated":true}]}}