{"id":8633,"date":"2022-11-04T14:13:57","date_gmt":"2022-11-04T14:13:57","guid":{"rendered":"https:\/\/kaffediary.com\/geschaeftsreiseziele\/afrika-geschaeftsziel\/"},"modified":"2024-01-26T16:54:04","modified_gmt":"2024-01-26T16:54:04","slug":"afrika-geschaeftsziel","status":"publish","type":"page","link":"https:\/\/kaffediary.com\/de\/geschaeftsreiseziele\/afrika-geschaeftsziel\/","title":{"rendered":"Afrika Gesch\u00e4ftsziel"},"content":{"rendered":"<p>[et_pb_section fb_built=&#8220;1&#8243; custom_padding_last_edited=&#8220;off|phone&#8220; admin_label=&#8220;Header&#8220; _builder_version=&#8220;4.19.0&#8243; _module_preset=&#8220;default&#8220; use_background_color_gradient=&#8220;on&#8220; background_color_gradient_stops=&#8220;rgba(52,130,193,0.46) 0%|rgba(6,34,127,0.31) 100%&#8220; background_color_gradient_overlays_image=&#8220;on&#8220; background_color_gradient_start=&#8220;rgba(52,130,193,0.46)&#8220; background_color_gradient_end=&#8220;rgba(6,34,127,0.31)&#8220; background_image=&#8220;https:\/\/kaffediary.com\/wp-content\/uploads\/2022\/11\/Africa.jpg&#8220; custom_padding=&#8220;10vw||18vw||false|false&#8220; custom_padding_tablet=&#8220;||||false|false&#8220; custom_padding_phone=&#8220;||||false|false&#8220; global_colors_info=&#8220;{}&#8220;][et_pb_row _builder_version=&#8220;4.16&#8243; _module_preset=&#8220;default&#8220; global_colors_info=&#8220;{}&#8220;][et_pb_column type=&#8220;4_4&#8243; _builder_version=&#8220;4.16&#8243; _module_preset=&#8220;default&#8220; global_colors_info=&#8220;{}&#8220;][et_pb_text _builder_version=&#8220;4.19.1&#8243; _module_preset=&#8220;d72c0383-6487-4f2c-ac5c-7d48a6376757&#8243; header_font=&#8220;||||||||&#8220; header_text_color=&#8220;#FFFFFF&#8220; header_font_size=&#8220;50px&#8220; header_line_height=&#8220;1.3em&#8220; text_orientation=&#8220;center&#8220; max_width=&#8220;750px&#8220; module_alignment=&#8220;center&#8220; animation_direction=&#8220;top&#8220; header_font_size_tablet=&#8220;36px&#8220; header_font_size_phone=&#8220;30px&#8220; header_font_size_last_edited=&#8220;on|desktop&#8220; global_colors_info=&#8220;{}&#8220;]<\/p>\n<h1>Afrika &#8211; Reiseziele f\u00fcr Gesch\u00e4ftsreisende<\/h1>\n<p>[\/et_pb_text][\/et_pb_column][\/et_pb_row][\/et_pb_section][et_pb_section fb_built=&#8220;1&#8243; _builder_version=&#8220;4.16&#8243; _module_preset=&#8220;default&#8220; custom_padding=&#8220;20px||20px||true|false&#8220; global_colors_info=&#8220;{}&#8220;][et_pb_row use_custom_gutter=&#8220;on&#8220; gutter_width=&#8220;1&#8243; _builder_version=&#8220;4.19.1&#8243; _module_preset=&#8220;default&#8220; width=&#8220;90%&#8220; max_width=&#8220;1920px&#8220; global_colors_info=&#8220;{}&#8220;][et_pb_column type=&#8220;4_4&#8243; _builder_version=&#8220;4.16&#8243; _module_preset=&#8220;default&#8220; global_colors_info=&#8220;{}&#8220;][et_pb_text _builder_version=&#8220;4.19.0&#8243; _module_preset=&#8220;default&#8220; text_font=&#8220;|200|||||||&#8220; text_text_color=&#8220;#000000&#8243; text_font_size=&#8220;24px&#8220; text_line_height=&#8220;1.5em&#8220; link_text_color=&#8220;gcid-7814a719-c4c1-4b0f-b019-492bb0f30365&#8243; link_font_size=&#8220;24px&#8220; link_line_height=&#8220;1.5em&#8220; ul_font=&#8220;||||||||&#8220; ul_font_size=&#8220;24px&#8220; ul_line_height=&#8220;1.5em&#8220; header_2_text_color=&#8220;gcid-a1e60d66-76d8-4612-a9ca-a005678239ae&#8220; header_2_font_size=&#8220;36px&#8220; header_2_line_height=&#8220;1.4em&#8220; header_3_text_color=&#8220;gcid-a1e60d66-76d8-4612-a9ca-a005678239ae&#8220; header_3_font_size=&#8220;26px&#8220; width_tablet=&#8220;&#8220; width_phone=&#8220;98%&#8220; width_last_edited=&#8220;on|desktop&#8220; text_font_tablet=&#8220;Mulish|300|||||||&#8220; text_font_phone=&#8220;Mulish|300|||||||&#8220; text_font_last_edited=&#8220;on|desktop&#8220; text_font_size_tablet=&#8220;20px&#8220; text_font_size_phone=&#8220;18px&#8220; text_font_size_last_edited=&#8220;on|phone&#8220; link_font_size_tablet=&#8220;22px&#8220; link_font_size_phone=&#8220;20px&#8220; link_font_size_last_edited=&#8220;on|desktop&#8220; ul_font_size_tablet=&#8220;20px&#8220; ul_font_size_phone=&#8220;18px&#8220; ul_font_size_last_edited=&#8220;on|desktop&#8220; header_2_font_size_tablet=&#8220;32px&#8220; header_2_font_size_phone=&#8220;28px&#8220; header_2_font_size_last_edited=&#8220;on|desktop&#8220; header_3_font_size_tablet=&#8220;22px&#8220; header_3_font_size_phone=&#8220;20px&#8220; header_3_font_size_last_edited=&#8220;on|desktop&#8220; global_colors_info=&#8220;{%22gcid-7814a719-c4c1-4b0f-b019-492bb0f30365%22:%91%22link_text_color%22,%22link_text_color%22,%22link_text_color%22,%22link_text_color%22,%22link_text_color%22%93,%22gcid-a1e60d66-76d8-4612-a9ca-a005678239ae%22:%91%22header_2_text_color%22,%22header_3_text_color%22,%22header_2_text_color%22%93,%22gcid-451f3261-61c2-4dbe-bb50-a5feeb4e6554%22:%91%22header_2_text_color%22%93,%22gcid-0ca197d1-1f9b-4986-b00e-3ae7a424a238%22:%91%22header_6_text_color%22%93,%22gcid-8582d6b2-ff93-467d-8a95-c50d6acf939e%22:%91%22text_text_color%22%93}&#8220;]<\/p>\n<p>Afrika, der zweitgr\u00f6\u00dfte Kontinent der Welt, ist eine der dynamischsten und wachstumsst\u00e4rksten Regionen. Es verf\u00fcgt \u00fcber eine wachsende Bev\u00f6lkerung, reichhaltige nat\u00fcrliche Ressourcen und eine pulsierende Wirtschaft.<\/p>\n<p>[\/et_pb_text][\/et_pb_column][\/et_pb_row][\/et_pb_section][et_pb_section fb_built=&#8220;1&#8243; _builder_version=&#8220;4.16&#8243; _module_preset=&#8220;default&#8220; custom_padding=&#8220;0px||0px||false|false&#8220; global_colors_info=&#8220;{}&#8220;][et_pb_row _builder_version=&#8220;4.19.1&#8243; _module_preset=&#8220;default&#8220; width=&#8220;90%&#8220; max_width=&#8220;1920px&#8220; global_colors_info=&#8220;{}&#8220;][et_pb_column type=&#8220;4_4&#8243; _builder_version=&#8220;4.19.1&#8243; _module_preset=&#8220;default&#8220; global_colors_info=&#8220;{}&#8220;][et_pb_code _builder_version=&#8220;4.21.0&#8243; _module_preset=&#8220;default&#8220; hover_enabled=&#8220;0&#8243; global_colors_info=&#8220;{}&#8220; sticky_enabled=&#8220;0&#8243;]<div class=\"map_wrapper\" id=\"map_wrapper_8299\">\n<div class=\"map_box\" style=\"max-width:2000px\">\n<div class=\"map_aspect_ratio\" style=\"padding-top:56%\" data-padding-top=\"56%\" data-padding-top-mobile=\"0%\">\n<div class=\"map_container\">\n<div class=\"map_render map_loading\" id=\"map_8299\"><\/div>\n<\/div>\n<\/div>\n<\/div>\n<\/div><!-- [et_pb_line_break_holder] -->[\/et_pb_code][\/et_pb_column][\/et_pb_row][et_pb_row use_custom_gutter=&#8220;on&#8220; gutter_width=&#8220;1&#8243; _builder_version=&#8220;4.16&#8243; _module_preset=&#8220;default&#8220; width=&#8220;90%&#8220; max_width=&#8220;1920px&#8220; global_colors_info=&#8220;{}&#8220;][et_pb_column type=&#8220;4_4&#8243; _builder_version=&#8220;4.16&#8243; _module_preset=&#8220;default&#8220; global_colors_info=&#8220;{}&#8220;][et_pb_text _builder_version=&#8220;4.19.1&#8243; _module_preset=&#8220;default&#8220; text_font=&#8220;|200|||||||&#8220; text_text_color=&#8220;#000000&#8243; text_font_size=&#8220;24px&#8220; text_line_height=&#8220;1.5em&#8220; link_text_color=&#8220;gcid-7814a719-c4c1-4b0f-b019-492bb0f30365&#8243; link_font_size=&#8220;24px&#8220; link_line_height=&#8220;1.5em&#8220; ul_font=&#8220;||||||||&#8220; ul_font_size=&#8220;24px&#8220; ul_line_height=&#8220;1.5em&#8220; header_2_text_color=&#8220;gcid-a1e60d66-76d8-4612-a9ca-a005678239ae&#8220; header_2_font_size=&#8220;36px&#8220; header_2_line_height=&#8220;1.4em&#8220; header_3_text_color=&#8220;gcid-a1e60d66-76d8-4612-a9ca-a005678239ae&#8220; header_3_font_size=&#8220;26px&#8220; width_tablet=&#8220;&#8220; width_phone=&#8220;98%&#8220; width_last_edited=&#8220;on|desktop&#8220; text_font_tablet=&#8220;Mulish|300|||||||&#8220; text_font_phone=&#8220;Mulish|300|||||||&#8220; text_font_last_edited=&#8220;on|desktop&#8220; text_font_size_tablet=&#8220;20px&#8220; text_font_size_phone=&#8220;18px&#8220; text_font_size_last_edited=&#8220;on|phone&#8220; link_font_size_tablet=&#8220;22px&#8220; link_font_size_phone=&#8220;20px&#8220; link_font_size_last_edited=&#8220;on|desktop&#8220; ul_font_size_tablet=&#8220;20px&#8220; ul_font_size_phone=&#8220;18px&#8220; ul_font_size_last_edited=&#8220;on|desktop&#8220; header_2_font_size_tablet=&#8220;32px&#8220; header_2_font_size_phone=&#8220;28px&#8220; header_2_font_size_last_edited=&#8220;on|desktop&#8220; header_3_font_size_tablet=&#8220;22px&#8220; header_3_font_size_phone=&#8220;20px&#8220; header_3_font_size_last_edited=&#8220;on|desktop&#8220; global_colors_info=&#8220;{%22gcid-7814a719-c4c1-4b0f-b019-492bb0f30365%22:%91%22link_text_color%22,%22link_text_color%22,%22link_text_color%22,%22link_text_color%22%93,%22gcid-a1e60d66-76d8-4612-a9ca-a005678239ae%22:%91%22header_2_text_color%22,%22header_3_text_color%22,%22header_2_text_color%22%93,%22gcid-451f3261-61c2-4dbe-bb50-a5feeb4e6554%22:%91%22header_2_text_color%22%93,%22gcid-0ca197d1-1f9b-4986-b00e-3ae7a424a238%22:%91%22header_6_text_color%22%93}&#8220;]<\/p>\n<h2>\u00dcber den afrikanischen Kontinent<\/h2>\n<p>Afrika ist ein Kontinent mit vielen Chancen, aber auch Herausforderungen. Aufgrund der wachsenden Wirtschaft des Kontinents und der zunehmenden ausl\u00e4ndischen und privaten Investitionen betrachten viele Afrika als Gesch\u00e4ftsziel.<\/p>\n<p>Es ist ein vielf\u00e4ltiger Ort mit einer fantastischen Vielfalt an Landschaften und Klimazonen und einigen weltweit einzigartigen Tieren.<\/p>\n<p>Die afrikanische K\u00fcste ist unglaublich vielf\u00e4ltig und bietet einige der sch\u00f6nsten Str\u00e4nde der Welt. An der Ostk\u00fcste liegen die Inseln Seychellen und Mauritius. An der Westk\u00fcste liegen Madagaskar und Mosambik, und im S\u00fcden liegt S\u00fcdafrika.<\/p>\n<p>Auch das Innere Afrikas ist vielf\u00e4ltig. Es gibt Berge und W\u00fcsten, Fl\u00fcsse und Seen, Grasland und Savannen. Au\u00dferdem gibt es auf dem Kontinent verschiedene Klimazonen, von tropischen \u00fcber gem\u00e4\u00dfigte bis hin zu trockenen W\u00fcstenbedingungen.<\/p>\n<p>Der Kontinent ist auch reich an Kultur. Viele L\u00e4nder haben eine lebendige Kunstszene mit Musikern, die das Leben in ihrem Land besingen oder Geschichten aus alten Zeiten erz\u00e4hlen.<\/p>\n<p>Afrika verf\u00fcgt \u00fcber eine reiche Kunst- und Musikgeschichte, zu der auch traditionelles Kunsthandwerk wie T\u00f6pfern, Korbflechten und Perlenarbeiten geh\u00f6ren. Einige dieser Handwerksk\u00fcnste werden seit Jahrhunderten zwischen verschiedenen St\u00e4mmen gehandelt, w\u00e4hrend andere von H\u00e4ndlern aus anderen Kontinenten beeinflusst wurden. Einige dieser Handwerke werden auch heute noch zu zeremoniellen Zwecken hergestellt.<\/p>\n<p>Seine reiche Geschichte hat viele verschiedene Sprachen und einzigartige kulinarische Traditionen hervorgebracht. Das bedeutet auch, dass es f\u00fcr Reisende viele verschiedene M\u00f6glichkeiten gibt, dieses wundersch\u00f6ne Land zu erleben, ohne von seinen vielen Unterschieden \u00fcberw\u00e4ltigt zu werden!<\/p>\n<p>[\/et_pb_text][\/et_pb_column][\/et_pb_row][et_pb_row column_structure=&#8220;1_5,3_5,1_5&#8243; use_custom_gutter=&#8220;on&#8220; gutter_width=&#8220;1&#8243; _builder_version=&#8220;4.19.1&#8243; _module_preset=&#8220;default&#8220; width=&#8220;100%&#8220; max_width=&#8220;1920px&#8220; global_colors_info=&#8220;{}&#8220;][et_pb_column type=&#8220;1_5&#8243; _builder_version=&#8220;4.16&#8243; _module_preset=&#8220;default&#8220; global_colors_info=&#8220;{}&#8220;][\/et_pb_column][et_pb_column type=&#8220;3_5&#8243; _builder_version=&#8220;4.16&#8243; _module_preset=&#8220;default&#8220; global_colors_info=&#8220;{}&#8220;][et_pb_image src=&#8220;https:\/\/kaffediary.com\/wp-content\/uploads\/2022\/11\/Africa-Egypt.jpg&#8220; alt=&#8220;Afrika \u00c4gypten&#8220; title_text=&#8220;Afrika \u00c4gypten&#8220; _builder_version=&#8220;4.19.0&#8243; _module_preset=&#8220;default&#8220; global_colors_info=&#8220;{}&#8220;][\/et_pb_image][\/et_pb_column][et_pb_column type=&#8220;1_5&#8243; _builder_version=&#8220;4.16&#8243; _module_preset=&#8220;default&#8220; global_colors_info=&#8220;{}&#8220;][\/et_pb_column][\/et_pb_row][\/et_pb_section][et_pb_section fb_built=&#8220;1&#8243; _builder_version=&#8220;4.16&#8243; _module_preset=&#8220;default&#8220; global_colors_info=&#8220;{}&#8220;][et_pb_row use_custom_gutter=&#8220;on&#8220; gutter_width=&#8220;1&#8243; _builder_version=&#8220;4.19.1&#8243; _module_preset=&#8220;default&#8220; width=&#8220;90%&#8220; max_width=&#8220;1920px&#8220; custom_margin=&#8220;0px||0px||false|false&#8220; custom_padding=&#8220;0px||0px||false|false&#8220; global_colors_info=&#8220;{}&#8220;][et_pb_column type=&#8220;4_4&#8243; _builder_version=&#8220;4.16&#8243; _module_preset=&#8220;default&#8220; global_colors_info=&#8220;{}&#8220;][et_pb_text _builder_version=&#8220;4.19.1&#8243; _module_preset=&#8220;default&#8220; text_font=&#8220;|200|||||||&#8220; text_text_color=&#8220;#000000&#8243; text_font_size=&#8220;24px&#8220; text_line_height=&#8220;1.5em&#8220; link_text_color=&#8220;gcid-7814a719-c4c1-4b0f-b019-492bb0f30365&#8243; link_font_size=&#8220;24px&#8220; link_line_height=&#8220;1.5em&#8220; ul_font=&#8220;||||||||&#8220; ul_font_size=&#8220;24px&#8220; ul_line_height=&#8220;1.5em&#8220; header_2_text_color=&#8220;gcid-a1e60d66-76d8-4612-a9ca-a005678239ae&#8220; header_2_font_size=&#8220;36px&#8220; header_2_line_height=&#8220;1.4em&#8220; header_3_text_color=&#8220;gcid-a1e60d66-76d8-4612-a9ca-a005678239ae&#8220; header_3_font_size=&#8220;26px&#8220; width_tablet=&#8220;&#8220; width_phone=&#8220;98%&#8220; width_last_edited=&#8220;on|desktop&#8220; text_font_tablet=&#8220;Mulish|300|||||||&#8220; text_font_phone=&#8220;Mulish|300|||||||&#8220; text_font_last_edited=&#8220;on|desktop&#8220; text_font_size_tablet=&#8220;20px&#8220; text_font_size_phone=&#8220;18px&#8220; text_font_size_last_edited=&#8220;on|phone&#8220; link_font_size_tablet=&#8220;22px&#8220; link_font_size_phone=&#8220;20px&#8220; link_font_size_last_edited=&#8220;on|desktop&#8220; ul_font_size_tablet=&#8220;20px&#8220; ul_font_size_phone=&#8220;18px&#8220; ul_font_size_last_edited=&#8220;on|desktop&#8220; header_2_font_size_tablet=&#8220;32px&#8220; header_2_font_size_phone=&#8220;28px&#8220; header_2_font_size_last_edited=&#8220;on|desktop&#8220; header_3_font_size_tablet=&#8220;22px&#8220; header_3_font_size_phone=&#8220;20px&#8220; header_3_font_size_last_edited=&#8220;on|desktop&#8220; global_colors_info=&#8220;{%22gcid-7814a719-c4c1-4b0f-b019-492bb0f30365%22:%91%22link_text_color%22,%22link_text_color%22,%22link_text_color%22%93,%22gcid-a1e60d66-76d8-4612-a9ca-a005678239ae%22:%91%22header_2_text_color%22,%22header_3_text_color%22%93,%22gcid-451f3261-61c2-4dbe-bb50-a5feeb4e6554%22:%91%22header_2_text_color%22%93,%22gcid-0ca197d1-1f9b-4986-b00e-3ae7a424a238%22:%91%22header_6_text_color%22%93}&#8220;]<\/p>\n<h2>Was Sie bei einem Gesch\u00e4ftsbesuch auf dem afrikanischen Kontinent erwartet<\/h2>\n<p>Afrika hat eine lange Handelsgeschichte, die \u00fcber 3.000 Jahre zur\u00fcckreicht.<\/p>\n<p>Sie hat eine der l\u00e4ngsten Geschichten der Erde. Die Stadt ist seit Jahrhunderten ein Handelszentrum und beherbergte einst viele gro\u00dfe Reiche wie das Songhai-Reich, Gro\u00df-Simbabwe und das K\u00f6nigreich von Aksum.<\/p>\n<p>Aufgrund der wachsenden Wirtschaft des Kontinents und der zunehmenden ausl\u00e4ndischen und privaten Investitionen betrachten viele Afrika als Gesch\u00e4ftsziel.<\/p>\n<p>Hier leben Hunderte von Millionen Menschen, die gerne mit internationalen Unternehmen zusammenarbeiten m\u00f6chten. Der Kontinent hat in den letzten Jahren ein rasantes Wirtschaftswachstum erlebt, und es wird erwartet, dass es auch in den kommenden Jahrzehnten schnell wachsen wird.<\/p>\n<p>F\u00fcr Unternehmen wird es immer wichtiger, sich in diesem aufstrebenden Markt zu etablieren.<\/p>\n<h3>Afrika bietet drei entscheidende Vorteile f\u00fcr Investoren:<\/h3>\n<ul>\n<li>Kosteng\u00fcnstige Produktionsbasis<\/li>\n<li>Ein gro\u00dfer Verbrauchermarkt mit enormem Wachstumspotenzial<\/li>\n<li>Ein Pool von qualifizierten Humanressourcen<\/li>\n<\/ul>\n<p>Die afrikanische Wirtschaft ist eine lebendige Mischung aus traditionellen Wirtschaftszweigen wie Landwirtschaft und Bergbau sowie modernen Branchen wie Technologie und Finanzen. Dank seiner vielf\u00e4ltigen Exporte, darunter Mineralien wie Gold und Diamanten, landwirtschaftliche Erzeugnisse wie Kakaobohnen, Industrieg\u00fcter wie \u00d6l und Gas, Konsumg\u00fcter wie Textilien und vieles mehr, ist der Kontinent zu einem bedeutenden Akteur im globalen Handel geworden.<\/p>\n<p>Das Gesch\u00e4ft in Afrika unterscheidet sich stark von anderen M\u00e4rkten und ist mit einzigartigen Risiken und Chancen verbunden.<\/p>\n<p>Das Risiko, in Afrika Gesch\u00e4fte zu machen, ist hoch, aber die Belohnung ist auch hoch.<\/p>\n<p>Zu den Herausforderungen geh\u00f6ren:<\/p>\n<ul>\n<li>Sicherheit und Schutz: In einigen L\u00e4ndern ist Gewalt ein Thema. In dieser Region gibt es bewaffnete Konflikte.<\/li>\n<li>Infrastruktur, Logistik und Transportkosten: Die Kosten f\u00fcr die Bef\u00f6rderung von Waren auf diesem Kontinent k\u00f6nnen aufgrund der schlechten Infrastrukturen wie Stra\u00dfen oder Eisenbahnstrecken unerschwinglich sein.<\/li>\n<li>Zugang zu Finanzmitteln f\u00fcr Unternehmen: In vielen afrikanischen L\u00e4ndern gibt es nur begrenzte Finanzierungsquellen f\u00fcr kleine Unternehmen.<\/li>\n<\/ul>\n<p>Die vielf\u00e4ltige Kultur Afrikas erm\u00f6glicht es Start-ups, sich von der Masse abzuheben, wenn sie ihre Kreativit\u00e4t zur L\u00f6sung regionaler Probleme einsetzen.<\/p>\n<p>Die afrikanische Wirtschaft ist eine der am schnellsten wachsenden Volkswirtschaften der Welt und zieht weiterhin neue Investitionen von Unternehmen an, die neue M\u00e4rkte suchen.<\/p>\n<p>[\/et_pb_text][et_pb_text disabled_on=&#8220;on|on|on&#8220; _builder_version=&#8220;4.19.1&#8243; _module_preset=&#8220;default&#8220; text_font=&#8220;|200|||||||&#8220; text_text_color=&#8220;#000000&#8243; text_font_size=&#8220;24px&#8220; text_line_height=&#8220;1.5em&#8220; link_text_color=&#8220;gcid-7814a719-c4c1-4b0f-b019-492bb0f30365&#8243; link_font_size=&#8220;24px&#8220; link_line_height=&#8220;1.5em&#8220; header_2_text_color=&#8220;gcid-451f3261-61c2-4dbe-bb50-a5feeb4e6554&#8243; header_2_font_size=&#8220;36px&#8220; header_2_line_height=&#8220;1.4em&#8220; header_6_text_color=&#8220;gcid-0ca197d1-1f9b-4986-b00e-3ae7a424a238&#8243; header_6_font_size=&#8220;26px&#8220; header_6_line_height=&#8220;1.5em&#8220; width_tablet=&#8220;&#8220; width_phone=&#8220;98%&#8220; width_last_edited=&#8220;on|desktop&#8220; text_font_tablet=&#8220;Mulish|300|||||||&#8220; text_font_phone=&#8220;Mulish|300|||||||&#8220; text_font_last_edited=&#8220;on|desktop&#8220; text_font_size_tablet=&#8220;22px&#8220; text_font_size_phone=&#8220;20px&#8220; text_font_size_last_edited=&#8220;on|phone&#8220; link_font_size_tablet=&#8220;22px&#8220; link_font_size_phone=&#8220;20px&#8220; link_font_size_last_edited=&#8220;on|desktop&#8220; header_2_font_size_tablet=&#8220;32px&#8220; header_2_font_size_phone=&#8220;32px&#8220; header_2_font_size_last_edited=&#8220;on|phone&#8220; header_6_font_size_tablet=&#8220;26px&#8220; header_6_font_size_phone=&#8220;22px&#8220; header_6_font_size_last_edited=&#8220;on|phone&#8220; disabled=&#8220;on&#8220; global_colors_info=&#8220;{%22gcid-7814a719-c4c1-4b0f-b019-492bb0f30365%22:%91%22link_text_color%22,%22link_text_color%22%93,%22gcid-451f3261-61c2-4dbe-bb50-a5feeb4e6554%22:%91%22header_2_text_color%22%93,%22gcid-0ca197d1-1f9b-4986-b00e-3ae7a424a238%22:%91%22header_6_text_color%22%93}&#8220;]<\/p>\n<h2>Liste der afrikanischen Regionen<\/h2>\n<p>[\/et_pb_text][\/et_pb_column][\/et_pb_row][et_pb_row column_structure=&#8220;1_2,1_2&#8243; disabled_on=&#8220;on|on|on&#8220; _builder_version=&#8220;4.19.1&#8243; _module_preset=&#8220;default&#8220; disabled=&#8220;on&#8220; global_colors_info=&#8220;{}&#8220;][et_pb_column type=&#8220;1_2&#8243; _builder_version=&#8220;4.16&#8243; _module_preset=&#8220;default&#8220; global_colors_info=&#8220;{}&#8220;][et_pb_cta title=&#8220;Nordafrika&#8220; button_text=&#8220;Klicken Sie hier&#8220; _builder_version=&#8220;4.19.0&#8243; _module_preset=&#8220;default&#8220; background_image=&#8220;https:\/\/kaffediary.com\/wp-content\/uploads\/2022\/10\/WEurope-Travel.jpg&#8220; min_height_tablet=&#8220;&#8220; min_height_phone=&#8220;&#8220; min_height_last_edited=&#8220;on|desktop&#8220; height=&#8220;450px&#8220; global_colors_info=&#8220;{}&#8220;][\/et_pb_cta][et_pb_cta title=&#8220;Zentralafrika&#8220; button_text=&#8220;Klicken Sie hier&#8220; _builder_version=&#8220;4.19.0&#8243; _module_preset=&#8220;default&#8220; background_enable_color=&#8220;off&#8220; background_image=&#8220;https:\/\/kaffediary.com\/wp-content\/uploads\/2022\/10\/SEurope-Travel.jpg&#8220; min_height_tablet=&#8220;&#8220; min_height_phone=&#8220;&#8220; min_height_last_edited=&#8220;on|desktop&#8220; height=&#8220;450px&#8220; global_colors_info=&#8220;{}&#8220;][\/et_pb_cta][et_pb_cta title=&#8220;S\u00fcdliches Afrika&#8220; button_text=&#8220;Klicken Sie hier&#8220; _builder_version=&#8220;4.19.0&#8243; _module_preset=&#8220;default&#8220; background_enable_color=&#8220;off&#8220; background_image=&#8220;https:\/\/kaffediary.com\/wp-content\/uploads\/2022\/10\/SEurope-Travel.jpg&#8220; min_height_tablet=&#8220;&#8220; min_height_phone=&#8220;&#8220; min_height_last_edited=&#8220;on|desktop&#8220; height=&#8220;450px&#8220; global_colors_info=&#8220;{}&#8220;][\/et_pb_cta][\/et_pb_column][et_pb_column type=&#8220;1_2&#8243; _builder_version=&#8220;4.16&#8243; _module_preset=&#8220;default&#8220; global_colors_info=&#8220;{}&#8220;][et_pb_cta title=&#8220;Westafrika&#8220; button_text=&#8220;Klicken Sie hier&#8220; _builder_version=&#8220;4.19.0&#8243; _module_preset=&#8220;default&#8220; background_image=&#8220;https:\/\/kaffediary.com\/wp-content\/uploads\/2022\/10\/EEurope-Travel.jpg&#8220; min_height_tablet=&#8220;&#8220; min_height_phone=&#8220;&#8220; min_height_last_edited=&#8220;on|desktop&#8220; height=&#8220;450px&#8220; global_colors_info=&#8220;{}&#8220;][\/et_pb_cta][et_pb_cta title=&#8220;Ostafrika&#8220; button_text=&#8220;Klicken Sie hier&#8220; _builder_version=&#8220;4.19.0&#8243; _module_preset=&#8220;default&#8220; background_enable_color=&#8220;off&#8220; background_image=&#8220;https:\/\/kaffediary.com\/wp-content\/uploads\/2022\/10\/NEurope-Travel.jpg&#8220; min_height_tablet=&#8220;&#8220; min_height_phone=&#8220;&#8220; min_height_last_edited=&#8220;on|desktop&#8220; height=&#8220;450px&#8220; global_colors_info=&#8220;{}&#8220;][\/et_pb_cta][et_pb_cta button_text=&#8220;Klicken Sie hier&#8220; _builder_version=&#8220;4.19.0&#8243; _module_preset=&#8220;default&#8220; background_enable_color=&#8220;off&#8220; background_image=&#8220;https:\/\/kaffediary.com\/wp-content\/uploads\/2022\/10\/NEurope-Travel.jpg&#8220; min_height_tablet=&#8220;&#8220; min_height_phone=&#8220;&#8220; min_height_last_edited=&#8220;on|desktop&#8220; height=&#8220;450px&#8220; global_colors_info=&#8220;{}&#8220;][\/et_pb_cta][\/et_pb_column][\/et_pb_row][et_pb_row _builder_version=&#8220;4.16&#8243; _module_preset=&#8220;default&#8220; width=&#8220;90%&#8220; max_width=&#8220;1920px&#8220; global_colors_info=&#8220;{}&#8220;][et_pb_column type=&#8220;4_4&#8243; _builder_version=&#8220;4.16&#8243; _module_preset=&#8220;default&#8220; global_colors_info=&#8220;{}&#8220;][et_pb_text _builder_version=&#8220;4.19.0&#8243; _module_preset=&#8220;default&#8220; text_font=&#8220;|200|||||||&#8220; text_text_color=&#8220;#000000&#8243; text_font_size=&#8220;24px&#8220; text_line_height=&#8220;1.5em&#8220; link_text_color=&#8220;gcid-7814a719-c4c1-4b0f-b019-492bb0f30365&#8243; link_font_size=&#8220;24px&#8220; link_line_height=&#8220;1.5em&#8220; header_2_text_color=&#8220;gcid-451f3261-61c2-4dbe-bb50-a5feeb4e6554&#8243; header_2_font_size=&#8220;36px&#8220; header_2_line_height=&#8220;1.4em&#8220; header_6_text_color=&#8220;gcid-a1e60d66-76d8-4612-a9ca-a005678239ae&#8220; header_6_font_size=&#8220;26px&#8220; header_6_line_height=&#8220;1.5em&#8220; width_tablet=&#8220;&#8220; width_phone=&#8220;98%&#8220; width_last_edited=&#8220;on|desktop&#8220; text_font_tablet=&#8220;Mulish|300|||||||&#8220; text_font_phone=&#8220;Mulish|300|||||||&#8220; text_font_last_edited=&#8220;on|desktop&#8220; text_font_size_tablet=&#8220;22px&#8220; text_font_size_phone=&#8220;20px&#8220; text_font_size_last_edited=&#8220;on|phone&#8220; link_font_size_tablet=&#8220;22px&#8220; link_font_size_phone=&#8220;20px&#8220; link_font_size_last_edited=&#8220;on|desktop&#8220; header_2_font_size_tablet=&#8220;32px&#8220; header_2_font_size_phone=&#8220;32px&#8220; header_2_font_size_last_edited=&#8220;on|phone&#8220; header_6_font_size_tablet=&#8220;26px&#8220; header_6_font_size_phone=&#8220;22px&#8220; header_6_font_size_last_edited=&#8220;on|phone&#8220; global_colors_info=&#8220;{%22gcid-7814a719-c4c1-4b0f-b019-492bb0f30365%22:%91%22link_text_color%22,%22link_text_color%22%93,%22gcid-451f3261-61c2-4dbe-bb50-a5feeb4e6554%22:%91%22header_2_text_color%22%93,%22gcid-a1e60d66-76d8-4612-a9ca-a005678239ae%22:%91%22header_6_text_color%22%93}&#8220;]<\/p>\n<h6>Der afrikanische Kontinent ist voller M\u00f6glichkeiten, und wir m\u00f6chten Unternehmer weltweit ermutigen, die Zukunft zu entdecken!<\/h6>\n<p>[\/et_pb_text][\/et_pb_column][\/et_pb_row][\/et_pb_section]<\/p>\n","protected":false},"excerpt":{"rendered":"<p>Afrika &#8211; Reiseziele f\u00fcr Gesch\u00e4ftsreisendeAfrika, der zweitgr\u00f6\u00dfte Kontinent der Welt, ist eine der dynamischsten und wachstumsst\u00e4rksten Regionen. Es verf\u00fcgt \u00fcber eine wachsende Bev\u00f6lkerung, reichhaltige nat\u00fcrliche Ressourcen und eine pulsierende Wirtschaft.<div class=\"map_wrapper\" id=\"map_wrapper_8299\">\n<div class=\"map_box\" style=\"max-width:2000px\">\n<div class=\"map_aspect_ratio\" style=\"padding-top:56%\" data-padding-top=\"56%\" data-padding-top-mobile=\"0%\">\n<div class=\"map_container\">\n<div class=\"map_render map_loading\" id=\"map_8299\"><\/div>\n<\/div>\n<\/div>\n<\/div>\n<\/div>\u00dcber den afrikanischen Kontinent Afrika ist ein Kontinent mit vielen Chancen, aber auch Herausforderungen. Aufgrund der wachsenden Wirtschaft des Kontinents und der zunehmenden ausl\u00e4ndischen und [&hellip;]<\/p>\n","protected":false},"author":1,"featured_media":0,"parent":6816,"menu_order":0,"comment_status":"closed","ping_status":"closed","template":"","meta":{"_et_pb_use_builder":"on","_et_pb_old_content":"","_et_gb_content_width":"","footnotes":""},"class_list":["post-8633","page","type-page","status-publish","hentry"],"_links":{"self":[{"href":"https:\/\/kaffediary.com\/de\/wp-json\/wp\/v2\/pages\/8633","targetHints":{"allow":["GET"]}}],"collection":[{"href":"https:\/\/kaffediary.com\/de\/wp-json\/wp\/v2\/pages"}],"about":[{"href":"https:\/\/kaffediary.com\/de\/wp-json\/wp\/v2\/types\/page"}],"author":[{"embeddable":true,"href":"https:\/\/kaffediary.com\/de\/wp-json\/wp\/v2\/users\/1"}],"replies":[{"embeddable":true,"href":"https:\/\/kaffediary.com\/de\/wp-json\/wp\/v2\/comments?post=8633"}],"version-history":[{"count":6,"href":"https:\/\/kaffediary.com\/de\/wp-json\/wp\/v2\/pages\/8633\/revisions"}],"predecessor-version":[{"id":11801,"href":"https:\/\/kaffediary.com\/de\/wp-json\/wp\/v2\/pages\/8633\/revisions\/11801"}],"up":[{"embeddable":true,"href":"https:\/\/kaffediary.com\/de\/wp-json\/wp\/v2\/pages\/6816"}],"wp:attachment":[{"href":"https:\/\/kaffediary.com\/de\/wp-json\/wp\/v2\/media?parent=8633"}],"curies":[{"name":"wp","href":"https:\/\/api.w.org\/{rel}","templated":true}]}}