{"id":10538,"date":"2023-05-29T21:20:14","date_gmt":"2023-05-29T21:20:14","guid":{"rendered":"https:\/\/kaffediary.com\/alojamiento-para-empresas\/"},"modified":"2024-01-26T16:53:22","modified_gmt":"2024-01-26T16:53:22","slug":"alojamiento-para-empresas","status":"publish","type":"page","link":"https:\/\/kaffediary.com\/es\/alojamiento-para-empresas\/","title":{"rendered":"Alojamiento para empresas"},"content":{"rendered":"<p>[et_pb_section fb_built=\u00bb1&#8243; custom_padding_last_edited=\u00bboff|phone\u00bb admin_label=\u00bbHeader\u00bb _builder_version=\u00bb4.21.0&#8243; _module_preset=\u00bbdefault\u00bb use_background_color_gradient=\u00bbon\u00bb background_color_gradient_stops=\u00bbrgba(52,130,193,0.46) 0%|rgba(6,34,127,0.31) 100%\u00bb background_color_gradient_overlays_image=\u00bbon\u00bb background_color_gradient_start=\u00bbrgba(52,130,193,0.46)\u00bb background_color_gradient_end=\u00bbrgba(6,34,127,0.31)\u00bb background_image=\u00bbhttps:\/\/kaffediary.com\/wp-content\/uploads\/2023\/05\/Travel-Planning-Business-Accommodation.jpg\u00bb background_position=\u00bbtop_center\u00bb custom_padding=\u00bb10vw||18vw||false|false\u00bb custom_padding_tablet=\u00bb||||false|false\u00bb custom_padding_phone=\u00bb||||false|false\u00bb global_colors_info=\u00bb{}\u00bb][et_pb_row _builder_version=\u00bb4.16&#8243; _module_preset=\u00bbdefault\u00bb global_colors_info=\u00bb{}\u00bb][et_pb_column type=\u00bb4_4&#8243; _builder_version=\u00bb4.16&#8243; _module_preset=\u00bbdefault\u00bb global_colors_info=\u00bb{}\u00bb][et_pb_text _builder_version=\u00bb4.21.0&#8243; _module_preset=\u00bbd72c0383-6487-4f2c-ac5c-7d48a6376757&#8243; header_font=\u00bb||||||||\u00bb header_text_color=\u00bb#FFFFFF\u00bb header_font_size=\u00bb50px\u00bb header_line_height=\u00bb1.3em\u00bb text_orientation=\u00bbcenter\u00bb max_width=\u00bb750px\u00bb module_alignment=\u00bbcenter\u00bb animation_direction=\u00bbtop\u00bb header_font_size_tablet=\u00bb36px\u00bb header_font_size_phone=\u00bb30px\u00bb header_font_size_last_edited=\u00bbon|desktop\u00bb global_colors_info=\u00bb{}\u00bb]<\/p>\n<h1>Alojamientos para empresas<\/h1>\n<p>[\/et_pb_text][\/et_pb_column][\/et_pb_row][\/et_pb_section][et_pb_section fb_built=\u00bb1&#8243; _builder_version=\u00bb4.16&#8243; _module_preset=\u00bbdefault\u00bb custom_padding=\u00bb20px||20px||true|false\u00bb global_colors_info=\u00bb{}\u00bb][et_pb_row use_custom_gutter=\u00bbon\u00bb gutter_width=\u00bb1&#8243; _builder_version=\u00bb4.19.0&#8243; _module_preset=\u00bbdefault\u00bb width=\u00bb88%\u00bb max_width=\u00bb1920px\u00bb global_colors_info=\u00bb{}\u00bb][et_pb_column type=\u00bb4_4&#8243; _builder_version=\u00bb4.16&#8243; _module_preset=\u00bbdefault\u00bb global_colors_info=\u00bb{}\u00bb][et_pb_text _builder_version=\u00bb4.21.0&#8243; _module_preset=\u00bbdefault\u00bb text_font=\u00bb|200|||||||\u00bb text_text_color=\u00bb#000000&#8243; text_font_size=\u00bb24px\u00bb text_line_height=\u00bb1.5em\u00bb link_text_color=\u00bbgcid-8582d6b2-ff93-467d-8a95-c50d6acf939e\u00bb link_font_size=\u00bb24px\u00bb link_line_height=\u00bb1.6em\u00bb header_2_text_color=\u00bbgcid-a1e60d66-76d8-4612-a9ca-a005678239ae\u00bb header_2_font_size=\u00bb36px\u00bb header_2_line_height=\u00bb1.2em\u00bb width_tablet=\u00bb\u00bb width_phone=\u00bb98%\u00bb width_last_edited=\u00bbon|desktop\u00bb text_font_tablet=\u00bbMulish|300|||||||\u00bb text_font_phone=\u00bbMulish|300|||||||\u00bb text_font_last_edited=\u00bbon|desktop\u00bb text_font_size_tablet=\u00bb22px\u00bb text_font_size_phone=\u00bb20px\u00bb text_font_size_last_edited=\u00bbon|phone\u00bb link_font_size_tablet=\u00bb20px\u00bb link_font_size_phone=\u00bb18px\u00bb link_font_size_last_edited=\u00bbon|desktop\u00bb header_2_font_size_tablet=\u00bb32px\u00bb header_2_font_size_phone=\u00bb28px\u00bb header_2_font_size_last_edited=\u00bbon|desktop\u00bb global_colors_info=\u00bb{%22gcid-a1e60d66-76d8-4612-a9ca-a005678239ae%22:%91%22header_2_text_color%22%93,%22gcid-8582d6b2-ff93-467d-8a95-c50d6acf939e%22:%91%22link_text_color%22%93}\u00bb]<\/p>\n<h2>Alojamientos de negocios &#8211; Lo que debe saber cuando viaja<\/h2>\n<p>Cuando se viaja por negocios, encontrar un alojamiento adecuado puede ser crucial para el \u00e9xito del viaje. Tanto si asiste a una conferencia, como si se re\u00fane con clientes o simplemente necesita un lugar de trabajo c\u00f3modo, hay algunas consideraciones importantes a la hora de elegir un hotel u otra opci\u00f3n de alojamiento.<\/p>\n<p>Ante todo, la ubicaci\u00f3n es vital. Querr\u00e1 estar m\u00e1s cerca del destino de su negocio y de cualquier otro lugar que necesite visitar, como restaurantes, tiendas y opciones de transporte. Tenga en cuenta la seguridad general de la zona, sobre todo si viaja solo.<\/p>\n<p>A continuaci\u00f3n, piense en las comodidades que necesita. \u00bfNecesita un gimnasio o una piscina para mantener su rutina? \u00bfNecesita acceso a Internet de alta velocidad o un centro de negocios para trabajar? Haz una lista de tus cosas imprescindibles y util\u00edzalas para reducir tus opciones.<\/p>\n<p>Por \u00faltimo, tenga en cuenta su presupuesto. Aunque derrochar en un hotel de lujo puede ser tentador, no conviene gastar m\u00e1s de la cuenta. Busca ofertas y promociones, y no dudes en negociar directamente con el alojamiento.<\/p>\n<p>[\/et_pb_text][\/et_pb_column][\/et_pb_row][\/et_pb_section][et_pb_section fb_built=\u00bb1&#8243; disabled_on=\u00bboff|off|off\u00bb _builder_version=\u00bb4.19.0&#8243; custom_margin=\u00bb0px||||false|false\u00bb custom_padding=\u00bb0px||||false|false\u00bb global_colors_info=\u00bb{}\u00bb][et_pb_row column_structure=\u00bb1_3,1_3,1_3&#8243; use_custom_gutter=\u00bbon\u00bb gutter_width=\u00bb2&#8243; _builder_version=\u00bb4.21.0&#8243; _module_preset=\u00bbdefault\u00bb width=\u00bb88%\u00bb max_width=\u00bb1920px\u00bb global_colors_info=\u00bb{}\u00bb][et_pb_column type=\u00bb1_3&#8243; _builder_version=\u00bb4.21.0&#8243; _module_preset=\u00bbdefault\u00bb background_enable_color=\u00bboff\u00bb use_background_color_gradient=\u00bbon\u00bb background_color_gradient_type=\u00bbelliptical\u00bb background_color_gradient_stops=\u00bbrgba(173,175,35,0.56) 0%|rgba(41,196,169,0.3) 78%\u00bb background_color_gradient_overlays_image=\u00bbon\u00bb background_image=\u00bbhttps:\/\/kaffediary.com\/wp-content\/uploads\/2023\/05\/Hotels-Business-Accomodation.jpg\u00bb global_colors_info=\u00bb{}\u00bb][et_pb_text _builder_version=\u00bb4.21.0&#8243; _dynamic_attributes=\u00bblink_option_url\u00bb _module_preset=\u00bbdefault\u00bb text_text_color=\u00bbgcid-b7844457-9a4a-40b7-b5ff-ee179fffa736&#8243; header_3_text_color=\u00bb#FFFFFF\u00bb header_3_font_size=\u00bb28px\u00bb custom_padding=\u00bb45%||45%||true|false\u00bb custom_padding_tablet=\u00bb50%||50%||true|false\u00bb custom_padding_phone=\u00bb50%||50%||true|false\u00bb custom_padding_last_edited=\u00bbon|phone\u00bb link_option_url=\u00bb@ET-DC@eyJkeW5hbWljIjp0cnVlLCJjb250ZW50IjoicG9zdF9saW5rX3VybF9wb3N0Iiwic2V0dGluZ3MiOnsicG9zdF9pZCI6Ijg5NDMifX0=@\u00bb global_colors_info=\u00bb{%22gcid-b7844457-9a4a-40b7-b5ff-ee179fffa736%22:%91%22text_text_color%22,%22text_text_color%22%93}\u00bb]<\/p>\n<h3 style=\"text-align: center;\">Tipos de hoteles<\/h3>\n<p>[\/et_pb_text][\/et_pb_column][et_pb_column type=\u00bb1_3&#8243; _builder_version=\u00bb4.21.0&#8243; _module_preset=\u00bbdefault\u00bb background_enable_color=\u00bboff\u00bb use_background_color_gradient=\u00bbon\u00bb background_color_gradient_type=\u00bbelliptical\u00bb background_color_gradient_stops=\u00bbrgba(173,175,35,0.56) 0%|rgba(41,196,169,0.3) 78%\u00bb background_color_gradient_overlays_image=\u00bbon\u00bb background_image=\u00bbhttps:\/\/kaffediary.com\/wp-content\/uploads\/2023\/05\/self-catering-1.jpg\u00bb global_colors_info=\u00bb{}\u00bb][et_pb_text _builder_version=\u00bb4.23&#8243; _module_preset=\u00bbdefault\u00bb text_text_color=\u00bbgcid-b7844457-9a4a-40b7-b5ff-ee179fffa736&#8243; header_3_text_color=\u00bb#FFFFFF\u00bb header_3_font_size=\u00bb28px\u00bb custom_padding=\u00bb45%||45%||true|false\u00bb custom_padding_tablet=\u00bb50%||50%||true|false\u00bb custom_padding_phone=\u00bb50%||50%||true|false\u00bb custom_padding_last_edited=\u00bbon|phone\u00bb hover_enabled=\u00bb0&#8243; global_colors_info=\u00bb{%22gcid-b7844457-9a4a-40b7-b5ff-ee179fffa736%22:%91%22text_text_color%22,%22text_text_color%22,%22text_text_color%22,%22text_text_color%22%93}\u00bb link_option_url=\u00bb@ET-DC@eyJkeW5hbWljIjp0cnVlLCJjb250ZW50IjoicG9zdF9saW5rX3VybF9wb3N0Iiwic2V0dGluZ3MiOnsicG9zdF9pZCI6IjExMTU0In19@\u00bb _dynamic_attributes=\u00bblink_option_url\u00bb sticky_enabled=\u00bb0&#8243;]<\/p>\n<h3 style=\"text-align: center;\">Albergue<\/h3>\n<p>[\/et_pb_text][\/et_pb_column][et_pb_column type=\u00bb1_3&#8243; _builder_version=\u00bb4.21.0&#8243; _module_preset=\u00bbdefault\u00bb background_enable_color=\u00bboff\u00bb use_background_color_gradient=\u00bbon\u00bb background_color_gradient_type=\u00bbelliptical\u00bb background_color_gradient_stops=\u00bbrgba(173,175,35,0.56) 0%|rgba(41,196,169,0.3) 78%\u00bb background_color_gradient_overlays_image=\u00bbon\u00bb background_image=\u00bbhttps:\/\/kaffediary.com\/wp-content\/uploads\/2023\/05\/other-accommodation.jpg\u00bb global_colors_info=\u00bb{}\u00bb][et_pb_text _builder_version=\u00bb4.21.0&#8243; _module_preset=\u00bbdefault\u00bb text_text_color=\u00bbgcid-b7844457-9a4a-40b7-b5ff-ee179fffa736&#8243; header_3_text_color=\u00bb#FFFFFF\u00bb header_3_font_size=\u00bb28px\u00bb custom_padding=\u00bb45%||45%||true|false\u00bb custom_padding_tablet=\u00bb50%||50%||true|false\u00bb custom_padding_phone=\u00bb50%||50%||true|false\u00bb custom_padding_last_edited=\u00bbon|phone\u00bb global_colors_info=\u00bb{%22gcid-b7844457-9a4a-40b7-b5ff-ee179fffa736%22:%91%22text_text_color%22,%22text_text_color%22,%22text_text_color%22%93}\u00bb]<\/p>\n<h3 style=\"text-align: center;\">Otros alojamientos<\/h3>\n<p>[\/et_pb_text][\/et_pb_column][\/et_pb_row][\/et_pb_section]<\/p>\n","protected":false},"excerpt":{"rendered":"<p>Alojamientos para empresasAlojamientos de negocios &#8211; Lo que debe saber cuando viaja Cuando se viaja por negocios, encontrar un alojamiento adecuado puede ser crucial para el \u00e9xito del viaje. Tanto si asiste a una conferencia, como si se re\u00fane con clientes o simplemente necesita un lugar de trabajo c\u00f3modo, hay algunas consideraciones importantes a la [&hellip;]<\/p>\n","protected":false},"author":1,"featured_media":0,"parent":0,"menu_order":0,"comment_status":"closed","ping_status":"closed","template":"","meta":{"_et_pb_use_builder":"on","_et_pb_old_content":"","_et_gb_content_width":"","_wp_convertkit_post_meta":{"form":"-1","landing_page":"0","tag":"0","restrict_content":"0"},"footnotes":""},"class_list":["post-10538","page","type-page","status-publish","hentry"],"_links":{"self":[{"href":"https:\/\/kaffediary.com\/es\/wp-json\/wp\/v2\/pages\/10538","targetHints":{"allow":["GET"]}}],"collection":[{"href":"https:\/\/kaffediary.com\/es\/wp-json\/wp\/v2\/pages"}],"about":[{"href":"https:\/\/kaffediary.com\/es\/wp-json\/wp\/v2\/types\/page"}],"author":[{"embeddable":true,"href":"https:\/\/kaffediary.com\/es\/wp-json\/wp\/v2\/users\/1"}],"replies":[{"embeddable":true,"href":"https:\/\/kaffediary.com\/es\/wp-json\/wp\/v2\/comments?post=10538"}],"version-history":[{"count":13,"href":"https:\/\/kaffediary.com\/es\/wp-json\/wp\/v2\/pages\/10538\/revisions"}],"predecessor-version":[{"id":11797,"href":"https:\/\/kaffediary.com\/es\/wp-json\/wp\/v2\/pages\/10538\/revisions\/11797"}],"wp:attachment":[{"href":"https:\/\/kaffediary.com\/es\/wp-json\/wp\/v2\/media?parent=10538"}],"curies":[{"name":"wp","href":"https:\/\/api.w.org\/{rel}","templated":true}]}}