{"id":10600,"date":"2022-11-04T19:00:18","date_gmt":"2022-11-04T19:00:18","guid":{"rendered":"https:\/\/kaffediary.com\/viajes-de-negocios\/destino-de-negocios-en-oriente-medio\/"},"modified":"2024-01-26T17:01:17","modified_gmt":"2024-01-26T17:01:17","slug":"destino-de-negocios-en-oriente-medio","status":"publish","type":"page","link":"https:\/\/kaffediary.com\/es\/viajes-de-negocios\/destino-de-negocios-en-oriente-medio\/","title":{"rendered":"Destino de negocios en Oriente Medio"},"content":{"rendered":"<p>[et_pb_section fb_built=\u00bb1&#8243; custom_padding_last_edited=\u00bboff|phone\u00bb admin_label=\u00bbHeader\u00bb _builder_version=\u00bb4.21.0&#8243; _module_preset=\u00bbdefault\u00bb use_background_color_gradient=\u00bbon\u00bb background_color_gradient_stops=\u00bbrgba(52,130,193,0.46) 0%|rgba(6,34,127,0.31) 100%\u00bb background_color_gradient_overlays_image=\u00bbon\u00bb background_color_gradient_start=\u00bbrgba(52,130,193,0.46)\u00bb background_color_gradient_end=\u00bbrgba(6,34,127,0.31)\u00bb background_image=\u00bbhttps:\/\/kaffediary.com\/wp-content\/uploads\/2023\/05\/middle-east-region-dubai.jpg\u00bb custom_padding=\u00bb10vw||18vw||false|false\u00bb custom_padding_tablet=\u00bb||||false|false\u00bb custom_padding_phone=\u00bb||||false|false\u00bb global_colors_info=\u00bb{}\u00bb][et_pb_row _builder_version=\u00bb4.16&#8243; _module_preset=\u00bbdefault\u00bb global_colors_info=\u00bb{}\u00bb][et_pb_column type=\u00bb4_4&#8243; _builder_version=\u00bb4.16&#8243; _module_preset=\u00bbdefault\u00bb global_colors_info=\u00bb{}\u00bb][et_pb_text _builder_version=\u00bb4.21.0&#8243; _module_preset=\u00bbd72c0383-6487-4f2c-ac5c-7d48a6376757&#8243; header_font=\u00bb||||||||\u00bb header_text_color=\u00bb#FFFFFF\u00bb header_font_size=\u00bb50px\u00bb header_line_height=\u00bb1.3em\u00bb text_orientation=\u00bbcenter\u00bb max_width=\u00bb750px\u00bb module_alignment=\u00bbcenter\u00bb animation_direction=\u00bbtop\u00bb header_font_size_tablet=\u00bb36px\u00bb header_font_size_phone=\u00bb30px\u00bb header_font_size_last_edited=\u00bbon|desktop\u00bb global_colors_info=\u00bb{}\u00bb]<\/p>\n<h1>Destinos tur\u00edsticos en Oriente Pr\u00f3ximo<\/h1>\n<p>[\/et_pb_text][\/et_pb_column][\/et_pb_row][\/et_pb_section][et_pb_section fb_built=\u00bb1&#8243; _builder_version=\u00bb4.16&#8243; _module_preset=\u00bbdefault\u00bb custom_padding=\u00bb20px||20px||true|false\u00bb global_colors_info=\u00bb{}\u00bb][et_pb_row _builder_version=\u00bb4.16&#8243; _module_preset=\u00bbdefault\u00bb global_colors_info=\u00bb{}\u00bb][et_pb_column type=\u00bb4_4&#8243; _builder_version=\u00bb4.16&#8243; _module_preset=\u00bbdefault\u00bb global_colors_info=\u00bb{}\u00bb][et_pb_text _builder_version=\u00bb4.21.0&#8243; _module_preset=\u00bbdefault\u00bb text_font=\u00bb|200|||||||\u00bb text_text_color=\u00bb#000000&#8243; text_font_size=\u00bb24px\u00bb text_line_height=\u00bb1.5em\u00bb link_text_color=\u00bbgcid-7814a719-c4c1-4b0f-b019-492bb0f30365&#8243; link_font_size=\u00bb24px\u00bb link_line_height=\u00bb1.5em\u00bb width_tablet=\u00bb\u00bb width_phone=\u00bb98%\u00bb width_last_edited=\u00bbon|desktop\u00bb text_font_tablet=\u00bbMulish|300|||||||\u00bb text_font_phone=\u00bbMulish|300|||||||\u00bb text_font_last_edited=\u00bbon|desktop\u00bb text_font_size_tablet=\u00bb22px\u00bb text_font_size_phone=\u00bb20px\u00bb text_font_size_last_edited=\u00bbon|phone\u00bb link_font_size_tablet=\u00bb22px\u00bb link_font_size_phone=\u00bb20px\u00bb link_font_size_last_edited=\u00bbon|desktop\u00bb global_colors_info=\u00bb{%22gcid-7814a719-c4c1-4b0f-b019-492bb0f30365%22:%91%22link_text_color%22%93}\u00bb]<\/p>\n<p><a href=\"https:\/\/dictionary.cambridge.org\/dictionary\/english\/middle-east?q=Middle+East\" target=\"_blank\" rel=\"noopener\">Oriente Medio<\/a> cuenta con algunas de las ciudades m\u00e1s din\u00e1micas, como Dubai, Abu Dhabi y Doha, que atraen a empresas de todo el mundo.<\/p>\n<p>Oriente Medio se ha convertido en un centro neur\u00e1lgico para los negocios internacionales debido a su situaci\u00f3n estrat\u00e9gica, sus ricos recursos naturales y sus econom\u00edas en crecimiento. La regi\u00f3n de Oriente Pr\u00f3ximo cuenta con numerosas industrias de petr\u00f3leo y gas. Esta regi\u00f3n tambi\u00e9n cuenta con pr\u00f3speros sectores tecnol\u00f3gico, financiero y tur\u00edstico.<\/p>\n<p>Entre las principales ciudades de Oriente Pr\u00f3ximo que gozan de popularidad entre los viajeros de negocios figuran Dubai, Abu Dhabi y Doha. Estas ciudades ofrecen infraestructuras de vanguardia, alojamientos de categor\u00eda mundial y un entorno favorable a los negocios.<\/p>\n<p>[\/et_pb_text][\/et_pb_column][\/et_pb_row][et_pb_row _builder_version=\u00bb4.21.0&#8243; _module_preset=\u00bbdefault\u00bb global_colors_info=\u00bb{}\u00bb][et_pb_column type=\u00bb4_4&#8243; _builder_version=\u00bb4.21.0&#8243; _module_preset=\u00bbdefault\u00bb global_colors_info=\u00bb{}\u00bb][et_pb_code _builder_version=\u00bb4.21.0&#8243; _module_preset=\u00bbdefault\u00bb hover_enabled=\u00bb0&#8243; sticky_enabled=\u00bb0&#8243;]<div class=\"map_wrapper\" id=\"map_wrapper_8917\">\n<div class=\"map_box\" style=\"max-width:2000px\">\n<div class=\"map_aspect_ratio\" style=\"padding-top:56%\" data-padding-top=\"56%\" data-padding-top-mobile=\"0%\">\n<div class=\"map_container\">\n<div class=\"map_render map_loading\" id=\"map_8917\"><\/div>\n<\/div>\n<\/div>\n<\/div>\n<\/div>[\/et_pb_code][\/et_pb_column][\/et_pb_row][\/et_pb_section][et_pb_section fb_built=\u00bb1&#8243; _builder_version=\u00bb4.16&#8243; _module_preset=\u00bbdefault\u00bb custom_padding=\u00bb0px||0px||false|false\u00bb global_colors_info=\u00bb{}\u00bb][et_pb_row _builder_version=\u00bb4.16&#8243; _module_preset=\u00bbdefault\u00bb custom_padding=\u00bb0px||0px||false|false\u00bb global_colors_info=\u00bb{}\u00bb][et_pb_column type=\u00bb4_4&#8243; _builder_version=\u00bb4.16&#8243; _module_preset=\u00bbdefault\u00bb global_colors_info=\u00bb{}\u00bb][et_pb_text _builder_version=\u00bb4.21.0&#8243; _module_preset=\u00bbdefault\u00bb text_font=\u00bb|200|||||||\u00bb text_text_color=\u00bb#000000&#8243; text_font_size=\u00bb24px\u00bb text_line_height=\u00bb1.5em\u00bb link_text_color=\u00bbgcid-7814a719-c4c1-4b0f-b019-492bb0f30365&#8243; link_font_size=\u00bb24px\u00bb link_line_height=\u00bb1.5em\u00bb header_2_text_color=\u00bbgcid-a1e60d66-76d8-4612-a9ca-a005678239ae\u00bb header_2_font_size=\u00bb36px\u00bb header_2_line_height=\u00bb1.4em\u00bb width_tablet=\u00bb\u00bb width_phone=\u00bb98%\u00bb width_last_edited=\u00bbon|desktop\u00bb text_font_tablet=\u00bbMulish|300|||||||\u00bb text_font_phone=\u00bbMulish|300|||||||\u00bb text_font_last_edited=\u00bbon|desktop\u00bb text_font_size_tablet=\u00bb22px\u00bb text_font_size_phone=\u00bb20px\u00bb text_font_size_last_edited=\u00bbon|phone\u00bb link_font_size_tablet=\u00bb22px\u00bb link_font_size_phone=\u00bb20px\u00bb link_font_size_last_edited=\u00bbon|desktop\u00bb header_2_font_size_tablet=\u00bb32px\u00bb header_2_font_size_phone=\u00bb32px\u00bb header_2_font_size_last_edited=\u00bbon|phone\u00bb global_colors_info=\u00bb{%22gcid-7814a719-c4c1-4b0f-b019-492bb0f30365%22:%91%22link_text_color%22%93,%22gcid-a1e60d66-76d8-4612-a9ca-a005678239ae%22:%91%22header_2_text_color%22%93}\u00bb]<\/p>\n<h2>Acerca de Oriente Pr\u00f3ximo<\/h2>\n<p>Est\u00e1 situada en la principal encrucijada de Europa, Asia y \u00c1frica, desde el Mediterr\u00e1neo oriental hasta el Golfo P\u00e9rsico. Es una tierra de civilizaciones antiguas, culturas vibrantes y paisajes diversos.<\/p>\n<p>Tiene una historia muy rica y grandiosa, que incluye el lugar de nacimiento de varias de las principales religiones del mundo, como el juda\u00edsmo, el cristianismo y el islam.<\/p>\n<p>Posee las mayores reservas de petr\u00f3leo y gas del mundo, lo que la convierte en una regi\u00f3n de importancia estrat\u00e9gica para el comercio y la pol\u00edtica mundiales.<\/p>\n<p>Desde los rascacielos futuristas de Dubai hasta las antiguas ruinas de Petra, Oriente Pr\u00f3ximo es un destino que ofrece algo para todos los gustos.<\/p>\n<p>[\/et_pb_text][\/et_pb_column][\/et_pb_row][et_pb_row _builder_version=\u00bb4.16&#8243; _module_preset=\u00bbdefault\u00bb global_colors_info=\u00bb{}\u00bb][et_pb_column type=\u00bb4_4&#8243; _builder_version=\u00bb4.16&#8243; _module_preset=\u00bbdefault\u00bb global_colors_info=\u00bb{}\u00bb][et_pb_image src=\u00bbhttps:\/\/kaffediary.com\/wp-content\/uploads\/2023\/05\/middle-east-region-qatar.jpg\u00bb alt=\u00bbla regi\u00f3n de oriente medio\u00bb title_text=\u00bbVista,A\u00e9rea,De,La,Isla,Pearl-qatar,En,Doha,A Trav\u00e9s,De,La\u00bb _builder_version=\u00bb4.21.0&#8243; _module_preset=\u00bbdefault\u00bb global_colors_info=\u00bb{}\u00bb][\/et_pb_image][\/et_pb_column][\/et_pb_row][\/et_pb_section][et_pb_section fb_built=\u00bb1&#8243; _builder_version=\u00bb4.16&#8243; _module_preset=\u00bbdefault\u00bb global_colors_info=\u00bb{}\u00bb][et_pb_row _builder_version=\u00bb4.16&#8243; _module_preset=\u00bbdefault\u00bb custom_padding=\u00bb0px||0px||false|false\u00bb global_colors_info=\u00bb{}\u00bb][et_pb_column type=\u00bb4_4&#8243; _builder_version=\u00bb4.16&#8243; _module_preset=\u00bbdefault\u00bb global_colors_info=\u00bb{}\u00bb][et_pb_text _builder_version=\u00bb4.21.0&#8243; _module_preset=\u00bbdefault\u00bb text_font=\u00bb|200|||||||\u00bb text_text_color=\u00bb#000000&#8243; text_font_size=\u00bb24px\u00bb text_line_height=\u00bb1.5em\u00bb link_text_color=\u00bbgcid-7814a719-c4c1-4b0f-b019-492bb0f30365&#8243; link_font_size=\u00bb24px\u00bb link_line_height=\u00bb1.5em\u00bb header_2_text_color=\u00bbgcid-a1e60d66-76d8-4612-a9ca-a005678239ae\u00bb header_2_font_size=\u00bb36px\u00bb header_2_line_height=\u00bb1.4em\u00bb header_6_text_color=\u00bbgcid-0ca197d1-1f9b-4986-b00e-3ae7a424a238&#8243; header_6_font_size=\u00bb26px\u00bb header_6_line_height=\u00bb1.5em\u00bb width_tablet=\u00bb\u00bb width_phone=\u00bb98%\u00bb width_last_edited=\u00bbon|desktop\u00bb text_font_tablet=\u00bbMulish|300|||||||\u00bb text_font_phone=\u00bbMulish|300|||||||\u00bb text_font_last_edited=\u00bbon|desktop\u00bb text_font_size_tablet=\u00bb22px\u00bb text_font_size_phone=\u00bb20px\u00bb text_font_size_last_edited=\u00bbon|phone\u00bb link_font_size_tablet=\u00bb22px\u00bb link_font_size_phone=\u00bb20px\u00bb link_font_size_last_edited=\u00bbon|desktop\u00bb header_2_font_size_tablet=\u00bb32px\u00bb header_2_font_size_phone=\u00bb32px\u00bb header_2_font_size_last_edited=\u00bbon|phone\u00bb header_6_font_size_tablet=\u00bb26px\u00bb header_6_font_size_phone=\u00bb22px\u00bb header_6_font_size_last_edited=\u00bbon|phone\u00bb global_colors_info=\u00bb{%22gcid-7814a719-c4c1-4b0f-b019-492bb0f30365%22:%91%22link_text_color%22,%22link_text_color%22%93,%22gcid-0ca197d1-1f9b-4986-b00e-3ae7a424a238%22:%91%22header_6_text_color%22%93,%22gcid-a1e60d66-76d8-4612-a9ca-a005678239ae%22:%91%22header_2_text_color%22%93}\u00bb]<\/p>\n<h2>Qu\u00e9 esperar de una visita de negocios a Oriente Pr\u00f3ximo<\/h2>\n<p>Oriente Pr\u00f3ximo ofrece diversas opciones de alojamiento que se adaptan a todos los presupuestos y preferencias. Desde hoteles de lujo a opciones econ\u00f3micas, la regi\u00f3n tiene algo para todos los gustos.<\/p>\n<p>Los hoteles de lujo de Oriente Pr\u00f3ximo son conocidos por su opulencia y lujo. Ofrecen servicios de categor\u00eda mundial, como spas, gimnasios y restaurantes de alta cocina.<\/p>\n<p>En la mayor\u00eda de las ciudades hay opciones econ\u00f3micas, como albergues y pensiones.<\/p>\n<p>Las ubicaciones de los alojamientos van desde los bulliciosos centros urbanos hasta las serenas afueras de las ciudades.<\/p>\n<p>A los viajeros de negocios les resulta f\u00e1cil desplazarse por Oriente Pr\u00f3ximo. Los medios de transporte disponibles incluyen coches de alquiler, taxis y transporte p\u00fablico.<\/p>\n<p>Los coches de alquiler son una opci\u00f3n popular para los viajeros de negocios que prefieren su medio de transporte. Los taxis tambi\u00e9n son f\u00e1ciles de conseguir en la mayor\u00eda de las ciudades y c\u00f3modos para desplazarse. El transporte p\u00fablico, como los autobuses, es rentable. Sin embargo, algunas ciudades tienen leyes estrictas sobre el transporte p\u00fablico, y los viajeros deben familiarizarse con las normas antes de utilizarlo.<\/p>\n<p>Adem\u00e1s de las instalaciones de negocios est\u00e1ndar, Oriente Medio ofrece una gama de opciones \u00fanicas y lujosas para los viajeros de negocios. Muchos de los mejores hoteles de la regi\u00f3n ofrecen instalaciones para conferencias y reuniones dise\u00f1adas para impresionar. Estas instalaciones suelen contar con grandes salones de baile, tecnolog\u00eda audiovisual de vanguardia y servicios de catering personalizados. Algunos hoteles incluso ofrecen salas de reuniones privadas con impresionantes vistas del horizonte de la ciudad.<\/p>\n<p>Los espacios de coworking son cada vez m\u00e1s accesibles y populares en la regi\u00f3n de Oriente Pr\u00f3ximo para quienes buscan un espacio de trabajo m\u00e1s colaborativo y creativo. Estos espacios ofrecen espacios de trabajo compartidos, salas de reuniones y oportunidades de establecer contactos para emprendedores, aut\u00f3nomos y peque\u00f1as empresas.<\/p>\n<p>Cuenta con los mayores y m\u00e1s prestigiosos centros de exposiciones, como el Dubai World Trade Centre y el Centro Nacional de Convenciones de Qatar. Estos centros acogen a lo largo del a\u00f1o una serie de eventos y ferias internacionales que atraen a visitantes de todo el mundo.<\/p>\n<p>Con sus modernas y bien equipadas instalaciones de negocios, Oriente Medio es ideal para los viajeros de negocios que buscan establecer contactos, colaborar y llevar a cabo negocios con \u00e9xito.<\/p>\n<p>Los c\u00f3digos de vestimenta son esenciales en la regi\u00f3n, y se recomienda a los viajeros vestir de forma modesta y conservadora. Los estilos de comunicaci\u00f3n tambi\u00e9n var\u00edan, y es esencial ser respetuoso y educado al interactuar con los lugare\u00f1os. Las pr\u00e1cticas comerciales en la regi\u00f3n suelen ser m\u00e1s formales que en otras partes del mundo, y es muy necesario conocer los matices culturales a la hora de hacer negocios.<\/p>\n<p>Tambi\u00e9n es esencial conocer las costumbres y pr\u00e1cticas religiosas, como los horarios de oraci\u00f3n y las restricciones diet\u00e9ticas.<\/p>\n<p>Conocer las normas culturales y la etiqueta en Oriente Medio permite a los viajeros de negocios entablar relaciones s\u00f3lidas y hacer negocios con \u00e9xito en la regi\u00f3n.<\/p>\n<p>La seguridad de los viajeros de negocios es una prioridad absoluta en Oriente Pr\u00f3ximo. La regi\u00f3n tiene fama de insegura, pero se trata esencialmente de un concepto err\u00f3neo. Los gobiernos de la zona han invertido mucho en diversas medidas de seguridad para garantizar la seguridad de los visitantes.<\/p>\n<p>[\/et_pb_text][\/et_pb_column][\/et_pb_row][et_pb_row _builder_version=\u00bb4.16&#8243; _module_preset=\u00bbdefault\u00bb global_colors_info=\u00bb{}\u00bb][et_pb_column type=\u00bb4_4&#8243; _builder_version=\u00bb4.16&#8243; _module_preset=\u00bbdefault\u00bb global_colors_info=\u00bb{}\u00bb][et_pb_image src=\u00bbhttps:\/\/kaffediary.com\/wp-content\/uploads\/2023\/05\/Middle-East-Region-abu-dhabi.jpg\u00bb alt=\u00bbla regi\u00f3n de oriente medio\u00bb title_text=\u00bbPrecioso, Skyline, Con, Arquitectura, Moderna, Al, Atardecer, Vista, A\u00e9rea, De\u00bb _builder_version=\u00bb4.21.0&#8243; _module_preset=\u00bbdefault\u00bb global_colors_info=\u00bb{}\u00bb][\/et_pb_image][\/et_pb_column][\/et_pb_row][et_pb_row _builder_version=\u00bb4.16&#8243; _module_preset=\u00bbdefault\u00bb custom_padding=\u00bb0px||0px||false|false\u00bb global_colors_info=\u00bb{}\u00bb][et_pb_column type=\u00bb4_4&#8243; _builder_version=\u00bb4.16&#8243; _module_preset=\u00bbdefault\u00bb global_colors_info=\u00bb{}\u00bb][et_pb_text _builder_version=\u00bb4.21.0&#8243; _module_preset=\u00bbdefault\u00bb text_font=\u00bb|200|||||||\u00bb text_text_color=\u00bb#000000&#8243; text_font_size=\u00bb24px\u00bb text_line_height=\u00bb1.5em\u00bb link_text_color=\u00bbgcid-7814a719-c4c1-4b0f-b019-492bb0f30365&#8243; link_font_size=\u00bb24px\u00bb link_line_height=\u00bb1.5em\u00bb header_2_text_color=\u00bbgcid-451f3261-61c2-4dbe-bb50-a5feeb4e6554&#8243; header_2_font_size=\u00bb36px\u00bb header_2_line_height=\u00bb1.4em\u00bb header_6_text_color=\u00bbgcid-b7844457-9a4a-40b7-b5ff-ee179fffa736&#8243; header_6_font_size=\u00bb26px\u00bb header_6_line_height=\u00bb1.5em\u00bb width_tablet=\u00bb\u00bb width_phone=\u00bb98%\u00bb width_last_edited=\u00bbon|desktop\u00bb text_font_tablet=\u00bbMulish|300|||||||\u00bb text_font_phone=\u00bbMulish|300|||||||\u00bb text_font_last_edited=\u00bbon|desktop\u00bb text_font_size_tablet=\u00bb22px\u00bb text_font_size_phone=\u00bb20px\u00bb text_font_size_last_edited=\u00bbon|phone\u00bb link_font_size_tablet=\u00bb22px\u00bb link_font_size_phone=\u00bb20px\u00bb link_font_size_last_edited=\u00bbon|desktop\u00bb header_2_font_size_tablet=\u00bb32px\u00bb header_2_font_size_phone=\u00bb32px\u00bb header_2_font_size_last_edited=\u00bbon|phone\u00bb header_6_font_size_tablet=\u00bb26px\u00bb header_6_font_size_phone=\u00bb22px\u00bb header_6_font_size_last_edited=\u00bbon|phone\u00bb global_colors_info=\u00bb{%22gcid-7814a719-c4c1-4b0f-b019-492bb0f30365%22:%91%22link_text_color%22,%22link_text_color%22%93,%22gcid-451f3261-61c2-4dbe-bb50-a5feeb4e6554%22:%91%22header_2_text_color%22%93,%22gcid-b7844457-9a4a-40b7-b5ff-ee179fffa736%22:%91%22header_6_text_color%22%93}\u00bb]<\/p>\n<h6>Oriente Pr\u00f3ximo es un lugar de diversidad. Es una tierra de contrastes, donde las tradiciones ancestrales conviven con la modernidad. La regi\u00f3n ofrece una amplia gama de atracciones, desde impresionantes paisajes a vibrantes ciudades, lo que la convierte en un destino popular para los viajeros de negocios.<\/h6>\n<p>[\/et_pb_text][\/et_pb_column][\/et_pb_row][\/et_pb_section]<\/p>\n","protected":false},"excerpt":{"rendered":"<p>Destinos tur\u00edsticos en Oriente Pr\u00f3ximoOriente Medio cuenta con algunas de las ciudades m\u00e1s din\u00e1micas, como Dubai, Abu Dhabi y Doha, que atraen a empresas de todo el mundo. Oriente Medio se ha convertido en un centro neur\u00e1lgico para los negocios internacionales debido a su situaci\u00f3n estrat\u00e9gica, sus ricos recursos naturales y sus econom\u00edas en crecimiento. [&hellip;]<\/p>\n","protected":false},"author":1,"featured_media":0,"parent":6828,"menu_order":0,"comment_status":"closed","ping_status":"closed","template":"","meta":{"_et_pb_use_builder":"on","_et_pb_old_content":"","_et_gb_content_width":"","footnotes":""},"class_list":["post-10600","page","type-page","status-publish","hentry"],"_links":{"self":[{"href":"https:\/\/kaffediary.com\/es\/wp-json\/wp\/v2\/pages\/10600","targetHints":{"allow":["GET"]}}],"collection":[{"href":"https:\/\/kaffediary.com\/es\/wp-json\/wp\/v2\/pages"}],"about":[{"href":"https:\/\/kaffediary.com\/es\/wp-json\/wp\/v2\/types\/page"}],"author":[{"embeddable":true,"href":"https:\/\/kaffediary.com\/es\/wp-json\/wp\/v2\/users\/1"}],"replies":[{"embeddable":true,"href":"https:\/\/kaffediary.com\/es\/wp-json\/wp\/v2\/comments?post=10600"}],"version-history":[{"count":13,"href":"https:\/\/kaffediary.com\/es\/wp-json\/wp\/v2\/pages\/10600\/revisions"}],"predecessor-version":[{"id":11890,"href":"https:\/\/kaffediary.com\/es\/wp-json\/wp\/v2\/pages\/10600\/revisions\/11890"}],"up":[{"embeddable":true,"href":"https:\/\/kaffediary.com\/es\/wp-json\/wp\/v2\/pages\/6828"}],"wp:attachment":[{"href":"https:\/\/kaffediary.com\/es\/wp-json\/wp\/v2\/media?parent=10600"}],"curies":[{"name":"wp","href":"https:\/\/api.w.org\/{rel}","templated":true}]}}