{"id":10649,"date":"2022-03-03T23:14:27","date_gmt":"2022-03-03T23:14:27","guid":{"rendered":"https:\/\/kaffediary.com\/guias-de-ciudades\/"},"modified":"2024-01-26T17:05:32","modified_gmt":"2024-01-26T17:05:32","slug":"guias-de-ciudades","status":"publish","type":"page","link":"https:\/\/kaffediary.com\/es\/guias-de-ciudades\/","title":{"rendered":"Gu\u00edas de ciudades"},"content":{"rendered":"<p>[et_pb_section fb_built=\u00bb1&#8243; custom_padding_last_edited=\u00bboff|phone\u00bb admin_label=\u00bbHeader\u00bb _builder_version=\u00bb4.19.0&#8243; _module_preset=\u00bbdefault\u00bb use_background_color_gradient=\u00bbon\u00bb background_color_gradient_stops=\u00bbrgba(52,130,193,0.46) 0%|rgba(6,34,127,0.31) 100%\u00bb background_color_gradient_overlays_image=\u00bbon\u00bb background_color_gradient_start=\u00bbrgba(52,130,193,0.46)\u00bb background_color_gradient_end=\u00bbrgba(6,34,127,0.31)\u00bb background_image=\u00bbhttps:\/\/kaffediary.com\/wp-content\/uploads\/2022\/11\/City-guides-header.jpg\u00bb custom_padding=\u00bb10vw||18vw||false|false\u00bb custom_padding_tablet=\u00bb||||false|false\u00bb custom_padding_phone=\u00bb||||false|false\u00bb global_colors_info=\u00bb{}\u00bb][et_pb_row _builder_version=\u00bb4.16&#8243; _module_preset=\u00bbdefault\u00bb global_colors_info=\u00bb{}\u00bb][et_pb_column type=\u00bb4_4&#8243; _builder_version=\u00bb4.16&#8243; _module_preset=\u00bbdefault\u00bb global_colors_info=\u00bb{}\u00bb][et_pb_text _builder_version=\u00bb4.17.4&#8243; _module_preset=\u00bbd72c0383-6487-4f2c-ac5c-7d48a6376757&#8243; header_font=\u00bb||||||||\u00bb header_text_color=\u00bb#FFFFFF\u00bb header_font_size=\u00bb50px\u00bb header_line_height=\u00bb1.3em\u00bb text_orientation=\u00bbcenter\u00bb max_width=\u00bb750px\u00bb module_alignment=\u00bbcenter\u00bb animation_direction=\u00bbtop\u00bb header_font_size_tablet=\u00bb36px\u00bb header_font_size_phone=\u00bb30px\u00bb header_font_size_last_edited=\u00bbon|desktop\u00bb global_colors_info=\u00bb{}\u00bb]<\/p>\n<h1>Gu\u00edas de ciudades<\/h1>\n<p>[\/et_pb_text][\/et_pb_column][\/et_pb_row][\/et_pb_section][et_pb_section fb_built=\u00bb1&#8243; _builder_version=\u00bb4.16&#8243; _module_preset=\u00bbdefault\u00bb custom_padding=\u00bb20px||20px||true|false\u00bb global_colors_info=\u00bb{}\u00bb][et_pb_row column_structure=\u00bb1_5,3_5,1_5&#8243; use_custom_gutter=\u00bbon\u00bb gutter_width=\u00bb1&#8243; _builder_version=\u00bb4.19.0&#8243; _module_preset=\u00bbdefault\u00bb width=\u00bb88%\u00bb max_width=\u00bb1920px\u00bb global_colors_info=\u00bb{}\u00bb][et_pb_column type=\u00bb1_5&#8243; _builder_version=\u00bb4.16&#8243; _module_preset=\u00bbdefault\u00bb global_colors_info=\u00bb{}\u00bb][\/et_pb_column][et_pb_column type=\u00bb3_5&#8243; _builder_version=\u00bb4.16&#8243; _module_preset=\u00bbdefault\u00bb global_colors_info=\u00bb{}\u00bb][et_pb_text _builder_version=\u00bb4.19.1&#8243; _module_preset=\u00bbdefault\u00bb text_font=\u00bb|200|||||||\u00bb text_text_color=\u00bb#000000&#8243; text_font_size=\u00bb24px\u00bb text_line_height=\u00bb1.5em\u00bb link_text_color=\u00bbgcid-8582d6b2-ff93-467d-8a95-c50d6acf939e\u00bb link_font_size=\u00bb24px\u00bb link_line_height=\u00bb1.6em\u00bb header_2_text_color=\u00bbgcid-a1e60d66-76d8-4612-a9ca-a005678239ae\u00bb header_2_font_size=\u00bb36px\u00bb header_2_line_height=\u00bb1.2em\u00bb width_tablet=\u00bb\u00bb width_phone=\u00bb98%\u00bb width_last_edited=\u00bbon|desktop\u00bb hover_enabled=\u00bb0&#8243; text_font_tablet=\u00bbMulish|300|||||||\u00bb text_font_phone=\u00bbMulish|300|||||||\u00bb text_font_last_edited=\u00bbon|desktop\u00bb text_font_size_tablet=\u00bb22px\u00bb text_font_size_phone=\u00bb20px\u00bb text_font_size_last_edited=\u00bbon|phone\u00bb link_font_size_tablet=\u00bb20px\u00bb link_font_size_phone=\u00bb18px\u00bb link_font_size_last_edited=\u00bbon|desktop\u00bb header_2_font_size_tablet=\u00bb32px\u00bb header_2_font_size_phone=\u00bb28px\u00bb header_2_font_size_last_edited=\u00bbon|desktop\u00bb global_colors_info=\u00bb{%22gcid-a1e60d66-76d8-4612-a9ca-a005678239ae%22:%91%22header_2_text_color%22%93,%22gcid-8582d6b2-ff93-467d-8a95-c50d6acf939e%22:%91%22link_text_color%22%93}\u00bb sticky_enabled=\u00bb0&#8243;]<\/p>\n<h2>Gu\u00edas de ciudades &#8211; Lo que debe saber cuando viaja<\/h2>\n<p>\u00bfEst\u00e1 buscando el mejor lugar para comer, el museo de arte m\u00e1s incre\u00edble para visitar o el monumento m\u00e1s emblem\u00e1tico? <\/p>\n<p>The Kaffe Diary City Guides es una fuente de informaci\u00f3n privilegiada de los habitantes de la ciudad y de listas de lo que ocurre en ella.<\/p>\n<p>Actualizamos constantemente nuestras gu\u00edas con nuevos lugares que merece la pena visitar.<\/p>\n<p>[\/et_pb_text][\/et_pb_column][et_pb_column type=\u00bb1_5&#8243; _builder_version=\u00bb4.16&#8243; _module_preset=\u00bbdefault\u00bb global_colors_info=\u00bb{}\u00bb][\/et_pb_column][\/et_pb_row][\/et_pb_section][et_pb_section fb_built=\u00bb1&#8243; _builder_version=\u00bb4.19.0&#8243; _module_preset=\u00bbdefault\u00bb custom_padding=\u00bb0px||0px||false|false\u00bb global_colors_info=\u00bb{}\u00bb][et_pb_row column_structure=\u00bb1_5,3_5,1_5&#8243; use_custom_gutter=\u00bbon\u00bb gutter_width=\u00bb1&#8243; _builder_version=\u00bb4.19.0&#8243; _module_preset=\u00bbdefault\u00bb width=\u00bb88%\u00bb max_width=\u00bb1920px\u00bb custom_margin=\u00bb0px||||false|false\u00bb custom_padding=\u00bb0px||||false|false\u00bb global_colors_info=\u00bb{}\u00bb][et_pb_column type=\u00bb1_5&#8243; _builder_version=\u00bb4.16&#8243; _module_preset=\u00bbdefault\u00bb global_colors_info=\u00bb{}\u00bb][\/et_pb_column][et_pb_column type=\u00bb3_5&#8243; _builder_version=\u00bb4.16&#8243; _module_preset=\u00bbdefault\u00bb global_colors_info=\u00bb{}\u00bb][et_pb_text _builder_version=\u00bb4.19.0&#8243; _module_preset=\u00bbdefault\u00bb text_font=\u00bb|200|||||||\u00bb text_text_color=\u00bb#000000&#8243; text_font_size=\u00bb24px\u00bb text_line_height=\u00bb1.5em\u00bb link_text_color=\u00bbgcid-8582d6b2-ff93-467d-8a95-c50d6acf939e\u00bb link_font_size=\u00bb24px\u00bb link_line_height=\u00bb1.6em\u00bb ul_font_size=\u00bb24px\u00bb ul_line_height=\u00bb1.5em\u00bb header_2_text_color=\u00bbgcid-a1e60d66-76d8-4612-a9ca-a005678239ae\u00bb header_2_font_size=\u00bb36px\u00bb header_2_line_height=\u00bb1.2em\u00bb width=\u00bb100%\u00bb max_width=\u00bb1920px\u00bb custom_margin=\u00bb0px||||false|false\u00bb custom_padding=\u00bb0px||||false|false\u00bb text_font_tablet=\u00bbMulish|300|||||||\u00bb text_font_phone=\u00bbMulish|300|||||||\u00bb text_font_last_edited=\u00bbon|desktop\u00bb text_font_size_tablet=\u00bb22px\u00bb text_font_size_phone=\u00bb20px\u00bb text_font_size_last_edited=\u00bbon|phone\u00bb link_font_size_tablet=\u00bb20px\u00bb link_font_size_phone=\u00bb18px\u00bb link_font_size_last_edited=\u00bbon|desktop\u00bb ul_font_size_tablet=\u00bb20px\u00bb ul_font_size_phone=\u00bb18px\u00bb ul_font_size_last_edited=\u00bbon|desktop\u00bb header_2_font_size_tablet=\u00bb32px\u00bb header_2_font_size_phone=\u00bb28px\u00bb header_2_font_size_last_edited=\u00bbon|desktop\u00bb global_colors_info=\u00bb{%22gcid-a1e60d66-76d8-4612-a9ca-a005678239ae%22:%91%22header_2_text_color%22%93,%22gcid-8582d6b2-ff93-467d-8a95-c50d6acf939e%22:%91%22link_text_color%22%93,%22gcid-7814a719-c4c1-4b0f-b019-492bb0f30365%22:%91%22link_text_color%22%93,%22gcid-451f3261-61c2-4dbe-bb50-a5feeb4e6554%22:%91%22header_2_text_color%22%93}\u00bb]<\/p>\n<h2 id=\"cityguidedef\">\u00bfQu\u00e9 es una gu\u00eda de la ciudad?<\/h2>\n<p>[\/et_pb_text][et_pb_text _builder_version=\u00bb4.19.1&#8243; _module_preset=\u00bbdefault\u00bb text_font=\u00bb|200|||||||\u00bb text_text_color=\u00bb#000000&#8243; text_font_size=\u00bb24px\u00bb text_line_height=\u00bb1.5em\u00bb link_text_color=\u00bb#000000&#8243; link_font_size=\u00bb24px\u00bb link_line_height=\u00bb1.6em\u00bb ul_font_size=\u00bb24px\u00bb ul_line_height=\u00bb1.5em\u00bb header_2_text_color=\u00bbgcid-a1e60d66-76d8-4612-a9ca-a005678239ae\u00bb header_2_font_size=\u00bb36px\u00bb header_2_line_height=\u00bb1.2em\u00bb width=\u00bb100%\u00bb max_width=\u00bb1920px\u00bb custom_margin=\u00bb0px||||false|false\u00bb custom_padding=\u00bb0px||||false|false\u00bb hover_enabled=\u00bb0&#8243; text_font_tablet=\u00bbMulish|300|||||||\u00bb text_font_phone=\u00bbMulish|300|||||||\u00bb text_font_last_edited=\u00bbon|desktop\u00bb text_font_size_tablet=\u00bb22px\u00bb text_font_size_phone=\u00bb20px\u00bb text_font_size_last_edited=\u00bbon|phone\u00bb link_font_size_tablet=\u00bb20px\u00bb link_font_size_phone=\u00bb18px\u00bb link_font_size_last_edited=\u00bbon|desktop\u00bb ul_font_size_tablet=\u00bb20px\u00bb ul_font_size_phone=\u00bb18px\u00bb ul_font_size_last_edited=\u00bbon|desktop\u00bb header_2_font_size_tablet=\u00bb32px\u00bb header_2_font_size_phone=\u00bb28px\u00bb header_2_font_size_last_edited=\u00bbon|desktop\u00bb global_colors_info=\u00bb{%22gcid-a1e60d66-76d8-4612-a9ca-a005678239ae%22:%91%22header_2_text_color%22%93,%22gcid-451f3261-61c2-4dbe-bb50-a5feeb4e6554%22:%91%22header_2_text_color%22%93}\u00bb sticky_enabled=\u00bb0&#8243;]<\/p>\n<p>Una <a href=\"https:\/\/dictionary.cambridge.org\/dictionary\/english\/city\" target=\"_blank\" rel=\"noopener\">City<\/a> Guide es una gu\u00eda de viaje espec\u00edfica de una ciudad. Es un recurso de informaci\u00f3n sobre viajes que ofrece informaci\u00f3n pr\u00e1ctica.<\/p>\n<p>El formato habitual abarca las atracciones m\u00e1s importantes de una ciudad y los restaurantes, hoteles, lugares de ocio, zonas comerciales y atracciones tur\u00edsticas.<\/p>\n<p>Nuestras gu\u00edas de ciudades pueden dividirse en tipos:<\/p>\n<ul>\n<li>Las gu\u00edas generales suelen estar escritas para ciudades destacadas y ofrecen informaci\u00f3n m\u00e1s general sobre diferentes barrios o zonas de la ciudad.<\/li>\n<li>Las gu\u00edas de destinos suelen centrarse en las ciudades m\u00e1s peque\u00f1as y ofrecen orientaci\u00f3n espec\u00edfica sobre las mejores cosas que ver y hacer en la zona.<\/li>\n<li>Una gu\u00eda interna suele centrarse en la vida o la cultura de los habitantes de una determinada ciudad (o regi\u00f3n). Puede incluir informaci\u00f3n como lo que es popular entre los locales y d\u00f3nde encontrar marcas locales.<\/li>\n<li>Una gu\u00eda de estilo de vida suele centrarse en vivir bien en una determinada ciudad (o regi\u00f3n): d\u00f3nde comer, salir con los amigos, tomar el caf\u00e9 de la ma\u00f1ana y muchas cosas m\u00e1s.<\/li>\n<\/ul>\n<p>[\/et_pb_text][\/et_pb_column][et_pb_column type=\u00bb1_5&#8243; _builder_version=\u00bb4.16&#8243; _module_preset=\u00bbdefault\u00bb global_colors_info=\u00bb{}\u00bb][\/et_pb_column][\/et_pb_row][et_pb_row column_structure=\u00bb1_5,3_5,1_5&#8243; use_custom_gutter=\u00bbon\u00bb gutter_width=\u00bb1&#8243; _builder_version=\u00bb4.19.0&#8243; _module_preset=\u00bbdefault\u00bb width=\u00bb88%\u00bb max_width=\u00bb1920px\u00bb global_colors_info=\u00bb{}\u00bb][et_pb_column type=\u00bb1_5&#8243; _builder_version=\u00bb4.16&#8243; _module_preset=\u00bbdefault\u00bb global_colors_info=\u00bb{}\u00bb][\/et_pb_column][et_pb_column type=\u00bb3_5&#8243; _builder_version=\u00bb4.16&#8243; _module_preset=\u00bbdefault\u00bb global_colors_info=\u00bb{}\u00bb][et_pb_image src=\u00bbhttps:\/\/kaffediary.com\/wp-content\/uploads\/2022\/11\/city-guides-coffee.jpg\u00bb alt=\u00bbgu\u00edas de la ciudad caf\u00e9\u00bb title_text=\u00bbgu\u00edas de la ciudad caf\u00e9\u00bb _builder_version=\u00bb4.19.0&#8243; _module_preset=\u00bbdefault\u00bb global_colors_info=\u00bb{}\u00bb][\/et_pb_image][\/et_pb_column][et_pb_column type=\u00bb1_5&#8243; _builder_version=\u00bb4.16&#8243; _module_preset=\u00bbdefault\u00bb global_colors_info=\u00bb{}\u00bb][\/et_pb_column][\/et_pb_row][\/et_pb_section][et_pb_section fb_built=\u00bb1&#8243; _builder_version=\u00bb4.16&#8243; _module_preset=\u00bbdefault\u00bb global_colors_info=\u00bb{}\u00bb][et_pb_row column_structure=\u00bb1_5,3_5,1_5&#8243; use_custom_gutter=\u00bbon\u00bb gutter_width=\u00bb1&#8243; _builder_version=\u00bb4.19.0&#8243; _module_preset=\u00bbdefault\u00bb width=\u00bb88%\u00bb max_width=\u00bb1920px\u00bb custom_margin=\u00bb0px||0px||false|false\u00bb custom_padding=\u00bb0px||0px||false|false\u00bb global_colors_info=\u00bb{}\u00bb][et_pb_column type=\u00bb1_5&#8243; _builder_version=\u00bb4.16&#8243; _module_preset=\u00bbdefault\u00bb global_colors_info=\u00bb{}\u00bb][\/et_pb_column][et_pb_column type=\u00bb3_5&#8243; _builder_version=\u00bb4.16&#8243; _module_preset=\u00bbdefault\u00bb global_colors_info=\u00bb{}\u00bb][et_pb_text _builder_version=\u00bb4.19.0&#8243; _module_preset=\u00bbdefault\u00bb text_font=\u00bb|200|||||||\u00bb text_text_color=\u00bb#000000&#8243; text_font_size=\u00bb24px\u00bb text_line_height=\u00bb1.5em\u00bb link_text_color=\u00bbgcid-8582d6b2-ff93-467d-8a95-c50d6acf939e\u00bb link_font_size=\u00bb24px\u00bb link_line_height=\u00bb1.6em\u00bb header_2_text_color=\u00bbgcid-a1e60d66-76d8-4612-a9ca-a005678239ae\u00bb header_2_font_size=\u00bb36px\u00bb header_2_line_height=\u00bb1.2em\u00bb width_tablet=\u00bb\u00bb width_phone=\u00bb98%\u00bb width_last_edited=\u00bbon|desktop\u00bb text_font_tablet=\u00bbMulish|300|||||||\u00bb text_font_phone=\u00bbMulish|300|||||||\u00bb text_font_last_edited=\u00bbon|desktop\u00bb text_font_size_tablet=\u00bb22px\u00bb text_font_size_phone=\u00bb20px\u00bb text_font_size_last_edited=\u00bbon|phone\u00bb link_font_size_tablet=\u00bb20px\u00bb link_font_size_phone=\u00bb18px\u00bb link_font_size_last_edited=\u00bbon|desktop\u00bb header_2_font_size_tablet=\u00bb32px\u00bb header_2_font_size_phone=\u00bb28px\u00bb header_2_font_size_last_edited=\u00bbon|desktop\u00bb global_colors_info=\u00bb{%22gcid-a1e60d66-76d8-4612-a9ca-a005678239ae%22:%91%22header_2_text_color%22%93,%22gcid-8582d6b2-ff93-467d-8a95-c50d6acf939e%22:%91%22link_text_color%22%93,%22gcid-7814a719-c4c1-4b0f-b019-492bb0f30365%22:%91%22link_text_color%22,%22link_text_color%22%93,%22gcid-451f3261-61c2-4dbe-bb50-a5feeb4e6554%22:%91%22header_2_text_color%22%93,%22gcid-0ca197d1-1f9b-4986-b00e-3ae7a424a238%22:%91%22header_6_text_color%22%93}\u00bb]<\/p>\n<h2>Las ventajas de utilizar nuestra gu\u00eda de la ciudad<\/h2>\n<p>Explore una nueva ciudad en profundidad siguiendo las recomendaciones de los lugare\u00f1os. No hay nada como escuchar a alguien que vive all\u00ed sobre las joyas ocultas o los mejores lugares para comer y visitar.<\/p>\n<p>Utilice las gu\u00edas de ciudades de Kaffe Diary para planificar su viaje y asegurarse de que realiza actividades que se ajustan a su tiempo. Y como usted viaja por negocios y quiere pasar por todas las oficinas para reunirse en su camino por la ciudad, ser\u00eda \u00fatil tener una lista de todas las oficinas en un solo lugar &#8211; \u00a1ah\u00ed es donde nuestras gu\u00edas locales son \u00fatiles!<\/p>\n<p>Nuestra gu\u00eda de ciudades recopilar\u00e1 s\u00f3lo lo mejor de lo que ofrece una ciudad en una lista f\u00e1cil de seguir. <\/p>\n<p>[\/et_pb_text][et_pb_text _builder_version=\u00bb4.19.0&#8243; _module_preset=\u00bbdefault\u00bb text_font=\u00bb|200|||||||\u00bb text_text_color=\u00bb#000000&#8243; text_font_size=\u00bb24px\u00bb text_line_height=\u00bb1.5em\u00bb link_text_color=\u00bbgcid-8582d6b2-ff93-467d-8a95-c50d6acf939e\u00bb link_font_size=\u00bb24px\u00bb link_line_height=\u00bb1.6em\u00bb header_2_text_color=\u00bbgcid-a1e60d66-76d8-4612-a9ca-a005678239ae\u00bb header_2_font_size=\u00bb36px\u00bb header_2_line_height=\u00bb1.2em\u00bb width_tablet=\u00bb\u00bb width_phone=\u00bb98%\u00bb width_last_edited=\u00bbon|desktop\u00bb custom_margin=\u00bb0px||0px||false|false\u00bb custom_padding=\u00bb0px||0px||false|false\u00bb text_font_tablet=\u00bbMulish|300|||||||\u00bb text_font_phone=\u00bbMulish|300|||||||\u00bb text_font_last_edited=\u00bbon|desktop\u00bb text_font_size_tablet=\u00bb22px\u00bb text_font_size_phone=\u00bb20px\u00bb text_font_size_last_edited=\u00bbon|phone\u00bb link_font_size_tablet=\u00bb20px\u00bb link_font_size_phone=\u00bb18px\u00bb link_font_size_last_edited=\u00bbon|desktop\u00bb header_2_font_size_tablet=\u00bb32px\u00bb header_2_font_size_phone=\u00bb28px\u00bb header_2_font_size_last_edited=\u00bbon|desktop\u00bb global_colors_info=\u00bb{%22gcid-a1e60d66-76d8-4612-a9ca-a005678239ae%22:%91%22header_2_text_color%22%93,%22gcid-8582d6b2-ff93-467d-8a95-c50d6acf939e%22:%91%22link_text_color%22%93,%22gcid-7814a719-c4c1-4b0f-b019-492bb0f30365%22:%91%22link_text_color%22,%22link_text_color%22%93,%22gcid-451f3261-61c2-4dbe-bb50-a5feeb4e6554%22:%91%22header_2_text_color%22%93,%22gcid-0ca197d1-1f9b-4986-b00e-3ae7a424a238%22:%91%22header_6_text_color%22%93}\u00bb]<\/p>\n<h2 id=\"featuredcity\">Gu\u00edas de ciudades destacadas<\/h2>\n<p>[\/et_pb_text][\/et_pb_column][et_pb_column type=\u00bb1_5&#8243; _builder_version=\u00bb4.16&#8243; _module_preset=\u00bbdefault\u00bb global_colors_info=\u00bb{}\u00bb][\/et_pb_column][\/et_pb_row][et_pb_row column_structure=\u00bb1_5,3_5,1_5&#8243; use_custom_gutter=\u00bbon\u00bb gutter_width=\u00bb1&#8243; disabled_on=\u00bbon|on|on\u00bb _builder_version=\u00bb4.19.0&#8243; _module_preset=\u00bbdefault\u00bb width=\u00bb88%\u00bb max_width=\u00bb1920px\u00bb custom_margin=\u00bb0px||||false|false\u00bb custom_padding=\u00bb0px||||false|false\u00bb disabled=\u00bbon\u00bb global_colors_info=\u00bb{}\u00bb][et_pb_column type=\u00bb1_5&#8243; _builder_version=\u00bb4.16&#8243; _module_preset=\u00bbdefault\u00bb global_colors_info=\u00bb{}\u00bb][\/et_pb_column][et_pb_column type=\u00bb3_5&#8243; _builder_version=\u00bb4.16&#8243; _module_preset=\u00bbdefault\u00bb global_colors_info=\u00bb{}\u00bb][et_pb_text _builder_version=\u00bb4.16&#8243; _module_preset=\u00bbdefault\u00bb text_font=\u00bb|200|||||||\u00bb text_text_color=\u00bb#000000&#8243; text_font_size=\u00bb24px\u00bb text_line_height=\u00bb1.5em\u00bb link_text_color=\u00bbgcid-7814a719-c4c1-4b0f-b019-492bb0f30365&#8243; link_font_size=\u00bb24px\u00bb link_line_height=\u00bb1.5em\u00bb header_2_text_color=\u00bbgcid-451f3261-61c2-4dbe-bb50-a5feeb4e6554&#8243; header_2_font_size=\u00bb36px\u00bb header_2_line_height=\u00bb1.4em\u00bb header_6_text_color=\u00bbgcid-0ca197d1-1f9b-4986-b00e-3ae7a424a238&#8243; header_6_font_size=\u00bb26px\u00bb header_6_line_height=\u00bb1.5em\u00bb width_tablet=\u00bb\u00bb width_phone=\u00bb98%\u00bb width_last_edited=\u00bbon|desktop\u00bb text_font_tablet=\u00bbMulish|300|||||||\u00bb text_font_phone=\u00bbMulish|300|||||||\u00bb text_font_last_edited=\u00bbon|desktop\u00bb text_font_size_tablet=\u00bb22px\u00bb text_font_size_phone=\u00bb20px\u00bb text_font_size_last_edited=\u00bbon|phone\u00bb link_font_size_tablet=\u00bb22px\u00bb link_font_size_phone=\u00bb20px\u00bb link_font_size_last_edited=\u00bbon|desktop\u00bb header_2_font_size_tablet=\u00bb32px\u00bb header_2_font_size_phone=\u00bb32px\u00bb header_2_font_size_last_edited=\u00bbon|phone\u00bb header_6_font_size_tablet=\u00bb26px\u00bb header_6_font_size_phone=\u00bb22px\u00bb header_6_font_size_last_edited=\u00bbon|phone\u00bb global_colors_info=\u00bb{%22gcid-7814a719-c4c1-4b0f-b019-492bb0f30365%22:%91%22link_text_color%22,%22link_text_color%22%93,%22gcid-451f3261-61c2-4dbe-bb50-a5feeb4e6554%22:%91%22header_2_text_color%22%93,%22gcid-0ca197d1-1f9b-4986-b00e-3ae7a424a238%22:%91%22header_6_text_color%22%93}\u00bb]<\/p>\n<h6>Las gu\u00edas de la ciudad son una gran manera de mantenerse a la vanguardia cuando se trabaja en la ciudad.<\/h6>\n<p>[\/et_pb_text][\/et_pb_column][et_pb_column type=\u00bb1_5&#8243; _builder_version=\u00bb4.16&#8243; _module_preset=\u00bbdefault\u00bb global_colors_info=\u00bb{}\u00bb][\/et_pb_column][\/et_pb_row][\/et_pb_section][et_pb_section fb_built=\u00bb1&#8243; disabled_on=\u00bboff|off|off\u00bb _builder_version=\u00bb4.19.0&#8243; custom_margin=\u00bb0px||||false|false\u00bb custom_padding=\u00bb0px||||false|false\u00bb global_colors_info=\u00bb{}\u00bb][et_pb_row _builder_version=\u00bb4.18.0&#8243; width=\u00bb90%\u00bb max_width=\u00bb1920px\u00bb custom_margin=\u00bb0px||0px||false|false\u00bb custom_padding=\u00bb0px||0px||false|false\u00bb global_colors_info=\u00bb{}\u00bb][et_pb_column type=\u00bb4_4&#8243; _builder_version=\u00bb4.16&#8243; custom_padding=\u00bb|||\u00bb global_colors_info=\u00bb{}\u00bb custom_padding__hover=\u00bb|||\u00bb][dgbm_blog_module posts_number=\u00bb6&#8243; type=\u00bb3&#8243; include_categories=\u00bb5&#8243; show_author=\u00bboff\u00bb meta_date=\u00bbj M Y\u00bb space_between=\u00bb18px\u00bb equal_height=\u00bbon\u00bb image_as_background=\u00bbon\u00bb image_size=\u00bblarge\u00bb image_scale_on_hover=\u00bbon\u00bb top_position_alignment=\u00bbcenter\u00bb button_alignment=\u00bbcenter\u00bb use_button_icon=\u00bbon\u00bb button_icon=\u00bb%%36%%\u00bb pagination_background=\u00bbrgba(255,255,255,0)\u00bb content_padding=\u00bb148px|30px|148px|30px|false|true\u00bb content_padding_tablet=\u00bb\u00bb content_padding_phone=\u00bb\u00bb content_padding_last_edited=\u00bbon|phone\u00bb title_margin=\u00bb0px||-70px||false|false\u00bb button_wrapper_margin=\u00bb||15px\u00bb author_location=\u00bbtop\u00bb author_background_color=\u00bbrgba(255,255,255,0)\u00bb date_location=\u00bbtop\u00bb date_background_color=\u00bbrgba(255,255,255,0)\u00bb category_location=\u00bbtop\u00bb category_background_color=\u00bbrgba(255,255,255,0)\u00bb comment_background_color=\u00bbrgba(255,255,255,0)\u00bb space_between_tablet=\u00bb35px\u00bb space_between_phone=\u00bb30px\u00bb space_between_last_edited=\u00bbon|phone\u00bb _builder_version=\u00bb4.19.0&#8243; title_font=\u00bb|800|||||||\u00bb title_text_align=\u00bbcenter\u00bb title_text_color=\u00bb#ffffff\u00bb title_font_size=\u00bb28px\u00bb title_line_height=\u00bb1.2em\u00bb meta_font=\u00bb||||||||\u00bb meta_text_color=\u00bb#ffffff\u00bb content_font=\u00bb||||||||\u00bb content_text_align=\u00bbcenter\u00bb content_text_color=\u00bbrgba(0,0,0,0)\u00bb read_more_font=\u00bbFira Sans||||||||\u00bb read_more_text_color=\u00bb#ffffff\u00bb pagination_font=\u00bb|600||on|||||\u00bb pagination_text_color=\u00bbgcid-080b111f-3b5c-45fc-9442-f363796c87fa\u00bb pagination_font_size=\u00bb19px\u00bb pagination_letter_spacing=\u00bb3px\u00bb author_font=\u00bbFira Sans||||||||\u00bb date_font=\u00bb||||||||\u00bb category_font=\u00bb||||||||\u00bb comment_font=\u00bb||||||||\u00bb background_color=\u00bbrgba(63,85,226,0.28)\u00bb title_font_size_tablet=\u00bb26px\u00bb title_font_size_phone=\u00bb22px\u00bb title_font_size_last_edited=\u00bbon|desktop\u00bb custom_css_post-meta-bottom=\u00bbmargin-bottom: 0;||margin-top: auto;\u00bb global_colors_info=\u00bb{%22gcid-080b111f-3b5c-45fc-9442-f363796c87fa%22:%91%22pagination_text_color%22%93}\u00bb title_font_size__hover_enabled=\u00bbon|desktop\u00bb title_margin__hover_enabled=\u00bbon|hover\u00bb text_margin__hover_enabled=\u00bbon|desktop\u00bb content_text_color__hover_enabled=\u00bbon|hover\u00bb content_text_color__hover=\u00bb#ffffff\u00bb meta_top_margin__hover_enabled=\u00bbon|desktop\u00bb meta_top_margin__hover=\u00bb||71px||false|false\u00bb content_padding__hover_enabled=\u00bbon|hover\u00bb content_padding__hover=\u00bb113px||113px||true|true\u00bb title_margin__hover=\u00bb-71px||0px||false|false\u00bb title_font_size__hover=\u00bb28px\u00bb][\/dgbm_blog_module][\/et_pb_column][\/et_pb_row][\/et_pb_section]<\/p>\n","protected":false},"excerpt":{"rendered":"<p>Gu\u00edas de ciudadesGu\u00edas de ciudades &#8211; Lo que debe saber cuando viaja \u00bfEst\u00e1 buscando el mejor lugar para comer, el museo de arte m\u00e1s incre\u00edble para visitar o el monumento m\u00e1s emblem\u00e1tico? The Kaffe Diary City Guides es una fuente de informaci\u00f3n privilegiada de los habitantes de la ciudad y de listas de lo que [&hellip;]<\/p>\n","protected":false},"author":1,"featured_media":0,"parent":0,"menu_order":0,"comment_status":"closed","ping_status":"closed","template":"","meta":{"_et_pb_use_builder":"on","_et_pb_old_content":"","_et_gb_content_width":"","footnotes":""},"class_list":["post-10649","page","type-page","status-publish","hentry"],"_links":{"self":[{"href":"https:\/\/kaffediary.com\/es\/wp-json\/wp\/v2\/pages\/10649","targetHints":{"allow":["GET"]}}],"collection":[{"href":"https:\/\/kaffediary.com\/es\/wp-json\/wp\/v2\/pages"}],"about":[{"href":"https:\/\/kaffediary.com\/es\/wp-json\/wp\/v2\/types\/page"}],"author":[{"embeddable":true,"href":"https:\/\/kaffediary.com\/es\/wp-json\/wp\/v2\/users\/1"}],"replies":[{"embeddable":true,"href":"https:\/\/kaffediary.com\/es\/wp-json\/wp\/v2\/comments?post=10649"}],"version-history":[{"count":5,"href":"https:\/\/kaffediary.com\/es\/wp-json\/wp\/v2\/pages\/10649\/revisions"}],"predecessor-version":[{"id":12010,"href":"https:\/\/kaffediary.com\/es\/wp-json\/wp\/v2\/pages\/10649\/revisions\/12010"}],"wp:attachment":[{"href":"https:\/\/kaffediary.com\/es\/wp-json\/wp\/v2\/media?parent=10649"}],"curies":[{"name":"wp","href":"https:\/\/api.w.org\/{rel}","templated":true}]}}