{"id":10674,"date":"2022-11-04T18:54:15","date_gmt":"2022-11-04T18:54:15","guid":{"rendered":"https:\/\/kaffediary.com\/viajes-de-negocios\/america-del-norte-destino-de-negocios\/"},"modified":"2024-01-26T17:03:51","modified_gmt":"2024-01-26T17:03:51","slug":"america-del-norte-destino-de-negocios","status":"publish","type":"page","link":"https:\/\/kaffediary.com\/es\/viajes-de-negocios\/america-del-norte-destino-de-negocios\/","title":{"rendered":"Am\u00e9rica del Norte Destino de negocios"},"content":{"rendered":"<p>[et_pb_section fb_built=\u00bb1&#8243; custom_padding_last_edited=\u00bboff|phone\u00bb admin_label=\u00bbHeader\u00bb _builder_version=\u00bb4.17.4&#8243; _module_preset=\u00bbdefault\u00bb use_background_color_gradient=\u00bbon\u00bb background_color_gradient_stops=\u00bbrgba(52,130,193,0.46) 0%|rgba(6,34,127,0.31) 100%\u00bb background_color_gradient_overlays_image=\u00bbon\u00bb background_color_gradient_start=\u00bbrgba(52,130,193,0.46)\u00bb background_color_gradient_end=\u00bbrgba(6,34,127,0.31)\u00bb background_image=\u00bbhttps:\/\/kaffediary.com\/wp-content\/uploads\/2022\/10\/Europe-Business-Travel-Destination-Header-Image.jpg\u00bb custom_padding=\u00bb10vw||18vw||false|false\u00bb custom_padding_tablet=\u00bb||||false|false\u00bb custom_padding_phone=\u00bb||||false|false\u00bb global_colors_info=\u00bb{}\u00bb][et_pb_row _builder_version=\u00bb4.16&#8243; _module_preset=\u00bbdefault\u00bb global_colors_info=\u00bb{}\u00bb][et_pb_column type=\u00bb4_4&#8243; _builder_version=\u00bb4.16&#8243; _module_preset=\u00bbdefault\u00bb global_colors_info=\u00bb{}\u00bb][et_pb_text _builder_version=\u00bb4.21.0&#8243; _module_preset=\u00bbd72c0383-6487-4f2c-ac5c-7d48a6376757&#8243; header_font=\u00bb||||||||\u00bb header_text_color=\u00bb#FFFFFF\u00bb header_font_size=\u00bb50px\u00bb header_line_height=\u00bb1.3em\u00bb text_orientation=\u00bbcenter\u00bb max_width=\u00bb750px\u00bb module_alignment=\u00bbcenter\u00bb animation_direction=\u00bbtop\u00bb header_font_size_tablet=\u00bb36px\u00bb header_font_size_phone=\u00bb30px\u00bb header_font_size_last_edited=\u00bbon|desktop\u00bb global_colors_info=\u00bb{}\u00bb]<\/p>\n<h1>Am\u00e9rica del Norte Destinos de viaje de negocios<\/h1>\n<p>[\/et_pb_text][\/et_pb_column][\/et_pb_row][\/et_pb_section][et_pb_section fb_built=\u00bb1&#8243; _builder_version=\u00bb4.16&#8243; _module_preset=\u00bbdefault\u00bb global_colors_info=\u00bb{}\u00bb][et_pb_row _builder_version=\u00bb4.16&#8243; _module_preset=\u00bbdefault\u00bb custom_padding=\u00bb0px||0px||false|false\u00bb global_colors_info=\u00bb{}\u00bb][et_pb_column type=\u00bb4_4&#8243; _builder_version=\u00bb4.16&#8243; _module_preset=\u00bbdefault\u00bb global_colors_info=\u00bb{}\u00bb][et_pb_text _builder_version=\u00bb4.21.0&#8243; _module_preset=\u00bbdefault\u00bb text_font=\u00bb|200|||||||\u00bb text_text_color=\u00bb#000000&#8243; text_font_size=\u00bb24px\u00bb text_line_height=\u00bb1.5em\u00bb link_text_color=\u00bbgcid-7814a719-c4c1-4b0f-b019-492bb0f30365&#8243; link_font_size=\u00bb24px\u00bb link_line_height=\u00bb1.5em\u00bb header_2_text_color=\u00bbgcid-a1e60d66-76d8-4612-a9ca-a005678239ae\u00bb header_2_font_size=\u00bb36px\u00bb header_2_line_height=\u00bb1.4em\u00bb header_6_text_color=\u00bbgcid-0ca197d1-1f9b-4986-b00e-3ae7a424a238&#8243; header_6_font_size=\u00bb26px\u00bb header_6_line_height=\u00bb1.5em\u00bb width_tablet=\u00bb\u00bb width_phone=\u00bb98%\u00bb width_last_edited=\u00bbon|desktop\u00bb text_font_tablet=\u00bbMulish|300|||||||\u00bb text_font_phone=\u00bbMulish|300|||||||\u00bb text_font_last_edited=\u00bbon|desktop\u00bb text_font_size_tablet=\u00bb22px\u00bb text_font_size_phone=\u00bb20px\u00bb text_font_size_last_edited=\u00bbon|phone\u00bb link_font_size_tablet=\u00bb22px\u00bb link_font_size_phone=\u00bb20px\u00bb link_font_size_last_edited=\u00bbon|desktop\u00bb header_2_font_size_tablet=\u00bb32px\u00bb header_2_font_size_phone=\u00bb32px\u00bb header_2_font_size_last_edited=\u00bbon|phone\u00bb header_6_font_size_tablet=\u00bb26px\u00bb header_6_font_size_phone=\u00bb22px\u00bb header_6_font_size_last_edited=\u00bbon|phone\u00bb global_colors_info=\u00bb{%22gcid-7814a719-c4c1-4b0f-b019-492bb0f30365%22:%91%22link_text_color%22,%22link_text_color%22%93,%22gcid-0ca197d1-1f9b-4986-b00e-3ae7a424a238%22:%91%22header_6_text_color%22%93,%22gcid-a1e60d66-76d8-4612-a9ca-a005678239ae%22:%91%22header_2_text_color%22%93}\u00bb]<\/p>\n<p><a href=\"https:\/\/dictionary.cambridge.org\/dictionary\/english\/north-america\" target=\"_blank\" rel=\"noopener\">Norteam\u00e9rica<\/a> es un importante destino de negocios. Es la sede de muchas de las mayores econom\u00edas y corporaciones, lo que la convierte en un centro neur\u00e1lgico para los viajeros de negocios de todo el mundo.<\/p>\n<h2>Sobre el continente norteamericano<\/h2>\n<p>El oc\u00e9ano \u00c1rtico lo bordea por el norte, el Atl\u00e1ntico por el este, el Pac\u00edfico por el oeste y Sudam\u00e9rica por el sureste.<\/p>\n<p>El continente alberga paisajes diversos, como vastas llanuras, imponentes cadenas monta\u00f1osas, densos bosques y \u00e1ridos desiertos. Las Monta\u00f1as Rocosas y tambi\u00e9n los Montes Apalaches son dos de las cadenas monta\u00f1osas m\u00e1s prominentes de Norteam\u00e9rica.<\/p>\n<p>El continente tambi\u00e9n alberga varios r\u00edos importantes, como el Mississippi, el Yuk\u00f3n y el Colorado. Los Grandes Lagos est\u00e1n considerados el mayor grupo de lagos de agua dulce del mundo.<\/p>\n<p>Est\u00e1 formado por varios pa\u00edses, entre ellos Canad\u00e1, Estados Unidos y M\u00e9xico, las tres naciones m\u00e1s destacadas y pobladas del continente. Otros pa\u00edses de Norteam\u00e9rica son las islas caribe\u00f1as de Cuba, Jamaica y la Rep\u00fablica Dominicana, as\u00ed como pa\u00edses centroamericanos como Costa Rica, El Salvador y Panam\u00e1. El continente tambi\u00e9n incluye los pa\u00edses m\u00e1s peque\u00f1os de Belice, Guatemala, Honduras, Nicaragua y las naciones insulares de Bahamas, Barbados y Trinidad y Tobago.<\/p>\n<p>Cada pa\u00eds tiene su propia cultura, historia y sistema pol\u00edtico, lo que hace de Norteam\u00e9rica un continente diverso y fascinante para explorar.<\/p>\n<p>[\/et_pb_text][\/et_pb_column][\/et_pb_row][et_pb_row _builder_version=\u00bb4.21.0&#8243; _module_preset=\u00bbdefault\u00bb custom_padding=\u00bb20px||0px||false|false\u00bb global_colors_info=\u00bb{}\u00bb][et_pb_column type=\u00bb4_4&#8243; _builder_version=\u00bb4.16&#8243; _module_preset=\u00bbdefault\u00bb global_colors_info=\u00bb{}\u00bb][et_pb_code _builder_version=\u00bb4.21.0&#8243; _module_preset=\u00bbdefault\u00bb hover_enabled=\u00bb0&#8243; global_colors_info=\u00bb{}\u00bb sticky_enabled=\u00bb0&#8243;]<div class=\"map_wrapper\" id=\"map_wrapper_8940\">\n<div class=\"map_box\" style=\"max-width:2000px\">\n<div class=\"map_aspect_ratio\" style=\"padding-top:56%\" data-padding-top=\"56%\" data-padding-top-mobile=\"0%\">\n<div class=\"map_container\">\n<div class=\"map_render map_loading\" id=\"map_8940\"><\/div>\n<\/div>\n<\/div>\n<\/div>\n<\/div>[\/et_pb_code][\/et_pb_column][\/et_pb_row][\/et_pb_section][et_pb_section fb_built=\u00bb1&#8243; _builder_version=\u00bb4.16&#8243; _module_preset=\u00bbdefault\u00bb global_colors_info=\u00bb{}\u00bb][et_pb_row _builder_version=\u00bb4.16&#8243; _module_preset=\u00bbdefault\u00bb custom_padding=\u00bb0px||0px||false|false\u00bb global_colors_info=\u00bb{}\u00bb][et_pb_column type=\u00bb4_4&#8243; _builder_version=\u00bb4.16&#8243; _module_preset=\u00bbdefault\u00bb global_colors_info=\u00bb{}\u00bb][et_pb_text _builder_version=\u00bb4.21.0&#8243; _module_preset=\u00bbdefault\u00bb text_font=\u00bb|200|||||||\u00bb text_text_color=\u00bb#000000&#8243; text_font_size=\u00bb24px\u00bb text_line_height=\u00bb1.5em\u00bb link_text_color=\u00bbgcid-7814a719-c4c1-4b0f-b019-492bb0f30365&#8243; link_font_size=\u00bb24px\u00bb link_line_height=\u00bb1.5em\u00bb header_2_text_color=\u00bbgcid-a1e60d66-76d8-4612-a9ca-a005678239ae\u00bb header_2_font_size=\u00bb36px\u00bb header_2_line_height=\u00bb1.4em\u00bb header_3_text_color=\u00bbgcid-a1e60d66-76d8-4612-a9ca-a005678239ae\u00bb header_6_text_color=\u00bbgcid-0ca197d1-1f9b-4986-b00e-3ae7a424a238&#8243; header_6_font_size=\u00bb26px\u00bb header_6_line_height=\u00bb1.5em\u00bb width_tablet=\u00bb\u00bb width_phone=\u00bb98%\u00bb width_last_edited=\u00bbon|desktop\u00bb text_font_tablet=\u00bbMulish|300|||||||\u00bb text_font_phone=\u00bbMulish|300|||||||\u00bb text_font_last_edited=\u00bbon|desktop\u00bb text_font_size_tablet=\u00bb22px\u00bb text_font_size_phone=\u00bb20px\u00bb text_font_size_last_edited=\u00bbon|phone\u00bb link_font_size_tablet=\u00bb22px\u00bb link_font_size_phone=\u00bb20px\u00bb link_font_size_last_edited=\u00bbon|desktop\u00bb header_2_font_size_tablet=\u00bb32px\u00bb header_2_font_size_phone=\u00bb32px\u00bb header_2_font_size_last_edited=\u00bbon|phone\u00bb header_6_font_size_tablet=\u00bb26px\u00bb header_6_font_size_phone=\u00bb22px\u00bb header_6_font_size_last_edited=\u00bbon|phone\u00bb global_colors_info=\u00bb{%22gcid-7814a719-c4c1-4b0f-b019-492bb0f30365%22:%91%22link_text_color%22,%22link_text_color%22%93,%22gcid-0ca197d1-1f9b-4986-b00e-3ae7a424a238%22:%91%22header_6_text_color%22%93,%22gcid-a1e60d66-76d8-4612-a9ca-a005678239ae%22:%91%22header_2_text_color%22,%22header_3_text_color%22%93}\u00bb]<\/p>\n<h2>Qu\u00e9 esperar de una visita de negocios a Norteam\u00e9rica<\/h2>\n<p>&nbsp;<\/p>\n<h3>Alimentaci\u00f3n<\/h3>\n<p>El continente es famoso por sus hamburguesas, perritos calientes y pizzas, pero tambi\u00e9n posee un rico patrimonio culinario que incluye la cocina mexicana, caj\u00fan y sure\u00f1a.<\/p>\n<p>Muchas ciudades norteamericanas tienen tambi\u00e9n vibrantes escenas gastron\u00f3micas, con camiones de comida, mercados de agricultores y festivales de comida callejera que exhiben la cocina local e internacional.<\/p>\n<h3>Requirements<\/h3>\n<p>Antes de planificar su viaje de negocios a Norteam\u00e9rica, debe conocer los requisitos de visado. Los ciudadanos de algunos pa\u00edses pueden viajar sin visado a Canad\u00e1 y Estados Unidos por motivos de negocios durante un m\u00e1ximo de 90 d\u00edas.<\/p>\n<p>Sin embargo, los ciudadanos de otros pa\u00edses deben obtener un visado antes de entrar en Norteam\u00e9rica. El proceso de solicitud de visado puede llevar varias semanas, por lo que la planificaci\u00f3n es vital.<\/p>\n<h3>Transporte<\/h3>\n<p>Norteam\u00e9rica cuenta con una extensa red de transportes, lo que facilita las cosas a los viajeros de negocios. Los medios de transporte m\u00e1s habituales son el avi\u00f3n y el alquiler de coches.<\/p>\n<p>Entre los principales aeropuertos de Norteam\u00e9rica figuran el Aeropuerto Internacional John F. Kennedy de Nueva York, el Aeropuerto Internacional de Los \u00c1ngeles y el Aeropuerto Internacional Pearson de Toronto.<\/p>\n<p>Tambi\u00e9n hay una amplia oferta de coches de alquiler, pero es importante tener en cuenta que las leyes y normas de conducci\u00f3n pueden variar de un estado a otro y de una provincia a otra.<\/p>\n<h3>Alojamiento<\/h3>\n<p>Los hoteles m\u00e1s populares para los viajeros de negocios suelen estar situados en las principales ciudades y distritos empresariales. Los apartamentos con servicios son una buena opci\u00f3n para estancias prolongadas, ya que ofrecen m\u00e1s espacio y comodidades que los hoteles. Los alquileres de Airbnb tambi\u00e9n son cada vez m\u00e1s populares entre los viajeros de negocios, ya que ofrecen una opci\u00f3n de alojamiento m\u00e1s personalizada y rentable.<\/p>\n<h3>Etiqueta cultural<\/h3>\n<p>En general, los norteamericanos valoran la puntualidad, la comunicaci\u00f3n directa y la profesionalidad. Tambi\u00e9n es esencial respetar las pr\u00e1cticas culturales y religiosas, como los c\u00f3digos de vestimenta y las restricciones diet\u00e9ticas.<\/p>\n<p>Cultura empresarial<br \/>\nLa cultura empresarial en Norteam\u00e9rica suele ser de ritmo r\u00e1pido y orientada a los resultados. Las reuniones de negocios suelen ser asuntos formales con un orden del d\u00eda y unos objetivos claros. Ven preparado con una propuesta de negocio bien documentada, y prep\u00e1rate para articular tus ideas con claridad. Tambi\u00e9n es importante establecer relaciones personales, ya que los norteamericanos valoran la confianza y la credibilidad en las relaciones comerciales.<\/p>\n<h3>Seguridad<\/h3>\n<p>La seguridad es una preocupaci\u00f3n importante para los viajeros de negocios. Aunque el continente es generalmente seguro, algunas zonas requieren precauci\u00f3n. Las ciudades m\u00e1s grandes registran \u00edndices de delincuencia m\u00e1s elevados que otras partes de Norteam\u00e9rica, por lo que los viajeros deben estar atentos a su entorno, evitar caminar solos de noche y no exhibir objetos de valor en p\u00fablico.<\/p>\n<p>Adem\u00e1s, la seguridad fronteriza es un problema importante, sobre todo para los viajeros que entran en Estados Unidos. Disponer de toda la documentaci\u00f3n necesaria y prepararse para controles de seguridad muy exhaustivos es vital. A pesar de estas preocupaciones, Norteam\u00e9rica cuenta con una s\u00f3lida infraestructura de seguridad y con organismos encargados de hacer cumplir la ley que trabajan para garantizar la seguridad tanto de residentes como de visitantes.[\/et_pb_text][\/et_pb_column][\/et_pb_row][et_pb_row _builder_version=\u00bb4.21.0&#8243; _module_preset=\u00bbdefault\u00bb global_colors_info=\u00bb{}\u00bb][et_pb_column type=\u00bb4_4&#8243; _builder_version=\u00bb4.21.0&#8243; _module_preset=\u00bbdefault\u00bb global_colors_info=\u00bb{}\u00bb][et_pb_image src=\u00bbhttps:\/\/kaffediary.com\/wp-content\/uploads\/2023\/05\/North-america-mexico.jpg\u00bb alt=\u00bbam\u00e9rica del norte &#8211; m\u00e9xico\u00bb title_text=\u00bbam\u00e9rica del norte &#8211; m\u00e9xico\u00bb align=\u00bbcenter\u00bb _builder_version=\u00bb4.21.0&#8243; _module_preset=\u00bbdefault\u00bb width=\u00bb75%\u00bb global_colors_info=\u00bb{}\u00bb][\/et_pb_image][\/et_pb_column][\/et_pb_row][et_pb_row _builder_version=\u00bb4.21.0&#8243; _module_preset=\u00bbdefault\u00bb custom_padding=\u00bb20px||0px||false|false\u00bb global_colors_info=\u00bb{}\u00bb][et_pb_column type=\u00bb4_4&#8243; _builder_version=\u00bb4.16&#8243; _module_preset=\u00bbdefault\u00bb global_colors_info=\u00bb{}\u00bb][et_pb_text _builder_version=\u00bb4.21.0&#8243; _module_preset=\u00bbdefault\u00bb text_font=\u00bb|200|||||||\u00bb text_text_color=\u00bb#000000&#8243; text_font_size=\u00bb24px\u00bb text_line_height=\u00bb1.5em\u00bb link_text_color=\u00bbgcid-7814a719-c4c1-4b0f-b019-492bb0f30365&#8243; link_font_size=\u00bb24px\u00bb link_line_height=\u00bb1.5em\u00bb header_2_text_color=\u00bbgcid-451f3261-61c2-4dbe-bb50-a5feeb4e6554&#8243; header_2_font_size=\u00bb36px\u00bb header_2_line_height=\u00bb1.4em\u00bb header_6_text_color=\u00bbgcid-a1e60d66-76d8-4612-a9ca-a005678239ae\u00bb header_6_font_size=\u00bb26px\u00bb header_6_line_height=\u00bb1.5em\u00bb width_tablet=\u00bb\u00bb width_phone=\u00bb98%\u00bb width_last_edited=\u00bbon|desktop\u00bb text_font_tablet=\u00bbMulish|300|||||||\u00bb text_font_phone=\u00bbMulish|300|||||||\u00bb text_font_last_edited=\u00bbon|desktop\u00bb text_font_size_tablet=\u00bb22px\u00bb text_font_size_phone=\u00bb20px\u00bb text_font_size_last_edited=\u00bbon|phone\u00bb link_font_size_tablet=\u00bb22px\u00bb link_font_size_phone=\u00bb20px\u00bb link_font_size_last_edited=\u00bbon|desktop\u00bb header_2_font_size_tablet=\u00bb32px\u00bb header_2_font_size_phone=\u00bb32px\u00bb header_2_font_size_last_edited=\u00bbon|phone\u00bb header_6_font_size_tablet=\u00bb26px\u00bb header_6_font_size_phone=\u00bb22px\u00bb header_6_font_size_last_edited=\u00bbon|phone\u00bb global_colors_info=\u00bb{%22gcid-7814a719-c4c1-4b0f-b019-492bb0f30365%22:%91%22link_text_color%22,%22link_text_color%22%93,%22gcid-451f3261-61c2-4dbe-bb50-a5feeb4e6554%22:%91%22header_2_text_color%22%93,%22gcid-a1e60d66-76d8-4612-a9ca-a005678239ae%22:%91%22header_6_text_color%22%93}\u00bb]<\/p>\n<h6>Con sus s\u00f3lidas econom\u00edas y sus corporaciones globales, Norteam\u00e9rica seguir\u00e1 siendo un destino de primer orden para los viajeros de negocios en los pr\u00f3ximos a\u00f1os.<\/h6>\n<p>[\/et_pb_text][\/et_pb_column][\/et_pb_row][\/et_pb_section]<\/p>\n","protected":false},"excerpt":{"rendered":"<p>Am\u00e9rica del Norte Destinos de viaje de negociosNorteam\u00e9rica es un importante destino de negocios. Es la sede de muchas de las mayores econom\u00edas y corporaciones, lo que la convierte en un centro neur\u00e1lgico para los viajeros de negocios de todo el mundo. Sobre el continente norteamericano El oc\u00e9ano \u00c1rtico lo bordea por el norte, el [&hellip;]<\/p>\n","protected":false},"author":1,"featured_media":0,"parent":6828,"menu_order":0,"comment_status":"closed","ping_status":"closed","template":"","meta":{"_et_pb_use_builder":"on","_et_pb_old_content":"","_et_gb_content_width":"","footnotes":""},"class_list":["post-10674","page","type-page","status-publish","hentry"],"_links":{"self":[{"href":"https:\/\/kaffediary.com\/es\/wp-json\/wp\/v2\/pages\/10674","targetHints":{"allow":["GET"]}}],"collection":[{"href":"https:\/\/kaffediary.com\/es\/wp-json\/wp\/v2\/pages"}],"about":[{"href":"https:\/\/kaffediary.com\/es\/wp-json\/wp\/v2\/types\/page"}],"author":[{"embeddable":true,"href":"https:\/\/kaffediary.com\/es\/wp-json\/wp\/v2\/users\/1"}],"replies":[{"embeddable":true,"href":"https:\/\/kaffediary.com\/es\/wp-json\/wp\/v2\/comments?post=10674"}],"version-history":[{"count":15,"href":"https:\/\/kaffediary.com\/es\/wp-json\/wp\/v2\/pages\/10674\/revisions"}],"predecessor-version":[{"id":11953,"href":"https:\/\/kaffediary.com\/es\/wp-json\/wp\/v2\/pages\/10674\/revisions\/11953"}],"up":[{"embeddable":true,"href":"https:\/\/kaffediary.com\/es\/wp-json\/wp\/v2\/pages\/6828"}],"wp:attachment":[{"href":"https:\/\/kaffediary.com\/es\/wp-json\/wp\/v2\/media?parent=10674"}],"curies":[{"name":"wp","href":"https:\/\/api.w.org\/{rel}","templated":true}]}}