{"id":10704,"date":"2022-11-04T18:56:27","date_gmt":"2022-11-04T18:56:27","guid":{"rendered":"https:\/\/kaffediary.com\/viajes-de-negocios\/destino-de-negocios-en-oceania\/"},"modified":"2023-06-21T20:42:12","modified_gmt":"2023-06-21T20:42:12","slug":"destino-de-negocios-en-oceania","status":"publish","type":"page","link":"https:\/\/kaffediary.com\/es\/viajes-de-negocios\/destino-de-negocios-en-oceania\/","title":{"rendered":"Destino de negocios en Ocean\u00eda"},"content":{"rendered":"<p>[et_pb_section fb_built=\u00bb1&#8243; custom_padding_last_edited=\u00bboff|phone\u00bb admin_label=\u00bbHeader\u00bb _builder_version=\u00bb4.21.0&#8243; _module_preset=\u00bbdefault\u00bb use_background_color_gradient=\u00bbon\u00bb background_color_gradient_stops=\u00bbrgba(52,130,193,0.46) 0%|rgba(6,34,127,0.31) 100%\u00bb background_color_gradient_overlays_image=\u00bbon\u00bb background_color_gradient_start=\u00bbrgba(52,130,193,0.46)\u00bb background_color_gradient_end=\u00bbrgba(6,34,127,0.31)\u00bb background_image=\u00bbhttps:\/\/kaffediary.com\/wp-content\/uploads\/2023\/05\/Oceania-business-travel-Sydney.jpg\u00bb background_position=\u00bbtop_center\u00bb custom_padding=\u00bb10vw||18vw||false|false\u00bb custom_padding_tablet=\u00bb||||false|false\u00bb custom_padding_phone=\u00bb||||false|false\u00bb global_colors_info=\u00bb{}\u00bb][et_pb_row _builder_version=\u00bb4.16&#8243; _module_preset=\u00bbdefault\u00bb global_colors_info=\u00bb{}\u00bb][et_pb_column type=\u00bb4_4&#8243; _builder_version=\u00bb4.16&#8243; _module_preset=\u00bbdefault\u00bb global_colors_info=\u00bb{}\u00bb][et_pb_text _builder_version=\u00bb4.21.0&#8243; _module_preset=\u00bbd72c0383-6487-4f2c-ac5c-7d48a6376757&#8243; header_font=\u00bb||||||||\u00bb header_text_color=\u00bb#FFFFFF\u00bb header_font_size=\u00bb50px\u00bb header_line_height=\u00bb1.3em\u00bb text_orientation=\u00bbcenter\u00bb max_width=\u00bb750px\u00bb module_alignment=\u00bbcenter\u00bb animation_direction=\u00bbtop\u00bb header_font_size_tablet=\u00bb36px\u00bb header_font_size_phone=\u00bb30px\u00bb header_font_size_last_edited=\u00bbon|desktop\u00bb global_colors_info=\u00bb{}\u00bb]<\/p>\n<h1>Destinos de los viajes de negocios a Ocean\u00eda<\/h1>\n<p>[\/et_pb_text][\/et_pb_column][\/et_pb_row][\/et_pb_section][et_pb_section fb_built=\u00bb1&#8243; _builder_version=\u00bb4.16&#8243; _module_preset=\u00bbdefault\u00bb custom_padding=\u00bb20px||20px||true|false\u00bb global_colors_info=\u00bb{}\u00bb][et_pb_row _builder_version=\u00bb4.21.0&#8243; _module_preset=\u00bbdefault\u00bb global_colors_info=\u00bb{}\u00bb][et_pb_column type=\u00bb4_4&#8243; _builder_version=\u00bb4.16&#8243; _module_preset=\u00bbdefault\u00bb global_colors_info=\u00bb{}\u00bb][et_pb_text _builder_version=\u00bb4.21.0&#8243; _module_preset=\u00bbdefault\u00bb text_font=\u00bb|200|||||||\u00bb text_text_color=\u00bb#000000&#8243; text_font_size=\u00bb24px\u00bb text_line_height=\u00bb1.5em\u00bb link_text_color=\u00bbgcid-7814a719-c4c1-4b0f-b019-492bb0f30365&#8243; link_font_size=\u00bb24px\u00bb link_line_height=\u00bb1.5em\u00bb width_tablet=\u00bb\u00bb width_phone=\u00bb98%\u00bb width_last_edited=\u00bbon|desktop\u00bb text_font_tablet=\u00bbMulish|300|||||||\u00bb text_font_phone=\u00bbMulish|300|||||||\u00bb text_font_last_edited=\u00bbon|desktop\u00bb text_font_size_tablet=\u00bb22px\u00bb text_font_size_phone=\u00bb20px\u00bb text_font_size_last_edited=\u00bbon|phone\u00bb link_font_size_tablet=\u00bb22px\u00bb link_font_size_phone=\u00bb20px\u00bb link_font_size_last_edited=\u00bbon|desktop\u00bb global_colors_info=\u00bb{%22gcid-7814a719-c4c1-4b0f-b019-492bb0f30365%22:%91%22link_text_color%22%93}\u00bb]<\/p>\n<p><a href=\"\/\/dictionary.cambridge.org\/dictionary\/english\/oceania?q=Oceania%22\" target=\"%22_blank%22\" rel=\"%22noopener%22 noopener\">Ocean\u00eda<\/a> comprende Australia, Nueva Zelanda y otras islas del Pac\u00edfico. La regi\u00f3n es conocida por su econom\u00eda diversa y sus pr\u00f3speras industrias, como las finanzas, la tecnolog\u00eda y el turismo.<\/p>\n<p>Las ciudades clave que hacen de Ocean\u00eda un destino atractivo para los viajes de negocios son S\u00eddney, Melbourne, Auckland y Brisbane.<\/p>\n<p>La regi\u00f3n es conocida por su econom\u00eda diversa y sus pr\u00f3speras industrias, como las finanzas, la tecnolog\u00eda y el turismo.<\/p>\n<p>[\/et_pb_text][\/et_pb_column][\/et_pb_row][et_pb_row _builder_version=\u00bb4.21.0&#8243; _module_preset=\u00bbdefault\u00bb global_colors_info=\u00bb{}\u00bb][et_pb_column type=\u00bb4_4&#8243; _builder_version=\u00bb4.21.0&#8243; _module_preset=\u00bbdefault\u00bb global_colors_info=\u00bb{}\u00bb][et_pb_code _builder_version=\u00bb4.21.0&#8243; _module_preset=\u00bbdefault\u00bb global_colors_info=\u00bb{}\u00bb]<div class=\"map_wrapper\" id=\"map_wrapper_8922\">\n<div class=\"map_box\" style=\"max-width:2000px\">\n<div class=\"map_aspect_ratio\" style=\"padding-top:56%\" data-padding-top=\"56%\" data-padding-top-mobile=\"0%\">\n<div class=\"map_container\">\n<div class=\"map_render map_loading\" id=\"map_8922\"><\/div>\n<\/div>\n<\/div>\n<\/div>\n<\/div>[\/et_pb_code][\/et_pb_column][\/et_pb_row][\/et_pb_section][et_pb_section fb_built=\u00bb1&#8243; _builder_version=\u00bb4.16&#8243; _module_preset=\u00bbdefault\u00bb custom_padding=\u00bb0px||0px||false|false\u00bb global_colors_info=\u00bb{}\u00bb][et_pb_row _builder_version=\u00bb4.16&#8243; _module_preset=\u00bbdefault\u00bb custom_padding=\u00bb0px||0px||false|false\u00bb global_colors_info=\u00bb{}\u00bb][et_pb_column type=\u00bb4_4&#8243; _builder_version=\u00bb4.16&#8243; _module_preset=\u00bbdefault\u00bb global_colors_info=\u00bb{}\u00bb][et_pb_text _builder_version=\u00bb4.21.0&#8243; _module_preset=\u00bbdefault\u00bb text_font=\u00bb|200|||||||\u00bb text_text_color=\u00bb#000000&#8243; text_font_size=\u00bb24px\u00bb text_line_height=\u00bb1.5em\u00bb link_text_color=\u00bbgcid-7814a719-c4c1-4b0f-b019-492bb0f30365&#8243; link_font_size=\u00bb24px\u00bb link_line_height=\u00bb1.5em\u00bb header_2_text_color=\u00bbgcid-a1e60d66-76d8-4612-a9ca-a005678239ae\u00bb header_2_font_size=\u00bb36px\u00bb header_2_line_height=\u00bb1.4em\u00bb width_tablet=\u00bb\u00bb width_phone=\u00bb98%\u00bb width_last_edited=\u00bbon|desktop\u00bb text_font_tablet=\u00bbMulish|300|||||||\u00bb text_font_phone=\u00bbMulish|300|||||||\u00bb text_font_last_edited=\u00bbon|desktop\u00bb text_font_size_tablet=\u00bb22px\u00bb text_font_size_phone=\u00bb20px\u00bb text_font_size_last_edited=\u00bbon|phone\u00bb link_font_size_tablet=\u00bb22px\u00bb link_font_size_phone=\u00bb20px\u00bb link_font_size_last_edited=\u00bbon|desktop\u00bb header_2_font_size_tablet=\u00bb32px\u00bb header_2_font_size_phone=\u00bb32px\u00bb header_2_font_size_last_edited=\u00bbon|phone\u00bb global_colors_info=\u00bb{%22gcid-7814a719-c4c1-4b0f-b019-492bb0f30365%22:%91%22link_text_color%22%93,%22gcid-a1e60d66-76d8-4612-a9ca-a005678239ae%22:%91%22header_2_text_color%22%93}\u00bb]<\/p>\n<h2>Sobre el continente de Ocean\u00eda<\/h2>\n<p>Ocean\u00eda es una regi\u00f3n vasta y diversa que se extiende por el oc\u00e9ano Pac\u00edfico y abarca Australia, Nueva Zelanda y muchas islas m\u00e1s peque\u00f1as. <\/p>\n<p>La geograf\u00eda de la regi\u00f3n se caracteriza por sus vastas extensiones de agua, costas escarpadas y ecosistemas diversos. <\/p>\n<p>Australia es el pa\u00eds m\u00e1s grande de Ocean\u00eda, y su capital, Canberra, est\u00e1 situada en el interior. El continente cuenta con numerosas maravillas naturales, como la Gran Barrera de Coral, Uluru y el escarpado Outback. <\/p>\n<p>Nueva Zelanda es conocida por sus magn\u00edficos e impresionantes paisajes, que incluyen imponentes monta\u00f1as, lagos v\u00edrgenes y costas escarpadas. La capital del pa\u00eds es Wellington, donde se encuentran lugares emblem\u00e1ticos como Milford Sound y el glaciar Franz Josef. <\/p>\n<p>Otros pa\u00edses de Ocean\u00eda son Fiyi, Pap\u00faa Nueva Guinea y Samoa, cada uno con culturas, econom\u00edas y sistemas pol\u00edticos \u00fanicos. <\/p>\n<p>A pesar de sus diferencias, los pa\u00edses de Ocean\u00eda comparten un v\u00ednculo com\u00fan en su conexi\u00f3n con el Oc\u00e9ano Pac\u00edfico y el rico patrimonio cultural que han desarrollado a lo largo de los siglos.[\/et_pb_text][\/et_pb_column][\/et_pb_row][et_pb_row _builder_version=\u00bb4.21.0&#8243; _module_preset=\u00bbdefault\u00bb width=\u00bb68%\u00bb global_colors_info=\u00bb{}\u00bb][et_pb_column type=\u00bb4_4&#8243; _builder_version=\u00bb4.16&#8243; _module_preset=\u00bbdefault\u00bb global_colors_info=\u00bb{}\u00bb][et_pb_image src=\u00bbhttps:\/\/kaffediary.com\/wp-content\/uploads\/2023\/05\/Oceania-business-travel-Micronesia.jpg\u00bb alt=\u00bbViajes de negocios a Ocean\u00eda &#8211; Micronesia\u00bb title_text=\u00bbColonia,,Isla,de,Yap,,Estados,Federados,de,Micronesia.,Filmado,En,Drone\u00bb _builder_version=\u00bb4.21.0&#8243; _module_preset=\u00bbdefault\u00bb global_colors_info=\u00bb{}\u00bb][\/et_pb_image][\/et_pb_column][\/et_pb_row][\/et_pb_section][et_pb_section fb_built=\u00bb1&#8243; _builder_version=\u00bb4.16&#8243; _module_preset=\u00bbdefault\u00bb global_colors_info=\u00bb{}\u00bb][et_pb_row _builder_version=\u00bb4.16&#8243; _module_preset=\u00bbdefault\u00bb custom_padding=\u00bb0px||0px||false|false\u00bb global_colors_info=\u00bb{}\u00bb][et_pb_column type=\u00bb4_4&#8243; _builder_version=\u00bb4.16&#8243; _module_preset=\u00bbdefault\u00bb global_colors_info=\u00bb{}\u00bb][et_pb_text _builder_version=\u00bb4.21.0&#8243; _module_preset=\u00bbdefault\u00bb text_font=\u00bb|200|||||||\u00bb text_text_color=\u00bb#000000&#8243; text_font_size=\u00bb24px\u00bb text_line_height=\u00bb1.5em\u00bb link_text_color=\u00bbgcid-7814a719-c4c1-4b0f-b019-492bb0f30365&#8243; link_font_size=\u00bb24px\u00bb link_line_height=\u00bb1.5em\u00bb header_2_text_color=\u00bbgcid-a1e60d66-76d8-4612-a9ca-a005678239ae\u00bb header_2_font_size=\u00bb36px\u00bb header_2_line_height=\u00bb1.4em\u00bb header_6_text_color=\u00bbgcid-0ca197d1-1f9b-4986-b00e-3ae7a424a238&#8243; header_6_font_size=\u00bb26px\u00bb header_6_line_height=\u00bb1.5em\u00bb width_tablet=\u00bb\u00bb width_phone=\u00bb98%\u00bb width_last_edited=\u00bbon|desktop\u00bb hover_enabled=\u00bb0&#8243; text_font_tablet=\u00bbMulish|300|||||||\u00bb text_font_phone=\u00bbMulish|300|||||||\u00bb text_font_last_edited=\u00bbon|desktop\u00bb text_font_size_tablet=\u00bb22px\u00bb text_font_size_phone=\u00bb20px\u00bb text_font_size_last_edited=\u00bbon|phone\u00bb link_font_size_tablet=\u00bb22px\u00bb link_font_size_phone=\u00bb20px\u00bb link_font_size_last_edited=\u00bbon|desktop\u00bb header_2_font_size_tablet=\u00bb32px\u00bb header_2_font_size_phone=\u00bb32px\u00bb header_2_font_size_last_edited=\u00bbon|phone\u00bb header_6_font_size_tablet=\u00bb26px\u00bb header_6_font_size_phone=\u00bb22px\u00bb header_6_font_size_last_edited=\u00bbon|phone\u00bb global_colors_info=\u00bb{%22gcid-7814a719-c4c1-4b0f-b019-492bb0f30365%22:%91%22link_text_color%22,%22link_text_color%22%93,%22gcid-0ca197d1-1f9b-4986-b00e-3ae7a424a238%22:%91%22header_6_text_color%22%93,%22gcid-a1e60d66-76d8-4612-a9ca-a005678239ae%22:%91%22header_2_text_color%22%93}\u00bb sticky_enabled=\u00bb0&#8243;]<\/p>\n<h2>Qu\u00e9 esperar cuando se visita Ocean\u00eda por negocios<\/h2>\n<p>La regi\u00f3n alberga diversas industrias, como las finanzas, la tecnolog\u00eda y el turismo, lo que la convierte en un destino atractivo para los viajeros corporativos.<\/p>\n<p>Ocean\u00eda ofrece diversas opciones de alojamiento que se adaptan a todos los presupuestos y preferencias. Desde hoteles de lujo y Airbnb hasta opciones econ\u00f3micas, hay algo para todos los gustos. La regi\u00f3n cuenta con hoteles de categor\u00eda mundial que ofrecen comodidades excepcionales, como Internet de alta velocidad, gimnasios y servicios de spa. Los viajeros de negocios pueden elegir entre varias ubicaciones, tanto en el centro de las ciudades como en las afueras. Las tarifas var\u00edan en funci\u00f3n de la ciudad, la ubicaci\u00f3n y el tipo de alojamiento.<\/p>\n<p>Los viajeros de negocios pueden elegir entre varias opciones, como coches de alquiler, taxis y transporte p\u00fablico. Sin embargo, es importante tener en cuenta que en Australia y Nueva Zelanda se conduce por el lado izquierdo de la carretera. El transporte p\u00fablico en las principales ciudades es fiable y asequible, con opciones como autobuses, trenes y tranv\u00edas.<\/p>\n<p>Ocean\u00eda alberga un gran n\u00famero de excelentes instalaciones empresariales del mundo, como centros de conferencias, salas de reuniones y espacios de coworking. Estas instalaciones cuentan con equipos y tecnolog\u00eda de \u00faltima generaci\u00f3n ideales para reuniones, presentaciones y seminarios. Tambi\u00e9n se ofrecen servicios de catering, secretar\u00eda y asistencia t\u00e9cnica.<\/p>\n<p>Comprender las normas culturales y la etiqueta de Ocean\u00eda es crucial para los viajeros de negocios. La vestimenta de negocios suele ser formal en Australia y Nueva Zelanda, con trajes y corbatas como norma. Los estilos de comunicaci\u00f3n son directos y se valora mucho la puntualidad. Tambi\u00e9n es importante tener en cuenta que las pr\u00e1cticas empresariales pueden variar seg\u00fan el sector y el lugar. Tambi\u00e9n es bueno ser consciente de las diferencias culturales y las pr\u00e1cticas de cada pa\u00eds, como las costumbres a la hora de hacer regalos y las pr\u00e1cticas comerciales.<\/p>\n<p>En lo que se refiere a los viajes de negocios, es importante tener en cuenta las diferencias entre los pa\u00edses.<\/p>\n<p>En cuanto al ocio, Ocean\u00eda tiene mucho que ofrecer. Australia y Nueva Zelanda tienen un mont\u00f3n de paisajes naturales impresionantes, como playas, monta\u00f1as y selvas tropicales. Las opciones gastron\u00f3micas son diversas y reflejan el patrimonio multicultural de la regi\u00f3n, con una gran variedad de cocinas internacionales disponibles.<\/p>\n<p>Ocean\u00eda es, en general, una regi\u00f3n segura para los viajeros de negocios. Sin embargo, es esencial tomar precauciones para garantizar su seguridad. Se recomiendan pr\u00e1cticas de sentido com\u00fan como evitar las zonas sin luz por la noche y mantener los objetos de valor seguros. Tambi\u00e9n es importante conocer las estafas y los peligros m\u00e1s comunes, como los carteristas y los fraudes con tarjetas de cr\u00e9dito.<\/p>\n<p>Elegir Ocean\u00eda como destino de viaje de negocios es una buena idea.<\/p>\n<p>Elegir Ocean\u00eda como destino de viaje de negocios ofrece una serie de ventajas, como un alojamiento de primera clase, un transporte eficiente y unas instalaciones de negocios excepcionales.<\/p>\n<p>El turismo de negocios en Ocean\u00eda es una de las principales fuentes de ingresos del mundo.<\/p>\n<p>[\/et_pb_text][\/et_pb_column][\/et_pb_row][et_pb_row _builder_version=\u00bb4.21.0&#8243; _module_preset=\u00bbdefault\u00bb custom_padding=\u00bb20px||0px||false|false\u00bb global_colors_info=\u00bb{}\u00bb][et_pb_column type=\u00bb4_4&#8243; _builder_version=\u00bb4.16&#8243; _module_preset=\u00bbdefault\u00bb global_colors_info=\u00bb{}\u00bb][et_pb_text _builder_version=\u00bb4.21.0&#8243; _module_preset=\u00bbdefault\u00bb text_font=\u00bb|200|||||||\u00bb text_text_color=\u00bb#000000&#8243; text_font_size=\u00bb24px\u00bb text_line_height=\u00bb1.5em\u00bb link_text_color=\u00bbgcid-7814a719-c4c1-4b0f-b019-492bb0f30365&#8243; link_font_size=\u00bb24px\u00bb link_line_height=\u00bb1.5em\u00bb header_2_text_color=\u00bbgcid-451f3261-61c2-4dbe-bb50-a5feeb4e6554&#8243; header_2_font_size=\u00bb36px\u00bb header_2_line_height=\u00bb1.4em\u00bb header_6_text_color=\u00bbgcid-a1e60d66-76d8-4612-a9ca-a005678239ae\u00bb header_6_font_size=\u00bb26px\u00bb header_6_line_height=\u00bb1.5em\u00bb width_tablet=\u00bb\u00bb width_phone=\u00bb98%\u00bb width_last_edited=\u00bbon|desktop\u00bb text_font_tablet=\u00bbMulish|300|||||||\u00bb text_font_phone=\u00bbMulish|300|||||||\u00bb text_font_last_edited=\u00bbon|desktop\u00bb text_font_size_tablet=\u00bb22px\u00bb text_font_size_phone=\u00bb20px\u00bb text_font_size_last_edited=\u00bbon|phone\u00bb link_font_size_tablet=\u00bb22px\u00bb link_font_size_phone=\u00bb20px\u00bb link_font_size_last_edited=\u00bbon|desktop\u00bb header_2_font_size_tablet=\u00bb32px\u00bb header_2_font_size_phone=\u00bb32px\u00bb header_2_font_size_last_edited=\u00bbon|phone\u00bb header_6_font_size_tablet=\u00bb26px\u00bb header_6_font_size_phone=\u00bb22px\u00bb header_6_font_size_last_edited=\u00bbon|phone\u00bb global_colors_info=\u00bb{%22gcid-7814a719-c4c1-4b0f-b019-492bb0f30365%22:%91%22link_text_color%22,%22link_text_color%22%93,%22gcid-451f3261-61c2-4dbe-bb50-a5feeb4e6554%22:%91%22header_2_text_color%22%93,%22gcid-a1e60d66-76d8-4612-a9ca-a005678239ae%22:%91%22header_6_text_color%22%93}\u00bb]<\/p>\n<h6>La econom\u00eda diversa y las pr\u00f3speras industrias de la regi\u00f3n la convierten en una opci\u00f3n atractiva para los viajeros corporativos. Le animamos a que reserve su viaje y experimente todo lo que Ocean\u00eda le ofrece.<\/h6>\n<p>[\/et_pb_text][\/et_pb_column][\/et_pb_row][\/et_pb_section]<\/p>\n","protected":false},"excerpt":{"rendered":"<p>Destinos de los viajes de negocios a Ocean\u00edaOcean\u00eda comprende Australia, Nueva Zelanda y otras islas del Pac\u00edfico. La regi\u00f3n es conocida por su econom\u00eda diversa y sus pr\u00f3speras industrias, como las finanzas, la tecnolog\u00eda y el turismo. Las ciudades clave que hacen de Ocean\u00eda un destino atractivo para los viajes de negocios son S\u00eddney, Melbourne, [&hellip;]<\/p>\n","protected":false},"author":1,"featured_media":0,"parent":6828,"menu_order":0,"comment_status":"closed","ping_status":"closed","template":"","meta":{"_et_pb_use_builder":"on","_et_pb_old_content":"","_et_gb_content_width":"","footnotes":""},"class_list":["post-10704","page","type-page","status-publish","hentry"],"_links":{"self":[{"href":"https:\/\/kaffediary.com\/es\/wp-json\/wp\/v2\/pages\/10704","targetHints":{"allow":["GET"]}}],"collection":[{"href":"https:\/\/kaffediary.com\/es\/wp-json\/wp\/v2\/pages"}],"about":[{"href":"https:\/\/kaffediary.com\/es\/wp-json\/wp\/v2\/types\/page"}],"author":[{"embeddable":true,"href":"https:\/\/kaffediary.com\/es\/wp-json\/wp\/v2\/users\/1"}],"replies":[{"embeddable":true,"href":"https:\/\/kaffediary.com\/es\/wp-json\/wp\/v2\/comments?post=10704"}],"version-history":[{"count":4,"href":"https:\/\/kaffediary.com\/es\/wp-json\/wp\/v2\/pages\/10704\/revisions"}],"predecessor-version":[{"id":10728,"href":"https:\/\/kaffediary.com\/es\/wp-json\/wp\/v2\/pages\/10704\/revisions\/10728"}],"up":[{"embeddable":true,"href":"https:\/\/kaffediary.com\/es\/wp-json\/wp\/v2\/pages\/6828"}],"wp:attachment":[{"href":"https:\/\/kaffediary.com\/es\/wp-json\/wp\/v2\/media?parent=10704"}],"curies":[{"name":"wp","href":"https:\/\/api.w.org\/{rel}","templated":true}]}}