{"id":6357,"date":"2022-02-19T00:31:48","date_gmt":"2022-02-19T00:31:48","guid":{"rendered":"https:\/\/kaffediary.com\/viajes-de-negocios-inicio\/"},"modified":"2024-01-26T19:01:53","modified_gmt":"2024-01-26T19:01:53","slug":"viajes-de-negocios-inicio","status":"publish","type":"page","link":"https:\/\/kaffediary.com\/es\/","title":{"rendered":"Viajes de negocios Inicio"},"content":{"rendered":"<p>[et_pb_section fb_built=\u00bb1&#8243; custom_padding_last_edited=\u00bboff|phone\u00bb admin_label=\u00bbHeader\u00bb _builder_version=\u00bb4.21.0&#8243; _module_preset=\u00bbdefault\u00bb background_enable_color=\u00bboff\u00bb background_color_gradient_start=\u00bbrgba(52,130,193,0.82)\u00bb background_color_gradient_end=\u00bbrgba(6,34,127,0.31)\u00bb background_enable_image=\u00bboff\u00bb background_video_mp4=\u00bbhttps:\/\/kaffediary.com\/wp-content\/uploads\/2022\/10\/Kaffe-Diary-Video-EN_ed.mp4&#8243; allow_player_pause=\u00bbon\u00bb width=\u00bb100%\u00bb width_tablet=\u00bb\u00bb width_phone=\u00bb100%\u00bb width_last_edited=\u00bbon|desktop\u00bb max_width=\u00bb100%\u00bb min_height_tablet=\u00bb\u00bb min_height_phone=\u00bb228px\u00bb min_height_last_edited=\u00bbon|desktop\u00bb height_tablet=\u00bb\u00bb height_phone=\u00bb\u00bb height_last_edited=\u00bbon|phone\u00bb custom_margin=\u00bb0px||0px||false|false\u00bb custom_padding=\u00bb8vw||12vw||false|false\u00bb custom_padding_tablet=\u00bb||||false|false\u00bb custom_padding_phone=\u00bb||||false|false\u00bb custom_css_before=\u00bbcontent:%22%22;||    display: block;||    position: absolute;||    top: 0;||    left: 0;||    width: 100%;||    height: 100%;||background-image: linear-gradient(180deg,rgba(52,130,193,0.82) 0%,rgba(117, 191, 177,0.31) 100%)!important;||    z-index: 1;\u00bb global_colors_info=\u00bb{}\u00bb][et_pb_row _builder_version=\u00bb4.21.0&#8243; _module_preset=\u00bbdefault\u00bb max_width=\u00bb1280px\u00bb global_colors_info=\u00bb{}\u00bb][et_pb_column type=\u00bb4_4&#8243; _builder_version=\u00bb4.16&#8243; _module_preset=\u00bbdefault\u00bb global_colors_info=\u00bb{}\u00bb][et_pb_text _builder_version=\u00bb4.24.0&#8243; _module_preset=\u00bbd72c0383-6487-4f2c-ac5c-7d48a6376757&#8243; header_font=\u00bb||||||||\u00bb header_text_color=\u00bb#FFFFFF\u00bb header_font_size=\u00bb50px\u00bb header_line_height=\u00bb1.3em\u00bb text_orientation=\u00bbcenter\u00bb max_width=\u00bb700px\u00bb max_width_tablet=\u00bb700px\u00bb max_width_phone=\u00bb700px\u00bb max_width_last_edited=\u00bbon|desktop\u00bb module_alignment=\u00bbcenter\u00bb animation_direction=\u00bbtop\u00bb hover_enabled=\u00bb0&#8243; header_font_tablet=\u00bb\u00bb header_font_phone=\u00bb\u00bb header_font_last_edited=\u00bbon|phone\u00bb header_font_size_tablet=\u00bb36px\u00bb header_font_size_phone=\u00bb22px\u00bb header_font_size_last_edited=\u00bbon|desktop\u00bb global_colors_info=\u00bb{}\u00bb sticky_enabled=\u00bb0&#8243;]<\/p>\n<h1>Experimente el mundo de los viajes de negocios como nunca antes lo hab\u00eda hecho con Kaffe Diary: su gu\u00eda premium para el \u00e9xito sobre la marcha.<\/h1>\n<p>[\/et_pb_text][\/et_pb_column][\/et_pb_row][\/et_pb_section][et_pb_section fb_built=\u00bb1&#8243; _builder_version=\u00bb4.18.0&#8243; _module_preset=\u00bbdefault\u00bb custom_padding=\u00bb||0px||false|false\u00bb global_colors_info=\u00bb{}\u00bb][et_pb_row _builder_version=\u00bb4.17.4&#8243; _module_preset=\u00bbdefault\u00bb width=\u00bb88%\u00bb max_width=\u00bb1366px\u00bb global_colors_info=\u00bb{}\u00bb][et_pb_column type=\u00bb4_4&#8243; _builder_version=\u00bb4.16&#8243; _module_preset=\u00bbdefault\u00bb global_colors_info=\u00bb{}\u00bb][et_pb_text _builder_version=\u00bb4.24.0&#8243; _module_preset=\u00bbdefault\u00bb text_font=\u00bb||||||||\u00bb text_text_color=\u00bbgcid-8582d6b2-ff93-467d-8a95-c50d6acf939e\u00bb text_font_size=\u00bb24px\u00bb text_line_height=\u00bb1.6em\u00bb link_font=\u00bb||||||||\u00bb link_text_color=\u00bbgcid-a1e60d66-76d8-4612-a9ca-a005678239ae\u00bb link_font_size=\u00bb24px\u00bb link_line_height=\u00bb1.5em\u00bb header_2_text_color=\u00bbgcid-f48eba7d-32df-4198-a685-020c10c91334&#8243; header_2_font_size=\u00bb36px\u00bb header_2_line_height=\u00bb1.4em\u00bb header_6_text_color=\u00bbgcid-ac2e68df-fc86-4f60-af08-7e88be9b2d40&#8243; header_6_font_size=\u00bb26px\u00bb header_6_line_height=\u00bb1.5em\u00bb width=\u00bb70%\u00bb width_tablet=\u00bb98%\u00bb width_phone=\u00bb98%\u00bb width_last_edited=\u00bbon|tablet\u00bb module_alignment=\u00bbcenter\u00bb hover_enabled=\u00bb0&#8243; text_font_tablet=\u00bbDefault|300|||||||\u00bb text_font_phone=\u00bbDefault|300|||||||\u00bb text_font_last_edited=\u00bbon|tablet\u00bb text_font_size_tablet=\u00bb20px\u00bb text_font_size_phone=\u00bb18px\u00bb text_font_size_last_edited=\u00bbon|desktop\u00bb text_line_height_tablet=\u00bb1.6em\u00bb text_line_height_phone=\u00bb1.5em\u00bb text_line_height_last_edited=\u00bbon|tablet\u00bb link_font_size_tablet=\u00bb22px\u00bb link_font_size_phone=\u00bb22px\u00bb link_font_size_last_edited=\u00bbon|phone\u00bb header_2_font_size_tablet=\u00bb32px\u00bb header_2_font_size_phone=\u00bb28px\u00bb header_2_font_size_last_edited=\u00bbon|desktop\u00bb header_6_font_size_tablet=\u00bb26px\u00bb header_6_font_size_phone=\u00bb22px\u00bb header_6_font_size_last_edited=\u00bbon|phone\u00bb global_colors_info=\u00bb{%22gcid-a1e60d66-76d8-4612-a9ca-a005678239ae%22:%91%22link_text_color%22%93,%22gcid-ac2e68df-fc86-4f60-af08-7e88be9b2d40%22:%91%22header_6_text_color%22%93,%22gcid-8582d6b2-ff93-467d-8a95-c50d6acf939e%22:%91%22text_text_color%22%93,%22gcid-f48eba7d-32df-4198-a685-020c10c91334%22:%91%22header_2_text_color%22%93}\u00bb sticky_enabled=\u00bb0&#8243;]<\/p>\n<p>Convierta sus viajes de negocios en una experiencia con <a href=\"https:\/\/kaffediary.com\/es\/sobre\/\">Kaffe Diary<\/a>, la gu\u00eda de viajes premium que transforma su viaje de negocios en una ocasi\u00f3n memorable.<\/p>\n<p>Estos \u00faltimos a\u00f1os han sido un reto. La pandemia mundial interrumpi\u00f3 bruscamente los viajes de negocios, y el mundo empresarial se vio obligado a adaptarse. Las reuniones se hicieron virtuales. Los acuerdos se cerraron en l\u00ednea.<\/p>\n<p>A medida que el mundo se recupera, los viajes de negocios vuelven a formar parte de la vida profesional. Esto puede ser una sorpresa, dado lo mucho que ha avanzado la tecnolog\u00eda. Pero aunque el software de videoconferencia es bastante sofisticado, las reuniones virtuales no sustituyen a las interacciones cara a cara.<\/p>\n<p>Esto se debe a que las relaciones comerciales son intrincadas. Requieren cuidado, tacto y compromiso para prosperar. Y la forma m\u00e1s eficaz de cultivar estas relaciones es a trav\u00e9s de las interacciones en persona. Este hecho est\u00e1 bien establecido: las reuniones en persona tienen una tasa de cierre del <a href=\"https:\/\/pipeline.zoominfo.com\/sales\/face-to-face-sales-meetings\" target=\"_blank\" rel=\"noopener\">40%<\/a> y un \u00e9xito 34 veces mayor que las solicitudes realizadas por correo electr\u00f3nico.<\/p>\n<p>Sellar acuerdos de alto riesgo y fortalecer las relaciones con los clientes son puntos que definen su carrera. Por lo tanto, los viajes de negocios siguen siendo fundamentales, pero los viajes implican mucho m\u00e1s que el trabajo.<\/p>\n<p>&nbsp;<\/p>\n<h2>Sobre los viajes de negocios<\/h2>\n<p>Los viajes de negocios se han convertido en una actividad lujosa y satisfactoria. Los viajes se hacen memorables con vuelos de clase business, coches con ch\u00f3fer y lujosas estancias en hoteles de cinco estrellas. Los viajeros se sumergen en la buena mesa y se pierden en el bullicio de una nueva ciudad.<\/p>\n<p>Y como compa\u00f1ero de viaje, Kaffe Diary puede ayudarle a sacar el m\u00e1ximo partido a sus viajes de negocios. Nuestra gu\u00eda de viajes de lujo incluye selecciones de los mejores destinos tur\u00edsticos, los hoteles m\u00e1s lujosos y los productos de viaje mejor valorados.<\/p>\n<p>Puede hacer que los momentos decisivos de su carrera sean eternos con nuestras recomendaciones de viaje.<\/p>\n<p>Le imaginamos cerrando sus mejores ofertas en destinos trascendentes despu\u00e9s de relajarse en los hoteles m\u00e1s lujosos.<\/p>\n<p>&nbsp;<\/p>\n<h6><strong>As\u00ed que consulte nuestra gu\u00eda de viajes para que su pr\u00f3ximo viaje de negocios sea memorable.<\/strong><\/h6>\n<p>[\/et_pb_text][et_pb_image src=\u00bbhttps:\/\/kaffediary.com\/wp-content\/uploads\/2022\/10\/Kaffe-Diary-Footer-Ad-Sample-Home.jpg\u00bb alt=\u00bbAnuncio a pie de p\u00e1gina de Kaffe Diary Business Travel\u00bb title_text=\u00bbKaffe Diary Business Travel Anuncio a pie de p\u00e1gina en la p\u00e1gina de inicio\u00bb _builder_version=\u00bb4.18.0&#8243; _module_preset=\u00bbdefault\u00bb custom_margin=\u00bb||0px||false|false\u00bb custom_padding=\u00bb||0px||false|false\u00bb global_colors_info=\u00bb{}\u00bb][\/et_pb_image][\/et_pb_column][\/et_pb_row][\/et_pb_section]<\/p>\n","protected":false},"excerpt":{"rendered":"<p>Experimente el mundo de los viajes de negocios como nunca antes lo hab\u00eda hecho con Kaffe Diary: su gu\u00eda premium para el \u00e9xito sobre la marcha.Convierta sus viajes de negocios en una experiencia con Kaffe Diary, la gu\u00eda de viajes premium que transforma su viaje de negocios en una ocasi\u00f3n memorable. Estos \u00faltimos a\u00f1os han [&hellip;]<\/p>\n","protected":false},"author":1,"featured_media":0,"parent":0,"menu_order":0,"comment_status":"closed","ping_status":"closed","template":"","meta":{"_et_pb_use_builder":"on","_et_pb_old_content":"","_et_gb_content_width":"","footnotes":""},"class_list":["post-6357","page","type-page","status-publish","hentry"],"_links":{"self":[{"href":"https:\/\/kaffediary.com\/es\/wp-json\/wp\/v2\/pages\/6357","targetHints":{"allow":["GET"]}}],"collection":[{"href":"https:\/\/kaffediary.com\/es\/wp-json\/wp\/v2\/pages"}],"about":[{"href":"https:\/\/kaffediary.com\/es\/wp-json\/wp\/v2\/types\/page"}],"author":[{"embeddable":true,"href":"https:\/\/kaffediary.com\/es\/wp-json\/wp\/v2\/users\/1"}],"replies":[{"embeddable":true,"href":"https:\/\/kaffediary.com\/es\/wp-json\/wp\/v2\/comments?post=6357"}],"version-history":[{"count":41,"href":"https:\/\/kaffediary.com\/es\/wp-json\/wp\/v2\/pages\/6357\/revisions"}],"predecessor-version":[{"id":12121,"href":"https:\/\/kaffediary.com\/es\/wp-json\/wp\/v2\/pages\/6357\/revisions\/12121"}],"wp:attachment":[{"href":"https:\/\/kaffediary.com\/es\/wp-json\/wp\/v2\/media?parent=6357"}],"curies":[{"name":"wp","href":"https:\/\/api.w.org\/{rel}","templated":true}]}}