{"id":6706,"date":"2022-02-20T00:09:41","date_gmt":"2022-02-20T00:09:41","guid":{"rendered":"https:\/\/kaffediary.com\/sobre\/"},"modified":"2024-01-26T16:51:06","modified_gmt":"2024-01-26T16:51:06","slug":"sobre","status":"publish","type":"page","link":"https:\/\/kaffediary.com\/es\/sobre\/","title":{"rendered":"Sobre"},"content":{"rendered":"<p>[et_pb_section fb_built=\u00bb1&#8243; custom_padding_last_edited=\u00bboff|phone\u00bb admin_label=\u00bbHeader\u00bb _builder_version=\u00bb4.19.0&#8243; _module_preset=\u00bbdefault\u00bb use_background_color_gradient=\u00bbon\u00bb background_color_gradient_stops=\u00bbrgba(52,130,193,0.46) 0%|rgba(6,34,127,0.31) 100%\u00bb background_color_gradient_overlays_image=\u00bbon\u00bb background_color_gradient_start=\u00bbrgba(52,130,193,0.46)\u00bb background_color_gradient_end=\u00bbrgba(6,34,127,0.31)\u00bb background_image=\u00bbhttps:\/\/kaffediary.com\/wp-content\/uploads\/2022\/06\/About-Kaffe-Diary.jpg\u00bb custom_padding=\u00bb10vw||18vw||false|false\u00bb custom_padding_tablet=\u00bb||||false|false\u00bb custom_padding_phone=\u00bb||||false|false\u00bb global_colors_info=\u00bb{}\u00bb][et_pb_row _builder_version=\u00bb4.16&#8243; _module_preset=\u00bbdefault\u00bb global_colors_info=\u00bb{}\u00bb][et_pb_column type=\u00bb4_4&#8243; _builder_version=\u00bb4.16&#8243; _module_preset=\u00bbdefault\u00bb global_colors_info=\u00bb{}\u00bb][et_pb_text _builder_version=\u00bb4.19.0&#8243; _module_preset=\u00bbd72c0383-6487-4f2c-ac5c-7d48a6376757&#8243; header_font=\u00bb||||||||\u00bb header_text_color=\u00bb#FFFFFF\u00bb header_font_size=\u00bb50px\u00bb header_line_height=\u00bb1.3em\u00bb text_orientation=\u00bbcenter\u00bb max_width=\u00bb750px\u00bb module_alignment=\u00bbcenter\u00bb animation_direction=\u00bbtop\u00bb hover_enabled=\u00bb0&#8243; header_font_size_tablet=\u00bb36px\u00bb header_font_size_phone=\u00bb30px\u00bb header_font_size_last_edited=\u00bbon|desktop\u00bb global_colors_info=\u00bb{}\u00bb sticky_enabled=\u00bb0&#8243;]<\/p>\n<h1>Sobre Kaffe Diary<\/h1>\n<p>[\/et_pb_text][\/et_pb_column][\/et_pb_row][\/et_pb_section][et_pb_section fb_built=\u00bb1&#8243; _builder_version=\u00bb4.16&#8243; _module_preset=\u00bbdefault\u00bb custom_padding=\u00bb20px||20px||true|false\u00bb global_colors_info=\u00bb{}\u00bb][et_pb_row column_structure=\u00bb1_5,3_5,1_5&#8243; _builder_version=\u00bb4.17.4&#8243; _module_preset=\u00bbdefault\u00bb width=\u00bb88%\u00bb max_width=\u00bb1366px\u00bb global_colors_info=\u00bb{}\u00bb][et_pb_column type=\u00bb1_5&#8243; _builder_version=\u00bb4.16&#8243; _module_preset=\u00bbdefault\u00bb global_colors_info=\u00bb{}\u00bb][\/et_pb_column][et_pb_column type=\u00bb3_5&#8243; _builder_version=\u00bb4.16&#8243; _module_preset=\u00bbdefault\u00bb global_colors_info=\u00bb{}\u00bb][et_pb_text _builder_version=\u00bb4.17.4&#8243; _module_preset=\u00bbdefault\u00bb text_font=\u00bb|200|||||||\u00bb text_text_color=\u00bbgcid-8582d6b2-ff93-467d-8a95-c50d6acf939e\u00bb text_font_size=\u00bb24px\u00bb text_line_height=\u00bb1.5em\u00bb link_text_color=\u00bbgcid-a1e60d66-76d8-4612-a9ca-a005678239ae\u00bb link_font_size=\u00bb24px\u00bb link_line_height=\u00bb1.5em\u00bb width_tablet=\u00bb\u00bb width_phone=\u00bb98%\u00bb width_last_edited=\u00bbon|desktop\u00bb text_font_tablet=\u00bbMulish|300|||||||\u00bb text_font_phone=\u00bbMulish|300|||||||\u00bb text_font_last_edited=\u00bbon|desktop\u00bb text_font_size_tablet=\u00bb22px\u00bb text_font_size_phone=\u00bb20px\u00bb text_font_size_last_edited=\u00bbon|phone\u00bb link_font_size_tablet=\u00bb22px\u00bb link_font_size_phone=\u00bb20px\u00bb link_font_size_last_edited=\u00bbon|desktop\u00bb global_colors_info=\u00bb{%22gcid-8582d6b2-ff93-467d-8a95-c50d6acf939e%22:%91%22text_text_color%22%93,%22gcid-a1e60d66-76d8-4612-a9ca-a005678239ae%22:%91%22link_text_color%22%93}\u00bb]<\/p>\n<p>Los viajes de negocios son el alma de una empresa global. Tanto si se trata de una conferencia internacional como de una reuni\u00f3n regional, los viajes de negocios son esenciales para el \u00e9xito. Los beneficios incluyen una mayor productividad, un mejor servicio al cliente y un mayor conocimiento de la marca.<\/p>\n<p>\u00bfCon qu\u00e9 frecuencia se producen viajes de negocios en una organizaci\u00f3n o empresa? \u00bfCu\u00e1nto tiempo de planificaci\u00f3n se dedica a los viajes de negocios? \u00bfQu\u00e9 hay que tener en cuenta antes de reservar el pr\u00f3ximo viaje?<\/p>\n<p>Viajar al extranjero suele requerir una cuidadosa preparaci\u00f3n, desde la reserva de los vuelos hasta la preparaci\u00f3n de las maletas. Los viajes de negocios pueden ser estresantes, sobre todo si se trata de periodos prolongados. Adem\u00e1s del <a href=\"https:\/\/dictionary.cambridge.org\/dictionary\/english\/jet-lag\" target=\"_blank\" rel=\"noopener\">jet lag<\/a> y la comida desconocida, los viajeros de negocios frecuentes tambi\u00e9n pueden sufrir un <a href=\"https:\/\/www.investopedia.com\/terms\/c\/culture-shock.asp\" target=\"_blank\" rel=\"noopener\">choque cultural<\/a> o barreras ling\u00fc\u00edsticas. Necesitan saber c\u00f3mo sacar el m\u00e1ximo partido a sus viajes.<\/p>\n<p>[\/et_pb_text][\/et_pb_column][et_pb_column type=\u00bb1_5&#8243; _builder_version=\u00bb4.16&#8243; _module_preset=\u00bbdefault\u00bb global_colors_info=\u00bb{}\u00bb][\/et_pb_column][\/et_pb_row][\/et_pb_section][et_pb_section fb_built=\u00bb1&#8243; _builder_version=\u00bb4.16&#8243; _module_preset=\u00bbdefault\u00bb custom_padding=\u00bb0px||0px||false|false\u00bb global_colors_info=\u00bb{}\u00bb][et_pb_row column_structure=\u00bb1_5,3_5,1_5&#8243; _builder_version=\u00bb4.17.4&#8243; _module_preset=\u00bbdefault\u00bb width=\u00bb88%\u00bb max_width=\u00bb1366px\u00bb custom_padding=\u00bb0px||0px||false|false\u00bb global_colors_info=\u00bb{}\u00bb][et_pb_column type=\u00bb1_5&#8243; _builder_version=\u00bb4.16&#8243; _module_preset=\u00bbdefault\u00bb global_colors_info=\u00bb{}\u00bb][\/et_pb_column][et_pb_column type=\u00bb3_5&#8243; _builder_version=\u00bb4.16&#8243; _module_preset=\u00bbdefault\u00bb global_colors_info=\u00bb{}\u00bb][et_pb_text _builder_version=\u00bb4.17.4&#8243; _module_preset=\u00bbdefault\u00bb text_font=\u00bb|200|||||||\u00bb text_text_color=\u00bbgcid-8582d6b2-ff93-467d-8a95-c50d6acf939e\u00bb text_font_size=\u00bb24px\u00bb text_line_height=\u00bb1.5em\u00bb link_text_color=\u00bbgcid-7814a719-c4c1-4b0f-b019-492bb0f30365&#8243; link_font_size=\u00bb24px\u00bb link_line_height=\u00bb1.5em\u00bb header_2_text_color=\u00bbgcid-ac2e68df-fc86-4f60-af08-7e88be9b2d40&#8243; header_2_font_size=\u00bb36px\u00bb header_2_line_height=\u00bb1.4em\u00bb width_tablet=\u00bb\u00bb width_phone=\u00bb98%\u00bb width_last_edited=\u00bbon|desktop\u00bb animation_style=\u00bbslide\u00bb animation_direction=\u00bbbottom\u00bb text_font_tablet=\u00bbMulish|300|||||||\u00bb text_font_phone=\u00bbMulish|300|||||||\u00bb text_font_last_edited=\u00bbon|desktop\u00bb text_font_size_tablet=\u00bb22px\u00bb text_font_size_phone=\u00bb20px\u00bb text_font_size_last_edited=\u00bbon|phone\u00bb link_font_size_tablet=\u00bb22px\u00bb link_font_size_phone=\u00bb20px\u00bb link_font_size_last_edited=\u00bbon|desktop\u00bb header_2_font_size_tablet=\u00bb32px\u00bb header_2_font_size_phone=\u00bb32px\u00bb header_2_font_size_last_edited=\u00bbon|phone\u00bb global_colors_info=\u00bb{%22gcid-7814a719-c4c1-4b0f-b019-492bb0f30365%22:%91%22link_text_color%22%93,%22gcid-8582d6b2-ff93-467d-8a95-c50d6acf939e%22:%91%22text_text_color%22%93,%22gcid-ac2e68df-fc86-4f60-af08-7e88be9b2d40%22:%91%22header_2_text_color%22%93}\u00bb]<\/p>\n<h2>La vida de un viajero de negocios<\/h2>\n<p>La vida de un viajero de negocios es exigente, con frecuentes viajes de ida y vuelta al aeropuerto. Un viajero de negocios tiene que conciliar la vida laboral con la dom\u00e9stica, a menudo viajando durante semanas. Este tipo de estilo de vida requiere muchos ajustes y sacrificios para mantener el equilibrio y la cordura.<\/p>\n<p>[\/et_pb_text][\/et_pb_column][et_pb_column type=\u00bb1_5&#8243; _builder_version=\u00bb4.16&#8243; _module_preset=\u00bbdefault\u00bb global_colors_info=\u00bb{}\u00bb][\/et_pb_column][\/et_pb_row][et_pb_row _builder_version=\u00bb4.16&#8243; _module_preset=\u00bbdefault\u00bb global_colors_info=\u00bb{}\u00bb][et_pb_column type=\u00bb4_4&#8243; _builder_version=\u00bb4.16&#8243; _module_preset=\u00bbdefault\u00bb global_colors_info=\u00bb{}\u00bb][et_pb_image src=\u00bbhttps:\/\/kaffediary.com\/wp-content\/uploads\/2022\/06\/Business-Travellers-Walking-1024&#215;492-1.jpg\u00bb alt=\u00bbSobre Kaffe Diary\u00bb title_text=\u00bbViajeros de negocios a pie\u00bb _builder_version=\u00bb4.19.0&#8243; _module_preset=\u00bbdefault\u00bb hover_enabled=\u00bb0&#8243; global_colors_info=\u00bb{}\u00bb sticky_enabled=\u00bb0&#8243;][\/et_pb_image][\/et_pb_column][\/et_pb_row][\/et_pb_section][et_pb_section fb_built=\u00bb1&#8243; _builder_version=\u00bb4.16&#8243; _module_preset=\u00bbdefault\u00bb global_colors_info=\u00bb{}\u00bb][et_pb_row column_structure=\u00bb1_5,3_5,1_5&#8243; _builder_version=\u00bb4.17.4&#8243; _module_preset=\u00bbdefault\u00bb width=\u00bb88%\u00bb max_width=\u00bb1366px\u00bb custom_padding=\u00bb0px||0px||false|false\u00bb global_colors_info=\u00bb{}\u00bb][et_pb_column type=\u00bb1_5&#8243; _builder_version=\u00bb4.16&#8243; _module_preset=\u00bbdefault\u00bb global_colors_info=\u00bb{}\u00bb][\/et_pb_column][et_pb_column type=\u00bb3_5&#8243; _builder_version=\u00bb4.16&#8243; _module_preset=\u00bbdefault\u00bb global_colors_info=\u00bb{}\u00bb][et_pb_text _builder_version=\u00bb4.17.4&#8243; _module_preset=\u00bbdefault\u00bb text_font=\u00bb|200|||||||\u00bb text_text_color=\u00bb#000000&#8243; text_font_size=\u00bb24px\u00bb text_line_height=\u00bb1.5em\u00bb link_text_color=\u00bbgcid-7814a719-c4c1-4b0f-b019-492bb0f30365&#8243; link_font_size=\u00bb24px\u00bb link_line_height=\u00bb1.5em\u00bb header_2_text_color=\u00bbgcid-ac2e68df-fc86-4f60-af08-7e88be9b2d40&#8243; header_2_font_size=\u00bb36px\u00bb header_2_line_height=\u00bb1.4em\u00bb header_6_text_color=\u00bbgcid-ac2e68df-fc86-4f60-af08-7e88be9b2d40&#8243; header_6_font_size=\u00bb26px\u00bb header_6_line_height=\u00bb1.5em\u00bb width_tablet=\u00bb\u00bb width_phone=\u00bb98%\u00bb width_last_edited=\u00bbon|desktop\u00bb text_font_tablet=\u00bbMulish|300|||||||\u00bb text_font_phone=\u00bbMulish|300|||||||\u00bb text_font_last_edited=\u00bbon|desktop\u00bb text_font_size_tablet=\u00bb22px\u00bb text_font_size_phone=\u00bb20px\u00bb text_font_size_last_edited=\u00bbon|phone\u00bb link_font_size_tablet=\u00bb22px\u00bb link_font_size_phone=\u00bb20px\u00bb link_font_size_last_edited=\u00bbon|desktop\u00bb header_2_font_size_tablet=\u00bb32px\u00bb header_2_font_size_phone=\u00bb32px\u00bb header_2_font_size_last_edited=\u00bbon|phone\u00bb header_6_font_size_tablet=\u00bb26px\u00bb header_6_font_size_phone=\u00bb22px\u00bb header_6_font_size_last_edited=\u00bbon|phone\u00bb global_colors_info=\u00bb{%22gcid-7814a719-c4c1-4b0f-b019-492bb0f30365%22:%91%22link_text_color%22,%22link_text_color%22%93,%22gcid-ac2e68df-fc86-4f60-af08-7e88be9b2d40%22:%91%22header_2_text_color%22,%22header_6_text_color%22%93}\u00bb]<\/p>\n<h2>Acerca de Kaffe Diary &#8211; un recurso para el viajero de negocios frecuente<\/h2>\n<p>Hay muchas gu\u00edas de viajes de negocios, pero se centran principalmente en el aspecto empresarial. Y aunque todos esos consejos pueden ser \u00fatiles, \u00bfqu\u00e9 pasa con lo dem\u00e1s? \u00bfEl estilo de vida? \u00bfQu\u00e9 hacer durante el tiempo libre?<\/p>\n<p>Los viajeros de negocios son personas muy preparadas y centradas en el trabajo que necesitan un descanso de su rutina diaria, as\u00ed que \u00bfpor qu\u00e9 no ayudarles a conseguirlo?<\/p>\n<p>Ah\u00ed es donde entra Kaffe Diary. Somos una gu\u00eda de viajes para viajeros de negocios, con todo lo que necesitan saber sobre la conciliaci\u00f3n de la vida laboral y personal durante su tiempo libre. Kaffe Diary les ayuda a encontrar los mejores lugares para comer y beber. Busque lugares de conferencia que satisfagan sus necesidades y encuentre hoteles que entiendan realmente que la \u00abfamilia\u00bb no es s\u00f3lo su c\u00f3nyuge e hijos, sino tambi\u00e9n sus mascotas, parientes cercanos y amigos. Los consejos de viaje est\u00e1n redactados y presentados para que sean f\u00e1ciles de leer. No es necesario buscar en cientos de p\u00e1ginas para encontrar la informaci\u00f3n necesaria.<\/p>\n<p>Kaffe Diary ofrece rese\u00f1as sobre oficinas en alquiler y en venta, hoteles que entienden las necesidades de los viajeros de negocios, opciones de transporte, consejos \u00fatiles para ir de compras, recomendaciones de entretenimiento de expertos locales y mucho m\u00e1s.<\/p>\n<p>El objetivo es asegurar que la gente encuentre la informaci\u00f3n que necesita sin tener que buscar en cientos de p\u00e1ginas.<\/p>\n<p>Tanto si el viajero de negocios se encuentra en su primer viaje de negocios como en el n\u00famero 100, este sitio web ofrece los consejos y sugerencias necesarios para desenvolverse en un entorno desconocido y sacar mayor provecho de la experiencia de viaje. <\/p>\n<p>&nbsp;<\/p>\n<h6>Mejore su experiencia de viaje. Explore el contenido de Kaffe Diary.<\/h6>\n<p>[\/et_pb_text][\/et_pb_column][et_pb_column type=\u00bb1_5&#8243; _builder_version=\u00bb4.16&#8243; _module_preset=\u00bbdefault\u00bb global_colors_info=\u00bb{}\u00bb][\/et_pb_column][\/et_pb_row][\/et_pb_section]<\/p>\n","protected":false},"excerpt":{"rendered":"<p>Sobre Kaffe DiaryLos viajes de negocios son el alma de una empresa global. Tanto si se trata de una conferencia internacional como de una reuni\u00f3n regional, los viajes de negocios son esenciales para el \u00e9xito. Los beneficios incluyen una mayor productividad, un mejor servicio al cliente y un mayor conocimiento de la marca. \u00bfCon qu\u00e9 [&hellip;]<\/p>\n","protected":false},"author":1,"featured_media":0,"parent":0,"menu_order":0,"comment_status":"closed","ping_status":"closed","template":"","meta":{"_et_pb_use_builder":"on","_et_pb_old_content":"","_et_gb_content_width":"","footnotes":""},"class_list":["post-6706","page","type-page","status-publish","hentry"],"_links":{"self":[{"href":"https:\/\/kaffediary.com\/es\/wp-json\/wp\/v2\/pages\/6706","targetHints":{"allow":["GET"]}}],"collection":[{"href":"https:\/\/kaffediary.com\/es\/wp-json\/wp\/v2\/pages"}],"about":[{"href":"https:\/\/kaffediary.com\/es\/wp-json\/wp\/v2\/types\/page"}],"author":[{"embeddable":true,"href":"https:\/\/kaffediary.com\/es\/wp-json\/wp\/v2\/users\/1"}],"replies":[{"embeddable":true,"href":"https:\/\/kaffediary.com\/es\/wp-json\/wp\/v2\/comments?post=6706"}],"version-history":[{"count":12,"href":"https:\/\/kaffediary.com\/es\/wp-json\/wp\/v2\/pages\/6706\/revisions"}],"predecessor-version":[{"id":11770,"href":"https:\/\/kaffediary.com\/es\/wp-json\/wp\/v2\/pages\/6706\/revisions\/11770"}],"wp:attachment":[{"href":"https:\/\/kaffediary.com\/es\/wp-json\/wp\/v2\/media?parent=6706"}],"curies":[{"name":"wp","href":"https:\/\/api.w.org\/{rel}","templated":true}]}}