{"id":8470,"date":"2022-10-02T17:31:07","date_gmt":"2022-10-02T17:31:07","guid":{"rendered":"https:\/\/kaffediary.com\/viajes-de-negocios\/europa-destino-de-negocios\/"},"modified":"2024-01-26T16:55:48","modified_gmt":"2024-01-26T16:55:48","slug":"europa-sp","status":"publish","type":"page","link":"https:\/\/kaffediary.com\/es\/viajes-de-negocios\/europa-sp\/","title":{"rendered":"Europa Destino de Negocios"},"content":{"rendered":"<p>[et_pb_section fb_built=\u00bb1&#8243; custom_padding_last_edited=\u00bboff|phone\u00bb admin_label=\u00bbHeader\u00bb _builder_version=\u00bb4.17.4&#8243; _module_preset=\u00bbdefault\u00bb use_background_color_gradient=\u00bbon\u00bb background_color_gradient_stops=\u00bbrgba(52,130,193,0.46) 0%|rgba(6,34,127,0.31) 100%\u00bb background_color_gradient_overlays_image=\u00bbon\u00bb background_color_gradient_start=\u00bbrgba(52,130,193,0.46)\u00bb background_color_gradient_end=\u00bbrgba(6,34,127,0.31)\u00bb background_image=\u00bbhttps:\/\/kaffediary.com\/wp-content\/uploads\/2022\/10\/Europe-Business-Travel-Destination-Header-Image.jpg\u00bb custom_padding=\u00bb10vw||18vw||false|false\u00bb custom_padding_tablet=\u00bb||||false|false\u00bb custom_padding_phone=\u00bb||||false|false\u00bb global_colors_info=\u00bb{}\u00bb][et_pb_row _builder_version=\u00bb4.16&#8243; _module_preset=\u00bbdefault\u00bb global_colors_info=\u00bb{}\u00bb][et_pb_column type=\u00bb4_4&#8243; _builder_version=\u00bb4.16&#8243; _module_preset=\u00bbdefault\u00bb global_colors_info=\u00bb{}\u00bb][et_pb_text _builder_version=\u00bb4.18.1&#8243; _module_preset=\u00bbd72c0383-6487-4f2c-ac5c-7d48a6376757&#8243; header_font=\u00bb||||||||\u00bb header_text_color=\u00bb#FFFFFF\u00bb header_font_size=\u00bb50px\u00bb header_line_height=\u00bb1.3em\u00bb text_orientation=\u00bbcenter\u00bb max_width=\u00bb750px\u00bb module_alignment=\u00bbcenter\u00bb animation_direction=\u00bbtop\u00bb header_font_size_tablet=\u00bb36px\u00bb header_font_size_phone=\u00bb30px\u00bb header_font_size_last_edited=\u00bbon|desktop\u00bb global_colors_info=\u00bb{}\u00bb]<\/p>\n<h1>Destinos de los viajes de negocios en Europa<\/h1>\n<p>[\/et_pb_text][\/et_pb_column][\/et_pb_row][\/et_pb_section][et_pb_section fb_built=\u00bb1&#8243; _builder_version=\u00bb4.16&#8243; _module_preset=\u00bbdefault\u00bb custom_padding=\u00bb20px||20px||true|false\u00bb global_colors_info=\u00bb{}\u00bb][et_pb_row _builder_version=\u00bb4.19.0&#8243; _module_preset=\u00bbdefault\u00bb width=\u00bb88%\u00bb max_width=\u00bb1920px\u00bb global_colors_info=\u00bb{}\u00bb][et_pb_column type=\u00bb4_4&#8243; _builder_version=\u00bb4.16&#8243; _module_preset=\u00bbdefault\u00bb global_colors_info=\u00bb{}\u00bb][et_pb_text _builder_version=\u00bb4.19.0&#8243; _module_preset=\u00bbdefault\u00bb text_font=\u00bb|200|||||||\u00bb text_text_color=\u00bb#000000&#8243; text_font_size=\u00bb24px\u00bb text_line_height=\u00bb1.6em\u00bb link_text_color=\u00bbgcid-b7844457-9a4a-40b7-b5ff-ee179fffa736&#8243; link_font_size=\u00bb24px\u00bb link_line_height=\u00bb1.5em\u00bb width_tablet=\u00bb\u00bb width_phone=\u00bb98%\u00bb width_last_edited=\u00bbon|desktop\u00bb text_font_tablet=\u00bbMulish|300|||||||\u00bb text_font_phone=\u00bbMulish|300|||||||\u00bb text_font_last_edited=\u00bbon|desktop\u00bb text_font_size_tablet=\u00bb20px\u00bb text_font_size_phone=\u00bb18px\u00bb text_font_size_last_edited=\u00bbon|desktop\u00bb link_font_size_tablet=\u00bb22px\u00bb link_font_size_phone=\u00bb20px\u00bb link_font_size_last_edited=\u00bbon|desktop\u00bb global_colors_info=\u00bb{%22gcid-b7844457-9a4a-40b7-b5ff-ee179fffa736%22:%91%22link_text_color%22%93}\u00bb]<\/p>\n<p><a href=\"https:\/\/dictionary.cambridge.org\/dictionary\/english\/europe\" target=\"_blank\" rel=\"noopener\">Europa<\/a> es diversa y uno de los continentes m\u00e1s coloridos del mundo. Bosques, r\u00edos y canales atraviesan el oeste de Europa, donde las antiguas ciudades ofrecen sus monumentos hist\u00f3ricos. Europa Central alberga algunas de las ciudades m\u00e1s bellas del planeta, adornadas con una arquitectura hist\u00f3rica y una belleza natural impresionante. Europa del Este no quiere quedarse atr\u00e1s en lo que a belleza y joyas hist\u00f3ricas se refiere, presumiendo de espectaculares ciudades con vistas a pintorescos r\u00edos y ruinas de desaparecidas dinast\u00edas de reyes.<\/p>\n<p>El continente europeo es un conjunto diverso de pa\u00edses. Est\u00e1 considerado como uno de los principales continentes del mundo.<\/p>\n<p>En esta p\u00e1gina se tratar\u00e1n algunos de los pa\u00edses europeos m\u00e1s peque\u00f1os y su definici\u00f3n de cultura empresarial. Sobre todo, el tama\u00f1o, la econom\u00eda y los socios comerciales influyen en sus puntos de vista, en las cuestiones reglamentarias y en la legislaci\u00f3n en general.<\/p>\n<p>[\/et_pb_text][\/et_pb_column][\/et_pb_row][et_pb_row _builder_version=\u00bb4.19.0&#8243; _module_preset=\u00bbdefault\u00bb global_colors_info=\u00bb{}\u00bb][et_pb_column type=\u00bb4_4&#8243; _builder_version=\u00bb4.19.0&#8243; _module_preset=\u00bbdefault\u00bb global_colors_info=\u00bb{}\u00bb][et_pb_code _builder_version=\u00bb4.19.0&#8243; _module_preset=\u00bbdefault\u00bb global_colors_info=\u00bb{}\u00bb]<div class=\"map_wrapper\" id=\"map_wrapper_7737\">\n<div class=\"map_box\" style=\"max-width:2000px\">\n<div class=\"map_aspect_ratio\" style=\"padding-top:56%\" data-padding-top=\"56%\" data-padding-top-mobile=\"0%\">\n<div class=\"map_container\">\n<div class=\"map_render map_loading\" id=\"map_7737\"><\/div>\n<\/div>\n<\/div>\n<\/div>\n<\/div>[\/et_pb_code][\/et_pb_column][\/et_pb_row][\/et_pb_section][et_pb_section fb_built=\u00bb1&#8243; _builder_version=\u00bb4.16&#8243; _module_preset=\u00bbdefault\u00bb custom_padding=\u00bb0px||0px||false|false\u00bb global_colors_info=\u00bb{}\u00bb][et_pb_row _builder_version=\u00bb4.19.0&#8243; _module_preset=\u00bbdefault\u00bb width=\u00bb88%\u00bb max_width=\u00bb1920px\u00bb global_colors_info=\u00bb{}\u00bb][et_pb_column type=\u00bb4_4&#8243; _builder_version=\u00bb4.16&#8243; _module_preset=\u00bbdefault\u00bb global_colors_info=\u00bb{}\u00bb][et_pb_text _builder_version=\u00bb4.19.0&#8243; _module_preset=\u00bbdefault\u00bb text_font=\u00bb|200|||||||\u00bb text_text_color=\u00bbgcid-8582d6b2-ff93-467d-8a95-c50d6acf939e\u00bb text_font_size=\u00bb24px\u00bb text_line_height=\u00bb1.6em\u00bb link_text_color=\u00bbgcid-b7844457-9a4a-40b7-b5ff-ee179fffa736&#8243; link_font_size=\u00bb24px\u00bb link_line_height=\u00bb1.5em\u00bb header_2_text_color=\u00bbgcid-a1e60d66-76d8-4612-a9ca-a005678239ae\u00bb header_2_font_size=\u00bb36px\u00bb header_2_line_height=\u00bb1.4em\u00bb width_tablet=\u00bb\u00bb width_phone=\u00bb98%\u00bb width_last_edited=\u00bbon|desktop\u00bb text_font_tablet=\u00bbMulish|300|||||||\u00bb text_font_phone=\u00bbMulish|300|||||||\u00bb text_font_last_edited=\u00bbon|desktop\u00bb text_font_size_tablet=\u00bb20px\u00bb text_font_size_phone=\u00bb18px\u00bb text_font_size_last_edited=\u00bbon|desktop\u00bb link_font_size_tablet=\u00bb22px\u00bb link_font_size_phone=\u00bb20px\u00bb link_font_size_last_edited=\u00bbon|desktop\u00bb header_2_font_size_tablet=\u00bb32px\u00bb header_2_font_size_phone=\u00bb32px\u00bb header_2_font_size_last_edited=\u00bbon|phone\u00bb global_colors_info=\u00bb{%22gcid-a1e60d66-76d8-4612-a9ca-a005678239ae%22:%91%22header_2_text_color%22%93,%22gcid-b7844457-9a4a-40b7-b5ff-ee179fffa736%22:%91%22link_text_color%22%93,%22gcid-8582d6b2-ff93-467d-8a95-c50d6acf939e%22:%91%22text_text_color%22%93}\u00bb]<\/p>\n<h2>Sobre el continente europeo<\/h2>\n<p><a href=\"https:\/\/european-union.europa.eu\/index_en\" target=\"_blank\" rel=\"noopener\">La Uni\u00f3n Europea (EU)<\/a> es una uni\u00f3n en sentido pol\u00edtico y econ\u00f3mico de Estados miembros situados principalmente en Europa. La EU ha desarrollado con \u00e9xito un mercado \u00fanico a trav\u00e9s de leyes estandarizadas. Estas leyes se aplican en todos los Estados miembros. Su objetivo es un espacio abierto y sin fronteras para que los bienes, los servicios, los capitales y las personas circulen libremente por \u00e9l sin restricciones ni obst\u00e1culos.<\/p>\n<p>El continente europeo es uno de los m\u00e1s exitosos del mundo en materia de negocios.<\/p>\n<p>Cuando visite el continente europeo, querr\u00e1 asegurarse de tener todos sus documentos en orden. Los funcionarios de este pa\u00eds son muy estrictos con las leyes de inmigraci\u00f3n, as\u00ed que aseg\u00farese de tener toda la documentaci\u00f3n resuelta antes de salir de viaje.<\/p>\n<p>[\/et_pb_text][\/et_pb_column][\/et_pb_row][et_pb_row column_structure=\u00bb1_5,3_5,1_5&#8243; use_custom_gutter=\u00bbon\u00bb gutter_width=\u00bb1&#8243; _builder_version=\u00bb4.19.0&#8243; _module_preset=\u00bbdefault\u00bb width=\u00bb88%\u00bb max_width=\u00bb1920px\u00bb global_colors_info=\u00bb{}\u00bb][et_pb_column type=\u00bb1_5&#8243; _builder_version=\u00bb4.16&#8243; _module_preset=\u00bbdefault\u00bb global_colors_info=\u00bb{}\u00bb][\/et_pb_column][et_pb_column type=\u00bb3_5&#8243; _builder_version=\u00bb4.16&#8243; _module_preset=\u00bbdefault\u00bb global_colors_info=\u00bb{}\u00bb][et_pb_image src=\u00bbhttps:\/\/kaffediary.com\/wp-content\/uploads\/2022\/10\/European-Travel-Destination-Section.jpg\u00bb alt=\u00bbDestinos de los viajes de negocios &#8211; Maletas\u00bb title_text=\u00bbSecci\u00f3n de destinos tur\u00edsticos europeos\u00bb _builder_version=\u00bb4.17.4&#8243; _module_preset=\u00bbdefault\u00bb global_colors_info=\u00bb{}\u00bb][\/et_pb_image][\/et_pb_column][et_pb_column type=\u00bb1_5&#8243; _builder_version=\u00bb4.16&#8243; _module_preset=\u00bbdefault\u00bb global_colors_info=\u00bb{}\u00bb][\/et_pb_column][\/et_pb_row][\/et_pb_section][et_pb_section fb_built=\u00bb1&#8243; _builder_version=\u00bb4.16&#8243; _module_preset=\u00bbdefault\u00bb global_colors_info=\u00bb{}\u00bb][et_pb_row _builder_version=\u00bb4.19.0&#8243; _module_preset=\u00bbdefault\u00bb width=\u00bb88%\u00bb max_width=\u00bb1920px\u00bb custom_padding=\u00bb0px||0px||false|false\u00bb global_colors_info=\u00bb{}\u00bb][et_pb_column type=\u00bb4_4&#8243; _builder_version=\u00bb4.16&#8243; _module_preset=\u00bbdefault\u00bb global_colors_info=\u00bb{}\u00bb][et_pb_text _builder_version=\u00bb4.17.4&#8243; _module_preset=\u00bbdefault\u00bb text_font=\u00bb|200|||||||\u00bb text_text_color=\u00bbgcid-8582d6b2-ff93-467d-8a95-c50d6acf939e\u00bb text_font_size=\u00bb24px\u00bb text_line_height=\u00bb1.6em\u00bb link_text_color=\u00bbgcid-b7844457-9a4a-40b7-b5ff-ee179fffa736&#8243; link_font_size=\u00bb24px\u00bb link_line_height=\u00bb1.5em\u00bb header_2_text_color=\u00bbgcid-a1e60d66-76d8-4612-a9ca-a005678239ae\u00bb header_2_font_size=\u00bb36px\u00bb header_2_line_height=\u00bb1.4em\u00bb width_tablet=\u00bb\u00bb width_phone=\u00bb98%\u00bb width_last_edited=\u00bbon|desktop\u00bb text_font_tablet=\u00bbMulish|300|||||||\u00bb text_font_phone=\u00bbMulish|300|||||||\u00bb text_font_last_edited=\u00bbon|desktop\u00bb text_font_size_tablet=\u00bb20px\u00bb text_font_size_phone=\u00bb18px\u00bb text_font_size_last_edited=\u00bbon|desktop\u00bb link_font_size_tablet=\u00bb22px\u00bb link_font_size_phone=\u00bb20px\u00bb link_font_size_last_edited=\u00bbon|desktop\u00bb header_2_font_size_tablet=\u00bb32px\u00bb header_2_font_size_phone=\u00bb32px\u00bb header_2_font_size_last_edited=\u00bbon|phone\u00bb global_colors_info=\u00bb{%22gcid-a1e60d66-76d8-4612-a9ca-a005678239ae%22:%91%22header_2_text_color%22%93,%22gcid-b7844457-9a4a-40b7-b5ff-ee179fffa736%22:%91%22link_text_color%22%93,%22gcid-8582d6b2-ff93-467d-8a95-c50d6acf939e%22:%91%22text_text_color%22%93,%22gcid-7814a719-c4c1-4b0f-b019-492bb0f30365%22:%91%22link_text_color%22,%22link_text_color%22%93,%22gcid-451f3261-61c2-4dbe-bb50-a5feeb4e6554%22:%91%22header_2_text_color%22%93,%22gcid-0ca197d1-1f9b-4986-b00e-3ae7a424a238%22:%91%22header_6_text_color%22%93}\u00bb]<\/p>\n<h2>Qu\u00e9 esperar cuando se visita el continente europeo por negocios<\/h2>\n<p>Espere quedar impresionado por la cultura y la historia de Europa. Europa existe desde hace miles de a\u00f1os y, si lo piensa, su historia es m\u00e1s larga que la de algunos pa\u00edses en total. No es de extra\u00f1ar que aqu\u00ed existan muchos museos y lugares hist\u00f3ricos, as\u00ed como los tipos de industrias que prosperan.<\/p>\n<p>Prep\u00e1rese para algunas barreras ling\u00fc\u00edsticas. Aunque la mayor\u00eda de los europeos hablan ingl\u00e9s con suficiente fluidez para desenvolverse (especialmente los j\u00f3venes), es importante estar preparado para situaciones en las que no se habla ingl\u00e9s. Lleve siempre consigo un libro de frases (o desc\u00e1rguese uno en su tel\u00e9fono), para estar preparado en caso de que surja alg\u00fan imprevisto durante su viaje al extranjero.<\/p>\n<p>Las empresas que deseen establecerse en Europa deben considerar la posibilidad de hacer negocios con varios pa\u00edses en lugar de s\u00f3lo uno o dos para obtener el mayor beneficio posible.<\/p>\n<p>[\/et_pb_text][\/et_pb_column][\/et_pb_row][et_pb_row _builder_version=\u00bb4.16&#8243; _module_preset=\u00bbdefault\u00bb width=\u00bb90%\u00bb max_width=\u00bb1920px\u00bb global_colors_info=\u00bb{}\u00bb][et_pb_column type=\u00bb4_4&#8243; _builder_version=\u00bb4.16&#8243; _module_preset=\u00bbdefault\u00bb global_colors_info=\u00bb{}\u00bb][et_pb_text _builder_version=\u00bb4.19.1&#8243; _module_preset=\u00bbdefault\u00bb text_font=\u00bb|200|||||||\u00bb text_text_color=\u00bbgcid-8582d6b2-ff93-467d-8a95-c50d6acf939e\u00bb text_font_size=\u00bb24px\u00bb text_line_height=\u00bb1.6em\u00bb link_text_color=\u00bbgcid-b7844457-9a4a-40b7-b5ff-ee179fffa736&#8243; link_font_size=\u00bb24px\u00bb link_line_height=\u00bb1.5em\u00bb header_2_text_color=\u00bbgcid-a1e60d66-76d8-4612-a9ca-a005678239ae\u00bb header_2_font_size=\u00bb36px\u00bb header_2_line_height=\u00bb1.4em\u00bb width_tablet=\u00bb\u00bb width_phone=\u00bb98%\u00bb width_last_edited=\u00bbon|desktop\u00bb hover_enabled=\u00bb0&#8243; text_font_tablet=\u00bbMulish|300|||||||\u00bb text_font_phone=\u00bbMulish|300|||||||\u00bb text_font_last_edited=\u00bbon|desktop\u00bb text_font_size_tablet=\u00bb20px\u00bb text_font_size_phone=\u00bb18px\u00bb text_font_size_last_edited=\u00bbon|desktop\u00bb link_font_size_tablet=\u00bb22px\u00bb link_font_size_phone=\u00bb20px\u00bb link_font_size_last_edited=\u00bbon|desktop\u00bb header_2_font_size_tablet=\u00bb32px\u00bb header_2_font_size_phone=\u00bb32px\u00bb header_2_font_size_last_edited=\u00bbon|phone\u00bb global_colors_info=\u00bb{%22gcid-a1e60d66-76d8-4612-a9ca-a005678239ae%22:%91%22header_2_text_color%22%93,%22gcid-b7844457-9a4a-40b7-b5ff-ee179fffa736%22:%91%22link_text_color%22%93,%22gcid-8582d6b2-ff93-467d-8a95-c50d6acf939e%22:%91%22text_text_color%22%93,%22gcid-7814a719-c4c1-4b0f-b019-492bb0f30365%22:%91%22link_text_color%22,%22link_text_color%22%93,%22gcid-451f3261-61c2-4dbe-bb50-a5feeb4e6554%22:%91%22header_2_text_color%22%93,%22gcid-0ca197d1-1f9b-4986-b00e-3ae7a424a238%22:%91%22header_6_text_color%22%93}\u00bb disabled_on=\u00bbon|on|on\u00bb disabled=\u00bbon\u00bb sticky_enabled=\u00bb0&#8243;]<\/p>\n<h2>Lista de regiones europeas<\/h2>\n<p>[\/et_pb_text][\/et_pb_column][\/et_pb_row][et_pb_row column_structure=\u00bb1_2,1_2&#8243; _builder_version=\u00bb4.19.1&#8243; _module_preset=\u00bbdefault\u00bb hover_enabled=\u00bb0&#8243; global_colors_info=\u00bb{}\u00bb disabled_on=\u00bbon|on|on\u00bb disabled=\u00bbon\u00bb sticky_enabled=\u00bb0&#8243;][et_pb_column type=\u00bb1_2&#8243; _builder_version=\u00bb4.16&#8243; _module_preset=\u00bbdefault\u00bb global_colors_info=\u00bb{}\u00bb][et_pb_cta title=\u00bbEuropa Occidental\u00bb button_text=\u00bbHaga clic aqu\u00ed\u00bb _builder_version=\u00bb4.18.1&#8243; _module_preset=\u00bbdefault\u00bb background_image=\u00bbhttps:\/\/kaffediary.com\/wp-content\/uploads\/2022\/10\/WEurope-Travel.jpg\u00bb min_height_tablet=\u00bb\u00bb min_height_phone=\u00bb\u00bb min_height_last_edited=\u00bbon|desktop\u00bb height=\u00bb450px\u00bb global_colors_info=\u00bb{}\u00bb][\/et_pb_cta][et_pb_cta title=\u00bbEuropa del Sur\u00bb button_text=\u00bbHaga clic aqu\u00ed\u00bb _builder_version=\u00bb4.18.1&#8243; _module_preset=\u00bbdefault\u00bb background_enable_color=\u00bboff\u00bb background_image=\u00bbhttps:\/\/kaffediary.com\/wp-content\/uploads\/2022\/10\/SEurope-Travel.jpg\u00bb min_height_tablet=\u00bb\u00bb min_height_phone=\u00bb\u00bb min_height_last_edited=\u00bbon|desktop\u00bb height=\u00bb450px\u00bb global_colors_info=\u00bb{}\u00bb][\/et_pb_cta][\/et_pb_column][et_pb_column type=\u00bb1_2&#8243; _builder_version=\u00bb4.16&#8243; _module_preset=\u00bbdefault\u00bb global_colors_info=\u00bb{}\u00bb][et_pb_cta title=\u00bbEuropa Oriental\u00bb button_text=\u00bbHaga clic aqu\u00ed\u00bb _builder_version=\u00bb4.18.1&#8243; _module_preset=\u00bbdefault\u00bb background_image=\u00bbhttps:\/\/kaffediary.com\/wp-content\/uploads\/2022\/10\/EEurope-Travel.jpg\u00bb min_height_tablet=\u00bb\u00bb min_height_phone=\u00bb\u00bb min_height_last_edited=\u00bbon|desktop\u00bb height=\u00bb450px\u00bb global_colors_info=\u00bb{}\u00bb][\/et_pb_cta][et_pb_cta title=\u00bbEuropa del Norte\u00bb button_text=\u00bbHaga clic aqu\u00ed\u00bb _builder_version=\u00bb4.18.1&#8243; _module_preset=\u00bbdefault\u00bb background_enable_color=\u00bboff\u00bb background_image=\u00bbhttps:\/\/kaffediary.com\/wp-content\/uploads\/2022\/10\/NEurope-Travel.jpg\u00bb min_height_tablet=\u00bb\u00bb min_height_phone=\u00bb\u00bb min_height_last_edited=\u00bbon|desktop\u00bb height=\u00bb450px\u00bb global_colors_info=\u00bb{}\u00bb][\/et_pb_cta][\/et_pb_column][\/et_pb_row][et_pb_row _builder_version=\u00bb4.19.0&#8243; _module_preset=\u00bbdefault\u00bb width=\u00bb88%\u00bb max_width=\u00bb1920px\u00bb custom_padding=\u00bb0px||0px||false|false\u00bb global_colors_info=\u00bb{}\u00bb][et_pb_column type=\u00bb4_4&#8243; _builder_version=\u00bb4.16&#8243; _module_preset=\u00bbdefault\u00bb global_colors_info=\u00bb{}\u00bb][et_pb_text _builder_version=\u00bb4.19.0&#8243; _module_preset=\u00bbdefault\u00bb text_font=\u00bb|200|||||||\u00bb text_text_color=\u00bb#000000&#8243; text_font_size=\u00bb24px\u00bb text_line_height=\u00bb1.5em\u00bb link_text_color=\u00bbgcid-7814a719-c4c1-4b0f-b019-492bb0f30365&#8243; link_font_size=\u00bb24px\u00bb link_line_height=\u00bb1.5em\u00bb header_2_text_color=\u00bbgcid-451f3261-61c2-4dbe-bb50-a5feeb4e6554&#8243; header_2_font_size=\u00bb36px\u00bb header_2_line_height=\u00bb1.4em\u00bb header_6_text_color=\u00bbgcid-a1e60d66-76d8-4612-a9ca-a005678239ae\u00bb header_6_font_size=\u00bb26px\u00bb header_6_line_height=\u00bb1.5em\u00bb width_tablet=\u00bb\u00bb width_phone=\u00bb98%\u00bb width_last_edited=\u00bbon|desktop\u00bb text_font_tablet=\u00bbMulish|300|||||||\u00bb text_font_phone=\u00bbMulish|300|||||||\u00bb text_font_last_edited=\u00bbon|desktop\u00bb text_font_size_tablet=\u00bb22px\u00bb text_font_size_phone=\u00bb20px\u00bb text_font_size_last_edited=\u00bbon|phone\u00bb link_font_size_tablet=\u00bb22px\u00bb link_font_size_phone=\u00bb20px\u00bb link_font_size_last_edited=\u00bbon|desktop\u00bb header_2_font_size_tablet=\u00bb32px\u00bb header_2_font_size_phone=\u00bb32px\u00bb header_2_font_size_last_edited=\u00bbon|phone\u00bb header_6_font_size_tablet=\u00bb26px\u00bb header_6_font_size_phone=\u00bb22px\u00bb header_6_font_size_last_edited=\u00bbon|phone\u00bb global_colors_info=\u00bb{%22gcid-7814a719-c4c1-4b0f-b019-492bb0f30365%22:%91%22link_text_color%22,%22link_text_color%22%93,%22gcid-451f3261-61c2-4dbe-bb50-a5feeb4e6554%22:%91%22header_2_text_color%22%93,%22gcid-a1e60d66-76d8-4612-a9ca-a005678239ae%22:%91%22header_6_text_color%22%93}\u00bb]<\/p>\n<h6>Europa es sin duda un gran destino para los viajeros de negocios. Es un gran lugar para instalar oficinas. Probablemente tendr\u00e1 que lidiar con diferentes culturas, diferentes idiomas y posiblemente diferentes leyes (dependiendo del pa\u00eds en el que vaya a hacer negocios, por supuesto).<\/h6>\n<h6>Pero hay todo tipo de potencial para hacer negocios aqu\u00ed.<\/h6>\n<p>[\/et_pb_text][\/et_pb_column][\/et_pb_row][\/et_pb_section]<\/p>\n","protected":false},"excerpt":{"rendered":"<p>Destinos de los viajes de negocios en EuropaEuropa es diversa y uno de los continentes m\u00e1s coloridos del mundo. Bosques, r\u00edos y canales atraviesan el oeste de Europa, donde las antiguas ciudades ofrecen sus monumentos hist\u00f3ricos. Europa Central alberga algunas de las ciudades m\u00e1s bellas del planeta, adornadas con una arquitectura hist\u00f3rica y una belleza [&hellip;]<\/p>\n","protected":false},"author":1,"featured_media":0,"parent":6828,"menu_order":0,"comment_status":"closed","ping_status":"closed","template":"","meta":{"_et_pb_use_builder":"on","_et_pb_old_content":"","_et_gb_content_width":"","_wp_convertkit_post_meta":{"form":"-1","landing_page":"","tag":"0"},"footnotes":""},"class_list":["post-8470","page","type-page","status-publish","hentry"],"_links":{"self":[{"href":"https:\/\/kaffediary.com\/es\/wp-json\/wp\/v2\/pages\/8470","targetHints":{"allow":["GET"]}}],"collection":[{"href":"https:\/\/kaffediary.com\/es\/wp-json\/wp\/v2\/pages"}],"about":[{"href":"https:\/\/kaffediary.com\/es\/wp-json\/wp\/v2\/types\/page"}],"author":[{"embeddable":true,"href":"https:\/\/kaffediary.com\/es\/wp-json\/wp\/v2\/users\/1"}],"replies":[{"embeddable":true,"href":"https:\/\/kaffediary.com\/es\/wp-json\/wp\/v2\/comments?post=8470"}],"version-history":[{"count":11,"href":"https:\/\/kaffediary.com\/es\/wp-json\/wp\/v2\/pages\/8470\/revisions"}],"predecessor-version":[{"id":11867,"href":"https:\/\/kaffediary.com\/es\/wp-json\/wp\/v2\/pages\/8470\/revisions\/11867"}],"up":[{"embeddable":true,"href":"https:\/\/kaffediary.com\/es\/wp-json\/wp\/v2\/pages\/6828"}],"wp:attachment":[{"href":"https:\/\/kaffediary.com\/es\/wp-json\/wp\/v2\/media?parent=8470"}],"curies":[{"name":"wp","href":"https:\/\/api.w.org\/{rel}","templated":true}]}}