{"id":8639,"date":"2022-11-04T14:13:57","date_gmt":"2022-11-04T14:13:57","guid":{"rendered":"https:\/\/kaffediary.com\/viajes-de-negocios\/destino-de-negocios-en-africa\/"},"modified":"2024-01-26T16:54:12","modified_gmt":"2024-01-26T16:54:12","slug":"destino-de-negocios-en-africa","status":"publish","type":"page","link":"https:\/\/kaffediary.com\/es\/viajes-de-negocios\/destino-de-negocios-en-africa\/","title":{"rendered":"Destino de negocios en \u00c1frica"},"content":{"rendered":"<p>[et_pb_section fb_built=\u00bb1&#8243; custom_padding_last_edited=\u00bboff|phone\u00bb admin_label=\u00bbHeader\u00bb _builder_version=\u00bb4.19.0&#8243; _module_preset=\u00bbdefault\u00bb use_background_color_gradient=\u00bbon\u00bb background_color_gradient_stops=\u00bbrgba(52,130,193,0.46) 0%|rgba(6,34,127,0.31) 100%\u00bb background_color_gradient_overlays_image=\u00bbon\u00bb background_color_gradient_start=\u00bbrgba(52,130,193,0.46)\u00bb background_color_gradient_end=\u00bbrgba(6,34,127,0.31)\u00bb background_image=\u00bbhttps:\/\/kaffediary.com\/wp-content\/uploads\/2022\/11\/Africa.jpg\u00bb custom_padding=\u00bb10vw||18vw||false|false\u00bb custom_padding_tablet=\u00bb||||false|false\u00bb custom_padding_phone=\u00bb||||false|false\u00bb global_colors_info=\u00bb{}\u00bb][et_pb_row _builder_version=\u00bb4.16&#8243; _module_preset=\u00bbdefault\u00bb global_colors_info=\u00bb{}\u00bb][et_pb_column type=\u00bb4_4&#8243; _builder_version=\u00bb4.16&#8243; _module_preset=\u00bbdefault\u00bb global_colors_info=\u00bb{}\u00bb][et_pb_text _builder_version=\u00bb4.19.1&#8243; _module_preset=\u00bbd72c0383-6487-4f2c-ac5c-7d48a6376757&#8243; header_font=\u00bb||||||||\u00bb header_text_color=\u00bb#FFFFFF\u00bb header_font_size=\u00bb50px\u00bb header_line_height=\u00bb1.3em\u00bb text_orientation=\u00bbcenter\u00bb max_width=\u00bb750px\u00bb module_alignment=\u00bbcenter\u00bb animation_direction=\u00bbtop\u00bb header_font_size_tablet=\u00bb36px\u00bb header_font_size_phone=\u00bb30px\u00bb header_font_size_last_edited=\u00bbon|desktop\u00bb global_colors_info=\u00bb{}\u00bb]<\/p>\n<h1>Destinos para viajes de negocios en \u00c1frica<\/h1>\n<p>[\/et_pb_text][\/et_pb_column][\/et_pb_row][\/et_pb_section][et_pb_section fb_built=\u00bb1&#8243; _builder_version=\u00bb4.16&#8243; _module_preset=\u00bbdefault\u00bb custom_padding=\u00bb20px||20px||true|false\u00bb global_colors_info=\u00bb{}\u00bb][et_pb_row use_custom_gutter=\u00bbon\u00bb gutter_width=\u00bb1&#8243; _builder_version=\u00bb4.19.1&#8243; _module_preset=\u00bbdefault\u00bb width=\u00bb90%\u00bb max_width=\u00bb1920px\u00bb global_colors_info=\u00bb{}\u00bb][et_pb_column type=\u00bb4_4&#8243; _builder_version=\u00bb4.16&#8243; _module_preset=\u00bbdefault\u00bb global_colors_info=\u00bb{}\u00bb][et_pb_text _builder_version=\u00bb4.19.0&#8243; _module_preset=\u00bbdefault\u00bb text_font=\u00bb|200|||||||\u00bb text_text_color=\u00bb#000000&#8243; text_font_size=\u00bb24px\u00bb text_line_height=\u00bb1.5em\u00bb link_text_color=\u00bbgcid-7814a719-c4c1-4b0f-b019-492bb0f30365&#8243; link_font_size=\u00bb24px\u00bb link_line_height=\u00bb1.5em\u00bb ul_font=\u00bb||||||||\u00bb ul_font_size=\u00bb24px\u00bb ul_line_height=\u00bb1.5em\u00bb header_2_text_color=\u00bbgcid-a1e60d66-76d8-4612-a9ca-a005678239ae\u00bb header_2_font_size=\u00bb36px\u00bb header_2_line_height=\u00bb1.4em\u00bb header_3_text_color=\u00bbgcid-a1e60d66-76d8-4612-a9ca-a005678239ae\u00bb header_3_font_size=\u00bb26px\u00bb width_tablet=\u00bb\u00bb width_phone=\u00bb98%\u00bb width_last_edited=\u00bbon|desktop\u00bb text_font_tablet=\u00bbMulish|300|||||||\u00bb text_font_phone=\u00bbMulish|300|||||||\u00bb text_font_last_edited=\u00bbon|desktop\u00bb text_font_size_tablet=\u00bb20px\u00bb text_font_size_phone=\u00bb18px\u00bb text_font_size_last_edited=\u00bbon|phone\u00bb link_font_size_tablet=\u00bb22px\u00bb link_font_size_phone=\u00bb20px\u00bb link_font_size_last_edited=\u00bbon|desktop\u00bb ul_font_size_tablet=\u00bb20px\u00bb ul_font_size_phone=\u00bb18px\u00bb ul_font_size_last_edited=\u00bbon|desktop\u00bb header_2_font_size_tablet=\u00bb32px\u00bb header_2_font_size_phone=\u00bb28px\u00bb header_2_font_size_last_edited=\u00bbon|desktop\u00bb header_3_font_size_tablet=\u00bb22px\u00bb header_3_font_size_phone=\u00bb20px\u00bb header_3_font_size_last_edited=\u00bbon|desktop\u00bb global_colors_info=\u00bb{%22gcid-7814a719-c4c1-4b0f-b019-492bb0f30365%22:%91%22link_text_color%22,%22link_text_color%22,%22link_text_color%22,%22link_text_color%22,%22link_text_color%22%93,%22gcid-a1e60d66-76d8-4612-a9ca-a005678239ae%22:%91%22header_2_text_color%22,%22header_3_text_color%22,%22header_2_text_color%22%93,%22gcid-451f3261-61c2-4dbe-bb50-a5feeb4e6554%22:%91%22header_2_text_color%22%93,%22gcid-0ca197d1-1f9b-4986-b00e-3ae7a424a238%22:%91%22header_6_text_color%22%93,%22gcid-8582d6b2-ff93-467d-8a95-c50d6acf939e%22:%91%22text_text_color%22%93}\u00bb]<\/p>\n<p>\u00c1frica, el segundo continente m\u00e1s grande del mundo, es una de las regiones m\u00e1s din\u00e1micas y de mayor crecimiento. Cuenta con una poblaci\u00f3n creciente, abundantes recursos naturales y una econom\u00eda vibrante.<\/p>\n<p>[\/et_pb_text][\/et_pb_column][\/et_pb_row][\/et_pb_section][et_pb_section fb_built=\u00bb1&#8243; _builder_version=\u00bb4.16&#8243; _module_preset=\u00bbdefault\u00bb custom_padding=\u00bb0px||0px||false|false\u00bb global_colors_info=\u00bb{}\u00bb][et_pb_row _builder_version=\u00bb4.19.1&#8243; _module_preset=\u00bbdefault\u00bb width=\u00bb90%\u00bb max_width=\u00bb1920px\u00bb global_colors_info=\u00bb{}\u00bb][et_pb_column type=\u00bb4_4&#8243; _builder_version=\u00bb4.19.1&#8243; _module_preset=\u00bbdefault\u00bb global_colors_info=\u00bb{}\u00bb][et_pb_code _builder_version=\u00bb4.21.0&#8243; _module_preset=\u00bbdefault\u00bb hover_enabled=\u00bb0&#8243; global_colors_info=\u00bb{}\u00bb sticky_enabled=\u00bb0&#8243;]<div class=\"map_wrapper\" id=\"map_wrapper_8299\">\n<div class=\"map_box\" style=\"max-width:2000px\">\n<div class=\"map_aspect_ratio\" style=\"padding-top:56%\" data-padding-top=\"56%\" data-padding-top-mobile=\"0%\">\n<div class=\"map_container\">\n<div class=\"map_render map_loading\" id=\"map_8299\"><\/div>\n<\/div>\n<\/div>\n<\/div>\n<\/div><!-- [et_pb_line_break_holder] -->[\/et_pb_code][\/et_pb_column][\/et_pb_row][et_pb_row use_custom_gutter=\u00bbon\u00bb gutter_width=\u00bb1&#8243; _builder_version=\u00bb4.16&#8243; _module_preset=\u00bbdefault\u00bb width=\u00bb90%\u00bb max_width=\u00bb1920px\u00bb global_colors_info=\u00bb{}\u00bb][et_pb_column type=\u00bb4_4&#8243; _builder_version=\u00bb4.16&#8243; _module_preset=\u00bbdefault\u00bb global_colors_info=\u00bb{}\u00bb][et_pb_text _builder_version=\u00bb4.19.1&#8243; _module_preset=\u00bbdefault\u00bb text_font=\u00bb|200|||||||\u00bb text_text_color=\u00bb#000000&#8243; text_font_size=\u00bb24px\u00bb text_line_height=\u00bb1.5em\u00bb link_text_color=\u00bbgcid-7814a719-c4c1-4b0f-b019-492bb0f30365&#8243; link_font_size=\u00bb24px\u00bb link_line_height=\u00bb1.5em\u00bb ul_font=\u00bb||||||||\u00bb ul_font_size=\u00bb24px\u00bb ul_line_height=\u00bb1.5em\u00bb header_2_text_color=\u00bbgcid-a1e60d66-76d8-4612-a9ca-a005678239ae\u00bb header_2_font_size=\u00bb36px\u00bb header_2_line_height=\u00bb1.4em\u00bb header_3_text_color=\u00bbgcid-a1e60d66-76d8-4612-a9ca-a005678239ae\u00bb header_3_font_size=\u00bb26px\u00bb width_tablet=\u00bb\u00bb width_phone=\u00bb98%\u00bb width_last_edited=\u00bbon|desktop\u00bb text_font_tablet=\u00bbMulish|300|||||||\u00bb text_font_phone=\u00bbMulish|300|||||||\u00bb text_font_last_edited=\u00bbon|desktop\u00bb text_font_size_tablet=\u00bb20px\u00bb text_font_size_phone=\u00bb18px\u00bb text_font_size_last_edited=\u00bbon|phone\u00bb link_font_size_tablet=\u00bb22px\u00bb link_font_size_phone=\u00bb20px\u00bb link_font_size_last_edited=\u00bbon|desktop\u00bb ul_font_size_tablet=\u00bb20px\u00bb ul_font_size_phone=\u00bb18px\u00bb ul_font_size_last_edited=\u00bbon|desktop\u00bb header_2_font_size_tablet=\u00bb32px\u00bb header_2_font_size_phone=\u00bb28px\u00bb header_2_font_size_last_edited=\u00bbon|desktop\u00bb header_3_font_size_tablet=\u00bb22px\u00bb header_3_font_size_phone=\u00bb20px\u00bb header_3_font_size_last_edited=\u00bbon|desktop\u00bb global_colors_info=\u00bb{%22gcid-7814a719-c4c1-4b0f-b019-492bb0f30365%22:%91%22link_text_color%22,%22link_text_color%22,%22link_text_color%22,%22link_text_color%22%93,%22gcid-a1e60d66-76d8-4612-a9ca-a005678239ae%22:%91%22header_2_text_color%22,%22header_3_text_color%22,%22header_2_text_color%22%93,%22gcid-451f3261-61c2-4dbe-bb50-a5feeb4e6554%22:%91%22header_2_text_color%22%93,%22gcid-0ca197d1-1f9b-4986-b00e-3ae7a424a238%22:%91%22header_6_text_color%22%93}\u00bb]<\/p>\n<h2>Sobre el continente africano<\/h2>\n<p>\u00c1frica es un continente con muchas oportunidades y desaf\u00edos. Debido a la creciente econom\u00eda del continente y al aumento de las inversiones extranjeras y privadas, muchos consideran a \u00c1frica un destino de negocios.<\/p>\n<p>Es un lugar diverso, tiene una fant\u00e1stica variedad de paisajes y climas y unos animales \u00fanicos en el mundo.<\/p>\n<p>La costa africana es incre\u00edblemente diversa, con algunas de las playas m\u00e1s bellas del mundo. En la costa este se encuentran las islas Seychelles y Mauricio. En la costa oeste se encuentran Madagascar y Mozambique, y en la sur, Sud\u00e1frica.<\/p>\n<p>El interior de \u00c1frica tambi\u00e9n es variado. Tiene monta\u00f1as y desiertos, r\u00edos y lagos, praderas y sabanas. Tambi\u00e9n hay varios climas en el continente, desde el tropical hasta el templado y el des\u00e9rtico.<\/p>\n<p>El continente tambi\u00e9n es rico en cultura. Muchos pa\u00edses tienen escenas art\u00edsticas vibrantes con m\u00fasicos que cantan sobre la vida en su tierra o cuentan historias de tiempos antiguos.<\/p>\n<p>\u00c1frica cuenta con una rica historia de arte y m\u00fasica, que incluye artesan\u00edas tradicionales como la alfarer\u00eda, la cester\u00eda y el trabajo con cuentas. Algunas de estas artesan\u00edas se han comercializado durante siglos entre diferentes tribus, mientras que los comerciantes de otros continentes influyeron en otras. Algunas de estas artesan\u00edas se siguen realizando hoy en d\u00eda con fines ceremoniales.<\/p>\n<p>Su rica historia ha dado lugar a muchas lenguas diferentes y a tradiciones alimentarias \u00fanicas. Tambi\u00e9n significa que hay muchas maneras diferentes para que los viajeros experimenten esta hermosa tierra sin sentirse abrumados por sus muchas diferencias.<\/p>\n<p>[\/et_pb_text][\/et_pb_column][\/et_pb_row][et_pb_row column_structure=\u00bb1_5,3_5,1_5&#8243; use_custom_gutter=\u00bbon\u00bb gutter_width=\u00bb1&#8243; _builder_version=\u00bb4.19.1&#8243; _module_preset=\u00bbdefault\u00bb width=\u00bb100%\u00bb max_width=\u00bb1920px\u00bb global_colors_info=\u00bb{}\u00bb][et_pb_column type=\u00bb1_5&#8243; _builder_version=\u00bb4.16&#8243; _module_preset=\u00bbdefault\u00bb global_colors_info=\u00bb{}\u00bb][\/et_pb_column][et_pb_column type=\u00bb3_5&#8243; _builder_version=\u00bb4.16&#8243; _module_preset=\u00bbdefault\u00bb global_colors_info=\u00bb{}\u00bb][et_pb_image src=\u00bbhttps:\/\/kaffediary.com\/wp-content\/uploads\/2022\/11\/Africa-Egypt.jpg\u00bb alt=\u00bb\u00c1frica Egipto\u00bb title_text=\u00bb\u00c1frica Egipto\u00bb _builder_version=\u00bb4.19.0&#8243; _module_preset=\u00bbdefault\u00bb global_colors_info=\u00bb{}\u00bb][\/et_pb_image][\/et_pb_column][et_pb_column type=\u00bb1_5&#8243; _builder_version=\u00bb4.16&#8243; _module_preset=\u00bbdefault\u00bb global_colors_info=\u00bb{}\u00bb][\/et_pb_column][\/et_pb_row][\/et_pb_section][et_pb_section fb_built=\u00bb1&#8243; _builder_version=\u00bb4.16&#8243; _module_preset=\u00bbdefault\u00bb global_colors_info=\u00bb{}\u00bb][et_pb_row use_custom_gutter=\u00bbon\u00bb gutter_width=\u00bb1&#8243; _builder_version=\u00bb4.19.1&#8243; _module_preset=\u00bbdefault\u00bb width=\u00bb90%\u00bb max_width=\u00bb1920px\u00bb custom_margin=\u00bb0px||0px||false|false\u00bb custom_padding=\u00bb0px||0px||false|false\u00bb global_colors_info=\u00bb{}\u00bb][et_pb_column type=\u00bb4_4&#8243; _builder_version=\u00bb4.16&#8243; _module_preset=\u00bbdefault\u00bb global_colors_info=\u00bb{}\u00bb][et_pb_text _builder_version=\u00bb4.19.1&#8243; _module_preset=\u00bbdefault\u00bb text_font=\u00bb|200|||||||\u00bb text_text_color=\u00bb#000000&#8243; text_font_size=\u00bb24px\u00bb text_line_height=\u00bb1.5em\u00bb link_text_color=\u00bbgcid-7814a719-c4c1-4b0f-b019-492bb0f30365&#8243; link_font_size=\u00bb24px\u00bb link_line_height=\u00bb1.5em\u00bb ul_font=\u00bb||||||||\u00bb ul_font_size=\u00bb24px\u00bb ul_line_height=\u00bb1.5em\u00bb header_2_text_color=\u00bbgcid-a1e60d66-76d8-4612-a9ca-a005678239ae\u00bb header_2_font_size=\u00bb36px\u00bb header_2_line_height=\u00bb1.4em\u00bb header_3_text_color=\u00bbgcid-a1e60d66-76d8-4612-a9ca-a005678239ae\u00bb header_3_font_size=\u00bb26px\u00bb width_tablet=\u00bb\u00bb width_phone=\u00bb98%\u00bb width_last_edited=\u00bbon|desktop\u00bb text_font_tablet=\u00bbMulish|300|||||||\u00bb text_font_phone=\u00bbMulish|300|||||||\u00bb text_font_last_edited=\u00bbon|desktop\u00bb text_font_size_tablet=\u00bb20px\u00bb text_font_size_phone=\u00bb18px\u00bb text_font_size_last_edited=\u00bbon|phone\u00bb link_font_size_tablet=\u00bb22px\u00bb link_font_size_phone=\u00bb20px\u00bb link_font_size_last_edited=\u00bbon|desktop\u00bb ul_font_size_tablet=\u00bb20px\u00bb ul_font_size_phone=\u00bb18px\u00bb ul_font_size_last_edited=\u00bbon|desktop\u00bb header_2_font_size_tablet=\u00bb32px\u00bb header_2_font_size_phone=\u00bb28px\u00bb header_2_font_size_last_edited=\u00bbon|desktop\u00bb header_3_font_size_tablet=\u00bb22px\u00bb header_3_font_size_phone=\u00bb20px\u00bb header_3_font_size_last_edited=\u00bbon|desktop\u00bb global_colors_info=\u00bb{%22gcid-7814a719-c4c1-4b0f-b019-492bb0f30365%22:%91%22link_text_color%22,%22link_text_color%22,%22link_text_color%22%93,%22gcid-a1e60d66-76d8-4612-a9ca-a005678239ae%22:%91%22header_2_text_color%22,%22header_3_text_color%22%93,%22gcid-451f3261-61c2-4dbe-bb50-a5feeb4e6554%22:%91%22header_2_text_color%22%93,%22gcid-0ca197d1-1f9b-4986-b00e-3ae7a424a238%22:%91%22header_6_text_color%22%93}\u00bb]<\/p>\n<h2>Qu\u00e9 esperar cuando se visita el continente africano por negocios<\/h2>\n<p>\u00c1frica tiene una larga historia de comercio, que se remonta a m\u00e1s de 3.000 a\u00f1os.<\/p>\n<p>Tiene una de las historias m\u00e1s largas de la Tierra. Ha sido un centro comercial durante siglos y fue sede de muchos grandes imperios como el Imperio Songhai, el Gran Zimbabue y el Reino de Axum.<\/p>\n<p>Debido a la creciente econom\u00eda del continente y al aumento de las inversiones extranjeras y privadas, muchos consideran a \u00c1frica un destino de negocios.<\/p>\n<p>Es el hogar de cientos de millones de personas deseosas de trabajar con empresas internacionales. El continente ha experimentado un r\u00e1pido crecimiento econ\u00f3mico en los \u00faltimos a\u00f1os, y se espera que siga creciendo r\u00e1pidamente en las pr\u00f3ximas d\u00e9cadas.<\/p>\n<p>Cada vez es m\u00e1s importante para las empresas establecerse en este mercado emergente.<\/p>\n<h3>\u00c1frica ofrece tres ventajas fundamentales para los inversores:<\/h3>\n<ul>\n<li>Base de fabricaci\u00f3n de bajo coste<\/li>\n<li>Un gran mercado de consumo con un enorme potencial de crecimiento<\/li>\n<li>Una reserva de recursos humanos cualificados<\/li>\n<\/ul>\n<p>La econom\u00eda de \u00c1frica es una vibrante mezcla de industrias tradicionales como la agricultura y la miner\u00eda, as\u00ed como de industrias modernas como la tecnolog\u00eda y las finanzas. El continente tambi\u00e9n se ha convertido en un actor importante en el comercio mundial gracias a sus diversas exportaciones, que incluyen minerales como el oro y los diamantes, productos agr\u00edcolas como el cacao en grano, bienes industriales como el petr\u00f3leo y el gas, y bienes de consumo como los textiles, entre otros.<\/p>\n<p>Los negocios en \u00c1frica son muy diferentes a los de otros mercados y conllevan riesgos y recompensas \u00fanicos.<\/p>\n<p>El riesgo de hacer negocios en \u00c1frica es alto, pero la recompensa tambi\u00e9n lo es.<\/p>\n<p>Los desaf\u00edos incluyen:<\/p>\n<ul>\n<li>Seguridad y protecci\u00f3n: La violencia es un problema en algunos pa\u00edses. En esta regi\u00f3n se observan conflictos armados.<\/li>\n<li>Costes de infraestructura, log\u00edstica y transporte: El coste de mover las mercanc\u00edas por este continente puede ser prohibitivo debido a las deficientes infraestructuras como carreteras o ferrocarriles.<\/li>\n<li>Acceso a la financiaci\u00f3n de las empresas: En muchos pa\u00edses africanos, las fuentes de financiaci\u00f3n disponibles para las peque\u00f1as empresas son limitadas.<\/li>\n<\/ul>\n<p>La diversidad cultural de \u00c1frica permite a las startups destacar entre la multitud cuando utilizan su creatividad para resolver problemas regionales.<\/p>\n<p>La econom\u00eda africana es una de las que m\u00e1s crece en el mundo y sigue atrayendo nuevas inversiones de empresas que buscan nuevos mercados.<\/p>\n<p>[\/et_pb_text][et_pb_text disabled_on=\u00bbon|on|on\u00bb _builder_version=\u00bb4.19.1&#8243; _module_preset=\u00bbdefault\u00bb text_font=\u00bb|200|||||||\u00bb text_text_color=\u00bb#000000&#8243; text_font_size=\u00bb24px\u00bb text_line_height=\u00bb1.5em\u00bb link_text_color=\u00bbgcid-7814a719-c4c1-4b0f-b019-492bb0f30365&#8243; link_font_size=\u00bb24px\u00bb link_line_height=\u00bb1.5em\u00bb header_2_text_color=\u00bbgcid-451f3261-61c2-4dbe-bb50-a5feeb4e6554&#8243; header_2_font_size=\u00bb36px\u00bb header_2_line_height=\u00bb1.4em\u00bb header_6_text_color=\u00bbgcid-0ca197d1-1f9b-4986-b00e-3ae7a424a238&#8243; header_6_font_size=\u00bb26px\u00bb header_6_line_height=\u00bb1.5em\u00bb width_tablet=\u00bb\u00bb width_phone=\u00bb98%\u00bb width_last_edited=\u00bbon|desktop\u00bb text_font_tablet=\u00bbMulish|300|||||||\u00bb text_font_phone=\u00bbMulish|300|||||||\u00bb text_font_last_edited=\u00bbon|desktop\u00bb text_font_size_tablet=\u00bb22px\u00bb text_font_size_phone=\u00bb20px\u00bb text_font_size_last_edited=\u00bbon|phone\u00bb link_font_size_tablet=\u00bb22px\u00bb link_font_size_phone=\u00bb20px\u00bb link_font_size_last_edited=\u00bbon|desktop\u00bb header_2_font_size_tablet=\u00bb32px\u00bb header_2_font_size_phone=\u00bb32px\u00bb header_2_font_size_last_edited=\u00bbon|phone\u00bb header_6_font_size_tablet=\u00bb26px\u00bb header_6_font_size_phone=\u00bb22px\u00bb header_6_font_size_last_edited=\u00bbon|phone\u00bb disabled=\u00bbon\u00bb global_colors_info=\u00bb{%22gcid-7814a719-c4c1-4b0f-b019-492bb0f30365%22:%91%22link_text_color%22,%22link_text_color%22%93,%22gcid-451f3261-61c2-4dbe-bb50-a5feeb4e6554%22:%91%22header_2_text_color%22%93,%22gcid-0ca197d1-1f9b-4986-b00e-3ae7a424a238%22:%91%22header_6_text_color%22%93}\u00bb]<\/p>\n<h2>Lista de regiones africanas<\/h2>\n<p>[\/et_pb_text][\/et_pb_column][\/et_pb_row][et_pb_row column_structure=\u00bb1_2,1_2&#8243; disabled_on=\u00bbon|on|on\u00bb _builder_version=\u00bb4.19.1&#8243; _module_preset=\u00bbdefault\u00bb disabled=\u00bbon\u00bb global_colors_info=\u00bb{}\u00bb][et_pb_column type=\u00bb1_2&#8243; _builder_version=\u00bb4.16&#8243; _module_preset=\u00bbdefault\u00bb global_colors_info=\u00bb{}\u00bb][et_pb_cta title=\u00bbNorte de \u00c1frica\u00bb button_text=\u00bbHaga clic aqu\u00ed\u00bb _builder_version=\u00bb4.19.0&#8243; _module_preset=\u00bbdefault\u00bb background_image=\u00bbhttps:\/\/kaffediary.com\/wp-content\/uploads\/2022\/10\/WEurope-Travel.jpg\u00bb min_height_tablet=\u00bb\u00bb min_height_phone=\u00bb\u00bb min_height_last_edited=\u00bbon|desktop\u00bb height=\u00bb450px\u00bb global_colors_info=\u00bb{}\u00bb][\/et_pb_cta][et_pb_cta title=\u00bb\u00c1frica Central\u00bb button_text=\u00bbHaga clic aqu\u00ed\u00bb _builder_version=\u00bb4.19.0&#8243; _module_preset=\u00bbdefault\u00bb background_enable_color=\u00bboff\u00bb background_image=\u00bbhttps:\/\/kaffediary.com\/wp-content\/uploads\/2022\/10\/SEurope-Travel.jpg\u00bb min_height_tablet=\u00bb\u00bb min_height_phone=\u00bb\u00bb min_height_last_edited=\u00bbon|desktop\u00bb height=\u00bb450px\u00bb global_colors_info=\u00bb{}\u00bb][\/et_pb_cta][et_pb_cta title=\u00bb\u00c1frica del Sur\u00bb button_text=\u00bbHaga clic aqu\u00ed\u00bb _builder_version=\u00bb4.19.0&#8243; _module_preset=\u00bbdefault\u00bb background_enable_color=\u00bboff\u00bb background_image=\u00bbhttps:\/\/kaffediary.com\/wp-content\/uploads\/2022\/10\/SEurope-Travel.jpg\u00bb min_height_tablet=\u00bb\u00bb min_height_phone=\u00bb\u00bb min_height_last_edited=\u00bbon|desktop\u00bb height=\u00bb450px\u00bb global_colors_info=\u00bb{}\u00bb][\/et_pb_cta][\/et_pb_column][et_pb_column type=\u00bb1_2&#8243; _builder_version=\u00bb4.16&#8243; _module_preset=\u00bbdefault\u00bb global_colors_info=\u00bb{}\u00bb][et_pb_cta title=\u00bb\u00c1frica Occidental\u00bb button_text=\u00bbHaga clic aqu\u00ed\u00bb _builder_version=\u00bb4.19.0&#8243; _module_preset=\u00bbdefault\u00bb background_image=\u00bbhttps:\/\/kaffediary.com\/wp-content\/uploads\/2022\/10\/EEurope-Travel.jpg\u00bb min_height_tablet=\u00bb\u00bb min_height_phone=\u00bb\u00bb min_height_last_edited=\u00bbon|desktop\u00bb height=\u00bb450px\u00bb global_colors_info=\u00bb{}\u00bb][\/et_pb_cta][et_pb_cta title=\u00bb\u00c1frica Oriental\u00bb button_text=\u00bbHaga clic aqu\u00ed\u00bb _builder_version=\u00bb4.19.0&#8243; _module_preset=\u00bbdefault\u00bb background_enable_color=\u00bboff\u00bb background_image=\u00bbhttps:\/\/kaffediary.com\/wp-content\/uploads\/2022\/10\/NEurope-Travel.jpg\u00bb min_height_tablet=\u00bb\u00bb min_height_phone=\u00bb\u00bb min_height_last_edited=\u00bbon|desktop\u00bb height=\u00bb450px\u00bb global_colors_info=\u00bb{}\u00bb][\/et_pb_cta][et_pb_cta button_text=\u00bbHaga clic aqu\u00ed\u00bb _builder_version=\u00bb4.19.0&#8243; _module_preset=\u00bbdefault\u00bb background_enable_color=\u00bboff\u00bb background_image=\u00bbhttps:\/\/kaffediary.com\/wp-content\/uploads\/2022\/10\/NEurope-Travel.jpg\u00bb min_height_tablet=\u00bb\u00bb min_height_phone=\u00bb\u00bb min_height_last_edited=\u00bbon|desktop\u00bb height=\u00bb450px\u00bb global_colors_info=\u00bb{}\u00bb][\/et_pb_cta][\/et_pb_column][\/et_pb_row][et_pb_row _builder_version=\u00bb4.16&#8243; _module_preset=\u00bbdefault\u00bb width=\u00bb90%\u00bb max_width=\u00bb1920px\u00bb global_colors_info=\u00bb{}\u00bb][et_pb_column type=\u00bb4_4&#8243; _builder_version=\u00bb4.16&#8243; _module_preset=\u00bbdefault\u00bb global_colors_info=\u00bb{}\u00bb][et_pb_text _builder_version=\u00bb4.19.0&#8243; _module_preset=\u00bbdefault\u00bb text_font=\u00bb|200|||||||\u00bb text_text_color=\u00bb#000000&#8243; text_font_size=\u00bb24px\u00bb text_line_height=\u00bb1.5em\u00bb link_text_color=\u00bbgcid-7814a719-c4c1-4b0f-b019-492bb0f30365&#8243; link_font_size=\u00bb24px\u00bb link_line_height=\u00bb1.5em\u00bb header_2_text_color=\u00bbgcid-451f3261-61c2-4dbe-bb50-a5feeb4e6554&#8243; header_2_font_size=\u00bb36px\u00bb header_2_line_height=\u00bb1.4em\u00bb header_6_text_color=\u00bbgcid-a1e60d66-76d8-4612-a9ca-a005678239ae\u00bb header_6_font_size=\u00bb26px\u00bb header_6_line_height=\u00bb1.5em\u00bb width_tablet=\u00bb\u00bb width_phone=\u00bb98%\u00bb width_last_edited=\u00bbon|desktop\u00bb text_font_tablet=\u00bbMulish|300|||||||\u00bb text_font_phone=\u00bbMulish|300|||||||\u00bb text_font_last_edited=\u00bbon|desktop\u00bb text_font_size_tablet=\u00bb22px\u00bb text_font_size_phone=\u00bb20px\u00bb text_font_size_last_edited=\u00bbon|phone\u00bb link_font_size_tablet=\u00bb22px\u00bb link_font_size_phone=\u00bb20px\u00bb link_font_size_last_edited=\u00bbon|desktop\u00bb header_2_font_size_tablet=\u00bb32px\u00bb header_2_font_size_phone=\u00bb32px\u00bb header_2_font_size_last_edited=\u00bbon|phone\u00bb header_6_font_size_tablet=\u00bb26px\u00bb header_6_font_size_phone=\u00bb22px\u00bb header_6_font_size_last_edited=\u00bbon|phone\u00bb global_colors_info=\u00bb{%22gcid-7814a719-c4c1-4b0f-b019-492bb0f30365%22:%91%22link_text_color%22,%22link_text_color%22%93,%22gcid-451f3261-61c2-4dbe-bb50-a5feeb4e6554%22:%91%22header_2_text_color%22%93,%22gcid-a1e60d66-76d8-4612-a9ca-a005678239ae%22:%91%22header_6_text_color%22%93}\u00bb]<\/p>\n<h6>El continente africano est\u00e1 lleno de oportunidades, y queremos animar a los empresarios de todo el mundo a explorar lo que les espera.<\/h6>\n<p>[\/et_pb_text][\/et_pb_column][\/et_pb_row][\/et_pb_section]<\/p>\n","protected":false},"excerpt":{"rendered":"<p>Destinos para viajes de negocios en \u00c1frica\u00c1frica, el segundo continente m\u00e1s grande del mundo, es una de las regiones m\u00e1s din\u00e1micas y de mayor crecimiento. Cuenta con una poblaci\u00f3n creciente, abundantes recursos naturales y una econom\u00eda vibrante.<div class=\"map_wrapper\" id=\"map_wrapper_8299\">\n<div class=\"map_box\" style=\"max-width:2000px\">\n<div class=\"map_aspect_ratio\" style=\"padding-top:56%\" data-padding-top=\"56%\" data-padding-top-mobile=\"0%\">\n<div class=\"map_container\">\n<div class=\"map_render map_loading\" id=\"map_8299\"><\/div>\n<\/div>\n<\/div>\n<\/div>\n<\/div>Sobre el continente africano \u00c1frica es un continente con muchas oportunidades y desaf\u00edos. Debido a la creciente econom\u00eda [&hellip;]<\/p>\n","protected":false},"author":1,"featured_media":0,"parent":6828,"menu_order":0,"comment_status":"closed","ping_status":"closed","template":"","meta":{"_et_pb_use_builder":"on","_et_pb_old_content":"","_et_gb_content_width":"","footnotes":""},"class_list":["post-8639","page","type-page","status-publish","hentry"],"_links":{"self":[{"href":"https:\/\/kaffediary.com\/es\/wp-json\/wp\/v2\/pages\/8639","targetHints":{"allow":["GET"]}}],"collection":[{"href":"https:\/\/kaffediary.com\/es\/wp-json\/wp\/v2\/pages"}],"about":[{"href":"https:\/\/kaffediary.com\/es\/wp-json\/wp\/v2\/types\/page"}],"author":[{"embeddable":true,"href":"https:\/\/kaffediary.com\/es\/wp-json\/wp\/v2\/users\/1"}],"replies":[{"embeddable":true,"href":"https:\/\/kaffediary.com\/es\/wp-json\/wp\/v2\/comments?post=8639"}],"version-history":[{"count":6,"href":"https:\/\/kaffediary.com\/es\/wp-json\/wp\/v2\/pages\/8639\/revisions"}],"predecessor-version":[{"id":11811,"href":"https:\/\/kaffediary.com\/es\/wp-json\/wp\/v2\/pages\/8639\/revisions\/11811"}],"up":[{"embeddable":true,"href":"https:\/\/kaffediary.com\/es\/wp-json\/wp\/v2\/pages\/6828"}],"wp:attachment":[{"href":"https:\/\/kaffediary.com\/es\/wp-json\/wp\/v2\/media?parent=8639"}],"curies":[{"name":"wp","href":"https:\/\/api.w.org\/{rel}","templated":true}]}}