{"id":10556,"date":"2023-05-31T17:25:58","date_gmt":"2023-05-31T17:25:58","guid":{"rendered":"https:\/\/kaffediary.com\/planification-de-voyage\/serie-focal-point\/"},"modified":"2024-01-26T17:06:47","modified_gmt":"2024-01-26T17:06:47","slug":"serie-focal-point","status":"publish","type":"page","link":"https:\/\/kaffediary.com\/fr\/planification-de-voyage\/serie-focal-point\/","title":{"rendered":"S\u00e9rie Focal Point"},"content":{"rendered":"<p>[et_pb_section fb_built=\u00a0\u00bb1&Prime; custom_padding_last_edited=\u00a0\u00bboff|phone\u00a0\u00bb admin_label=\u00a0\u00bbHeader\u00a0\u00bb _builder_version=\u00a0\u00bb4.21.0&Prime; _module_preset=\u00a0\u00bbdefault\u00a0\u00bb use_background_color_gradient=\u00a0\u00bbon\u00a0\u00bb background_color_gradient_stops=\u00a0\u00bbrgba(52,130,193,0.46) 0%|rgba(6,34,127,0.31) 100%\u00a0\u00bb background_color_gradient_overlays_image=\u00a0\u00bbon\u00a0\u00bb background_color_gradient_start=\u00a0\u00bbrgba(52,130,193,0.46)\u00a0\u00bb background_color_gradient_end=\u00a0\u00bbrgba(6,34,127,0.31)\u00a0\u00bb background_image=\u00a0\u00bbhttps:\/\/kaffediary.com\/wp-content\/uploads\/2023\/05\/focal-point-series.jpg\u00a0\u00bb custom_padding=\u00a0\u00bb10vw||18vw||false|false\u00a0\u00bb custom_padding_tablet=\u00a0\u00bb||||false|false\u00a0\u00bb custom_padding_phone=\u00a0\u00bb||||false|false\u00a0\u00bb global_colors_info=\u00a0\u00bb{}\u00a0\u00bb][et_pb_row _builder_version=\u00a0\u00bb4.16&Prime; _module_preset=\u00a0\u00bbdefault\u00a0\u00bb global_colors_info=\u00a0\u00bb{}\u00a0\u00bb][et_pb_column type=\u00a0\u00bb4_4&Prime; _builder_version=\u00a0\u00bb4.16&Prime; _module_preset=\u00a0\u00bbdefault\u00a0\u00bb global_colors_info=\u00a0\u00bb{}\u00a0\u00bb][et_pb_text _builder_version=\u00a0\u00bb4.21.0&Prime; _module_preset=\u00a0\u00bbd72c0383-6487-4f2c-ac5c-7d48a6376757&Prime; header_font=\u00a0\u00bb||||||||\u00a0\u00bb header_text_color=\u00a0\u00bb#FFFFFF\u00a0\u00bb header_font_size=\u00a0\u00bb50px\u00a0\u00bb header_line_height=\u00a0\u00bb1.3em\u00a0\u00bb text_orientation=\u00a0\u00bbcenter\u00a0\u00bb max_width=\u00a0\u00bb750px\u00a0\u00bb module_alignment=\u00a0\u00bbcenter\u00a0\u00bb animation_direction=\u00a0\u00bbtop\u00a0\u00bb header_font_size_tablet=\u00a0\u00bb36px\u00a0\u00bb header_font_size_phone=\u00a0\u00bb30px\u00a0\u00bb header_font_size_last_edited=\u00a0\u00bbon|desktop\u00a0\u00bb global_colors_info=\u00a0\u00bb{}\u00a0\u00bb]<\/p>\n<h1>S\u00e9rie Focal Point<\/h1>\n<p>[\/et_pb_text][\/et_pb_column][\/et_pb_row][\/et_pb_section][et_pb_section fb_built=\u00a0\u00bb1&Prime; _builder_version=\u00a0\u00bb4.16&Prime; _module_preset=\u00a0\u00bbdefault\u00a0\u00bb custom_padding=\u00a0\u00bb20px||20px||true|false\u00a0\u00bb global_colors_info=\u00a0\u00bb{}\u00a0\u00bb][et_pb_row use_custom_gutter=\u00a0\u00bbon\u00a0\u00bb gutter_width=\u00a0\u00bb1&Prime; _builder_version=\u00a0\u00bb4.19.0&Prime; _module_preset=\u00a0\u00bbdefault\u00a0\u00bb width=\u00a0\u00bb88%\u00a0\u00bb max_width=\u00a0\u00bb1920px\u00a0\u00bb global_colors_info=\u00a0\u00bb{}\u00a0\u00bb][et_pb_column type=\u00a0\u00bb4_4&Prime; _builder_version=\u00a0\u00bb4.16&Prime; _module_preset=\u00a0\u00bbdefault\u00a0\u00bb global_colors_info=\u00a0\u00bb{}\u00a0\u00bb][et_pb_text _builder_version=\u00a0\u00bb4.21.0&Prime; _module_preset=\u00a0\u00bbdefault\u00a0\u00bb text_font=\u00a0\u00bb|200|||||||\u00a0\u00bb text_text_color=\u00a0\u00bb#000000&Prime; text_font_size=\u00a0\u00bb24px\u00a0\u00bb text_line_height=\u00a0\u00bb1.5em\u00a0\u00bb link_text_color=\u00a0\u00bbgcid-8582d6b2-ff93-467d-8a95-c50d6acf939e\u00a0\u00bb link_font_size=\u00a0\u00bb24px\u00a0\u00bb link_line_height=\u00a0\u00bb1.6em\u00a0\u00bb header_2_text_color=\u00a0\u00bbgcid-a1e60d66-76d8-4612-a9ca-a005678239ae\u00a0\u00bb header_2_font_size=\u00a0\u00bb36px\u00a0\u00bb header_2_line_height=\u00a0\u00bb1.2em\u00a0\u00bb width_tablet=\u00a0\u00bb\u00a0\u00bb width_phone=\u00a0\u00bb98%\u00a0\u00bb width_last_edited=\u00a0\u00bbon|desktop\u00a0\u00bb text_font_tablet=\u00a0\u00bbMulish|300|||||||\u00a0\u00bb text_font_phone=\u00a0\u00bbMulish|300|||||||\u00a0\u00bb text_font_last_edited=\u00a0\u00bbon|desktop\u00a0\u00bb text_font_size_tablet=\u00a0\u00bb22px\u00a0\u00bb text_font_size_phone=\u00a0\u00bb20px\u00a0\u00bb text_font_size_last_edited=\u00a0\u00bbon|phone\u00a0\u00bb link_font_size_tablet=\u00a0\u00bb20px\u00a0\u00bb link_font_size_phone=\u00a0\u00bb18px\u00a0\u00bb link_font_size_last_edited=\u00a0\u00bbon|desktop\u00a0\u00bb header_2_font_size_tablet=\u00a0\u00bb32px\u00a0\u00bb header_2_font_size_phone=\u00a0\u00bb28px\u00a0\u00bb header_2_font_size_last_edited=\u00a0\u00bbon|desktop\u00a0\u00bb global_colors_info=\u00a0\u00bb{%22gcid-a1e60d66-76d8-4612-a9ca-a005678239ae%22:%91%22header_2_text_color%22%93,%22gcid-8582d6b2-ff93-467d-8a95-c50d6acf939e%22:%91%22link_text_color%22%93}\u00a0\u00bb]<\/p>\n<h2>Informations essentielles pour les voyageurs d&rsquo;affaires<\/h2>\n<p>Que vous soyez un voyageur d&rsquo;affaires chevronn\u00e9 ou que vous d\u00e9butiez, notre s\u00e9rie Focal Point vous fournit toutes les informations essentielles dont vous avez besoin pour planifier en toute confiance votre prochain voyage.<\/p>\n<p>Nos articles sont organis\u00e9s par th\u00e8me, ce qui vous permet de trouver facilement les informations n\u00e9cessaires.<\/p>\n<p>Voici quelques-uns des sujets que nous couvrons :<\/p>\n<ul>\n<li>Possibilit\u00e9s d&rsquo;h\u00e9bergement pour les voyageurs d&rsquo;affaires<\/li>\n<li>Exigences en mati\u00e8re de visa pour les destinations les plus pris\u00e9es des voyageurs d&rsquo;affaires<\/li>\n<li>Les meilleurs moyens de transport pour les voyages d&rsquo;affaires<\/li>\n<li>R\u00e9unions et conf\u00e9rences<\/li>\n<li>Des options durables pour les voyageurs d&rsquo;affaires soucieux de l&rsquo;environnement<\/li>\n<\/ul>\n<p>Nous mettons r\u00e9guli\u00e8rement \u00e0 jour notre s\u00e9rie de points focaux, alors revenez souvent pour conna\u00eetre les derni\u00e8res id\u00e9es et les derniers conseils.<\/p>\n<p>Et si vous avez un sujet que vous aimeriez que nous abordions, faites-le nous savoir !<\/p>\n<p>[\/et_pb_text][\/et_pb_column][\/et_pb_row][et_pb_row _builder_version=\u00a0\u00bb4.19.0&Prime; _module_preset=\u00a0\u00bbdefault\u00a0\u00bb width=\u00a0\u00bb88%\u00a0\u00bb max_width=\u00a0\u00bb1920px\u00a0\u00bb custom_padding=\u00a0\u00bb0px||0px||false|false\u00a0\u00bb global_colors_info=\u00a0\u00bb{}\u00a0\u00bb][et_pb_column type=\u00a0\u00bb4_4&Prime; _builder_version=\u00a0\u00bb4.16&Prime; _module_preset=\u00a0\u00bbdefault\u00a0\u00bb global_colors_info=\u00a0\u00bb{}\u00a0\u00bb][et_pb_text _builder_version=\u00a0\u00bb4.21.0&Prime; _module_preset=\u00a0\u00bbdefault\u00a0\u00bb text_font=\u00a0\u00bb|200|||||||\u00a0\u00bb text_text_color=\u00a0\u00bb#000000&Prime; text_font_size=\u00a0\u00bb24px\u00a0\u00bb text_line_height=\u00a0\u00bb1.5em\u00a0\u00bb link_text_color=\u00a0\u00bbgcid-7814a719-c4c1-4b0f-b019-492bb0f30365&Prime; link_font_size=\u00a0\u00bb24px\u00a0\u00bb link_line_height=\u00a0\u00bb1.5em\u00a0\u00bb header_2_text_color=\u00a0\u00bbgcid-451f3261-61c2-4dbe-bb50-a5feeb4e6554&Prime; header_2_font_size=\u00a0\u00bb36px\u00a0\u00bb header_2_line_height=\u00a0\u00bb1.4em\u00a0\u00bb header_6_text_color=\u00a0\u00bbgcid-a1e60d66-76d8-4612-a9ca-a005678239ae\u00a0\u00bb header_6_font_size=\u00a0\u00bb26px\u00a0\u00bb header_6_line_height=\u00a0\u00bb1.5em\u00a0\u00bb width_tablet=\u00a0\u00bb\u00a0\u00bb width_phone=\u00a0\u00bb98%\u00a0\u00bb width_last_edited=\u00a0\u00bbon|desktop\u00a0\u00bb hover_enabled=\u00a0\u00bb0&Prime; text_font_tablet=\u00a0\u00bbMulish|300|||||||\u00a0\u00bb text_font_phone=\u00a0\u00bbMulish|300|||||||\u00a0\u00bb text_font_last_edited=\u00a0\u00bbon|desktop\u00a0\u00bb text_font_size_tablet=\u00a0\u00bb22px\u00a0\u00bb text_font_size_phone=\u00a0\u00bb20px\u00a0\u00bb text_font_size_last_edited=\u00a0\u00bbon|phone\u00a0\u00bb link_font_size_tablet=\u00a0\u00bb22px\u00a0\u00bb link_font_size_phone=\u00a0\u00bb20px\u00a0\u00bb link_font_size_last_edited=\u00a0\u00bbon|desktop\u00a0\u00bb header_2_font_size_tablet=\u00a0\u00bb32px\u00a0\u00bb header_2_font_size_phone=\u00a0\u00bb32px\u00a0\u00bb header_2_font_size_last_edited=\u00a0\u00bbon|phone\u00a0\u00bb header_6_font_size_tablet=\u00a0\u00bb26px\u00a0\u00bb header_6_font_size_phone=\u00a0\u00bb22px\u00a0\u00bb header_6_font_size_last_edited=\u00a0\u00bbon|phone\u00a0\u00bb global_colors_info=\u00a0\u00bb{%22gcid-7814a719-c4c1-4b0f-b019-492bb0f30365%22:%91%22link_text_color%22,%22link_text_color%22%93,%22gcid-451f3261-61c2-4dbe-bb50-a5feeb4e6554%22:%91%22header_2_text_color%22%93,%22gcid-a1e60d66-76d8-4612-a9ca-a005678239ae%22:%91%22header_6_text_color%22%93}\u00a0\u00bb sticky_enabled=\u00a0\u00bb0&Prime;]<\/p>\n<h6>Abonnez-vous \u00e0 notre lettre d&rsquo;information et ne manquez jamais un article.<\/h6>\n<h6>Pr\u00e9parez d\u00e8s aujourd&rsquo;hui votre prochain voyage d&rsquo;affaires en toute confiance !<\/h6>\n<p>[\/et_pb_text][\/et_pb_column][\/et_pb_row][\/et_pb_section][et_pb_section fb_built=\u00a0\u00bb1&Prime; disabled_on=\u00a0\u00bboff|off|off\u00a0\u00bb _builder_version=\u00a0\u00bb4.19.0&Prime; custom_margin=\u00a0\u00bb0px||||false|false\u00a0\u00bb custom_padding=\u00a0\u00bb0px||||false|false\u00a0\u00bb global_colors_info=\u00a0\u00bb{}\u00a0\u00bb][et_pb_row _builder_version=\u00a0\u00bb4.18.0&Prime; width=\u00a0\u00bb90%\u00a0\u00bb max_width=\u00a0\u00bb1920px\u00a0\u00bb custom_margin=\u00a0\u00bb0px||0px||false|false\u00a0\u00bb custom_padding=\u00a0\u00bb0px||0px||false|false\u00a0\u00bb global_colors_info=\u00a0\u00bb{}\u00a0\u00bb][et_pb_column type=\u00a0\u00bb4_4&Prime; _builder_version=\u00a0\u00bb4.16&Prime; custom_padding=\u00a0\u00bb|||\u00a0\u00bb global_colors_info=\u00a0\u00bb{}\u00a0\u00bb custom_padding__hover=\u00a0\u00bb|||\u00a0\u00bb][dgbm_blog_module posts_number=\u00a0\u00bb6&Prime; type=\u00a0\u00bb3&Prime; include_categories=\u00a0\u00bb339&Prime; show_categories=\u00a0\u00bboff\u00a0\u00bb show_author=\u00a0\u00bboff\u00a0\u00bb show_date=\u00a0\u00bboff\u00a0\u00bb space_between=\u00a0\u00bb18px\u00a0\u00bb equal_height=\u00a0\u00bbon\u00a0\u00bb image_as_background=\u00a0\u00bbon\u00a0\u00bb image_size=\u00a0\u00bblarge\u00a0\u00bb image_scale_on_hover=\u00a0\u00bbon\u00a0\u00bb top_position_alignment=\u00a0\u00bbcenter\u00a0\u00bb button_alignment=\u00a0\u00bbcenter\u00a0\u00bb use_button_icon=\u00a0\u00bbon\u00a0\u00bb button_icon=\u00a0\u00bb%%36%%\u00a0\u00bb pagination_background=\u00a0\u00bbrgba(255,255,255,0)\u00a0\u00bb content_padding=\u00a0\u00bb148px|30px|148px|30px|false|true\u00a0\u00bb content_padding_tablet=\u00a0\u00bb\u00a0\u00bb content_padding_phone=\u00a0\u00bb\u00a0\u00bb content_padding_last_edited=\u00a0\u00bbon|phone\u00a0\u00bb title_margin=\u00a0\u00bb0px||-70px||false|false\u00a0\u00bb button_wrapper_margin=\u00a0\u00bb||15px\u00a0\u00bb author_location=\u00a0\u00bbtop\u00a0\u00bb author_background_color=\u00a0\u00bbrgba(255,255,255,0)\u00a0\u00bb date_location=\u00a0\u00bbtop\u00a0\u00bb date_background_color=\u00a0\u00bbrgba(255,255,255,0)\u00a0\u00bb category_location=\u00a0\u00bbtop\u00a0\u00bb category_background_color=\u00a0\u00bbrgba(255,255,255,0)\u00a0\u00bb comment_background_color=\u00a0\u00bbrgba(255,255,255,0)\u00a0\u00bb space_between_tablet=\u00a0\u00bb35px\u00a0\u00bb space_between_phone=\u00a0\u00bb30px\u00a0\u00bb space_between_last_edited=\u00a0\u00bbon|phone\u00a0\u00bb _builder_version=\u00a0\u00bb4.21.0&Prime; title_font=\u00a0\u00bb|800|||||||\u00a0\u00bb title_text_align=\u00a0\u00bbcenter\u00a0\u00bb title_text_color=\u00a0\u00bb#ffffff\u00a0\u00bb title_font_size=\u00a0\u00bb28px\u00a0\u00bb title_line_height=\u00a0\u00bb1.2em\u00a0\u00bb meta_font=\u00a0\u00bb||||||||\u00a0\u00bb meta_text_color=\u00a0\u00bb#ffffff\u00a0\u00bb content_font=\u00a0\u00bb||||||||\u00a0\u00bb content_text_align=\u00a0\u00bbcenter\u00a0\u00bb content_text_color=\u00a0\u00bbrgba(0,0,0,0)\u00a0\u00bb read_more_font=\u00a0\u00bbFira Sans||||||||\u00a0\u00bb read_more_text_color=\u00a0\u00bb#ffffff\u00a0\u00bb pagination_font=\u00a0\u00bb|600||on|||||\u00a0\u00bb pagination_text_color=\u00a0\u00bbgcid-080b111f-3b5c-45fc-9442-f363796c87fa\u00a0\u00bb pagination_font_size=\u00a0\u00bb19px\u00a0\u00bb pagination_letter_spacing=\u00a0\u00bb3px\u00a0\u00bb author_font=\u00a0\u00bbFira Sans||||||||\u00a0\u00bb date_font=\u00a0\u00bb||||||||\u00a0\u00bb category_font=\u00a0\u00bb||||||||\u00a0\u00bb comment_font=\u00a0\u00bb||||||||\u00a0\u00bb background_color=\u00a0\u00bbrgba(63,85,226,0.28)\u00a0\u00bb hover_enabled=\u00a0\u00bb0&Prime; title_font_size_tablet=\u00a0\u00bb26px\u00a0\u00bb title_font_size_phone=\u00a0\u00bb22px\u00a0\u00bb title_font_size_last_edited=\u00a0\u00bbon|desktop\u00a0\u00bb custom_css_post-meta-bottom=\u00a0\u00bbmargin-bottom: 0;||margin-top: auto;\u00a0\u00bb global_colors_info=\u00a0\u00bb{%22gcid-080b111f-3b5c-45fc-9442-f363796c87fa%22:%91%22pagination_text_color%22%93}\u00a0\u00bb title_font_size__hover_enabled=\u00a0\u00bbon|desktop\u00a0\u00bb title_margin__hover_enabled=\u00a0\u00bbon|hover\u00a0\u00bb text_margin__hover_enabled=\u00a0\u00bbon|desktop\u00a0\u00bb content_text_color__hover_enabled=\u00a0\u00bbon|hover\u00a0\u00bb content_text_color__hover=\u00a0\u00bb#ffffff\u00a0\u00bb meta_top_margin__hover_enabled=\u00a0\u00bbon|hover\u00a0\u00bb meta_top_margin__hover=\u00a0\u00bb||||false|false\u00a0\u00bb content_padding__hover_enabled=\u00a0\u00bbon|hover\u00a0\u00bb content_padding__hover=\u00a0\u00bb113px||113px||true|true\u00a0\u00bb title_margin__hover=\u00a0\u00bb||0px||false|false\u00a0\u00bb title_font_size__hover=\u00a0\u00bb28px\u00a0\u00bb sticky_enabled=\u00a0\u00bb0&Prime; meta_default_padding__hover_enabled=\u00a0\u00bbon|hover\u00a0\u00bb meta_default_margin__hover_enabled=\u00a0\u00bbon|hover\u00a0\u00bb meta_top_padding=\u00a0\u00bb||||false|false\u00a0\u00bb meta_default_padding__hover=\u00a0\u00bb||70px||false|false\u00a0\u00bb container_margin__hover_enabled=\u00a0\u00bbon|hover\u00a0\u00bb][\/dgbm_blog_module][\/et_pb_column][\/et_pb_row][\/et_pb_section]<\/p>\n","protected":false},"excerpt":{"rendered":"<p>S\u00e9rie Focal PointInformations essentielles pour les voyageurs d&rsquo;affaires Que vous soyez un voyageur d&rsquo;affaires chevronn\u00e9 ou que vous d\u00e9butiez, notre s\u00e9rie Focal Point vous fournit toutes les informations essentielles dont vous avez besoin pour planifier en toute confiance votre prochain voyage. Nos articles sont organis\u00e9s par th\u00e8me, ce qui vous permet de trouver facilement les [&hellip;]<\/p>\n","protected":false},"author":1,"featured_media":0,"parent":8554,"menu_order":0,"comment_status":"closed","ping_status":"closed","template":"","meta":{"_et_pb_use_builder":"on","_et_pb_old_content":"","_et_gb_content_width":"","_wp_convertkit_post_meta":{"form":"-1","landing_page":"0","tag":"0","restrict_content":"0"},"footnotes":""},"class_list":["post-10556","page","type-page","status-publish","hentry"],"_links":{"self":[{"href":"https:\/\/kaffediary.com\/fr\/wp-json\/wp\/v2\/pages\/10556","targetHints":{"allow":["GET"]}}],"collection":[{"href":"https:\/\/kaffediary.com\/fr\/wp-json\/wp\/v2\/pages"}],"about":[{"href":"https:\/\/kaffediary.com\/fr\/wp-json\/wp\/v2\/types\/page"}],"author":[{"embeddable":true,"href":"https:\/\/kaffediary.com\/fr\/wp-json\/wp\/v2\/users\/1"}],"replies":[{"embeddable":true,"href":"https:\/\/kaffediary.com\/fr\/wp-json\/wp\/v2\/comments?post=10556"}],"version-history":[{"count":7,"href":"https:\/\/kaffediary.com\/fr\/wp-json\/wp\/v2\/pages\/10556\/revisions"}],"predecessor-version":[{"id":12045,"href":"https:\/\/kaffediary.com\/fr\/wp-json\/wp\/v2\/pages\/10556\/revisions\/12045"}],"up":[{"embeddable":true,"href":"https:\/\/kaffediary.com\/fr\/wp-json\/wp\/v2\/pages\/8554"}],"wp:attachment":[{"href":"https:\/\/kaffediary.com\/fr\/wp-json\/wp\/v2\/media?parent=10556"}],"curies":[{"name":"wp","href":"https:\/\/api.w.org\/{rel}","templated":true}]}}