{"id":10585,"date":"2022-11-04T19:00:18","date_gmt":"2022-11-04T19:00:18","guid":{"rendered":"https:\/\/kaffediary.com\/voyages-daffaires\/destination-commerciale-au-moyen-orient\/"},"modified":"2024-01-26T17:01:08","modified_gmt":"2024-01-26T17:01:08","slug":"destination-commerciale-au-moyen-orient","status":"publish","type":"page","link":"https:\/\/kaffediary.com\/fr\/voyages-daffaires\/destination-commerciale-au-moyen-orient\/","title":{"rendered":"Destination commerciale au Moyen-Orient"},"content":{"rendered":"<p>[et_pb_section fb_built=\u00a0\u00bb1&Prime; custom_padding_last_edited=\u00a0\u00bboff|phone\u00a0\u00bb admin_label=\u00a0\u00bbHeader\u00a0\u00bb _builder_version=\u00a0\u00bb4.21.0&Prime; _module_preset=\u00a0\u00bbdefault\u00a0\u00bb use_background_color_gradient=\u00a0\u00bbon\u00a0\u00bb background_color_gradient_stops=\u00a0\u00bbrgba(52,130,193,0.46) 0%|rgba(6,34,127,0.31) 100%\u00a0\u00bb background_color_gradient_overlays_image=\u00a0\u00bbon\u00a0\u00bb background_color_gradient_start=\u00a0\u00bbrgba(52,130,193,0.46)\u00a0\u00bb background_color_gradient_end=\u00a0\u00bbrgba(6,34,127,0.31)\u00a0\u00bb background_image=\u00a0\u00bbhttps:\/\/kaffediary.com\/wp-content\/uploads\/2023\/05\/middle-east-region-dubai.jpg\u00a0\u00bb custom_padding=\u00a0\u00bb10vw||18vw||false|false\u00a0\u00bb custom_padding_tablet=\u00a0\u00bb||||false|false\u00a0\u00bb custom_padding_phone=\u00a0\u00bb||||false|false\u00a0\u00bb global_colors_info=\u00a0\u00bb{}\u00a0\u00bb][et_pb_row _builder_version=\u00a0\u00bb4.16&Prime; _module_preset=\u00a0\u00bbdefault\u00a0\u00bb global_colors_info=\u00a0\u00bb{}\u00a0\u00bb][et_pb_column type=\u00a0\u00bb4_4&Prime; _builder_version=\u00a0\u00bb4.16&Prime; _module_preset=\u00a0\u00bbdefault\u00a0\u00bb global_colors_info=\u00a0\u00bb{}\u00a0\u00bb][et_pb_text _builder_version=\u00a0\u00bb4.21.0&Prime; _module_preset=\u00a0\u00bbd72c0383-6487-4f2c-ac5c-7d48a6376757&Prime; header_font=\u00a0\u00bb||||||||\u00a0\u00bb header_text_color=\u00a0\u00bb#FFFFFF\u00a0\u00bb header_font_size=\u00a0\u00bb50px\u00a0\u00bb header_line_height=\u00a0\u00bb1.3em\u00a0\u00bb text_orientation=\u00a0\u00bbcenter\u00a0\u00bb max_width=\u00a0\u00bb750px\u00a0\u00bb module_alignment=\u00a0\u00bbcenter\u00a0\u00bb animation_direction=\u00a0\u00bbtop\u00a0\u00bb header_font_size_tablet=\u00a0\u00bb36px\u00a0\u00bb header_font_size_phone=\u00a0\u00bb30px\u00a0\u00bb header_font_size_last_edited=\u00a0\u00bbon|desktop\u00a0\u00bb global_colors_info=\u00a0\u00bb{}\u00a0\u00bb]<\/p>\n<h1>Destinations de voyage au Moyen-Orient<\/h1>\n<p>[\/et_pb_text][\/et_pb_column][\/et_pb_row][\/et_pb_section][et_pb_section fb_built=\u00a0\u00bb1&Prime; _builder_version=\u00a0\u00bb4.16&Prime; _module_preset=\u00a0\u00bbdefault\u00a0\u00bb custom_padding=\u00a0\u00bb20px||20px||true|false\u00a0\u00bb global_colors_info=\u00a0\u00bb{}\u00a0\u00bb][et_pb_row _builder_version=\u00a0\u00bb4.16&Prime; _module_preset=\u00a0\u00bbdefault\u00a0\u00bb global_colors_info=\u00a0\u00bb{}\u00a0\u00bb][et_pb_column type=\u00a0\u00bb4_4&Prime; _builder_version=\u00a0\u00bb4.16&Prime; _module_preset=\u00a0\u00bbdefault\u00a0\u00bb global_colors_info=\u00a0\u00bb{}\u00a0\u00bb][et_pb_text _builder_version=\u00a0\u00bb4.21.0&Prime; _module_preset=\u00a0\u00bbdefault\u00a0\u00bb text_font=\u00a0\u00bb|200|||||||\u00a0\u00bb text_text_color=\u00a0\u00bb#000000&Prime; text_font_size=\u00a0\u00bb24px\u00a0\u00bb text_line_height=\u00a0\u00bb1.5em\u00a0\u00bb link_text_color=\u00a0\u00bbgcid-7814a719-c4c1-4b0f-b019-492bb0f30365&Prime; link_font_size=\u00a0\u00bb24px\u00a0\u00bb link_line_height=\u00a0\u00bb1.5em\u00a0\u00bb width_tablet=\u00a0\u00bb\u00a0\u00bb width_phone=\u00a0\u00bb98%\u00a0\u00bb width_last_edited=\u00a0\u00bbon|desktop\u00a0\u00bb text_font_tablet=\u00a0\u00bbMulish|300|||||||\u00a0\u00bb text_font_phone=\u00a0\u00bbMulish|300|||||||\u00a0\u00bb text_font_last_edited=\u00a0\u00bbon|desktop\u00a0\u00bb text_font_size_tablet=\u00a0\u00bb22px\u00a0\u00bb text_font_size_phone=\u00a0\u00bb20px\u00a0\u00bb text_font_size_last_edited=\u00a0\u00bbon|phone\u00a0\u00bb link_font_size_tablet=\u00a0\u00bb22px\u00a0\u00bb link_font_size_phone=\u00a0\u00bb20px\u00a0\u00bb link_font_size_last_edited=\u00a0\u00bbon|desktop\u00a0\u00bb global_colors_info=\u00a0\u00bb{%22gcid-7814a719-c4c1-4b0f-b019-492bb0f30365%22:%91%22link_text_color%22%93}\u00a0\u00bb]<\/p>\n<p>Le <a href=\"https:\/\/dictionary.cambridge.org\/dictionary\/english\/middle-east?q=Middle+East\" target=\"_blank\" rel=\"noopener\">Moyen-Orient<\/a> compte certaines des villes les plus dynamiques, notamment Duba\u00ef, Abu Dhabi et Doha, qui attirent les entreprises du monde entier.<\/p>\n<p>Le Moyen-Orient est devenu une plaque tournante pour le commerce international en raison de sa situation strat\u00e9gique, de la richesse de ses ressources naturelles et de la croissance de ses \u00e9conomies. La r\u00e9gion du Moyen-Orient compte un certain nombre d&rsquo;industries p\u00e9troli\u00e8res et gazi\u00e8res. Cette r\u00e9gion poss\u00e8de \u00e9galement des secteurs technologiques, financiers et touristiques florissants.<\/p>\n<p>Les principales villes du Moyen-Orient appr\u00e9ci\u00e9es des voyageurs d&rsquo;affaires sont Duba\u00ef, Abu Dhabi et Doha. Ces villes offrent des infrastructures de pointe, des logements de classe internationale et un environnement favorable aux entreprises.<\/p>\n<p>[\/et_pb_text][\/et_pb_column][\/et_pb_row][et_pb_row _builder_version=\u00a0\u00bb4.21.0&Prime; _module_preset=\u00a0\u00bbdefault\u00a0\u00bb global_colors_info=\u00a0\u00bb{}\u00a0\u00bb][et_pb_column type=\u00a0\u00bb4_4&Prime; _builder_version=\u00a0\u00bb4.21.0&Prime; _module_preset=\u00a0\u00bbdefault\u00a0\u00bb global_colors_info=\u00a0\u00bb{}\u00a0\u00bb][et_pb_code _builder_version=\u00a0\u00bb4.21.0&Prime; _module_preset=\u00a0\u00bbdefault\u00a0\u00bb hover_enabled=\u00a0\u00bb0&Prime; sticky_enabled=\u00a0\u00bb0&Prime;]<div class=\"map_wrapper\" id=\"map_wrapper_8917\">\n<div class=\"map_box\" style=\"max-width:2000px\">\n<div class=\"map_aspect_ratio\" style=\"padding-top:56%\" data-padding-top=\"56%\" data-padding-top-mobile=\"0%\">\n<div class=\"map_container\">\n<div class=\"map_render map_loading\" id=\"map_8917\"><\/div>\n<\/div>\n<\/div>\n<\/div>\n<\/div>[\/et_pb_code][\/et_pb_column][\/et_pb_row][\/et_pb_section][et_pb_section fb_built=\u00a0\u00bb1&Prime; _builder_version=\u00a0\u00bb4.16&Prime; _module_preset=\u00a0\u00bbdefault\u00a0\u00bb custom_padding=\u00a0\u00bb0px||0px||false|false\u00a0\u00bb global_colors_info=\u00a0\u00bb{}\u00a0\u00bb][et_pb_row _builder_version=\u00a0\u00bb4.16&Prime; _module_preset=\u00a0\u00bbdefault\u00a0\u00bb custom_padding=\u00a0\u00bb0px||0px||false|false\u00a0\u00bb global_colors_info=\u00a0\u00bb{}\u00a0\u00bb][et_pb_column type=\u00a0\u00bb4_4&Prime; _builder_version=\u00a0\u00bb4.16&Prime; _module_preset=\u00a0\u00bbdefault\u00a0\u00bb global_colors_info=\u00a0\u00bb{}\u00a0\u00bb][et_pb_text _builder_version=\u00a0\u00bb4.21.0&Prime; _module_preset=\u00a0\u00bbdefault\u00a0\u00bb text_font=\u00a0\u00bb|200|||||||\u00a0\u00bb text_text_color=\u00a0\u00bb#000000&Prime; text_font_size=\u00a0\u00bb24px\u00a0\u00bb text_line_height=\u00a0\u00bb1.5em\u00a0\u00bb link_text_color=\u00a0\u00bbgcid-7814a719-c4c1-4b0f-b019-492bb0f30365&Prime; link_font_size=\u00a0\u00bb24px\u00a0\u00bb link_line_height=\u00a0\u00bb1.5em\u00a0\u00bb header_2_text_color=\u00a0\u00bbgcid-a1e60d66-76d8-4612-a9ca-a005678239ae\u00a0\u00bb header_2_font_size=\u00a0\u00bb36px\u00a0\u00bb header_2_line_height=\u00a0\u00bb1.4em\u00a0\u00bb width_tablet=\u00a0\u00bb\u00a0\u00bb width_phone=\u00a0\u00bb98%\u00a0\u00bb width_last_edited=\u00a0\u00bbon|desktop\u00a0\u00bb text_font_tablet=\u00a0\u00bbMulish|300|||||||\u00a0\u00bb text_font_phone=\u00a0\u00bbMulish|300|||||||\u00a0\u00bb text_font_last_edited=\u00a0\u00bbon|desktop\u00a0\u00bb text_font_size_tablet=\u00a0\u00bb22px\u00a0\u00bb text_font_size_phone=\u00a0\u00bb20px\u00a0\u00bb text_font_size_last_edited=\u00a0\u00bbon|phone\u00a0\u00bb link_font_size_tablet=\u00a0\u00bb22px\u00a0\u00bb link_font_size_phone=\u00a0\u00bb20px\u00a0\u00bb link_font_size_last_edited=\u00a0\u00bbon|desktop\u00a0\u00bb header_2_font_size_tablet=\u00a0\u00bb32px\u00a0\u00bb header_2_font_size_phone=\u00a0\u00bb32px\u00a0\u00bb header_2_font_size_last_edited=\u00a0\u00bbon|phone\u00a0\u00bb global_colors_info=\u00a0\u00bb{%22gcid-7814a719-c4c1-4b0f-b019-492bb0f30365%22:%91%22link_text_color%22%93,%22gcid-a1e60d66-76d8-4612-a9ca-a005678239ae%22:%91%22header_2_text_color%22%93}\u00a0\u00bb]<\/p>\n<h2>\u00c0 propos du Moyen-Orient<\/h2>\n<p>Elle est situ\u00e9e au principal carrefour de l&rsquo;Europe, de l&rsquo;Asie et de l&rsquo;Afrique, s&rsquo;\u00e9tendant de la M\u00e9diterran\u00e9e orientale au golfe Persique. C&rsquo;est une terre de civilisations anciennes, de cultures vivantes et de paysages vari\u00e9s.<\/p>\n<p>Elle a une histoire tr\u00e8s riche et tr\u00e8s importante, y compris le lieu de naissance de plusieurs des principales religions du monde, telles que le juda\u00efsme, le christianisme et l&rsquo;islam.<\/p>\n<p>Elle poss\u00e8de les plus grandes r\u00e9serves de p\u00e9trole et de gaz au monde, ce qui en fait une r\u00e9gion strat\u00e9giquement importante pour le commerce et la politique au niveau mondial.<\/p>\n<p>Des gratte-ciel futuristes de Duba\u00ef aux ruines antiques de Petra, le Moyen-Orient est une destination qui offre quelque chose \u00e0 chacun.<\/p>\n<p>[\/et_pb_text][\/et_pb_column][\/et_pb_row][et_pb_row _builder_version=\u00a0\u00bb4.16&Prime; _module_preset=\u00a0\u00bbdefault\u00a0\u00bb global_colors_info=\u00a0\u00bb{}\u00a0\u00bb][et_pb_column type=\u00a0\u00bb4_4&Prime; _builder_version=\u00a0\u00bb4.16&Prime; _module_preset=\u00a0\u00bbdefault\u00a0\u00bb global_colors_info=\u00a0\u00bb{}\u00a0\u00bb][et_pb_image src=\u00a0\u00bbhttps:\/\/kaffediary.com\/wp-content\/uploads\/2023\/05\/middle-east-region-qatar.jpg\u00a0\u00bb alt=\u00a0\u00bbla r\u00e9gion du moyen-orient\u00a0\u00bb title_text=\u00a0\u00bbVue,a\u00e9rienne,de,l&#039;\u00eele,de,Pearl-qatar,\u00e0,Doha,\u00e0,travers,le,paysage,de,l&#039;\u00eele,de,Pearl-qatar.\u00a0\u00bb _builder_version=\u00a0\u00bb4.21.0&Prime; _module_preset=\u00a0\u00bbdefault\u00a0\u00bb global_colors_info=\u00a0\u00bb{}\u00a0\u00bb][\/et_pb_image][\/et_pb_column][\/et_pb_row][\/et_pb_section][et_pb_section fb_built=\u00a0\u00bb1&Prime; _builder_version=\u00a0\u00bb4.16&Prime; _module_preset=\u00a0\u00bbdefault\u00a0\u00bb global_colors_info=\u00a0\u00bb{}\u00a0\u00bb][et_pb_row _builder_version=\u00a0\u00bb4.16&Prime; _module_preset=\u00a0\u00bbdefault\u00a0\u00bb custom_padding=\u00a0\u00bb0px||0px||false|false\u00a0\u00bb global_colors_info=\u00a0\u00bb{}\u00a0\u00bb][et_pb_column type=\u00a0\u00bb4_4&Prime; _builder_version=\u00a0\u00bb4.16&Prime; _module_preset=\u00a0\u00bbdefault\u00a0\u00bb global_colors_info=\u00a0\u00bb{}\u00a0\u00bb][et_pb_text _builder_version=\u00a0\u00bb4.21.0&Prime; _module_preset=\u00a0\u00bbdefault\u00a0\u00bb text_font=\u00a0\u00bb|200|||||||\u00a0\u00bb text_text_color=\u00a0\u00bb#000000&Prime; text_font_size=\u00a0\u00bb24px\u00a0\u00bb text_line_height=\u00a0\u00bb1.5em\u00a0\u00bb link_text_color=\u00a0\u00bbgcid-7814a719-c4c1-4b0f-b019-492bb0f30365&Prime; link_font_size=\u00a0\u00bb24px\u00a0\u00bb link_line_height=\u00a0\u00bb1.5em\u00a0\u00bb header_2_text_color=\u00a0\u00bbgcid-a1e60d66-76d8-4612-a9ca-a005678239ae\u00a0\u00bb header_2_font_size=\u00a0\u00bb36px\u00a0\u00bb header_2_line_height=\u00a0\u00bb1.4em\u00a0\u00bb header_6_text_color=\u00a0\u00bbgcid-0ca197d1-1f9b-4986-b00e-3ae7a424a238&Prime; header_6_font_size=\u00a0\u00bb26px\u00a0\u00bb header_6_line_height=\u00a0\u00bb1.5em\u00a0\u00bb width_tablet=\u00a0\u00bb\u00a0\u00bb width_phone=\u00a0\u00bb98%\u00a0\u00bb width_last_edited=\u00a0\u00bbon|desktop\u00a0\u00bb text_font_tablet=\u00a0\u00bbMulish|300|||||||\u00a0\u00bb text_font_phone=\u00a0\u00bbMulish|300|||||||\u00a0\u00bb text_font_last_edited=\u00a0\u00bbon|desktop\u00a0\u00bb text_font_size_tablet=\u00a0\u00bb22px\u00a0\u00bb text_font_size_phone=\u00a0\u00bb20px\u00a0\u00bb text_font_size_last_edited=\u00a0\u00bbon|phone\u00a0\u00bb link_font_size_tablet=\u00a0\u00bb22px\u00a0\u00bb link_font_size_phone=\u00a0\u00bb20px\u00a0\u00bb link_font_size_last_edited=\u00a0\u00bbon|desktop\u00a0\u00bb header_2_font_size_tablet=\u00a0\u00bb32px\u00a0\u00bb header_2_font_size_phone=\u00a0\u00bb32px\u00a0\u00bb header_2_font_size_last_edited=\u00a0\u00bbon|phone\u00a0\u00bb header_6_font_size_tablet=\u00a0\u00bb26px\u00a0\u00bb header_6_font_size_phone=\u00a0\u00bb22px\u00a0\u00bb header_6_font_size_last_edited=\u00a0\u00bbon|phone\u00a0\u00bb global_colors_info=\u00a0\u00bb{%22gcid-7814a719-c4c1-4b0f-b019-492bb0f30365%22:%91%22link_text_color%22,%22link_text_color%22%93,%22gcid-0ca197d1-1f9b-4986-b00e-3ae7a424a238%22:%91%22header_6_text_color%22%93,%22gcid-a1e60d66-76d8-4612-a9ca-a005678239ae%22:%91%22header_2_text_color%22%93}\u00a0\u00bb]<\/p>\n<h2>\u00c0 quoi s&rsquo;attendre lors d&rsquo;un voyage d&rsquo;affaires au Moyen-Orient ?<\/h2>\n<p>Le Moyen-Orient offre de nombreuses possibilit\u00e9s d&rsquo;h\u00e9bergement qui conviennent \u00e0 tous les budgets et \u00e0 toutes les pr\u00e9f\u00e9rences. Des h\u00f4tels de luxe aux options \u00e9conomiques, la r\u00e9gion a de quoi satisfaire tout le monde.<\/p>\n<p>Les h\u00f4tels de luxe du Moyen-Orient sont r\u00e9put\u00e9s pour leur opulence et leur luxe. Ils proposent des \u00e9quipements de classe mondiale tels que des spas, des centres de remise en forme et des restaurants gastronomiques.<\/p>\n<p>Dans la plupart des villes, il est possible de trouver des solutions \u00e9conomiques, telles que des auberges de jeunesse et des pensions de famille.<\/p>\n<p>Les lieux d&rsquo;h\u00e9bergement vont des centres-villes anim\u00e9s aux p\u00e9riph\u00e9ries sereines des villes.<\/p>\n<p>Il est facile pour les voyageurs d&rsquo;affaires de se d\u00e9placer au Moyen-Orient. Les modes de transport disponibles sont les voitures de location, les taxis et les transports publics.<\/p>\n<p>Les voitures de location sont une option populaire pour les voyageurs d&rsquo;affaires qui pr\u00e9f\u00e8rent leur mode de transport. Les taxis sont \u00e9galement disponibles dans la plupart des villes et sont pratiques pour se d\u00e9placer. Les transports publics, tels que les bus, sont rentables. Cependant, certaines villes ont des lois strictes sur les transports publics, et les voyageurs doivent se familiariser avec les r\u00e8gles avant de les utiliser.<\/p>\n<p>Outre les installations standard, le Moyen-Orient offre une gamme d&rsquo;options uniques et luxueuses pour les voyageurs d&rsquo;affaires. De nombreux grands h\u00f4tels de la r\u00e9gion proposent des salles de conf\u00e9rence et de r\u00e9union con\u00e7ues pour impressionner. Ces installations disposent souvent de grandes salles de bal, d&rsquo;une technologie audiovisuelle de pointe et de services de restauration personnalis\u00e9s. Certains h\u00f4tels proposent m\u00eame des salles de r\u00e9union priv\u00e9es avec une vue imprenable sur la ville.<\/p>\n<p>Les espaces de coworking sont de plus en plus disponibles et populaires dans la r\u00e9gion du Moyen-Orient pour ceux qui recherchent un espace de travail plus collaboratif et cr\u00e9atif. Ces espaces proposent des espaces de travail partag\u00e9s, des salles de r\u00e9union et des possibilit\u00e9s de mise en r\u00e9seau pour les entrepreneurs, les ind\u00e9pendants et les petites entreprises.<\/p>\n<p>Elle dispose des centres d&rsquo;exposition les plus grands et les plus prestigieux, comme le Dubai World Trade Centre et le Qatar National Convention Centre. Ces centres accueillent tout au long de l&rsquo;ann\u00e9e une s\u00e9rie d&rsquo;\u00e9v\u00e9nements internationaux et de foires commerciales qui attirent des visiteurs du monde entier.<\/p>\n<p>Gr\u00e2ce \u00e0 ses installations modernes et bien \u00e9quip\u00e9es, le Moyen-Orient est id\u00e9al pour les voyageurs d&rsquo;affaires qui souhaitent nouer des contacts, collaborer et mener des affaires fructueuses.<\/p>\n<p>Le code vestimentaire est de rigueur dans la r\u00e9gion et il est recommand\u00e9 aux voyageurs de s&rsquo;habiller modestement et de mani\u00e8re conservatrice. Les styles de communication varient \u00e9galement, et il est essentiel de faire preuve de respect et de politesse lors des \u00e9changes avec les habitants. Les pratiques commerciales dans la r\u00e9gion sont souvent plus formelles que dans d&rsquo;autres parties du monde, et il est tr\u00e8s important d&rsquo;\u00eatre conscient des nuances culturelles dans la conduite des affaires.<\/p>\n<p>Il est \u00e9galement essentiel de conna\u00eetre les coutumes et pratiques religieuses, telles que les heures de pri\u00e8re et les restrictions alimentaires.<\/p>\n<p>En connaissant les normes culturelles et l&rsquo;\u00e9tiquette en vigueur au Moyen-Orient, les voyageurs d&rsquo;affaires peuvent nouer des relations solides et mener des affaires fructueuses dans la r\u00e9gion.<\/p>\n<p>La s\u00e9curit\u00e9 des voyageurs d&rsquo;affaires est une priorit\u00e9 absolue au Moyen-Orient. La r\u00e9gion a la r\u00e9putation d&rsquo;\u00eatre peu s\u00fbre, mais il s&rsquo;agit essentiellement d&rsquo;une id\u00e9e fausse. Les gouvernements de la r\u00e9gion ont investi massivement dans diverses mesures de s\u00e9curit\u00e9 afin de garantir la s\u00e9curit\u00e9 des visiteurs.<\/p>\n<p>[\/et_pb_text][\/et_pb_column][\/et_pb_row][et_pb_row _builder_version=\u00a0\u00bb4.16&Prime; _module_preset=\u00a0\u00bbdefault\u00a0\u00bb global_colors_info=\u00a0\u00bb{}\u00a0\u00bb][et_pb_column type=\u00a0\u00bb4_4&Prime; _builder_version=\u00a0\u00bb4.16&Prime; _module_preset=\u00a0\u00bbdefault\u00a0\u00bb global_colors_info=\u00a0\u00bb{}\u00a0\u00bb][et_pb_image src=\u00a0\u00bbhttps:\/\/kaffediary.com\/wp-content\/uploads\/2023\/05\/Middle-East-Region-abu-dhabi.jpg\u00a0\u00bb alt=\u00a0\u00bbla r\u00e9gion du moyen-orient\u00a0\u00bb title_text=\u00a0\u00bbMagnifique, horizon, avec, architecture,moderne,au,coucher,de,soleil,Vue,a\u00e9rienne,de,la,ville,de,l&#039;\u00eele,et,de,la,ville,de,l&#039;\u00eele.\u00a0\u00bb _builder_version=\u00a0\u00bb4.21.0&Prime; _module_preset=\u00a0\u00bbdefault\u00a0\u00bb global_colors_info=\u00a0\u00bb{}\u00a0\u00bb][\/et_pb_image][\/et_pb_column][\/et_pb_row][et_pb_row _builder_version=\u00a0\u00bb4.16&Prime; _module_preset=\u00a0\u00bbdefault\u00a0\u00bb custom_padding=\u00a0\u00bb0px||0px||false|false\u00a0\u00bb global_colors_info=\u00a0\u00bb{}\u00a0\u00bb][et_pb_column type=\u00a0\u00bb4_4&Prime; _builder_version=\u00a0\u00bb4.16&Prime; _module_preset=\u00a0\u00bbdefault\u00a0\u00bb global_colors_info=\u00a0\u00bb{}\u00a0\u00bb][et_pb_text _builder_version=\u00a0\u00bb4.21.0&Prime; _module_preset=\u00a0\u00bbdefault\u00a0\u00bb text_font=\u00a0\u00bb|200|||||||\u00a0\u00bb text_text_color=\u00a0\u00bb#000000&Prime; text_font_size=\u00a0\u00bb24px\u00a0\u00bb text_line_height=\u00a0\u00bb1.5em\u00a0\u00bb link_text_color=\u00a0\u00bbgcid-7814a719-c4c1-4b0f-b019-492bb0f30365&Prime; link_font_size=\u00a0\u00bb24px\u00a0\u00bb link_line_height=\u00a0\u00bb1.5em\u00a0\u00bb header_2_text_color=\u00a0\u00bbgcid-451f3261-61c2-4dbe-bb50-a5feeb4e6554&Prime; header_2_font_size=\u00a0\u00bb36px\u00a0\u00bb header_2_line_height=\u00a0\u00bb1.4em\u00a0\u00bb header_6_text_color=\u00a0\u00bbgcid-b7844457-9a4a-40b7-b5ff-ee179fffa736&Prime; header_6_font_size=\u00a0\u00bb26px\u00a0\u00bb header_6_line_height=\u00a0\u00bb1.5em\u00a0\u00bb width_tablet=\u00a0\u00bb\u00a0\u00bb width_phone=\u00a0\u00bb98%\u00a0\u00bb width_last_edited=\u00a0\u00bbon|desktop\u00a0\u00bb text_font_tablet=\u00a0\u00bbMulish|300|||||||\u00a0\u00bb text_font_phone=\u00a0\u00bbMulish|300|||||||\u00a0\u00bb text_font_last_edited=\u00a0\u00bbon|desktop\u00a0\u00bb text_font_size_tablet=\u00a0\u00bb22px\u00a0\u00bb text_font_size_phone=\u00a0\u00bb20px\u00a0\u00bb text_font_size_last_edited=\u00a0\u00bbon|phone\u00a0\u00bb link_font_size_tablet=\u00a0\u00bb22px\u00a0\u00bb link_font_size_phone=\u00a0\u00bb20px\u00a0\u00bb link_font_size_last_edited=\u00a0\u00bbon|desktop\u00a0\u00bb header_2_font_size_tablet=\u00a0\u00bb32px\u00a0\u00bb header_2_font_size_phone=\u00a0\u00bb32px\u00a0\u00bb header_2_font_size_last_edited=\u00a0\u00bbon|phone\u00a0\u00bb header_6_font_size_tablet=\u00a0\u00bb26px\u00a0\u00bb header_6_font_size_phone=\u00a0\u00bb22px\u00a0\u00bb header_6_font_size_last_edited=\u00a0\u00bbon|phone\u00a0\u00bb global_colors_info=\u00a0\u00bb{%22gcid-7814a719-c4c1-4b0f-b019-492bb0f30365%22:%91%22link_text_color%22,%22link_text_color%22%93,%22gcid-451f3261-61c2-4dbe-bb50-a5feeb4e6554%22:%91%22header_2_text_color%22%93,%22gcid-b7844457-9a4a-40b7-b5ff-ee179fffa736%22:%91%22header_6_text_color%22%93}\u00a0\u00bb]<\/p>\n<h6>Le Moyen-Orient est un lieu de diversit\u00e9. C&rsquo;est une terre de contrastes, o\u00f9 les traditions anciennes coexistent avec la modernit\u00e9. La r\u00e9gion offre un large \u00e9ventail d&rsquo;attractions, allant de paysages \u00e9poustouflants \u00e0 des villes dynamiques, ce qui en fait une destination populaire pour les voyageurs d&rsquo;affaires.<\/h6>\n<p>[\/et_pb_text][\/et_pb_column][\/et_pb_row][\/et_pb_section]<\/p>\n","protected":false},"excerpt":{"rendered":"<p>Destinations de voyage au Moyen-OrientLe Moyen-Orient compte certaines des villes les plus dynamiques, notamment Duba\u00ef, Abu Dhabi et Doha, qui attirent les entreprises du monde entier. Le Moyen-Orient est devenu une plaque tournante pour le commerce international en raison de sa situation strat\u00e9gique, de la richesse de ses ressources naturelles et de la croissance de [&hellip;]<\/p>\n","protected":false},"author":1,"featured_media":0,"parent":6810,"menu_order":0,"comment_status":"closed","ping_status":"closed","template":"","meta":{"_et_pb_use_builder":"on","_et_pb_old_content":"","_et_gb_content_width":"","footnotes":""},"class_list":["post-10585","page","type-page","status-publish","hentry"],"_links":{"self":[{"href":"https:\/\/kaffediary.com\/fr\/wp-json\/wp\/v2\/pages\/10585","targetHints":{"allow":["GET"]}}],"collection":[{"href":"https:\/\/kaffediary.com\/fr\/wp-json\/wp\/v2\/pages"}],"about":[{"href":"https:\/\/kaffediary.com\/fr\/wp-json\/wp\/v2\/types\/page"}],"author":[{"embeddable":true,"href":"https:\/\/kaffediary.com\/fr\/wp-json\/wp\/v2\/users\/1"}],"replies":[{"embeddable":true,"href":"https:\/\/kaffediary.com\/fr\/wp-json\/wp\/v2\/comments?post=10585"}],"version-history":[{"count":9,"href":"https:\/\/kaffediary.com\/fr\/wp-json\/wp\/v2\/pages\/10585\/revisions"}],"predecessor-version":[{"id":11880,"href":"https:\/\/kaffediary.com\/fr\/wp-json\/wp\/v2\/pages\/10585\/revisions\/11880"}],"up":[{"embeddable":true,"href":"https:\/\/kaffediary.com\/fr\/wp-json\/wp\/v2\/pages\/6810"}],"wp:attachment":[{"href":"https:\/\/kaffediary.com\/fr\/wp-json\/wp\/v2\/media?parent=10585"}],"curies":[{"name":"wp","href":"https:\/\/api.w.org\/{rel}","templated":true}]}}