{"id":10658,"date":"2022-11-04T18:54:15","date_gmt":"2022-11-04T18:54:15","guid":{"rendered":"https:\/\/kaffediary.com\/voyages-daffaires\/destination-commerciale-en-amerique-du-nord\/"},"modified":"2024-01-26T17:03:01","modified_gmt":"2024-01-26T17:03:01","slug":"destination-commerciale-en-amerique-du-nord","status":"publish","type":"page","link":"https:\/\/kaffediary.com\/fr\/voyages-daffaires\/destination-commerciale-en-amerique-du-nord\/","title":{"rendered":"Destination commerciale en Am\u00e9rique du Nord"},"content":{"rendered":"<p>[et_pb_section fb_built=\u00a0\u00bb1&Prime; custom_padding_last_edited=\u00a0\u00bboff|phone\u00a0\u00bb admin_label=\u00a0\u00bbHeader\u00a0\u00bb _builder_version=\u00a0\u00bb4.17.4&Prime; _module_preset=\u00a0\u00bbdefault\u00a0\u00bb use_background_color_gradient=\u00a0\u00bbon\u00a0\u00bb background_color_gradient_stops=\u00a0\u00bbrgba(52,130,193,0.46) 0%|rgba(6,34,127,0.31) 100%\u00a0\u00bb background_color_gradient_overlays_image=\u00a0\u00bbon\u00a0\u00bb background_color_gradient_start=\u00a0\u00bbrgba(52,130,193,0.46)\u00a0\u00bb background_color_gradient_end=\u00a0\u00bbrgba(6,34,127,0.31)\u00a0\u00bb background_image=\u00a0\u00bbhttps:\/\/kaffediary.com\/wp-content\/uploads\/2022\/10\/Europe-Business-Travel-Destination-Header-Image.jpg\u00a0\u00bb custom_padding=\u00a0\u00bb10vw||18vw||false|false\u00a0\u00bb custom_padding_tablet=\u00a0\u00bb||||false|false\u00a0\u00bb custom_padding_phone=\u00a0\u00bb||||false|false\u00a0\u00bb global_colors_info=\u00a0\u00bb{}\u00a0\u00bb][et_pb_row _builder_version=\u00a0\u00bb4.16&Prime; _module_preset=\u00a0\u00bbdefault\u00a0\u00bb global_colors_info=\u00a0\u00bb{}\u00a0\u00bb][et_pb_column type=\u00a0\u00bb4_4&Prime; _builder_version=\u00a0\u00bb4.16&Prime; _module_preset=\u00a0\u00bbdefault\u00a0\u00bb global_colors_info=\u00a0\u00bb{}\u00a0\u00bb][et_pb_text _builder_version=\u00a0\u00bb4.21.0&Prime; _module_preset=\u00a0\u00bbd72c0383-6487-4f2c-ac5c-7d48a6376757&Prime; header_font=\u00a0\u00bb||||||||\u00a0\u00bb header_text_color=\u00a0\u00bb#FFFFFF\u00a0\u00bb header_font_size=\u00a0\u00bb50px\u00a0\u00bb header_line_height=\u00a0\u00bb1.3em\u00a0\u00bb text_orientation=\u00a0\u00bbcenter\u00a0\u00bb max_width=\u00a0\u00bb750px\u00a0\u00bb module_alignment=\u00a0\u00bbcenter\u00a0\u00bb animation_direction=\u00a0\u00bbtop\u00a0\u00bb header_font_size_tablet=\u00a0\u00bb36px\u00a0\u00bb header_font_size_phone=\u00a0\u00bb30px\u00a0\u00bb header_font_size_last_edited=\u00a0\u00bbon|desktop\u00a0\u00bb global_colors_info=\u00a0\u00bb{}\u00a0\u00bb]<\/p>\n<h1>Destinations des voyages d&rsquo;affaires en Am\u00e9rique du Nord<\/h1>\n<p>[\/et_pb_text][\/et_pb_column][\/et_pb_row][\/et_pb_section][et_pb_section fb_built=\u00a0\u00bb1&Prime; _builder_version=\u00a0\u00bb4.16&Prime; _module_preset=\u00a0\u00bbdefault\u00a0\u00bb global_colors_info=\u00a0\u00bb{}\u00a0\u00bb][et_pb_row _builder_version=\u00a0\u00bb4.16&Prime; _module_preset=\u00a0\u00bbdefault\u00a0\u00bb custom_padding=\u00a0\u00bb0px||0px||false|false\u00a0\u00bb global_colors_info=\u00a0\u00bb{}\u00a0\u00bb][et_pb_column type=\u00a0\u00bb4_4&Prime; _builder_version=\u00a0\u00bb4.16&Prime; _module_preset=\u00a0\u00bbdefault\u00a0\u00bb global_colors_info=\u00a0\u00bb{}\u00a0\u00bb][et_pb_text _builder_version=\u00a0\u00bb4.21.0&Prime; _module_preset=\u00a0\u00bbdefault\u00a0\u00bb text_font=\u00a0\u00bb|200|||||||\u00a0\u00bb text_text_color=\u00a0\u00bb#000000&Prime; text_font_size=\u00a0\u00bb24px\u00a0\u00bb text_line_height=\u00a0\u00bb1.5em\u00a0\u00bb link_text_color=\u00a0\u00bbgcid-7814a719-c4c1-4b0f-b019-492bb0f30365&Prime; link_font_size=\u00a0\u00bb24px\u00a0\u00bb link_line_height=\u00a0\u00bb1.5em\u00a0\u00bb header_2_text_color=\u00a0\u00bbgcid-a1e60d66-76d8-4612-a9ca-a005678239ae\u00a0\u00bb header_2_font_size=\u00a0\u00bb36px\u00a0\u00bb header_2_line_height=\u00a0\u00bb1.4em\u00a0\u00bb header_6_text_color=\u00a0\u00bbgcid-0ca197d1-1f9b-4986-b00e-3ae7a424a238&Prime; header_6_font_size=\u00a0\u00bb26px\u00a0\u00bb header_6_line_height=\u00a0\u00bb1.5em\u00a0\u00bb width_tablet=\u00a0\u00bb\u00a0\u00bb width_phone=\u00a0\u00bb98%\u00a0\u00bb width_last_edited=\u00a0\u00bbon|desktop\u00a0\u00bb text_font_tablet=\u00a0\u00bbMulish|300|||||||\u00a0\u00bb text_font_phone=\u00a0\u00bbMulish|300|||||||\u00a0\u00bb text_font_last_edited=\u00a0\u00bbon|desktop\u00a0\u00bb text_font_size_tablet=\u00a0\u00bb22px\u00a0\u00bb text_font_size_phone=\u00a0\u00bb20px\u00a0\u00bb text_font_size_last_edited=\u00a0\u00bbon|phone\u00a0\u00bb link_font_size_tablet=\u00a0\u00bb22px\u00a0\u00bb link_font_size_phone=\u00a0\u00bb20px\u00a0\u00bb link_font_size_last_edited=\u00a0\u00bbon|desktop\u00a0\u00bb header_2_font_size_tablet=\u00a0\u00bb32px\u00a0\u00bb header_2_font_size_phone=\u00a0\u00bb32px\u00a0\u00bb header_2_font_size_last_edited=\u00a0\u00bbon|phone\u00a0\u00bb header_6_font_size_tablet=\u00a0\u00bb26px\u00a0\u00bb header_6_font_size_phone=\u00a0\u00bb22px\u00a0\u00bb header_6_font_size_last_edited=\u00a0\u00bbon|phone\u00a0\u00bb global_colors_info=\u00a0\u00bb{%22gcid-7814a719-c4c1-4b0f-b019-492bb0f30365%22:%91%22link_text_color%22,%22link_text_color%22%93,%22gcid-0ca197d1-1f9b-4986-b00e-3ae7a424a238%22:%91%22header_6_text_color%22%93,%22gcid-a1e60d66-76d8-4612-a9ca-a005678239ae%22:%91%22header_2_text_color%22%93}\u00a0\u00bb]<\/p>\n<p><a href=\"https:\/\/dictionary.cambridge.org\/dictionary\/english\/north-america\" target=\"_blank\" rel=\"noopener\">L&rsquo;Am\u00e9rique du Nord<\/a> est une destination commerciale importante. Elle abrite un grand nombre des plus grandes \u00e9conomies et entreprises, ce qui en fait une plaque tournante pour les voyageurs d&rsquo;affaires du monde entier.<\/p>\n<h2>\u00c0 propos du continent nord-am\u00e9ricain<\/h2>\n<p>Il est bord\u00e9 au nord par l&rsquo;oc\u00e9an Arctique, \u00e0 l&rsquo;est par l&rsquo;oc\u00e9an Atlantique, \u00e0 l&rsquo;ouest par l&rsquo;oc\u00e9an Pacifique et au sud-est par l&rsquo;Am\u00e9rique du Sud.<\/p>\n<p>Le continent abrite des paysages vari\u00e9s, notamment de vastes plaines, d&rsquo;imposantes cha\u00eenes de montagnes, des for\u00eats denses et des d\u00e9serts arides. Les montagnes Rocheuses et les Appalaches sont deux des cha\u00eenes de montagnes les plus importantes d&rsquo;Am\u00e9rique du Nord.<\/p>\n<p>Le continent abrite \u00e9galement plusieurs grands fleuves, dont le Mississippi, le Yukon et le Colorado. Les Grands Lacs sont consid\u00e9r\u00e9s comme le plus grand groupe de lacs d&rsquo;eau douce au monde.<\/p>\n<p>Il se compose d&rsquo;un certain nombre de pays, dont le Canada, les \u00c9tats-Unis et le Mexique, les trois nations les plus importantes et les plus peupl\u00e9es du continent. Les autres pays d&rsquo;Am\u00e9rique du Nord comprennent les \u00eeles des Cara\u00efbes (Cuba, Jama\u00efque et R\u00e9publique dominicaine), ainsi que les pays d&rsquo;Am\u00e9rique centrale (Costa Rica, Salvador et Panama). Le continent comprend \u00e9galement les petits pays que sont le Belize, le Guatemala, le Honduras et le Nicaragua, ainsi que les \u00eeles des Bahamas, de la Barbade et de Trinit\u00e9-et-Tobago.<\/p>\n<p>Chaque pays poss\u00e8de une culture, une histoire et un syst\u00e8me politique qui lui sont propres, ce qui fait de l&rsquo;Am\u00e9rique du Nord un continent vari\u00e9 et fascinant \u00e0 explorer.<\/p>\n<p>[\/et_pb_text][\/et_pb_column][\/et_pb_row][et_pb_row _builder_version=\u00a0\u00bb4.21.0&Prime; _module_preset=\u00a0\u00bbdefault\u00a0\u00bb custom_padding=\u00a0\u00bb20px||0px||false|false\u00a0\u00bb global_colors_info=\u00a0\u00bb{}\u00a0\u00bb][et_pb_column type=\u00a0\u00bb4_4&Prime; _builder_version=\u00a0\u00bb4.16&Prime; _module_preset=\u00a0\u00bbdefault\u00a0\u00bb global_colors_info=\u00a0\u00bb{}\u00a0\u00bb][et_pb_code _builder_version=\u00a0\u00bb4.21.0&Prime; _module_preset=\u00a0\u00bbdefault\u00a0\u00bb hover_enabled=\u00a0\u00bb0&Prime; global_colors_info=\u00a0\u00bb{}\u00a0\u00bb sticky_enabled=\u00a0\u00bb0&Prime;]<div class=\"map_wrapper\" id=\"map_wrapper_8940\">\n<div class=\"map_box\" style=\"max-width:2000px\">\n<div class=\"map_aspect_ratio\" style=\"padding-top:56%\" data-padding-top=\"56%\" data-padding-top-mobile=\"0%\">\n<div class=\"map_container\">\n<div class=\"map_render map_loading\" id=\"map_8940\"><\/div>\n<\/div>\n<\/div>\n<\/div>\n<\/div>[\/et_pb_code][\/et_pb_column][\/et_pb_row][\/et_pb_section][et_pb_section fb_built=\u00a0\u00bb1&Prime; _builder_version=\u00a0\u00bb4.16&Prime; _module_preset=\u00a0\u00bbdefault\u00a0\u00bb global_colors_info=\u00a0\u00bb{}\u00a0\u00bb][et_pb_row _builder_version=\u00a0\u00bb4.16&Prime; _module_preset=\u00a0\u00bbdefault\u00a0\u00bb custom_padding=\u00a0\u00bb0px||0px||false|false\u00a0\u00bb global_colors_info=\u00a0\u00bb{}\u00a0\u00bb][et_pb_column type=\u00a0\u00bb4_4&Prime; _builder_version=\u00a0\u00bb4.16&Prime; _module_preset=\u00a0\u00bbdefault\u00a0\u00bb global_colors_info=\u00a0\u00bb{}\u00a0\u00bb][et_pb_text _builder_version=\u00a0\u00bb4.21.0&Prime; _module_preset=\u00a0\u00bbdefault\u00a0\u00bb text_font=\u00a0\u00bb|200|||||||\u00a0\u00bb text_text_color=\u00a0\u00bb#000000&Prime; text_font_size=\u00a0\u00bb24px\u00a0\u00bb text_line_height=\u00a0\u00bb1.5em\u00a0\u00bb link_text_color=\u00a0\u00bbgcid-7814a719-c4c1-4b0f-b019-492bb0f30365&Prime; link_font_size=\u00a0\u00bb24px\u00a0\u00bb link_line_height=\u00a0\u00bb1.5em\u00a0\u00bb header_2_text_color=\u00a0\u00bbgcid-a1e60d66-76d8-4612-a9ca-a005678239ae\u00a0\u00bb header_2_font_size=\u00a0\u00bb36px\u00a0\u00bb header_2_line_height=\u00a0\u00bb1.4em\u00a0\u00bb header_3_text_color=\u00a0\u00bbgcid-a1e60d66-76d8-4612-a9ca-a005678239ae\u00a0\u00bb header_6_text_color=\u00a0\u00bbgcid-0ca197d1-1f9b-4986-b00e-3ae7a424a238&Prime; header_6_font_size=\u00a0\u00bb26px\u00a0\u00bb header_6_line_height=\u00a0\u00bb1.5em\u00a0\u00bb width_tablet=\u00a0\u00bb\u00a0\u00bb width_phone=\u00a0\u00bb98%\u00a0\u00bb width_last_edited=\u00a0\u00bbon|desktop\u00a0\u00bb text_font_tablet=\u00a0\u00bbMulish|300|||||||\u00a0\u00bb text_font_phone=\u00a0\u00bbMulish|300|||||||\u00a0\u00bb text_font_last_edited=\u00a0\u00bbon|desktop\u00a0\u00bb text_font_size_tablet=\u00a0\u00bb22px\u00a0\u00bb text_font_size_phone=\u00a0\u00bb20px\u00a0\u00bb text_font_size_last_edited=\u00a0\u00bbon|phone\u00a0\u00bb link_font_size_tablet=\u00a0\u00bb22px\u00a0\u00bb link_font_size_phone=\u00a0\u00bb20px\u00a0\u00bb link_font_size_last_edited=\u00a0\u00bbon|desktop\u00a0\u00bb header_2_font_size_tablet=\u00a0\u00bb32px\u00a0\u00bb header_2_font_size_phone=\u00a0\u00bb32px\u00a0\u00bb header_2_font_size_last_edited=\u00a0\u00bbon|phone\u00a0\u00bb header_6_font_size_tablet=\u00a0\u00bb26px\u00a0\u00bb header_6_font_size_phone=\u00a0\u00bb22px\u00a0\u00bb header_6_font_size_last_edited=\u00a0\u00bbon|phone\u00a0\u00bb global_colors_info=\u00a0\u00bb{%22gcid-7814a719-c4c1-4b0f-b019-492bb0f30365%22:%91%22link_text_color%22,%22link_text_color%22%93,%22gcid-0ca197d1-1f9b-4986-b00e-3ae7a424a238%22:%91%22header_6_text_color%22%93,%22gcid-a1e60d66-76d8-4612-a9ca-a005678239ae%22:%91%22header_2_text_color%22,%22header_3_text_color%22%93}\u00a0\u00bb]<\/p>\n<h2>\u00c0 quoi s&rsquo;attendre lors d&rsquo;un voyage d&rsquo;affaires en Am\u00e9rique du Nord ?<\/h2>\n<p>&nbsp;<\/p>\n<h3>Nourriture et boissons<\/h3>\n<p>Le continent est c\u00e9l\u00e8bre pour ses hamburgers, ses hot-dogs et ses pizzas, mais il poss\u00e8de \u00e9galement un riche patrimoine culinaire qui comprend la cuisine mexicaine, cajun et m\u00e9ridionale.<\/p>\n<p>De nombreuses villes d&rsquo;Am\u00e9rique du Nord ont \u00e9galement des sc\u00e8nes gastronomiques dynamiques, avec des food trucks, des march\u00e9s de producteurs et des festivals de cuisine de rue qui mettent en valeur la cuisine locale et internationale.<\/p>\n<h3>Exigences en mati\u00e8re de visa<\/h3>\n<p>Avant de planifier votre voyage d&rsquo;affaires en Am\u00e9rique du Nord, vous devez comprendre les exigences en mati\u00e8re de visa. Les citoyens de certains pays peuvent b\u00e9n\u00e9ficier d&rsquo;une exemption de visa pour se rendre au Canada et aux \u00c9tats-Unis d&rsquo;Am\u00e9rique \u00e0 des fins professionnelles pour une dur\u00e9e maximale de 90 jours.<\/p>\n<p>Toutefois, les ressortissants d&rsquo;autres pays doivent obtenir un visa avant d&rsquo;entrer en Am\u00e9rique du Nord. La proc\u00e9dure de demande de visa peut prendre plusieurs semaines, c&rsquo;est pourquoi il est essentiel de planifier.<\/p>\n<h3>Transport<\/h3>\n<p>L&rsquo;Am\u00e9rique du Nord dispose d&rsquo;un vaste r\u00e9seau de transport, ce qui facilite la t\u00e2che des voyageurs d&rsquo;affaires. Les modes de transport les plus courants sont l&rsquo;avion et la location de voiture.<\/p>\n<p>Parmi les principaux a\u00e9roports d&rsquo;Am\u00e9rique du Nord figurent l&rsquo;a\u00e9roport international John F. Kennedy de New York, l&rsquo;a\u00e9roport international de Los Angeles et l&rsquo;a\u00e9roport international Pearson de Toronto.<\/p>\n<p>La location de voitures est \u00e9galement tr\u00e8s r\u00e9pandue, mais il est important de noter que les lois et r\u00e9glementations en mati\u00e8re de conduite peuvent varier d&rsquo;un \u00c9tat \u00e0 l&rsquo;autre et d&rsquo;une province \u00e0 l&rsquo;autre.<\/p>\n<h3>H\u00e9bergement<\/h3>\n<p>Les h\u00f4tels les plus populaires pour les voyageurs d&rsquo;affaires sont g\u00e9n\u00e9ralement situ\u00e9s dans les grandes villes et les quartiers d&rsquo;affaires. Les appartements avec services sont une bonne option pour les s\u00e9jours prolong\u00e9s, car ils offrent plus d&rsquo;espace et de commodit\u00e9s que les h\u00f4tels. Les locations Airbnb sont \u00e9galement de plus en plus populaires parmi les voyageurs d&rsquo;affaires, car elles offrent une option d&rsquo;h\u00e9bergement plus personnalis\u00e9e et plus rentable.<\/p>\n<h3>Etiquette culturelle<\/h3>\n<p>En g\u00e9n\u00e9ral, les Nord-Am\u00e9ricains appr\u00e9cient la ponctualit\u00e9, la communication directe et le professionnalisme. Il est \u00e9galement essentiel de respecter les pratiques culturelles et religieuses, telles que les codes vestimentaires et les restrictions alimentaires.<\/p>\n<p>Culture d&rsquo;entreprise<br \/>\nLa culture d&rsquo;entreprise en Am\u00e9rique du Nord est g\u00e9n\u00e9ralement rapide et ax\u00e9e sur les r\u00e9sultats. Les r\u00e9unions d&rsquo;affaires sont g\u00e9n\u00e9ralement des \u00e9v\u00e9nements formels avec un ordre du jour et des objectifs clairs. Pr\u00e9parez une proposition commerciale bien document\u00e9e et soyez pr\u00eat \u00e0 exprimer clairement vos id\u00e9es. Il est \u00e9galement important de nouer des relations personnelles, car les Nord-Am\u00e9ricains accordent une grande importance \u00e0 la confiance et \u00e0 la cr\u00e9dibilit\u00e9 dans les relations d&rsquo;affaires.<\/p>\n<h3>S\u00e9curit\u00e9<\/h3>\n<p>La s\u00e9curit\u00e9 est une pr\u00e9occupation importante pour les voyageurs d&rsquo;affaires. Si le continent est g\u00e9n\u00e9ralement s\u00fbr, certaines zones requi\u00e8rent la prudence. Les grandes villes ont un taux de criminalit\u00e9 plus \u00e9lev\u00e9 que les autres r\u00e9gions d&rsquo;Am\u00e9rique du Nord. Les voyageurs doivent donc \u00eatre attentifs \u00e0 leur environnement, \u00e9viter de se promener seuls la nuit et ne pas exposer d&rsquo;objets de valeur en public.<\/p>\n<p>En outre, la s\u00e9curit\u00e9 aux fronti\u00e8res est un probl\u00e8me majeur, en particulier pour les voyageurs qui entrent aux \u00c9tats-Unis. Il est essentiel de disposer de tous les documents n\u00e9cessaires et de se pr\u00e9parer \u00e0 des contr\u00f4les de s\u00e9curit\u00e9 tr\u00e8s pouss\u00e9s. Malgr\u00e9 ces pr\u00e9occupations, l&rsquo;Am\u00e9rique du Nord dispose d&rsquo;une infrastructure de s\u00e9curit\u00e9 solide et d&rsquo;organismes charg\u00e9s de l&rsquo;application de la loi qui veillent \u00e0 la s\u00e9curit\u00e9 des r\u00e9sidents et des visiteurs.[\/et_pb_text][\/et_pb_column][\/et_pb_row][et_pb_row _builder_version=\u00a0\u00bb4.21.0&Prime; _module_preset=\u00a0\u00bbdefault\u00a0\u00bb global_colors_info=\u00a0\u00bb{}\u00a0\u00bb][et_pb_column type=\u00a0\u00bb4_4&Prime; _builder_version=\u00a0\u00bb4.21.0&Prime; _module_preset=\u00a0\u00bbdefault\u00a0\u00bb global_colors_info=\u00a0\u00bb{}\u00a0\u00bb][et_pb_image src=\u00a0\u00bbhttps:\/\/kaffediary.com\/wp-content\/uploads\/2023\/05\/North-america-mexico.jpg\u00a0\u00bb alt=\u00a0\u00bbAm\u00e9rique du Nord &#8211; Mexique\u00a0\u00bb title_text=\u00a0\u00bbAm\u00e9rique du Nord &#8211; Mexique\u00a0\u00bb align=\u00a0\u00bbcenter\u00a0\u00bb _builder_version=\u00a0\u00bb4.21.0&Prime; _module_preset=\u00a0\u00bbdefault\u00a0\u00bb width=\u00a0\u00bb75%\u00a0\u00bb global_colors_info=\u00a0\u00bb{}\u00a0\u00bb][\/et_pb_image][\/et_pb_column][\/et_pb_row][et_pb_row _builder_version=\u00a0\u00bb4.21.0&Prime; _module_preset=\u00a0\u00bbdefault\u00a0\u00bb custom_padding=\u00a0\u00bb20px||0px||false|false\u00a0\u00bb global_colors_info=\u00a0\u00bb{}\u00a0\u00bb][et_pb_column type=\u00a0\u00bb4_4&Prime; _builder_version=\u00a0\u00bb4.16&Prime; _module_preset=\u00a0\u00bbdefault\u00a0\u00bb global_colors_info=\u00a0\u00bb{}\u00a0\u00bb][et_pb_text _builder_version=\u00a0\u00bb4.21.0&Prime; _module_preset=\u00a0\u00bbdefault\u00a0\u00bb text_font=\u00a0\u00bb|200|||||||\u00a0\u00bb text_text_color=\u00a0\u00bb#000000&Prime; text_font_size=\u00a0\u00bb24px\u00a0\u00bb text_line_height=\u00a0\u00bb1.5em\u00a0\u00bb link_text_color=\u00a0\u00bbgcid-7814a719-c4c1-4b0f-b019-492bb0f30365&Prime; link_font_size=\u00a0\u00bb24px\u00a0\u00bb link_line_height=\u00a0\u00bb1.5em\u00a0\u00bb header_2_text_color=\u00a0\u00bbgcid-451f3261-61c2-4dbe-bb50-a5feeb4e6554&Prime; header_2_font_size=\u00a0\u00bb36px\u00a0\u00bb header_2_line_height=\u00a0\u00bb1.4em\u00a0\u00bb header_6_text_color=\u00a0\u00bbgcid-a1e60d66-76d8-4612-a9ca-a005678239ae\u00a0\u00bb header_6_font_size=\u00a0\u00bb26px\u00a0\u00bb header_6_line_height=\u00a0\u00bb1.5em\u00a0\u00bb width_tablet=\u00a0\u00bb\u00a0\u00bb width_phone=\u00a0\u00bb98%\u00a0\u00bb width_last_edited=\u00a0\u00bbon|desktop\u00a0\u00bb text_font_tablet=\u00a0\u00bbMulish|300|||||||\u00a0\u00bb text_font_phone=\u00a0\u00bbMulish|300|||||||\u00a0\u00bb text_font_last_edited=\u00a0\u00bbon|desktop\u00a0\u00bb text_font_size_tablet=\u00a0\u00bb22px\u00a0\u00bb text_font_size_phone=\u00a0\u00bb20px\u00a0\u00bb text_font_size_last_edited=\u00a0\u00bbon|phone\u00a0\u00bb link_font_size_tablet=\u00a0\u00bb22px\u00a0\u00bb link_font_size_phone=\u00a0\u00bb20px\u00a0\u00bb link_font_size_last_edited=\u00a0\u00bbon|desktop\u00a0\u00bb header_2_font_size_tablet=\u00a0\u00bb32px\u00a0\u00bb header_2_font_size_phone=\u00a0\u00bb32px\u00a0\u00bb header_2_font_size_last_edited=\u00a0\u00bbon|phone\u00a0\u00bb header_6_font_size_tablet=\u00a0\u00bb26px\u00a0\u00bb header_6_font_size_phone=\u00a0\u00bb22px\u00a0\u00bb header_6_font_size_last_edited=\u00a0\u00bbon|phone\u00a0\u00bb global_colors_info=\u00a0\u00bb{%22gcid-7814a719-c4c1-4b0f-b019-492bb0f30365%22:%91%22link_text_color%22,%22link_text_color%22%93,%22gcid-451f3261-61c2-4dbe-bb50-a5feeb4e6554%22:%91%22header_2_text_color%22%93,%22gcid-a1e60d66-76d8-4612-a9ca-a005678239ae%22:%91%22header_6_text_color%22%93}\u00a0\u00bb]<\/p>\n<h6>Avec ses \u00e9conomies solides et ses entreprises mondiales, l&rsquo;Am\u00e9rique du Nord restera une destination de choix pour les voyageurs d&rsquo;affaires dans les ann\u00e9es \u00e0 venir.<\/h6>\n<p>[\/et_pb_text][\/et_pb_column][\/et_pb_row][\/et_pb_section]<\/p>\n","protected":false},"excerpt":{"rendered":"<p>Destinations des voyages d&rsquo;affaires en Am\u00e9rique du NordL&rsquo;Am\u00e9rique du Nord est une destination commerciale importante. Elle abrite un grand nombre des plus grandes \u00e9conomies et entreprises, ce qui en fait une plaque tournante pour les voyageurs d&rsquo;affaires du monde entier. \u00c0 propos du continent nord-am\u00e9ricain Il est bord\u00e9 au nord par l&rsquo;oc\u00e9an Arctique, \u00e0 l&rsquo;est [&hellip;]<\/p>\n","protected":false},"author":1,"featured_media":0,"parent":6810,"menu_order":0,"comment_status":"closed","ping_status":"closed","template":"","meta":{"_et_pb_use_builder":"on","_et_pb_old_content":"","_et_gb_content_width":"","footnotes":""},"class_list":["post-10658","page","type-page","status-publish","hentry"],"_links":{"self":[{"href":"https:\/\/kaffediary.com\/fr\/wp-json\/wp\/v2\/pages\/10658","targetHints":{"allow":["GET"]}}],"collection":[{"href":"https:\/\/kaffediary.com\/fr\/wp-json\/wp\/v2\/pages"}],"about":[{"href":"https:\/\/kaffediary.com\/fr\/wp-json\/wp\/v2\/types\/page"}],"author":[{"embeddable":true,"href":"https:\/\/kaffediary.com\/fr\/wp-json\/wp\/v2\/users\/1"}],"replies":[{"embeddable":true,"href":"https:\/\/kaffediary.com\/fr\/wp-json\/wp\/v2\/comments?post=10658"}],"version-history":[{"count":25,"href":"https:\/\/kaffediary.com\/fr\/wp-json\/wp\/v2\/pages\/10658\/revisions"}],"predecessor-version":[{"id":11932,"href":"https:\/\/kaffediary.com\/fr\/wp-json\/wp\/v2\/pages\/10658\/revisions\/11932"}],"up":[{"embeddable":true,"href":"https:\/\/kaffediary.com\/fr\/wp-json\/wp\/v2\/pages\/6810"}],"wp:attachment":[{"href":"https:\/\/kaffediary.com\/fr\/wp-json\/wp\/v2\/media?parent=10658"}],"curies":[{"name":"wp","href":"https:\/\/api.w.org\/{rel}","templated":true}]}}