{"id":10689,"date":"2022-11-04T18:56:27","date_gmt":"2022-11-04T18:56:27","guid":{"rendered":"https:\/\/kaffediary.com\/voyages-daffaires\/destination-daffaires-en-oceanie\/"},"modified":"2023-06-21T20:42:12","modified_gmt":"2023-06-21T20:42:12","slug":"destination-daffaires-en-oceanie","status":"publish","type":"page","link":"https:\/\/kaffediary.com\/fr\/voyages-daffaires\/destination-daffaires-en-oceanie\/","title":{"rendered":"Destination d&rsquo;affaires en Oc\u00e9anie"},"content":{"rendered":"<p>[et_pb_section fb_built=\u00a0\u00bb1&Prime; custom_padding_last_edited=\u00a0\u00bboff|phone\u00a0\u00bb admin_label=\u00a0\u00bbHeader\u00a0\u00bb _builder_version=\u00a0\u00bb4.21.0&Prime; _module_preset=\u00a0\u00bbdefault\u00a0\u00bb use_background_color_gradient=\u00a0\u00bbon\u00a0\u00bb background_color_gradient_stops=\u00a0\u00bbrgba(52,130,193,0.46) 0%|rgba(6,34,127,0.31) 100%\u00a0\u00bb background_color_gradient_overlays_image=\u00a0\u00bbon\u00a0\u00bb background_color_gradient_start=\u00a0\u00bbrgba(52,130,193,0.46)\u00a0\u00bb background_color_gradient_end=\u00a0\u00bbrgba(6,34,127,0.31)\u00a0\u00bb background_image=\u00a0\u00bbhttps:\/\/kaffediary.com\/wp-content\/uploads\/2023\/05\/Oceania-business-travel-Sydney.jpg\u00a0\u00bb background_position=\u00a0\u00bbtop_center\u00a0\u00bb custom_padding=\u00a0\u00bb10vw||18vw||false|false\u00a0\u00bb custom_padding_tablet=\u00a0\u00bb||||false|false\u00a0\u00bb custom_padding_phone=\u00a0\u00bb||||false|false\u00a0\u00bb global_colors_info=\u00a0\u00bb{}\u00a0\u00bb][et_pb_row _builder_version=\u00a0\u00bb4.16&Prime; _module_preset=\u00a0\u00bbdefault\u00a0\u00bb global_colors_info=\u00a0\u00bb{}\u00a0\u00bb][et_pb_column type=\u00a0\u00bb4_4&Prime; _builder_version=\u00a0\u00bb4.16&Prime; _module_preset=\u00a0\u00bbdefault\u00a0\u00bb global_colors_info=\u00a0\u00bb{}\u00a0\u00bb][et_pb_text _builder_version=\u00a0\u00bb4.21.0&Prime; _module_preset=\u00a0\u00bbd72c0383-6487-4f2c-ac5c-7d48a6376757&Prime; header_font=\u00a0\u00bb||||||||\u00a0\u00bb header_text_color=\u00a0\u00bb#FFFFFF\u00a0\u00bb header_font_size=\u00a0\u00bb50px\u00a0\u00bb header_line_height=\u00a0\u00bb1.3em\u00a0\u00bb text_orientation=\u00a0\u00bbcenter\u00a0\u00bb max_width=\u00a0\u00bb750px\u00a0\u00bb module_alignment=\u00a0\u00bbcenter\u00a0\u00bb animation_direction=\u00a0\u00bbtop\u00a0\u00bb header_font_size_tablet=\u00a0\u00bb36px\u00a0\u00bb header_font_size_phone=\u00a0\u00bb30px\u00a0\u00bb header_font_size_last_edited=\u00a0\u00bbon|desktop\u00a0\u00bb global_colors_info=\u00a0\u00bb{}\u00a0\u00bb]<\/p>\n<h1>Destinations des voyages d&rsquo;affaires en Oc\u00e9anie<\/h1>\n<p>[\/et_pb_text][\/et_pb_column][\/et_pb_row][\/et_pb_section][et_pb_section fb_built=\u00a0\u00bb1&Prime; _builder_version=\u00a0\u00bb4.16&Prime; _module_preset=\u00a0\u00bbdefault\u00a0\u00bb custom_padding=\u00a0\u00bb20px||20px||true|false\u00a0\u00bb global_colors_info=\u00a0\u00bb{}\u00a0\u00bb][et_pb_row _builder_version=\u00a0\u00bb4.21.0&Prime; _module_preset=\u00a0\u00bbdefault\u00a0\u00bb global_colors_info=\u00a0\u00bb{}\u00a0\u00bb][et_pb_column type=\u00a0\u00bb4_4&Prime; _builder_version=\u00a0\u00bb4.16&Prime; _module_preset=\u00a0\u00bbdefault\u00a0\u00bb global_colors_info=\u00a0\u00bb{}\u00a0\u00bb][et_pb_text _builder_version=\u00a0\u00bb4.21.0&Prime; _module_preset=\u00a0\u00bbdefault\u00a0\u00bb text_font=\u00a0\u00bb|200|||||||\u00a0\u00bb text_text_color=\u00a0\u00bb#000000&Prime; text_font_size=\u00a0\u00bb24px\u00a0\u00bb text_line_height=\u00a0\u00bb1.5em\u00a0\u00bb link_text_color=\u00a0\u00bbgcid-7814a719-c4c1-4b0f-b019-492bb0f30365&Prime; link_font_size=\u00a0\u00bb24px\u00a0\u00bb link_line_height=\u00a0\u00bb1.5em\u00a0\u00bb width_tablet=\u00a0\u00bb\u00a0\u00bb width_phone=\u00a0\u00bb98%\u00a0\u00bb width_last_edited=\u00a0\u00bbon|desktop\u00a0\u00bb text_font_tablet=\u00a0\u00bbMulish|300|||||||\u00a0\u00bb text_font_phone=\u00a0\u00bbMulish|300|||||||\u00a0\u00bb text_font_last_edited=\u00a0\u00bbon|desktop\u00a0\u00bb text_font_size_tablet=\u00a0\u00bb22px\u00a0\u00bb text_font_size_phone=\u00a0\u00bb20px\u00a0\u00bb text_font_size_last_edited=\u00a0\u00bbon|phone\u00a0\u00bb link_font_size_tablet=\u00a0\u00bb22px\u00a0\u00bb link_font_size_phone=\u00a0\u00bb20px\u00a0\u00bb link_font_size_last_edited=\u00a0\u00bbon|desktop\u00a0\u00bb global_colors_info=\u00a0\u00bb{%22gcid-7814a719-c4c1-4b0f-b019-492bb0f30365%22:%91%22link_text_color%22%93}\u00a0\u00bb]<\/p>\n<p><a href=\"\/\/dictionary.cambridge.org\/dictionary\/english\/oceania?q=Oceania%22\" target=\"%22_blank%22\" rel=\"%22noopener%22 noopener\">L&rsquo;Oc\u00e9anie<\/a> comprend l&rsquo;Australie, la Nouvelle-Z\u00e9lande et plusieurs autres \u00eeles du Pacifique. La r\u00e9gion est connue pour son \u00e9conomie diversifi\u00e9e et ses industries florissantes, notamment dans les domaines de la finance, de la technologie et du tourisme.<\/p>\n<p>Les villes cl\u00e9s qui font de l&rsquo;Oc\u00e9anie une destination attrayante pour les voyages d&rsquo;affaires sont Sydney, Melbourne, Auckland et Brisbane.<\/p>\n<p>[\/et_pb_text][\/et_pb_column][\/et_pb_row][et_pb_row _builder_version=\u00a0\u00bb4.21.0&Prime; _module_preset=\u00a0\u00bbdefault\u00a0\u00bb global_colors_info=\u00a0\u00bb{}\u00a0\u00bb][et_pb_column type=\u00a0\u00bb4_4&Prime; _builder_version=\u00a0\u00bb4.21.0&Prime; _module_preset=\u00a0\u00bbdefault\u00a0\u00bb global_colors_info=\u00a0\u00bb{}\u00a0\u00bb][et_pb_code _builder_version=\u00a0\u00bb4.21.0&Prime; _module_preset=\u00a0\u00bbdefault\u00a0\u00bb global_colors_info=\u00a0\u00bb{}\u00a0\u00bb]<div class=\"map_wrapper\" id=\"map_wrapper_8922\">\n<div class=\"map_box\" style=\"max-width:2000px\">\n<div class=\"map_aspect_ratio\" style=\"padding-top:56%\" data-padding-top=\"56%\" data-padding-top-mobile=\"0%\">\n<div class=\"map_container\">\n<div class=\"map_render map_loading\" id=\"map_8922\"><\/div>\n<\/div>\n<\/div>\n<\/div>\n<\/div>[\/et_pb_code][\/et_pb_column][\/et_pb_row][\/et_pb_section][et_pb_section fb_built=\u00a0\u00bb1&Prime; _builder_version=\u00a0\u00bb4.16&Prime; _module_preset=\u00a0\u00bbdefault\u00a0\u00bb custom_padding=\u00a0\u00bb0px||0px||false|false\u00a0\u00bb global_colors_info=\u00a0\u00bb{}\u00a0\u00bb][et_pb_row _builder_version=\u00a0\u00bb4.16&Prime; _module_preset=\u00a0\u00bbdefault\u00a0\u00bb custom_padding=\u00a0\u00bb0px||0px||false|false\u00a0\u00bb global_colors_info=\u00a0\u00bb{}\u00a0\u00bb][et_pb_column type=\u00a0\u00bb4_4&Prime; _builder_version=\u00a0\u00bb4.16&Prime; _module_preset=\u00a0\u00bbdefault\u00a0\u00bb global_colors_info=\u00a0\u00bb{}\u00a0\u00bb][et_pb_text _builder_version=\u00a0\u00bb4.21.0&Prime; _module_preset=\u00a0\u00bbdefault\u00a0\u00bb text_font=\u00a0\u00bb|200|||||||\u00a0\u00bb text_text_color=\u00a0\u00bb#000000&Prime; text_font_size=\u00a0\u00bb24px\u00a0\u00bb text_line_height=\u00a0\u00bb1.5em\u00a0\u00bb link_text_color=\u00a0\u00bbgcid-7814a719-c4c1-4b0f-b019-492bb0f30365&Prime; link_font_size=\u00a0\u00bb24px\u00a0\u00bb link_line_height=\u00a0\u00bb1.5em\u00a0\u00bb header_2_text_color=\u00a0\u00bbgcid-a1e60d66-76d8-4612-a9ca-a005678239ae\u00a0\u00bb header_2_font_size=\u00a0\u00bb36px\u00a0\u00bb header_2_line_height=\u00a0\u00bb1.4em\u00a0\u00bb width_tablet=\u00a0\u00bb\u00a0\u00bb width_phone=\u00a0\u00bb98%\u00a0\u00bb width_last_edited=\u00a0\u00bbon|desktop\u00a0\u00bb text_font_tablet=\u00a0\u00bbMulish|300|||||||\u00a0\u00bb text_font_phone=\u00a0\u00bbMulish|300|||||||\u00a0\u00bb text_font_last_edited=\u00a0\u00bbon|desktop\u00a0\u00bb text_font_size_tablet=\u00a0\u00bb22px\u00a0\u00bb text_font_size_phone=\u00a0\u00bb20px\u00a0\u00bb text_font_size_last_edited=\u00a0\u00bbon|phone\u00a0\u00bb link_font_size_tablet=\u00a0\u00bb22px\u00a0\u00bb link_font_size_phone=\u00a0\u00bb20px\u00a0\u00bb link_font_size_last_edited=\u00a0\u00bbon|desktop\u00a0\u00bb header_2_font_size_tablet=\u00a0\u00bb32px\u00a0\u00bb header_2_font_size_phone=\u00a0\u00bb32px\u00a0\u00bb header_2_font_size_last_edited=\u00a0\u00bbon|phone\u00a0\u00bb global_colors_info=\u00a0\u00bb{%22gcid-7814a719-c4c1-4b0f-b019-492bb0f30365%22:%91%22link_text_color%22%93,%22gcid-a1e60d66-76d8-4612-a9ca-a005678239ae%22:%91%22header_2_text_color%22%93}\u00a0\u00bb]<\/p>\n<h2>A propos du continent Oc\u00e9nia<\/h2>\n<p>L&rsquo;Oc\u00e9anie est une r\u00e9gion vaste et diversifi\u00e9e qui s&rsquo;\u00e9tend sur l&rsquo;oc\u00e9an Pacifique, englobant l&rsquo;Australie, la Nouvelle-Z\u00e9lande et de nombreuses \u00eeles plus petites. <\/p>\n<p>La g\u00e9ographie de la r\u00e9gion se caract\u00e9rise par ses vastes \u00e9tendues d&rsquo;eau, ses c\u00f4tes accident\u00e9es et ses divers \u00e9cosyst\u00e8mes. <\/p>\n<p>L&rsquo;Australie est le plus grand pays d&rsquo;Oc\u00e9anie, sa capitale Canberra \u00e9tant situ\u00e9e \u00e0 l&rsquo;int\u00e9rieur des terres. Le continent compte de nombreuses merveilles naturelles, dont la Grande Barri\u00e8re de Corail, Uluru et le rude Outback. <\/p>\n<p>La Nouvelle-Z\u00e9lande est connue pour ses paysages magnifiques et \u00e9poustouflants, notamment ses montagnes imposantes, ses lacs immacul\u00e9s et ses c\u00f4tes escarp\u00e9es. La capitale du pays est Wellington, qui abrite des sites embl\u00e9matiques tels que le Milford Sound et le glacier Franz Josef. <\/p>\n<p>Les autres pays d&rsquo;Oc\u00e9anie sont les Fidji, la Papouasie-Nouvelle-Guin\u00e9e et les Samoa, chacun ayant une culture, une \u00e9conomie et un syst\u00e8me politique qui lui sont propres. <\/p>\n<p>Malgr\u00e9 leurs diff\u00e9rences, les pays d&rsquo;Oc\u00e9anie partagent un lien commun avec l&rsquo;oc\u00e9an Pacifique et le riche patrimoine culturel qui s&rsquo;est d\u00e9velopp\u00e9 au fil des si\u00e8cles.[\/et_pb_text][\/et_pb_column][\/et_pb_row][et_pb_row _builder_version=\u00a0\u00bb4.21.0&Prime; _module_preset=\u00a0\u00bbdefault\u00a0\u00bb width=\u00a0\u00bb68%\u00a0\u00bb global_colors_info=\u00a0\u00bb{}\u00a0\u00bb][et_pb_column type=\u00a0\u00bb4_4&Prime; _builder_version=\u00a0\u00bb4.16&Prime; _module_preset=\u00a0\u00bbdefault\u00a0\u00bb global_colors_info=\u00a0\u00bb{}\u00a0\u00bb][et_pb_image src=\u00a0\u00bbhttps:\/\/kaffediary.com\/wp-content\/uploads\/2023\/05\/Oceania-business-travel-Micronesia.jpg\u00a0\u00bb alt=\u00a0\u00bbVoyage d&#039;affaires en Oc\u00e9anie &#8211; Micron\u00e9sie\u00a0\u00bb title_text=\u00a0\u00bbColonia,,\u00eele,de,Yap,,\u00c9tats,f\u00e9d\u00e9r\u00e9s,de,Micron\u00e9sie,,film\u00e9,par,drone\u00a0\u00bb _builder_version=\u00a0\u00bb4.21.0&Prime; _module_preset=\u00a0\u00bbdefault\u00a0\u00bb global_colors_info=\u00a0\u00bb{}\u00a0\u00bb][\/et_pb_image][\/et_pb_column][\/et_pb_row][\/et_pb_section][et_pb_section fb_built=\u00a0\u00bb1&Prime; _builder_version=\u00a0\u00bb4.16&Prime; _module_preset=\u00a0\u00bbdefault\u00a0\u00bb global_colors_info=\u00a0\u00bb{}\u00a0\u00bb][et_pb_row _builder_version=\u00a0\u00bb4.16&Prime; _module_preset=\u00a0\u00bbdefault\u00a0\u00bb custom_padding=\u00a0\u00bb0px||0px||false|false\u00a0\u00bb global_colors_info=\u00a0\u00bb{}\u00a0\u00bb][et_pb_column type=\u00a0\u00bb4_4&Prime; _builder_version=\u00a0\u00bb4.16&Prime; _module_preset=\u00a0\u00bbdefault\u00a0\u00bb global_colors_info=\u00a0\u00bb{}\u00a0\u00bb][et_pb_text _builder_version=\u00a0\u00bb4.21.0&Prime; _module_preset=\u00a0\u00bbdefault\u00a0\u00bb text_font=\u00a0\u00bb|200|||||||\u00a0\u00bb text_text_color=\u00a0\u00bb#000000&Prime; text_font_size=\u00a0\u00bb24px\u00a0\u00bb text_line_height=\u00a0\u00bb1.5em\u00a0\u00bb link_text_color=\u00a0\u00bbgcid-7814a719-c4c1-4b0f-b019-492bb0f30365&Prime; link_font_size=\u00a0\u00bb24px\u00a0\u00bb link_line_height=\u00a0\u00bb1.5em\u00a0\u00bb header_2_text_color=\u00a0\u00bbgcid-a1e60d66-76d8-4612-a9ca-a005678239ae\u00a0\u00bb header_2_font_size=\u00a0\u00bb36px\u00a0\u00bb header_2_line_height=\u00a0\u00bb1.4em\u00a0\u00bb header_6_text_color=\u00a0\u00bbgcid-0ca197d1-1f9b-4986-b00e-3ae7a424a238&Prime; header_6_font_size=\u00a0\u00bb26px\u00a0\u00bb header_6_line_height=\u00a0\u00bb1.5em\u00a0\u00bb width_tablet=\u00a0\u00bb\u00a0\u00bb width_phone=\u00a0\u00bb98%\u00a0\u00bb width_last_edited=\u00a0\u00bbon|desktop\u00a0\u00bb hover_enabled=\u00a0\u00bb0&Prime; text_font_tablet=\u00a0\u00bbMulish|300|||||||\u00a0\u00bb text_font_phone=\u00a0\u00bbMulish|300|||||||\u00a0\u00bb text_font_last_edited=\u00a0\u00bbon|desktop\u00a0\u00bb text_font_size_tablet=\u00a0\u00bb22px\u00a0\u00bb text_font_size_phone=\u00a0\u00bb20px\u00a0\u00bb text_font_size_last_edited=\u00a0\u00bbon|phone\u00a0\u00bb link_font_size_tablet=\u00a0\u00bb22px\u00a0\u00bb link_font_size_phone=\u00a0\u00bb20px\u00a0\u00bb link_font_size_last_edited=\u00a0\u00bbon|desktop\u00a0\u00bb header_2_font_size_tablet=\u00a0\u00bb32px\u00a0\u00bb header_2_font_size_phone=\u00a0\u00bb32px\u00a0\u00bb header_2_font_size_last_edited=\u00a0\u00bbon|phone\u00a0\u00bb header_6_font_size_tablet=\u00a0\u00bb26px\u00a0\u00bb header_6_font_size_phone=\u00a0\u00bb22px\u00a0\u00bb header_6_font_size_last_edited=\u00a0\u00bbon|phone\u00a0\u00bb global_colors_info=\u00a0\u00bb{%22gcid-7814a719-c4c1-4b0f-b019-492bb0f30365%22:%91%22link_text_color%22,%22link_text_color%22%93,%22gcid-0ca197d1-1f9b-4986-b00e-3ae7a424a238%22:%91%22header_6_text_color%22%93,%22gcid-a1e60d66-76d8-4612-a9ca-a005678239ae%22:%91%22header_2_text_color%22%93}\u00a0\u00bb sticky_enabled=\u00a0\u00bb0&Prime;]<\/p>\n<h2>\u00c0 quoi s&rsquo;attendre lors d&rsquo;une visite d&rsquo;affaires en Oc\u00e9anie<\/h2>\n<\/p>\n<p>La r\u00e9gion abrite diverses industries, notamment la finance, la technologie et le tourisme, ce qui en fait une destination attrayante pour les voyageurs d&rsquo;affaires.<\/p>\n<p>L&rsquo;Oc\u00e9anie offre diverses options d&rsquo;h\u00e9bergement pour r\u00e9pondre \u00e0 tous les budgets et toutes les pr\u00e9f\u00e9rences.<\/p>\n<p>L&rsquo;Oc\u00e9anie offre diverses options d&rsquo;h\u00e9bergement qui conviennent \u00e0 tous les budgets et \u00e0 toutes les pr\u00e9f\u00e9rences. Des h\u00f4tels de luxe et Airbnb aux options \u00e9conomiques, il y en a pour tous les go\u00fbts. La r\u00e9gion s&rsquo;enorgueillit d&rsquo;h\u00f4tels de classe mondiale qui offrent des prestations exceptionnelles telles que l&rsquo;internet \u00e0 haut d\u00e9bit, des centres de remise en forme et des services de spa. Les voyageurs d&rsquo;affaires ont le choix entre diff\u00e9rents sites, y compris les centres-villes et les banlieues. Les tarifs varient en fonction de la ville, de l&#8217;emplacement et du type d&rsquo;h\u00e9bergement.<\/p>\n<p>Les voyageurs d&rsquo;affaires ont le choix entre plusieurs options, notamment la location de voitures, les taxis et les transports publics. Toutefois, il est important de noter qu&rsquo;en Australie et en Nouvelle-Z\u00e9lande, la conduite se fait du c\u00f4t\u00e9 gauche de la route. Les transports publics dans les grandes villes sont fiables et abordables, avec des options telles que les bus, les trains et les tramways.<\/p>\n<p>L&rsquo;Oc\u00e9anie abrite un certain nombre d&rsquo;excellents centres d&rsquo;affaires dans le monde, notamment des centres de conf\u00e9rence, des salles de r\u00e9union et des espaces de coworking. Ces installations disposent d&rsquo;\u00e9quipements et de technologies de pointe, id\u00e9ales pour les r\u00e9unions, les pr\u00e9sentations et les s\u00e9minaires. Des services de soutien tels que la restauration, le secr\u00e9tariat et l&rsquo;assistance technique sont \u00e9galement disponibles.<\/p>\n<p>Il est essentiel pour les voyageurs d&rsquo;affaires de comprendre les normes culturelles et l&rsquo;\u00e9tiquette de l&rsquo;Oc\u00e9anie. La tenue d&rsquo;affaires est g\u00e9n\u00e9ralement formelle en Australie et en Nouvelle-Z\u00e9lande, le costume et la cravate \u00e9tant la norme. Les styles de communication sont directs et la ponctualit\u00e9 est tr\u00e8s appr\u00e9ci\u00e9e. Il est \u00e9galement important de noter que les pratiques commerciales peuvent varier en fonction du secteur d&rsquo;activit\u00e9 et du lieu. Il est \u00e9galement bon de conna\u00eetre les diff\u00e9rences culturelles et les pratiques de chaque pays, telles que les coutumes en mati\u00e8re de cadeaux et les pratiques commerciales.<\/p>\n<p>Lorsqu&rsquo;il s&rsquo;agit de loisirs, l&rsquo;Oc\u00e9anie a beaucoup \u00e0 offrir. L&rsquo;Australie et la Nouvelle-Z\u00e9lande poss\u00e8dent de nombreux paysages naturels \u00e9poustouflants, notamment des plages, des montagnes et des for\u00eats tropicales. Les possibilit\u00e9s de restauration sont diverses et refl\u00e8tent l&rsquo;h\u00e9ritage multiculturel de la r\u00e9gion, avec une gamme de cuisines internationales disponibles.<\/p>\n<p>L&rsquo;Oc\u00e9anie est g\u00e9n\u00e9ralement une r\u00e9gion s\u00fbre pour les voyageurs d&rsquo;affaires. Toutefois, il est essentiel de prendre des pr\u00e9cautions pour assurer votre s\u00e9curit\u00e9. Il est recommand\u00e9 d&rsquo;adopter des pratiques de bon sens, comme \u00e9viter les zones non \u00e9clair\u00e9es la nuit et garder ses objets de valeur en lieu s\u00fbr. Il est \u00e9galement important de conna\u00eetre les escroqueries et les dangers courants, tels que les vols \u00e0 la tire et les fraudes \u00e0 la carte de cr\u00e9dit.<\/p>\n<p>Choisir l&rsquo;Oc\u00e9anie comme destination de voyage d&rsquo;affaires offre une s\u00e9rie d&rsquo;avantages, notamment un h\u00e9bergement de classe mondiale, des transports efficaces et des installations d&rsquo;affaires exceptionnelles.<\/p>\n<p>[\/et_pb_text][\/et_pb_column][\/et_pb_row][et_pb_row _builder_version=\u00a0\u00bb4.21.0&Prime; _module_preset=\u00a0\u00bbdefault\u00a0\u00bb custom_padding=\u00a0\u00bb20px||0px||false|false\u00a0\u00bb global_colors_info=\u00a0\u00bb{}\u00a0\u00bb][et_pb_column type=\u00a0\u00bb4_4&Prime; _builder_version=\u00a0\u00bb4.16&Prime; _module_preset=\u00a0\u00bbdefault\u00a0\u00bb global_colors_info=\u00a0\u00bb{}\u00a0\u00bb][et_pb_text _builder_version=\u00a0\u00bb4.21.0&Prime; _module_preset=\u00a0\u00bbdefault\u00a0\u00bb text_font=\u00a0\u00bb|200|||||||\u00a0\u00bb text_text_color=\u00a0\u00bb#000000&Prime; text_font_size=\u00a0\u00bb24px\u00a0\u00bb text_line_height=\u00a0\u00bb1.5em\u00a0\u00bb link_text_color=\u00a0\u00bbgcid-7814a719-c4c1-4b0f-b019-492bb0f30365&Prime; link_font_size=\u00a0\u00bb24px\u00a0\u00bb link_line_height=\u00a0\u00bb1.5em\u00a0\u00bb header_2_text_color=\u00a0\u00bbgcid-451f3261-61c2-4dbe-bb50-a5feeb4e6554&Prime; header_2_font_size=\u00a0\u00bb36px\u00a0\u00bb header_2_line_height=\u00a0\u00bb1.4em\u00a0\u00bb header_6_text_color=\u00a0\u00bbgcid-a1e60d66-76d8-4612-a9ca-a005678239ae\u00a0\u00bb header_6_font_size=\u00a0\u00bb26px\u00a0\u00bb header_6_line_height=\u00a0\u00bb1.5em\u00a0\u00bb width_tablet=\u00a0\u00bb\u00a0\u00bb width_phone=\u00a0\u00bb98%\u00a0\u00bb width_last_edited=\u00a0\u00bbon|desktop\u00a0\u00bb text_font_tablet=\u00a0\u00bbMulish|300|||||||\u00a0\u00bb text_font_phone=\u00a0\u00bbMulish|300|||||||\u00a0\u00bb text_font_last_edited=\u00a0\u00bbon|desktop\u00a0\u00bb text_font_size_tablet=\u00a0\u00bb22px\u00a0\u00bb text_font_size_phone=\u00a0\u00bb20px\u00a0\u00bb text_font_size_last_edited=\u00a0\u00bbon|phone\u00a0\u00bb link_font_size_tablet=\u00a0\u00bb22px\u00a0\u00bb link_font_size_phone=\u00a0\u00bb20px\u00a0\u00bb link_font_size_last_edited=\u00a0\u00bbon|desktop\u00a0\u00bb header_2_font_size_tablet=\u00a0\u00bb32px\u00a0\u00bb header_2_font_size_phone=\u00a0\u00bb32px\u00a0\u00bb header_2_font_size_last_edited=\u00a0\u00bbon|phone\u00a0\u00bb header_6_font_size_tablet=\u00a0\u00bb26px\u00a0\u00bb header_6_font_size_phone=\u00a0\u00bb22px\u00a0\u00bb header_6_font_size_last_edited=\u00a0\u00bbon|phone\u00a0\u00bb global_colors_info=\u00a0\u00bb{%22gcid-7814a719-c4c1-4b0f-b019-492bb0f30365%22:%91%22link_text_color%22,%22link_text_color%22%93,%22gcid-451f3261-61c2-4dbe-bb50-a5feeb4e6554%22:%91%22header_2_text_color%22%93,%22gcid-a1e60d66-76d8-4612-a9ca-a005678239ae%22:%91%22header_6_text_color%22%93}\u00a0\u00bb]<\/p>\n<h6>L&rsquo;\u00e9conomie diversifi\u00e9e et les industries florissantes de la r\u00e9gion en font une option attrayante pour les voyageurs d&rsquo;affaires. Nous vous encourageons \u00e0 r\u00e9server votre voyage et \u00e0 d\u00e9couvrir tout ce qu&rsquo;offre l\u2019Oc\u00e9anie.<\/h6>\n<p>[\/et_pb_text][\/et_pb_column][\/et_pb_row][\/et_pb_section]<\/p>\n","protected":false},"excerpt":{"rendered":"<p>Destinations des voyages d&rsquo;affaires en Oc\u00e9anieL&rsquo;Oc\u00e9anie comprend l&rsquo;Australie, la Nouvelle-Z\u00e9lande et plusieurs autres \u00eeles du Pacifique. La r\u00e9gion est connue pour son \u00e9conomie diversifi\u00e9e et ses industries florissantes, notamment dans les domaines de la finance, de la technologie et du tourisme. Les villes cl\u00e9s qui font de l&rsquo;Oc\u00e9anie une destination attrayante pour les voyages d&rsquo;affaires [&hellip;]<\/p>\n","protected":false},"author":1,"featured_media":0,"parent":6810,"menu_order":0,"comment_status":"closed","ping_status":"closed","template":"","meta":{"_et_pb_use_builder":"on","_et_pb_old_content":"","_et_gb_content_width":"","footnotes":""},"class_list":["post-10689","page","type-page","status-publish","hentry"],"_links":{"self":[{"href":"https:\/\/kaffediary.com\/fr\/wp-json\/wp\/v2\/pages\/10689","targetHints":{"allow":["GET"]}}],"collection":[{"href":"https:\/\/kaffediary.com\/fr\/wp-json\/wp\/v2\/pages"}],"about":[{"href":"https:\/\/kaffediary.com\/fr\/wp-json\/wp\/v2\/types\/page"}],"author":[{"embeddable":true,"href":"https:\/\/kaffediary.com\/fr\/wp-json\/wp\/v2\/users\/1"}],"replies":[{"embeddable":true,"href":"https:\/\/kaffediary.com\/fr\/wp-json\/wp\/v2\/comments?post=10689"}],"version-history":[{"count":4,"href":"https:\/\/kaffediary.com\/fr\/wp-json\/wp\/v2\/pages\/10689\/revisions"}],"predecessor-version":[{"id":10729,"href":"https:\/\/kaffediary.com\/fr\/wp-json\/wp\/v2\/pages\/10689\/revisions\/10729"}],"up":[{"embeddable":true,"href":"https:\/\/kaffediary.com\/fr\/wp-json\/wp\/v2\/pages\/6810"}],"wp:attachment":[{"href":"https:\/\/kaffediary.com\/fr\/wp-json\/wp\/v2\/media?parent=10689"}],"curies":[{"name":"wp","href":"https:\/\/api.w.org\/{rel}","templated":true}]}}