{"id":6261,"date":"2022-02-19T00:31:48","date_gmt":"2022-02-19T00:31:48","guid":{"rendered":"https:\/\/kaffediary.com\/accueil-voyages-daffaires\/"},"modified":"2024-01-26T19:01:52","modified_gmt":"2024-01-26T19:01:52","slug":"accueil-voyages-daffaires","status":"publish","type":"page","link":"https:\/\/kaffediary.com\/fr\/","title":{"rendered":"Accueil Voyages d&rsquo;affaires"},"content":{"rendered":"<p>[et_pb_section fb_built=\u00a0\u00bb1&Prime; custom_padding_last_edited=\u00a0\u00bboff|phone\u00a0\u00bb admin_label=\u00a0\u00bbHeader\u00a0\u00bb _builder_version=\u00a0\u00bb4.21.0&Prime; _module_preset=\u00a0\u00bbdefault\u00a0\u00bb background_enable_color=\u00a0\u00bboff\u00a0\u00bb background_color_gradient_start=\u00a0\u00bbrgba(52,130,193,0.82)\u00a0\u00bb background_color_gradient_end=\u00a0\u00bbrgba(6,34,127,0.31)\u00a0\u00bb background_enable_image=\u00a0\u00bboff\u00a0\u00bb background_video_mp4=\u00a0\u00bbhttps:\/\/kaffediary.com\/wp-content\/uploads\/2022\/10\/Kaffe-Diary-Video-EN_ed.mp4&Prime; allow_player_pause=\u00a0\u00bbon\u00a0\u00bb width=\u00a0\u00bb100%\u00a0\u00bb width_tablet=\u00a0\u00bb\u00a0\u00bb width_phone=\u00a0\u00bb100%\u00a0\u00bb width_last_edited=\u00a0\u00bbon|desktop\u00a0\u00bb max_width=\u00a0\u00bb100%\u00a0\u00bb min_height_tablet=\u00a0\u00bb\u00a0\u00bb min_height_phone=\u00a0\u00bb228px\u00a0\u00bb min_height_last_edited=\u00a0\u00bbon|desktop\u00a0\u00bb height_tablet=\u00a0\u00bb\u00a0\u00bb height_phone=\u00a0\u00bb\u00a0\u00bb height_last_edited=\u00a0\u00bbon|phone\u00a0\u00bb custom_margin=\u00a0\u00bb0px||0px||false|false\u00a0\u00bb custom_padding=\u00a0\u00bb8vw||12vw||false|false\u00a0\u00bb custom_padding_tablet=\u00a0\u00bb||||false|false\u00a0\u00bb custom_padding_phone=\u00a0\u00bb||||false|false\u00a0\u00bb custom_css_before=\u00a0\u00bbcontent:%22%22;||    display: block;||    position: absolute;||    top: 0;||    left: 0;||    width: 100%;||    height: 100%;||background-image: linear-gradient(180deg,rgba(52,130,193,0.82) 0%,rgba(117, 191, 177,0.31) 100%)!important;||    z-index: 1;\u00a0\u00bb global_colors_info=\u00a0\u00bb{}\u00a0\u00bb][et_pb_row _builder_version=\u00a0\u00bb4.21.0&Prime; _module_preset=\u00a0\u00bbdefault\u00a0\u00bb max_width=\u00a0\u00bb1280px\u00a0\u00bb global_colors_info=\u00a0\u00bb{}\u00a0\u00bb][et_pb_column type=\u00a0\u00bb4_4&Prime; _builder_version=\u00a0\u00bb4.16&Prime; _module_preset=\u00a0\u00bbdefault\u00a0\u00bb global_colors_info=\u00a0\u00bb{}\u00a0\u00bb][et_pb_text _builder_version=\u00a0\u00bb4.24.0&Prime; _module_preset=\u00a0\u00bbd72c0383-6487-4f2c-ac5c-7d48a6376757&Prime; header_font=\u00a0\u00bb||||||||\u00a0\u00bb header_text_color=\u00a0\u00bb#FFFFFF\u00a0\u00bb header_font_size=\u00a0\u00bb50px\u00a0\u00bb header_line_height=\u00a0\u00bb1.3em\u00a0\u00bb text_orientation=\u00a0\u00bbcenter\u00a0\u00bb max_width=\u00a0\u00bb700px\u00a0\u00bb max_width_tablet=\u00a0\u00bb700px\u00a0\u00bb max_width_phone=\u00a0\u00bb700px\u00a0\u00bb max_width_last_edited=\u00a0\u00bbon|desktop\u00a0\u00bb module_alignment=\u00a0\u00bbcenter\u00a0\u00bb animation_direction=\u00a0\u00bbtop\u00a0\u00bb hover_enabled=\u00a0\u00bb0&Prime; header_font_tablet=\u00a0\u00bb\u00a0\u00bb header_font_phone=\u00a0\u00bb\u00a0\u00bb header_font_last_edited=\u00a0\u00bbon|phone\u00a0\u00bb header_font_size_tablet=\u00a0\u00bb36px\u00a0\u00bb header_font_size_phone=\u00a0\u00bb22px\u00a0\u00bb header_font_size_last_edited=\u00a0\u00bbon|desktop\u00a0\u00bb global_colors_info=\u00a0\u00bb{}\u00a0\u00bb sticky_enabled=\u00a0\u00bb0&Prime;]<\/p>\n<h1>Experience the world of business travel like never before with Kaffe Diary &#8211; your premium guide to success on the go.<\/h1>\n<p>[\/et_pb_text][\/et_pb_column][\/et_pb_row][\/et_pb_section][et_pb_section fb_built=\u00a0\u00bb1&Prime; _builder_version=\u00a0\u00bb4.18.0&Prime; _module_preset=\u00a0\u00bbdefault\u00a0\u00bb custom_padding=\u00a0\u00bb||0px||false|false\u00a0\u00bb global_colors_info=\u00a0\u00bb{}\u00a0\u00bb][et_pb_row _builder_version=\u00a0\u00bb4.17.4&Prime; _module_preset=\u00a0\u00bbdefault\u00a0\u00bb width=\u00a0\u00bb88%\u00a0\u00bb max_width=\u00a0\u00bb1366px\u00a0\u00bb global_colors_info=\u00a0\u00bb{}\u00a0\u00bb][et_pb_column type=\u00a0\u00bb4_4&Prime; _builder_version=\u00a0\u00bb4.16&Prime; _module_preset=\u00a0\u00bbdefault\u00a0\u00bb global_colors_info=\u00a0\u00bb{}\u00a0\u00bb][et_pb_text _builder_version=\u00a0\u00bb4.24.0&Prime; _module_preset=\u00a0\u00bbdefault\u00a0\u00bb text_font=\u00a0\u00bb||||||||\u00a0\u00bb text_text_color=\u00a0\u00bbgcid-8582d6b2-ff93-467d-8a95-c50d6acf939e\u00a0\u00bb text_font_size=\u00a0\u00bb24px\u00a0\u00bb text_line_height=\u00a0\u00bb1.6em\u00a0\u00bb link_font=\u00a0\u00bb||||||||\u00a0\u00bb link_text_color=\u00a0\u00bbgcid-a1e60d66-76d8-4612-a9ca-a005678239ae\u00a0\u00bb link_font_size=\u00a0\u00bb24px\u00a0\u00bb link_line_height=\u00a0\u00bb1.5em\u00a0\u00bb header_2_text_color=\u00a0\u00bbgcid-f48eba7d-32df-4198-a685-020c10c91334&Prime; header_2_font_size=\u00a0\u00bb36px\u00a0\u00bb header_2_line_height=\u00a0\u00bb1.4em\u00a0\u00bb header_6_text_color=\u00a0\u00bbgcid-ac2e68df-fc86-4f60-af08-7e88be9b2d40&Prime; header_6_font_size=\u00a0\u00bb26px\u00a0\u00bb header_6_line_height=\u00a0\u00bb1.5em\u00a0\u00bb width=\u00a0\u00bb70%\u00a0\u00bb width_tablet=\u00a0\u00bb98%\u00a0\u00bb width_phone=\u00a0\u00bb98%\u00a0\u00bb width_last_edited=\u00a0\u00bbon|tablet\u00a0\u00bb module_alignment=\u00a0\u00bbcenter\u00a0\u00bb hover_enabled=\u00a0\u00bb0&Prime; text_font_tablet=\u00a0\u00bbDefault|300|||||||\u00a0\u00bb text_font_phone=\u00a0\u00bbDefault|300|||||||\u00a0\u00bb text_font_last_edited=\u00a0\u00bbon|tablet\u00a0\u00bb text_font_size_tablet=\u00a0\u00bb20px\u00a0\u00bb text_font_size_phone=\u00a0\u00bb18px\u00a0\u00bb text_font_size_last_edited=\u00a0\u00bbon|desktop\u00a0\u00bb text_line_height_tablet=\u00a0\u00bb1.6em\u00a0\u00bb text_line_height_phone=\u00a0\u00bb1.5em\u00a0\u00bb text_line_height_last_edited=\u00a0\u00bbon|tablet\u00a0\u00bb link_font_size_tablet=\u00a0\u00bb22px\u00a0\u00bb link_font_size_phone=\u00a0\u00bb22px\u00a0\u00bb link_font_size_last_edited=\u00a0\u00bbon|phone\u00a0\u00bb header_2_font_size_tablet=\u00a0\u00bb32px\u00a0\u00bb header_2_font_size_phone=\u00a0\u00bb28px\u00a0\u00bb header_2_font_size_last_edited=\u00a0\u00bbon|desktop\u00a0\u00bb header_6_font_size_tablet=\u00a0\u00bb26px\u00a0\u00bb header_6_font_size_phone=\u00a0\u00bb22px\u00a0\u00bb header_6_font_size_last_edited=\u00a0\u00bbon|phone\u00a0\u00bb global_colors_info=\u00a0\u00bb{%22gcid-a1e60d66-76d8-4612-a9ca-a005678239ae%22:%91%22link_text_color%22%93,%22gcid-ac2e68df-fc86-4f60-af08-7e88be9b2d40%22:%91%22header_6_text_color%22%93,%22gcid-8582d6b2-ff93-467d-8a95-c50d6acf939e%22:%91%22text_text_color%22%93,%22gcid-f48eba7d-32df-4198-a685-020c10c91334%22:%91%22header_2_text_color%22%93}\u00a0\u00bb sticky_enabled=\u00a0\u00bb0&Prime;]<\/p>\n<p>Faites de vos voyages d&rsquo;affaires une exp\u00e9rience avec <a href=\"https:\/\/kaffediary.com\/fr\/a-propos\/\">Kaffe Diary<\/a>, le guide de voyage premium qui transforme votre voyage d&rsquo;affaires en une occasion m\u00e9morable.<\/p>\n<p>Ces derni\u00e8res ann\u00e9es ont \u00e9t\u00e9 difficiles. La pand\u00e9mie mondiale a stopp\u00e9 net les voyages d&rsquo;affaires, et le monde de l&rsquo;entreprise a d\u00fb s&rsquo;adapter. Les r\u00e9unions sont devenues virtuelles. Les affaires ont \u00e9t\u00e9 conclues en ligne.<\/p>\n<p>\u00c0 mesure que le monde se redresse, les voyages d&rsquo;affaires font \u00e0 nouveau partie int\u00e9grante de la vie professionnelle. Cela peut surprendre, \u00e9tant donn\u00e9 l&rsquo;ampleur des progr\u00e8s technologiques. Mais si les logiciels de vid\u00e9oconf\u00e9rence sont tr\u00e8s sophistiqu\u00e9s, les r\u00e9unions virtuelles ne remplacent pas les interactions en face \u00e0 face.<\/p>\n<p>C&rsquo;est parce que les relations d&rsquo;affaires sont complexes. Ils n\u00e9cessitent des soins, du tact et de l&rsquo;engagement pour prosp\u00e9rer. Et le moyen le plus efficace de cultiver ces relations est l&rsquo;interaction en personne. Ce fait est bien \u00e9tabli &#8211; les r\u00e9unions en personne ont un taux de conclusion de 40% et <a href=\"https:\/\/pipeline.zoominfo.com\/sales\/face-to-face-sales-meetings\" target=\"_blank\" rel=\"noopener\">34<\/a> fois plus de succ\u00e8s que les demandes faites par courriel.<\/p>\n<p>La conclusion d&rsquo;accords \u00e0 fort enjeu et le renforcement des relations avec les clients sont des \u00e9l\u00e9ments d\u00e9terminants de votre carri\u00e8re. Les voyages d&rsquo;affaires restent donc essentiels, mais les d\u00e9placements ne se limitent pas au travail.<\/p>\n<p>&nbsp;<\/p>\n<h2>\u00c0 propos de Business Travel<\/h2>\n<p>Les voyages d&rsquo;affaires sont devenus une activit\u00e9 luxueuse et gratifiante. Les voyages sont rendus m\u00e9morables par des vols en classe affaires, des voitures avec chauffeur et des s\u00e9jours somptueux dans des h\u00f4tels cinq \u00e9toiles. Les voyageurs se plongent dans la gastronomie et se perdent dans l&rsquo;effervescence d&rsquo;une nouvelle ville.<\/p>\n<p>Et en tant que compagnon de voyage, le journal Kaffe peut vous aider \u00e0 tirer le meilleur parti de vos d\u00e9placements professionnels. Notre guide de voyage de luxe comprend des s\u00e9lections des meilleures destinations de voyage, des h\u00f4tels les plus somptueux et des produits de voyage les mieux not\u00e9s.<\/p>\n<p>Vous pouvez rendre intemporels les moments cl\u00e9s de votre carri\u00e8re gr\u00e2ce \u00e0 nos recommandations de voyage.<\/p>\n<p>Nous vous imaginons concluant vos meilleures affaires dans des destinations transcendantes apr\u00e8s vous \u00eatre d\u00e9tendu dans les h\u00f4tels les plus somptueux.<\/p>\n<p>&nbsp;<\/p>\n<h6><strong>Parcourez donc notre guide de voyage pour faire de votre prochain voyage d&rsquo;affaires un moment m\u00e9morable.<\/strong><\/h6>\n<p>[\/et_pb_text][et_pb_image src=\u00a0\u00bbhttps:\/\/kaffediary.com\/wp-content\/uploads\/2022\/10\/Kaffe-Diary-Footer-Ad-Sample-Home.jpg\u00a0\u00bb alt=\u00a0\u00bbKaffe Diary Annonce en bas de page pour les voyages d&#039;affaires\u00a0\u00bb title_text=\u00a0\u00bbKaffe Diary Annonce en bas de page pour les voyages d&#039;affaires sur Home\u00a0\u00bb _builder_version=\u00a0\u00bb4.18.0&Prime; _module_preset=\u00a0\u00bbdefault\u00a0\u00bb custom_margin=\u00a0\u00bb||0px||false|false\u00a0\u00bb custom_padding=\u00a0\u00bb||0px||false|false\u00a0\u00bb global_colors_info=\u00a0\u00bb{}\u00a0\u00bb][\/et_pb_image][\/et_pb_column][\/et_pb_row][\/et_pb_section]<\/p>\n","protected":false},"excerpt":{"rendered":"<p>Experience the world of business travel like never before with Kaffe Diary &#8211; your premium guide to success on the go.Faites de vos voyages d&rsquo;affaires une exp\u00e9rience avec Kaffe Diary, le guide de voyage premium qui transforme votre voyage d&rsquo;affaires en une occasion m\u00e9morable. Ces derni\u00e8res ann\u00e9es ont \u00e9t\u00e9 difficiles. La pand\u00e9mie mondiale a stopp\u00e9 [&hellip;]<\/p>\n","protected":false},"author":1,"featured_media":0,"parent":0,"menu_order":0,"comment_status":"closed","ping_status":"closed","template":"","meta":{"_et_pb_use_builder":"on","_et_pb_old_content":"","_et_gb_content_width":"","_wp_convertkit_post_meta":{"form":"-1","landing_page":"0","tag":"0","restrict_content":"0"},"footnotes":""},"class_list":["post-6261","page","type-page","status-publish","hentry"],"_links":{"self":[{"href":"https:\/\/kaffediary.com\/fr\/wp-json\/wp\/v2\/pages\/6261","targetHints":{"allow":["GET"]}}],"collection":[{"href":"https:\/\/kaffediary.com\/fr\/wp-json\/wp\/v2\/pages"}],"about":[{"href":"https:\/\/kaffediary.com\/fr\/wp-json\/wp\/v2\/types\/page"}],"author":[{"embeddable":true,"href":"https:\/\/kaffediary.com\/fr\/wp-json\/wp\/v2\/users\/1"}],"replies":[{"embeddable":true,"href":"https:\/\/kaffediary.com\/fr\/wp-json\/wp\/v2\/comments?post=6261"}],"version-history":[{"count":60,"href":"https:\/\/kaffediary.com\/fr\/wp-json\/wp\/v2\/pages\/6261\/revisions"}],"predecessor-version":[{"id":12118,"href":"https:\/\/kaffediary.com\/fr\/wp-json\/wp\/v2\/pages\/6261\/revisions\/12118"}],"wp:attachment":[{"href":"https:\/\/kaffediary.com\/fr\/wp-json\/wp\/v2\/media?parent=6261"}],"curies":[{"name":"wp","href":"https:\/\/api.w.org\/{rel}","templated":true}]}}