{"id":8587,"date":"2022-02-23T18:09:03","date_gmt":"2022-02-23T18:09:03","guid":{"rendered":"https:\/\/kaffediary.com\/travel-journals\/"},"modified":"2024-01-26T17:05:59","modified_gmt":"2024-01-26T17:05:59","slug":"travel-journals","status":"publish","type":"page","link":"https:\/\/kaffediary.com\/fr\/travel-journals\/","title":{"rendered":"Travel Journals"},"content":{"rendered":"<p>[et_pb_section fb_built=\u00a0\u00bb1&Prime; custom_padding_last_edited=\u00a0\u00bboff|phone\u00a0\u00bb admin_label=\u00a0\u00bbHeader\u00a0\u00bb _builder_version=\u00a0\u00bb4.19.0&Prime; _module_preset=\u00a0\u00bbdefault\u00a0\u00bb use_background_color_gradient=\u00a0\u00bbon\u00a0\u00bb background_color_gradient_stops=\u00a0\u00bbrgba(52,130,193,0.46) 0%|rgba(6,34,127,0.31) 100%\u00a0\u00bb background_color_gradient_overlays_image=\u00a0\u00bbon\u00a0\u00bb background_color_gradient_start=\u00a0\u00bbrgba(52,130,193,0.46)\u00a0\u00bb background_color_gradient_end=\u00a0\u00bbrgba(6,34,127,0.31)\u00a0\u00bb background_image=\u00a0\u00bbhttps:\/\/kaffediary.com\/wp-content\/uploads\/2022\/06\/city-guides-2.jpg\u00a0\u00bb custom_padding=\u00a0\u00bb10vw||18vw||false|false\u00a0\u00bb custom_padding_tablet=\u00a0\u00bb||||false|false\u00a0\u00bb custom_padding_phone=\u00a0\u00bb||||false|false\u00a0\u00bb global_colors_info=\u00a0\u00bb{}\u00a0\u00bb][et_pb_row _builder_version=\u00a0\u00bb4.16&Prime; _module_preset=\u00a0\u00bbdefault\u00a0\u00bb global_colors_info=\u00a0\u00bb{}\u00a0\u00bb][et_pb_column type=\u00a0\u00bb4_4&Prime; _builder_version=\u00a0\u00bb4.16&Prime; _module_preset=\u00a0\u00bbdefault\u00a0\u00bb global_colors_info=\u00a0\u00bb{}\u00a0\u00bb][et_pb_text _builder_version=\u00a0\u00bb4.19.0&Prime; _module_preset=\u00a0\u00bbd72c0383-6487-4f2c-ac5c-7d48a6376757&Prime; header_font=\u00a0\u00bb||||||||\u00a0\u00bb header_text_color=\u00a0\u00bb#FFFFFF\u00a0\u00bb header_font_size=\u00a0\u00bb50px\u00a0\u00bb header_line_height=\u00a0\u00bb1.3em\u00a0\u00bb text_orientation=\u00a0\u00bbcenter\u00a0\u00bb max_width=\u00a0\u00bb750px\u00a0\u00bb module_alignment=\u00a0\u00bbcenter\u00a0\u00bb animation_direction=\u00a0\u00bbtop\u00a0\u00bb header_font_size_tablet=\u00a0\u00bb36px\u00a0\u00bb header_font_size_phone=\u00a0\u00bb30px\u00a0\u00bb header_font_size_last_edited=\u00a0\u00bbon|desktop\u00a0\u00bb global_colors_info=\u00a0\u00bb{}\u00a0\u00bb]<\/p>\n<h1>Travel Journals<\/h1>\n<p>[\/et_pb_text][\/et_pb_column][\/et_pb_row][\/et_pb_section][et_pb_section fb_built=\u00a0\u00bb1&Prime; _builder_version=\u00a0\u00bb4.16&Prime; _module_preset=\u00a0\u00bbdefault\u00a0\u00bb custom_padding=\u00a0\u00bb10px||10px||false|false\u00a0\u00bb global_colors_info=\u00a0\u00bb{}\u00a0\u00bb][et_pb_row column_structure=\u00a0\u00bb3_4,1_4&Prime; _builder_version=\u00a0\u00bb4.16&Prime; _module_preset=\u00a0\u00bbdefault\u00a0\u00bb width=\u00a0\u00bb90%\u00a0\u00bb width_tablet=\u00a0\u00bb90%\u00a0\u00bb width_phone=\u00a0\u00bb90%\u00a0\u00bb width_last_edited=\u00a0\u00bbon|desktop\u00a0\u00bb max_width=\u00a0\u00bb1920px\u00a0\u00bb custom_padding=\u00a0\u00bb30px||30px||false|false\u00a0\u00bb global_colors_info=\u00a0\u00bb{}\u00a0\u00bb][et_pb_column type=\u00a0\u00bb3_4&Prime; _builder_version=\u00a0\u00bb4.16&Prime; _module_preset=\u00a0\u00bbdefault\u00a0\u00bb global_colors_info=\u00a0\u00bb{}\u00a0\u00bb][et_pb_text _builder_version=\u00a0\u00bb4.19.1&Prime; _module_preset=\u00a0\u00bbdefault\u00a0\u00bb text_text_color=\u00a0\u00bbgcid-8582d6b2-ff93-467d-8a95-c50d6acf939e\u00a0\u00bb text_font_size=\u00a0\u00bb24px\u00a0\u00bb text_line_height=\u00a0\u00bb1.5em\u00a0\u00bb link_text_color=\u00a0\u00bbgcid-b7844457-9a4a-40b7-b5ff-ee179fffa736&Prime; header_text_color=\u00a0\u00bbgcid-0ca197d1-1f9b-4986-b00e-3ae7a424a238&Prime; header_font_size=\u00a0\u00bb50px\u00a0\u00bb header_line_height=\u00a0\u00bb1.3em\u00a0\u00bb header_2_text_color=\u00a0\u00bbgcid-a1e60d66-76d8-4612-a9ca-a005678239ae\u00a0\u00bb header_2_font_size=\u00a0\u00bb36px\u00a0\u00bb header_2_line_height=\u00a0\u00bb1.2em\u00a0\u00bb hover_enabled=\u00a0\u00bb0&Prime; text_font_size_tablet=\u00a0\u00bb20px\u00a0\u00bb text_font_size_phone=\u00a0\u00bb18px\u00a0\u00bb text_font_size_last_edited=\u00a0\u00bbon|desktop\u00a0\u00bb header_font_size_tablet=\u00a0\u00bb36px\u00a0\u00bb header_font_size_phone=\u00a0\u00bb30px\u00a0\u00bb header_font_size_last_edited=\u00a0\u00bbon|phone\u00a0\u00bb header_2_font_size_tablet=\u00a0\u00bb32px\u00a0\u00bb header_2_font_size_phone=\u00a0\u00bb28px\u00a0\u00bb header_2_font_size_last_edited=\u00a0\u00bbon|desktop\u00a0\u00bb global_colors_info=\u00a0\u00bb{%22gcid-0ca197d1-1f9b-4986-b00e-3ae7a424a238%22:%91%22header_text_color%22%93,%22gcid-8582d6b2-ff93-467d-8a95-c50d6acf939e%22:%91%22text_text_color%22%93,%22gcid-a1e60d66-76d8-4612-a9ca-a005678239ae%22:%91%22header_2_text_color%22%93,%22gcid-b7844457-9a4a-40b7-b5ff-ee179fffa736%22:%91%22link_text_color%22%93}\u00a0\u00bb sticky_enabled=\u00a0\u00bb0&Prime;]<\/p>\n<h2>Qu&rsquo;est-ce qu&rsquo;un journal de voyage ?<\/h2>\n<p>Chacun a une r\u00e9ponse diff\u00e9rente. Certains pensent qu&rsquo;il s&rsquo;agit simplement d&rsquo;un carnet que vous emportez partout avec vous et que vous utilisez pour noter vos exp\u00e9riences.<\/p>\n<p>D&rsquo;autres consid\u00e8rent le <a href=\"https:\/\/dictionary.cambridge.org\/dictionary\/english\/journal\" target=\"_blank\" rel=\"noopener\">journal<\/a> comme un compte en ligne o\u00f9 vous pouvez garder une trace des lieux que vous visitez, des choses que vous voyez et faites, et de vos r\u00e9flexions sur tout cela.<\/p>\n<h2>Les carnets de voyage de Kaffe Diary<\/h2>\n<p>Il s&rsquo;agit d&rsquo;un guide pour le voyageur d&rsquo;affaires, \u00e9crit par quelqu&rsquo;un qui est pass\u00e9 par l\u00e0.<\/p>\n<p>Nos carnets de voyage contiennent des conseils, des astuces de voyage et des informations sur la vie sur la route pour un voyageur d&rsquo;affaires.<\/p>\n<p>[\/et_pb_text][et_pb_image src=\u00a0\u00bbhttps:\/\/kaffediary.com\/wp-content\/uploads\/2022\/11\/400-x-600-ad-1920-\u00d7-450px.jpg\u00a0\u00bb alt=\u00a0\u00bbLandscape blog ad\u00a0\u00bb title_text=\u00a0\u00bbblog ad\u00a0\u00bb _builder_version=\u00a0\u00bb4.19.0&Prime; _module_preset=\u00a0\u00bbdefault\u00a0\u00bb global_colors_info=\u00a0\u00bb{}\u00a0\u00bb][\/et_pb_image][dgbm_blog_module posts_number=\u00a0\u00bb18&Prime; type=\u00a0\u00bb3&Prime; include_categories=\u00a0\u00bb20&Prime; show_author=\u00a0\u00bboff\u00a0\u00bb meta_date=\u00a0\u00bbj M Y\u00a0\u00bb item_in_desktop=\u00a0\u00bb2&Prime; space_between=\u00a0\u00bb28px\u00a0\u00bb equal_height=\u00a0\u00bbon\u00a0\u00bb image_as_background=\u00a0\u00bbon\u00a0\u00bb image_size=\u00a0\u00bblarge\u00a0\u00bb image_scale_on_hover=\u00a0\u00bbon\u00a0\u00bb top_position_alignment=\u00a0\u00bbcenter\u00a0\u00bb button_alignment=\u00a0\u00bbcenter\u00a0\u00bb use_button_icon=\u00a0\u00bbon\u00a0\u00bb button_icon=\u00a0\u00bb%%36%%\u00a0\u00bb pagination_background=\u00a0\u00bbrgba(255,255,255,0)\u00a0\u00bb content_padding=\u00a0\u00bb148px|30px|148px|30px|false|true\u00a0\u00bb content_padding_tablet=\u00a0\u00bb\u00a0\u00bb content_padding_phone=\u00a0\u00bb\u00a0\u00bb content_padding_last_edited=\u00a0\u00bbon|phone\u00a0\u00bb title_margin=\u00a0\u00bb0px||-70px||false|false\u00a0\u00bb button_wrapper_margin=\u00a0\u00bb||15px\u00a0\u00bb author_location=\u00a0\u00bbtop\u00a0\u00bb author_background_color=\u00a0\u00bbrgba(255,255,255,0)\u00a0\u00bb date_location=\u00a0\u00bbtop\u00a0\u00bb date_background_color=\u00a0\u00bbrgba(255,255,255,0)\u00a0\u00bb category_location=\u00a0\u00bbtop\u00a0\u00bb category_background_color=\u00a0\u00bbrgba(255,255,255,0)\u00a0\u00bb comment_background_color=\u00a0\u00bbrgba(255,255,255,0)\u00a0\u00bb space_between_tablet=\u00a0\u00bb18px\u00a0\u00bb space_between_phone=\u00a0\u00bb18px\u00a0\u00bb space_between_last_edited=\u00a0\u00bbon|desktop\u00a0\u00bb _builder_version=\u00a0\u00bb4.19.0&Prime; title_font=\u00a0\u00bb|800|||||||\u00a0\u00bb title_text_align=\u00a0\u00bbcenter\u00a0\u00bb title_text_color=\u00a0\u00bb#ffffff\u00a0\u00bb title_font_size=\u00a0\u00bb28px\u00a0\u00bb title_line_height=\u00a0\u00bb1.2em\u00a0\u00bb meta_font=\u00a0\u00bb||||||||\u00a0\u00bb meta_text_color=\u00a0\u00bb#ffffff\u00a0\u00bb content_font=\u00a0\u00bb||||||||\u00a0\u00bb content_text_align=\u00a0\u00bbcenter\u00a0\u00bb content_text_color=\u00a0\u00bbrgba(0,0,0,0)\u00a0\u00bb read_more_font=\u00a0\u00bbFira Sans||||||||\u00a0\u00bb read_more_text_color=\u00a0\u00bb#ffffff\u00a0\u00bb pagination_font=\u00a0\u00bb|600||on|||||\u00a0\u00bb pagination_text_color=\u00a0\u00bbgcid-080b111f-3b5c-45fc-9442-f363796c87fa\u00a0\u00bb pagination_font_size=\u00a0\u00bb19px\u00a0\u00bb pagination_letter_spacing=\u00a0\u00bb3px\u00a0\u00bb author_font=\u00a0\u00bbFira Sans||||||||\u00a0\u00bb date_font=\u00a0\u00bb||||||||\u00a0\u00bb category_font=\u00a0\u00bb||||||||\u00a0\u00bb comment_font=\u00a0\u00bb||||||||\u00a0\u00bb background_color=\u00a0\u00bbrgba(63,85,226,0.28)\u00a0\u00bb title_font_size_tablet=\u00a0\u00bb26px\u00a0\u00bb title_font_size_phone=\u00a0\u00bb22px\u00a0\u00bb title_font_size_last_edited=\u00a0\u00bbon|desktop\u00a0\u00bb custom_css_post-meta-bottom=\u00a0\u00bbmargin-bottom: 0;||margin-top: auto;\u00a0\u00bb global_colors_info=\u00a0\u00bb{%22gcid-080b111f-3b5c-45fc-9442-f363796c87fa%22:%91%22pagination_text_color%22%93}\u00a0\u00bb title_font_size__hover_enabled=\u00a0\u00bbon|desktop\u00a0\u00bb title_margin__hover_enabled=\u00a0\u00bbon|hover\u00a0\u00bb text_margin__hover_enabled=\u00a0\u00bbon|desktop\u00a0\u00bb content_text_color__hover_enabled=\u00a0\u00bbon|hover\u00a0\u00bb content_text_color__hover=\u00a0\u00bb#ffffff\u00a0\u00bb meta_top_margin__hover_enabled=\u00a0\u00bbon|desktop\u00a0\u00bb meta_top_margin__hover=\u00a0\u00bb||71px||false|false\u00a0\u00bb content_padding__hover_enabled=\u00a0\u00bbon|hover\u00a0\u00bb content_padding__hover=\u00a0\u00bb113px||113px||true|true\u00a0\u00bb title_margin__hover=\u00a0\u00bb-71px||0px||false|false\u00a0\u00bb title_font_size__hover=\u00a0\u00bb28px\u00a0\u00bb][\/dgbm_blog_module][\/et_pb_column][et_pb_column type=\u00a0\u00bb1_4&Prime; _builder_version=\u00a0\u00bb4.16&Prime; _module_preset=\u00a0\u00bbdefault\u00a0\u00bb global_colors_info=\u00a0\u00bb{}\u00a0\u00bb][et_pb_sidebar area=\u00a0\u00bbet_pb_widget_area_1&Prime; _builder_version=\u00a0\u00bb4.19.0&Prime; _module_preset=\u00a0\u00bbdefault\u00a0\u00bb custom_padding=\u00a0\u00bb20px|20px|20px|20px|true|true\u00a0\u00bb box_shadow_style=\u00a0\u00bbpreset3&Prime; global_colors_info=\u00a0\u00bb{}\u00a0\u00bb][\/et_pb_sidebar][et_pb_image src=\u00a0\u00bbhttps:\/\/kaffediary.com\/wp-content\/uploads\/2022\/11\/Ad-KD-right-1.jpg\u00a0\u00bb alt=\u00a0\u00bbSidebar Right blog ad\u00a0\u00bb title_text=\u00a0\u00bbSidebar Right ad\u00a0\u00bb _builder_version=\u00a0\u00bb4.19.0&Prime; _module_preset=\u00a0\u00bbdefault\u00a0\u00bb global_colors_info=\u00a0\u00bb{}\u00a0\u00bb][\/et_pb_image][\/et_pb_column][\/et_pb_row][\/et_pb_section]<\/p>\n","protected":false},"excerpt":{"rendered":"<p>Travel JournalsQu&rsquo;est-ce qu&rsquo;un journal de voyage ? Chacun a une r\u00e9ponse diff\u00e9rente. Certains pensent qu&rsquo;il s&rsquo;agit simplement d&rsquo;un carnet que vous emportez partout avec vous et que vous utilisez pour noter vos exp\u00e9riences. D&rsquo;autres consid\u00e8rent le journal comme un compte en ligne o\u00f9 vous pouvez garder une trace des lieux que vous visitez, des choses [&hellip;]<\/p>\n","protected":false},"author":1,"featured_media":0,"parent":0,"menu_order":0,"comment_status":"closed","ping_status":"closed","template":"","meta":{"_et_pb_use_builder":"on","_et_pb_old_content":"","_et_gb_content_width":"","_wp_convertkit_post_meta":{"form":"-1","landing_page":"0","tag":"0","restrict_content":"0"},"footnotes":""},"class_list":["post-8587","page","type-page","status-publish","hentry"],"_links":{"self":[{"href":"https:\/\/kaffediary.com\/fr\/wp-json\/wp\/v2\/pages\/8587","targetHints":{"allow":["GET"]}}],"collection":[{"href":"https:\/\/kaffediary.com\/fr\/wp-json\/wp\/v2\/pages"}],"about":[{"href":"https:\/\/kaffediary.com\/fr\/wp-json\/wp\/v2\/types\/page"}],"author":[{"embeddable":true,"href":"https:\/\/kaffediary.com\/fr\/wp-json\/wp\/v2\/users\/1"}],"replies":[{"embeddable":true,"href":"https:\/\/kaffediary.com\/fr\/wp-json\/wp\/v2\/comments?post=8587"}],"version-history":[{"count":8,"href":"https:\/\/kaffediary.com\/fr\/wp-json\/wp\/v2\/pages\/8587\/revisions"}],"predecessor-version":[{"id":12018,"href":"https:\/\/kaffediary.com\/fr\/wp-json\/wp\/v2\/pages\/8587\/revisions\/12018"}],"wp:attachment":[{"href":"https:\/\/kaffediary.com\/fr\/wp-json\/wp\/v2\/media?parent=8587"}],"curies":[{"name":"wp","href":"https:\/\/api.w.org\/{rel}","templated":true}]}}